{"id":8551,"date":"2020-02-06T13:46:33","date_gmt":"2020-02-06T12:46:33","guid":{"rendered":"https:\/\/fisheries.groupcls.com\/ressources\/press\/"},"modified":"2026-02-03T12:11:39","modified_gmt":"2026-02-03T11:11:39","slug":"presse","status":"publish","type":"page","link":"https:\/\/fisheries.groupcls.com\/fr\/ressources\/presse\/","title":{"rendered":"Presse"},"content":{"rendered":"<div class=\"wpb-content-wrapper\"><p>[vc_row css=\u00a0\u00bb.vc_custom_1580984093856{background-color: #ffffff !important;}\u00a0\u00bb][vc_column width=\u00a0\u00bb1\/2&Prime;][vc_column_text]<\/p>\n<h2 style=\"text-align: left;\">CLS Division Gestion durable des p\u00eaches<\/h2>\n<p style=\"text-align: left;\"><strong>Premier fournisseur mondial de syst\u00e8mes de surveillance des navires (VMS) et de centres de surveillance des p\u00eaches (FMC)<\/strong><\/p>\n<p style=\"text-align: justify;\">Depuis 1990, nous sommes les pionniers d&rsquo;une gamme compl\u00e8te de solutions de gestion durable des p\u00eaches. Notre \u00e9quipe est experte dans un large \u00e9ventail de domaines : p\u00eaches, oc\u00e9anographie, biologie marine, mod\u00e9lisation, conception de produits, satellites, science des donn\u00e9es, analyses avanc\u00e9es, ing\u00e9nierie logicielle et mat\u00e9rielle, et op\u00e9rations.<\/p>\n<p style=\"text-align: justify;\">Si\u00e8ge : Toulouse, France<\/p>\n<p>[\/vc_column_text][vc_btn title=\u00a0\u00bbNous contacter\u00a0\u00bb style=\u00a0\u00bbflat\u00a0\u00bb color=\u00a0\u00bbprimary\u00a0\u00bb size=\u00a0\u00bbsm\u00a0\u00bb align=\u00a0\u00bbleft\u00a0\u00bb css=\u00a0\u00bb.vc_custom_1623941084462{margin-top: -30px !important;}\u00a0\u00bb link=\u00a0\u00bburl:https%3A%2F%2Ffisheries.groupcls.com%2Fcontact-our-network%2F|title:Contact\u00a0\u00bb][\/vc_column][vc_column width=\u00a0\u00bb1\/2&Prime;][vc_column_text css=\u00a0\u00bb\u00a0\u00bb]<\/p>\n<h2 style=\"text-align: justify;\">Presse &#8211; Groupe CLS<\/h2>\n<p style=\"text-align: justify;\">Cr\u00e9\u00e9e en 1986, CLS est une entreprise mondiale et pionni\u00e8re dans la fourniture de solutions de contr\u00f4le et de surveillance de la Terre. CLS est une filiale de l&rsquo;Agence Spatiale fran\u00e7aise (CNES) et de CNP, une soci\u00e9t\u00e9 d&rsquo;investissement.<\/p>\n<p style=\"text-align: justify;\">Notre mission est de cr\u00e9er des solutions spatiales innovantes pour comprendre et prot\u00e9ger notre plan\u00e8te et pour g\u00e9rer ses ressources de mani\u00e8re durable. CLS emploie 1 200 personnes \u00e0 son si\u00e8ge social \u00e0 Toulouse (France) et sur 40 autres sites dans le monde.<\/p>\n<p style=\"text-align: justify;\">La soci\u00e9t\u00e9 travaille sur 5 march\u00e9s strat\u00e9giques : la gestion durable des p\u00eaches, la surveillance de l&rsquo;environnement et du climat, la s\u00e9curit\u00e9 maritime, la gestion de flottes et les \u00e9nergies et infrastructures.<\/p>\n<p style=\"text-align: justify;\">Engag\u00e9e en faveur d&rsquo;une plan\u00e8te durable, l&rsquo;entreprise travaille chaque jour pour la Terre, depuis l&rsquo;espace.<\/p>\n<p>[\/vc_column_text][vc_btn title=\u00a0\u00bbPresse &#8211; Groupe CLS\u00a0\u00bb style=\u00a0\u00bbflat\u00a0\u00bb color=\u00a0\u00bbprimary\u00a0\u00bb size=\u00a0\u00bbsm\u00a0\u00bb align=\u00a0\u00bbleft\u00a0\u00bb css=\u00a0\u00bb.vc_custom_1770117051190{margin-top: -30px !important;}\u00a0\u00bb link=\u00a0\u00bburl:https%3A%2F%2Fwww.cls.fr%2Fcategory%2Fpresse%2F|target:_blank\u00a0\u00bb][\/vc_column][\/vc_row][vc_row css=\u00a0\u00bb.vc_custom_1580983630298{margin-top: 30px !important;padding-bottom: 20px !important;}\u00a0\u00bb][vc_column][vc_column_text css=\u00a0\u00bb.vc_custom_1623941101793{background-color: #ffffff !important;}\u00a0\u00bb]<\/p>\n<h2 style=\"text-align: left;\">Chiffres cl\u00e9s<\/h2>\n<p>[\/vc_column_text][vc_row_inner][vc_column_inner width=\u00a0\u00bb1\/3&Prime;][vc_icon icon_fontawesome=\u00a0\u00bbstm-bargraph\u00a0\u00bb background_style=\u00a0\u00bbrounded\u00a0\u00bb size=\u00a0\u00bblg\u00a0\u00bb align=\u00a0\u00bbcenter\u00a0\u00bb][vc_column_text css=\u00a0\u00bb\u00a0\u00bb]<\/p>\n<p style=\"text-align: center;\">Cr\u00e9\u00e9e en 1986 :<br \/>\n<strong>40 <\/strong>ans d&rsquo;expertises de gestion durable des p\u00eaches<\/p>\n<p>[\/vc_column_text][\/vc_column_inner][vc_column_inner width=\u00a0\u00bb1\/3&Prime;][vc_icon icon_fontawesome=\u00a0\u00bbfas fa-map-marker-alt\u00a0\u00bb background_style=\u00a0\u00bbrounded\u00a0\u00bb size=\u00a0\u00bblg\u00a0\u00bb align=\u00a0\u00bbcenter\u00a0\u00bb][vc_column_text]<\/p>\n<p style=\"text-align: center;\">CLS traite<br \/>\n<strong>25 <\/strong>millions de messages chaque jour<\/p>\n<p>[\/vc_column_text][\/vc_column_inner][vc_column_inner width=\u00a0\u00bb1\/3&Prime;][vc_icon icon_fontawesome=\u00a0\u00bbfas fa-ship\u00a0\u00bb background_style=\u00a0\u00bbrounded\u00a0\u00bb size=\u00a0\u00bblg\u00a0\u00bb align=\u00a0\u00bbcenter\u00a0\u00bb][vc_column_text]<\/p>\n<p style=\"text-align: center;\"><strong>15,000 <\/strong>Vessel Monitoring Systems (VMS)<br \/>\nvessels tracked worldwide<\/p>\n<p>[\/vc_column_text][\/vc_column_inner][\/vc_row_inner][vc_row_inner css=\u00a0\u00bb.vc_custom_1580983725220{margin-top: 30px !important;}\u00a0\u00bb][vc_column_inner width=\u00a0\u00bb1\/3&Prime;][vc_icon icon_fontawesome=\u00a0\u00bbfas fa-store-alt\u00a0\u00bb background_style=\u00a0\u00bbrounded\u00a0\u00bb size=\u00a0\u00bblg\u00a0\u00bb align=\u00a0\u00bbcenter\u00a0\u00bb][vc_column_text]<\/p>\n<p style=\"text-align: center;\">Des revendeurs dans <strong>40<\/strong> pays,<br \/>\ndans tous les oc\u00e9ans<\/p>\n<p>[\/vc_column_text][\/vc_column_inner][vc_column_inner width=\u00a0\u00bb1\/3&Prime;][vc_icon icon_fontawesome=\u00a0\u00bbfas fa-globe\u00a0\u00bb background_style=\u00a0\u00bbrounded\u00a0\u00bb size=\u00a0\u00bblg\u00a0\u00bb align=\u00a0\u00bbcenter\u00a0\u00bb][vc_column_text]<\/p>\n<p style=\"text-align: center;\">Des clients dans plus de<br \/>\n<strong>90 <\/strong>pays<\/p>\n<p>[\/vc_column_text][\/vc_column_inner][vc_column_inner width=\u00a0\u00bb1\/3&Prime;][vc_icon icon_fontawesome=\u00a0\u00bbfas fa-server\u00a0\u00bb background_style=\u00a0\u00bbrounded\u00a0\u00bb size=\u00a0\u00bblg\u00a0\u00bb align=\u00a0\u00bbcenter\u00a0\u00bb][vc_column_text]<\/p>\n<p style=\"text-align: center;\"><strong>+30 <\/strong>Centres de Surveillance des P\u00eaches (FMC)<\/p>\n<p>[\/vc_column_text][\/vc_column_inner][\/vc_row_inner][\/vc_column][\/vc_row]<\/p>\n<\/div>","protected":false},"excerpt":{"rendered":"<p>[vc_row css=\u00a0\u00bb.vc_custom_1580984093856{background-color: #ffffff !important;}\u00a0\u00bb][vc_column width=\u00a0\u00bb1\/2&Prime;][vc_column_text] CLS Division Gestion durable des p\u00eaches Premier fournisseur mondial de syst\u00e8mes de surveillance des navires (VMS) et de centres de surveillance des p\u00eaches (FMC) Depuis 1990, nous sommes les pionniers d&rsquo;une gamme compl\u00e8te de solutions de gestion durable des p\u00eaches. Notre \u00e9quipe est experte dans un large \u00e9ventail de domaines<\/p>\n","protected":false},"author":15,"featured_media":0,"parent":8267,"menu_order":60,"comment_status":"closed","ping_status":"closed","template":"","meta":{"footnotes":""},"class_list":["post-8551","page","type-page","status-publish","hentry"],"yoast_head":"<!-- This site is optimized with the Yoast SEO plugin v27.2 - https:\/\/yoast.com\/product\/yoast-seo-wordpress\/ -->\n<title>Kit presse de la division gestion durable des p\u00eaches - CLS Fisheries<\/title>\n<meta name=\"description\" content=\"Retrouvez ici un kit presse complet concernant la division gestion durable des p\u00eaches de CLS et quelques chiffres cl\u00e9s \u00e0 partager !\" \/>\n<meta name=\"robots\" content=\"index, follow, max-snippet:-1, max-image-preview:large, max-video-preview:-1\" \/>\n<link rel=\"canonical\" href=\"https:\/\/fisheries.groupcls.com\/fr\/ressources\/presse\/\" \/>\n<meta property=\"og:locale\" content=\"fr_FR\" \/>\n<meta property=\"og:type\" content=\"article\" \/>\n<meta property=\"og:title\" content=\"Kit presse de la division gestion durable des p\u00eaches - CLS Fisheries\" \/>\n<meta property=\"og:description\" content=\"Retrouvez ici un kit presse complet concernant la division gestion durable des p\u00eaches de CLS et quelques chiffres cl\u00e9s \u00e0 partager !\" \/>\n<meta property=\"og:url\" content=\"https:\/\/fisheries.groupcls.com\/fr\/ressources\/presse\/\" \/>\n<meta property=\"og:site_name\" content=\"CLS Fisheries\" \/>\n<meta property=\"article:modified_time\" content=\"2026-02-03T11:11:39+00:00\" \/>\n<meta name=\"twitter:card\" content=\"summary_large_image\" \/>\n<meta name=\"twitter:label1\" content=\"Dur\u00e9e de lecture estim\u00e9e\" \/>\n\t<meta name=\"twitter:data1\" content=\"2 minutes\" \/>\n<script type=\"application\/ld+json\" class=\"yoast-schema-graph\">{\"@context\":\"https:\/\/schema.org\",\"@graph\":[{\"@type\":\"WebPage\",\"@id\":\"https:\/\/fisheries.groupcls.com\/fr\/ressources\/presse\/\",\"url\":\"https:\/\/fisheries.groupcls.com\/fr\/ressources\/presse\/\",\"name\":\"Kit presse de la division gestion durable des p\u00eaches - CLS Fisheries\",\"isPartOf\":{\"@id\":\"https:\/\/fisheries.groupcls.com\/fr\/#website\"},\"datePublished\":\"2020-02-06T12:46:33+00:00\",\"dateModified\":\"2026-02-03T11:11:39+00:00\",\"description\":\"Retrouvez ici un kit presse complet concernant la division gestion durable des p\u00eaches de CLS et quelques chiffres cl\u00e9s \u00e0 partager !\",\"breadcrumb\":{\"@id\":\"https:\/\/fisheries.groupcls.com\/fr\/ressources\/presse\/#breadcrumb\"},\"inLanguage\":\"fr-FR\",\"potentialAction\":[{\"@type\":\"ReadAction\",\"target\":[\"https:\/\/fisheries.groupcls.com\/fr\/ressources\/presse\/\"]}]},{\"@type\":\"BreadcrumbList\",\"@id\":\"https:\/\/fisheries.groupcls.com\/fr\/ressources\/presse\/#breadcrumb\",\"itemListElement\":[{\"@type\":\"ListItem\",\"position\":1,\"name\":\"Accueil\",\"item\":\"https:\/\/fisheries.groupcls.com\/fr\/\"},{\"@type\":\"ListItem\",\"position\":2,\"name\":\"Ressources\",\"item\":\"https:\/\/fisheries.groupcls.com\/fr\/ressources\/\"},{\"@type\":\"ListItem\",\"position\":3,\"name\":\"Presse\"}]},{\"@type\":\"WebSite\",\"@id\":\"https:\/\/fisheries.groupcls.com\/fr\/#website\",\"url\":\"https:\/\/fisheries.groupcls.com\/fr\/\",\"name\":\"CLS Fisheries\",\"description\":\"CLS est cetifi\u00e9 par les grands organismes internationaux \u00e0 travers le monde et travaille d\u00e9j\u00e0 avec des milliers de navires de p\u00eache dans le monde entier.\",\"publisher\":{\"@id\":\"https:\/\/fisheries.groupcls.com\/fr\/#organization\"},\"potentialAction\":[{\"@type\":\"SearchAction\",\"target\":{\"@type\":\"EntryPoint\",\"urlTemplate\":\"https:\/\/fisheries.groupcls.com\/fr\/?s={search_term_string}\"},\"query-input\":{\"@type\":\"PropertyValueSpecification\",\"valueRequired\":true,\"valueName\":\"search_term_string\"}}],\"inLanguage\":\"fr-FR\"},{\"@type\":\"Organization\",\"@id\":\"https:\/\/fisheries.groupcls.com\/fr\/#organization\",\"name\":\"CLS\",\"url\":\"https:\/\/fisheries.groupcls.com\/fr\/\",\"logo\":{\"@type\":\"ImageObject\",\"inLanguage\":\"fr-FR\",\"@id\":\"https:\/\/fisheries.groupcls.com\/fr\/#\/schema\/logo\/image\/\",\"url\":\"https:\/\/fisheries.groupcls.com\/wp-content\/uploads\/2016\/04\/logo-cls.png\",\"contentUrl\":\"https:\/\/fisheries.groupcls.com\/wp-content\/uploads\/2016\/04\/logo-cls.png\",\"width\":107,\"height\":90,\"caption\":\"CLS\"},\"image\":{\"@id\":\"https:\/\/fisheries.groupcls.com\/fr\/#\/schema\/logo\/image\/\"}}]}<\/script>\n<!-- \/ Yoast SEO plugin. -->","yoast_head_json":{"title":"Kit presse de la division gestion durable des p\u00eaches - CLS Fisheries","description":"Retrouvez ici un kit presse complet concernant la division gestion durable des p\u00eaches de CLS et quelques chiffres cl\u00e9s \u00e0 partager !","robots":{"index":"index","follow":"follow","max-snippet":"max-snippet:-1","max-image-preview":"max-image-preview:large","max-video-preview":"max-video-preview:-1"},"canonical":"https:\/\/fisheries.groupcls.com\/fr\/ressources\/presse\/","og_locale":"fr_FR","og_type":"article","og_title":"Kit presse de la division gestion durable des p\u00eaches - CLS Fisheries","og_description":"Retrouvez ici un kit presse complet concernant la division gestion durable des p\u00eaches de CLS et quelques chiffres cl\u00e9s \u00e0 partager !","og_url":"https:\/\/fisheries.groupcls.com\/fr\/ressources\/presse\/","og_site_name":"CLS Fisheries","article_modified_time":"2026-02-03T11:11:39+00:00","twitter_card":"summary_large_image","twitter_misc":{"Dur\u00e9e de lecture estim\u00e9e":"2 minutes"},"schema":{"@context":"https:\/\/schema.org","@graph":[{"@type":"WebPage","@id":"https:\/\/fisheries.groupcls.com\/fr\/ressources\/presse\/","url":"https:\/\/fisheries.groupcls.com\/fr\/ressources\/presse\/","name":"Kit presse de la division gestion durable des p\u00eaches - CLS Fisheries","isPartOf":{"@id":"https:\/\/fisheries.groupcls.com\/fr\/#website"},"datePublished":"2020-02-06T12:46:33+00:00","dateModified":"2026-02-03T11:11:39+00:00","description":"Retrouvez ici un kit presse complet concernant la division gestion durable des p\u00eaches de CLS et quelques chiffres cl\u00e9s \u00e0 partager !","breadcrumb":{"@id":"https:\/\/fisheries.groupcls.com\/fr\/ressources\/presse\/#breadcrumb"},"inLanguage":"fr-FR","potentialAction":[{"@type":"ReadAction","target":["https:\/\/fisheries.groupcls.com\/fr\/ressources\/presse\/"]}]},{"@type":"BreadcrumbList","@id":"https:\/\/fisheries.groupcls.com\/fr\/ressources\/presse\/#breadcrumb","itemListElement":[{"@type":"ListItem","position":1,"name":"Accueil","item":"https:\/\/fisheries.groupcls.com\/fr\/"},{"@type":"ListItem","position":2,"name":"Ressources","item":"https:\/\/fisheries.groupcls.com\/fr\/ressources\/"},{"@type":"ListItem","position":3,"name":"Presse"}]},{"@type":"WebSite","@id":"https:\/\/fisheries.groupcls.com\/fr\/#website","url":"https:\/\/fisheries.groupcls.com\/fr\/","name":"CLS Fisheries","description":"CLS est cetifi\u00e9 par les grands organismes internationaux \u00e0 travers le monde et travaille d\u00e9j\u00e0 avec des milliers de navires de p\u00eache dans le monde entier.","publisher":{"@id":"https:\/\/fisheries.groupcls.com\/fr\/#organization"},"potentialAction":[{"@type":"SearchAction","target":{"@type":"EntryPoint","urlTemplate":"https:\/\/fisheries.groupcls.com\/fr\/?s={search_term_string}"},"query-input":{"@type":"PropertyValueSpecification","valueRequired":true,"valueName":"search_term_string"}}],"inLanguage":"fr-FR"},{"@type":"Organization","@id":"https:\/\/fisheries.groupcls.com\/fr\/#organization","name":"CLS","url":"https:\/\/fisheries.groupcls.com\/fr\/","logo":{"@type":"ImageObject","inLanguage":"fr-FR","@id":"https:\/\/fisheries.groupcls.com\/fr\/#\/schema\/logo\/image\/","url":"https:\/\/fisheries.groupcls.com\/wp-content\/uploads\/2016\/04\/logo-cls.png","contentUrl":"https:\/\/fisheries.groupcls.com\/wp-content\/uploads\/2016\/04\/logo-cls.png","width":107,"height":90,"caption":"CLS"},"image":{"@id":"https:\/\/fisheries.groupcls.com\/fr\/#\/schema\/logo\/image\/"}}]}},"_links":{"self":[{"href":"https:\/\/fisheries.groupcls.com\/fr\/wp-json\/wp\/v2\/pages\/8551","targetHints":{"allow":["GET"]}}],"collection":[{"href":"https:\/\/fisheries.groupcls.com\/fr\/wp-json\/wp\/v2\/pages"}],"about":[{"href":"https:\/\/fisheries.groupcls.com\/fr\/wp-json\/wp\/v2\/types\/page"}],"author":[{"embeddable":true,"href":"https:\/\/fisheries.groupcls.com\/fr\/wp-json\/wp\/v2\/users\/15"}],"replies":[{"embeddable":true,"href":"https:\/\/fisheries.groupcls.com\/fr\/wp-json\/wp\/v2\/comments?post=8551"}],"version-history":[{"count":12,"href":"https:\/\/fisheries.groupcls.com\/fr\/wp-json\/wp\/v2\/pages\/8551\/revisions"}],"predecessor-version":[{"id":14120,"href":"https:\/\/fisheries.groupcls.com\/fr\/wp-json\/wp\/v2\/pages\/8551\/revisions\/14120"}],"up":[{"embeddable":true,"href":"https:\/\/fisheries.groupcls.com\/fr\/wp-json\/wp\/v2\/pages\/8267"}],"wp:attachment":[{"href":"https:\/\/fisheries.groupcls.com\/fr\/wp-json\/wp\/v2\/media?parent=8551"}],"curies":[{"name":"wp","href":"https:\/\/api.w.org\/{rel}","templated":true}]}}