{"id":5948,"date":"2018-11-26T15:00:29","date_gmt":"2018-11-26T14:00:29","guid":{"rendered":"https:\/\/fisheries.groupcls.com\/?page_id=5948"},"modified":"2025-07-31T11:57:38","modified_gmt":"2025-07-31T09:57:38","slug":"themis-centre-de-surveillance-des-peches-fmc","status":"publish","type":"page","link":"https:\/\/fisheries.groupcls.com\/fr\/administrations\/themis-centre-de-surveillance-des-peches-fmc\/","title":{"rendered":"Centre de surveillance des p\u00eaches FMC : THEMIS"},"content":{"rendered":"<div class=\"wpb-content-wrapper\"><p>[vc_row][vc_column width=\u00a0\u00bb2\/3&Prime; css=\u00a0\u00bb.vc_custom_1589797930568{padding-top: 22px !important;padding-right: 3em !important;}\u00a0\u00bb][vc_custom_heading text=\u00a0\u00bbUne plateforme de surveillance des p\u00eaches \u00e0 la pointe de la technologie<br \/>\nLa r\u00e9f\u00e9rence mondiale\u00a0\u00bb font_container=\u00a0\u00bbtag:p|font_size:16px|text_align:center|color:%231e73be\u00a0\u00bb google_fonts=\u00a0\u00bbfont_family:Montserrat%3Aregular%2C700|font_style:700%20bold%20regular%3A700%3Anormal\u00a0\u00bb css=\u00a0\u00bb.vc_custom_1623850776418{padding-bottom: 10px !important;}\u00a0\u00bb][vc_column_text]<\/p>\n<p style=\"text-align: center;\"><iframe loading=\"lazy\" title=\"YouTube video player\" src=\"https:\/\/www.youtube-nocookie.com\/embed\/uWHUOZqhoW8?rel=0&amp;mute=1&amp;autoplay=1\" width=\"560\" height=\"315\" frameborder=\"0\" allowfullscreen=\"allowfullscreen\"><span data-mce-type=\"bookmark\" style=\"display: inline-block; width: 0px; overflow: hidden; line-height: 0;\" class=\"mce_SELRES_start\">\ufeff<\/span><\/iframe><\/p>\n<p>[\/vc_column_text][vc_column_text]<\/p>\n<p style=\"text-align: justify;\">Themis garantit la conformit\u00e9 aux r\u00e9glementations internationales de p\u00eache. Il int\u00e8gre multiples donn\u00e9es relative \u00e0 l\u2019activit\u00e9 maritime et halieutique, et offre le plus haut niveau de s\u00e9curit\u00e9. C\u2019est le seul service de ce type sur le march\u00e9 aujourd\u2019hui.<\/p>\n<p>[\/vc_column_text][vc_custom_heading text=\u00a0\u00bbInnovation continue\u00a0\u00bb font_container=\u00a0\u00bbtag:h2|font_size:26|text_align:left|color:%230a0000&Prime; use_theme_fonts=\u00a0\u00bbyes\u00a0\u00bb][vc_column_text]<\/p>\n<p style=\"text-align: justify;\">Themis est n\u00e9 il y a 15 ans pour r\u00e9pondre aux besoins de nos clients en mati\u00e8re d\u2019int\u00e9gration de sources multiples de donn\u00e9es marines (AIS, <a href=\"https:\/\/fisheries.groupcls.com\/fr\/pecheurs\/vms\/\">VMS<\/a>, <a href=\"https:\/\/fisheries.groupcls.com\/fr\/pecheurs\/ers\/\">rapports de captures<\/a>, oc\u00e9anographie, radar satellite, etc.) dans une seule plateforme. Au-del\u00e0 de la simple visualisation des trajectoires sur une carte, ils avaient besoin d\u2019un outil puissant de<strong> suivi, de contr\u00f4le et de surveillance<\/strong> (MCS). Depuis lors, Themis a constamment \u00e9volu\u00e9 afin d\u2019aider nos clients \u00e0 renforcer la gestion durable de la p\u00eache et la <a href=\"https:\/\/fisheries.groupcls.com\/fr\/administrations\/lutter-contre-la-peche-illicite-non-declaree-non-reglementee\/\">lutte contre la p\u00eache INN<\/a>.<\/p>\n<p>[\/vc_column_text][vc_custom_heading text=\u00a0\u00bbPr\u00e9sence mondiale\u00a0\u00bb font_container=\u00a0\u00bbtag:h2|font_size:26|text_align:left|color:%230a0000&Prime; use_theme_fonts=\u00a0\u00bbyes\u00a0\u00bb][vc_column_text]<\/p>\n<p style=\"text-align: justify;\">Cette performance reconnue et cette relation \u00e9troite avec <a href=\"https:\/\/fisheries.groupcls.com\/fr\/pourquoi-choisir-cls\/references\/\">nos clients<\/a> ont fait de Themis la premi\u00e8re plateforme mondiale de surveillance des p\u00eaches, couvrant la majorit\u00e9 des oc\u00e9ans. Le partage des donn\u00e9es entre les autorit\u00e9s, les \u00e9tats et les ORGP est plus facile que jamais, ce qui permet une application plus efficace de la r\u00e9glementation.<\/p>\n<p>[\/vc_column_text][vc_custom_heading text=\u00a0\u00bbTout-en-un\u00a0\u00bb font_container=\u00a0\u00bbtag:h2|font_size:26|text_align:left|color:%230a0000&Prime; use_theme_fonts=\u00a0\u00bbyes\u00a0\u00bb][vc_column_text]<\/p>\n<p style=\"text-align: justify;\">Themis est une suite logicielle compl\u00e8te de gestion des p\u00eaches. En plus des rapports de position VMS, Themis g\u00e8re l\u2019ensemble de la base de donn\u00e9es des navires et toutes leurs informations (telles que les identifiants, le nom et les caract\u00e9ristiques du navire, le nom du propri\u00e9taire et les licences). Il fournit <strong>tout ce dont vous avez besoin pour lutter contre la p\u00eache ill\u00e9gale (INN), <\/strong>g\u00e9rer les quotas, surveiller les zones et prot\u00e9ger les stocks.<\/p>\n<p style=\"text-align: justify;\">Meilleure analyse, meilleure aide \u00e0 la prise d\u00e9cision, plus facile \u00e0 utiliser.<\/p>\n<p>[\/vc_column_text][vc_custom_heading text=\u00a0\u00bbD\u00e9claration des prises\u00a0\u00bb font_container=\u00a0\u00bbtag:h2|text_align:left|color:%230a0000&Prime; use_theme_fonts=\u00a0\u00bbyes\u00a0\u00bb][vc_column_text]<\/p>\n<p style=\"text-align: justify;\">Themis comprend aussi des journaux de bord \u00e9lectroniques et d&rsquo;analyse des captures pour les administrations (statistiques par navire, flotte, zone, type de poisson, gestion des quotas), pour une gestion des zones et des ressources en quasi temps r\u00e9el.<\/p>\n<p>[\/vc_column_text][vc_custom_heading text=\u00a0\u00bbPersonnalisez Themis pour r\u00e9pondre \u00e0 vos besoins sp\u00e9cifiques\u00a0\u00bb font_container=\u00a0\u00bbtag:h2|font_size:26|text_align:left|color:%230a0000&Prime; use_theme_fonts=\u00a0\u00bbyes\u00a0\u00bb css=\u00a0\u00bb.vc_custom_1623857688519{padding-top: 15px !important;}\u00a0\u00bb][vc_column_text]<\/p>\n<p style=\"text-align: justify;\">Themis vous accompagne tout au long du processus de gestion de p\u00eache : du suivi des navires immatricul\u00e9s jusqu\u2019\u00e0 la gestion des ressources halieutiques en temps reel, en passant par l\u2019utilisation de puissants outils pour la lutte contre la p\u00eache INN. Themis peut \u00eatre h\u00e9berg\u00e9 \u00e0 CLS ou install\u00e9 dans vos locaux.<\/p>\n<p>[\/vc_column_text][vc_btn title=\u00a0\u00bbT\u00e9l\u00e9charger la brochure\u00a0\u00bb style=\u00a0\u00bbclassic\u00a0\u00bb color=\u00a0\u00bbprimary\u00a0\u00bb align=\u00a0\u00bbcenter\u00a0\u00bb css_animation=\u00a0\u00bbfadeIn\u00a0\u00bb link=\u00a0\u00bburl:https%3A%2F%2Ffisheries.groupcls.com%2Fwp-content%2Fuploads%2F2020%2F05%2F5962-CLS-Themis-Brochure_FR.pdf|target:_blank\u00a0\u00bb][vc_images_carousel images=\u00a0\u00bb9158,9152,9155&Prime; img_size=\u00a0\u00bbfull\u00a0\u00bb onclick=\u00a0\u00bblink_no\u00a0\u00bb autoplay=\u00a0\u00bbyes\u00a0\u00bb wrap=\u00a0\u00bbyes\u00a0\u00bb css=\u00a0\u00bb.vc_custom_1623857880197{padding-top: 50px !important;}\u00a0\u00bb][\/vc_column][vc_column width=\u00a0\u00bb1\/3&Prime; css=\u00a0\u00bb.vc_custom_1623857865016{padding-top: 20px !important;padding-right: 30px !important;padding-bottom: 20px !important;padding-left: 30px !important;background-image: url(https:\/\/fisheries.groupcls.com\/wp-content\/uploads\/2017\/06\/pattern_2.png?id=4506) !important;}\u00a0\u00bb][vc_single_image image=\u00a0\u00bb9400&Prime; img_size=\u00a0\u00bb\u00a0\u00bb alignment=\u00a0\u00bbcenter\u00a0\u00bb css=\u00a0\u00bb.vc_custom_1623850466391{padding-top: 30px !important;padding-bottom: 10px !important;}\u00a0\u00bb][vc_custom_heading text=\u00a0\u00bbLes nouveaut\u00e9s de THEMIS V8&Prime; font_container=\u00a0\u00bbtag:h2|font_size:26|text_align:center\u00a0\u00bb use_theme_fonts=\u00a0\u00bbyes\u00a0\u00bb][vc_column_text 0=\u00a0\u00bb\u00a0\u00bb css=\u00a0\u00bb.vc_custom_1623851242730{padding-top: 10px !important;}\u00a0\u00bb]<\/p>\n<ul>\n<li style=\"text-align: justify;\"><strong>Surveiller automatiquement des listes noires : <\/strong>D\u00e9tectez automatiquement la pr\u00e9sence de navires d&rsquo;int\u00e9r\u00eat dans vos eaux.<\/li>\n<li style=\"text-align: justify;\"><strong>Comparer les positions AIS &amp; VMS :<\/strong> Affichez les donn\u00e9es AIS et recouper les rapports de position pour d\u00e9clencher des alertes de p\u00eache INN.<\/li>\n<li style=\"text-align: justify;\"><strong>Changer d&rsquo;\u00e9chelle : <\/strong>Enregistrez jusqu&rsquo;\u00e0 100 000 navires et recherchez facilement le navire qui vous int\u00e9resse.<\/li>\n<li style=\"text-align: justify;\"><strong>Compatibilit\u00e9 Uncefact Flux : <\/strong>Migrez simplement vers les standards FLUX tout en conservant les normes op\u00e9rationnelles de la NAF.<\/li>\n<li style=\"text-align: justify;\"><strong>FISHLog : <\/strong>Personnalisez votre journal de bord \u00e9lectronique avec FISHLog et int\u00e9grez automatiquement les donn\u00e9es ERS dans THEMIS.<\/li>\n<li style=\"text-align: justify;\"><strong>Personnaliser vos tableaux de bord : <\/strong>Affichez les donn\u00e9es qui vous int\u00e9ressent dans votre tableau de bord personnalis\u00e9 : derni\u00e8res alertes, statut de d\u00e9claration des navires, etc.<\/li>\n<\/ul>\n<p style=\"text-align: center;\"><strong>Plus de 20 nouvelles fonctionnalit\u00e9s vous attendent sur THEMIS v8.<\/strong><\/p>\n<p>[\/vc_column_text][vc_btn title=\u00a0\u00bbNous contacter\u00a0\u00bb style=\u00a0\u00bbclassic\u00a0\u00bb color=\u00a0\u00bbprimary\u00a0\u00bb align=\u00a0\u00bbcenter\u00a0\u00bb css_animation=\u00a0\u00bbfadeIn\u00a0\u00bb link=\u00a0\u00bburl:https%3A%2F%2Ffisheries.groupcls.com%2Ffr%2Fcontact%2F|||\u00a0\u00bb][vc_separator css=\u00a0\u00bb.vc_custom_1623851111937{padding-top: 20px !important;padding-bottom: 20px !important;}\u00a0\u00bb][vc_custom_heading text=\u00a0\u00bbPourquoi choisir<br \/>\nThemis de CLS ?\u00a0\u00bb font_container=\u00a0\u00bbtag:h2|font_size:26|text_align:center\u00a0\u00bb use_theme_fonts=\u00a0\u00bbyes\u00a0\u00bb][vc_column_text 0=\u00a0\u00bb\u00a0\u00bb css=\u00a0\u00bb.vc_custom_1590501999693{padding-top: 10px !important;}\u00a0\u00bb]<\/p>\n<ul>\n<li>Le <strong>seul service de ce type<\/strong> sur le march\u00e9 aujourd&rsquo;hui<\/li>\n<li>Garantit la <strong>conformit\u00e9<\/strong> aux <strong>r\u00e9glementations internationales de p\u00eache<\/strong><\/li>\n<li>Int\u00e8gre des <strong>donn\u00e9es multi-sources<\/strong><\/li>\n<li>Un <strong>partenaire de confiance<\/strong><\/li>\n<li><strong>\u00c9change facile de donn\u00e9es<\/strong> entre les \u00c9tats et les ORGP<\/li>\n<\/ul>\n<p>[\/vc_column_text][vc_btn title=\u00a0\u00bbDemander une d\u00e9mo\u00a0\u00bb style=\u00a0\u00bbclassic\u00a0\u00bb color=\u00a0\u00bbprimary\u00a0\u00bb align=\u00a0\u00bbcenter\u00a0\u00bb css_animation=\u00a0\u00bbfadeIn\u00a0\u00bb link=\u00a0\u00bburl:https%3A%2F%2Ffisheries.groupcls.com%2Ffr%2Fcontact%2F|||\u00a0\u00bb][vc_single_image image=\u00a0\u00bb4626&Prime; img_size=\u00a0\u00bbfull\u00a0\u00bb alignment=\u00a0\u00bbcenter\u00a0\u00bb css=\u00a0\u00bb.vc_custom_1589798366822{padding-top: 15px !important;}\u00a0\u00bb][vc_custom_heading text=\u00a0\u00bbS\u00e9curit\u00e9 des donn\u00e9es garantie\u00a0\u00bb font_container=\u00a0\u00bbtag:h3|text_align:center|color:%230a0000&Prime; use_theme_fonts=\u00a0\u00bbyes\u00a0\u00bb][vc_column_text]<\/p>\n<p style=\"text-align: center;\"><strong>Un centre de donn\u00e9es Big Data \u00e0 la pointe de la technologie<br \/>\n<\/strong><strong>Vos donn\u00e9es sont totalement priv\u00e9es et s\u00e9curis\u00e9es<\/strong><\/p>\n<p style=\"text-align: justify;\">Le niveau \u00e9lev\u00e9 de fiabilit\u00e9 de Themis est assur\u00e9 par des op\u00e9rateurs, des administrateurs syst\u00e8mes et r\u00e9seau et des ing\u00e9nieurs agr\u00e9\u00e9s ainsi que par l\u2019application de proc\u00e9dures strictes, notamment en mati\u00e8re de s\u00e9curit\u00e9 des donn\u00e9es et de continuit\u00e9 du service. Themis r\u00e9pond ainsi aux exigences rigoureuses des administrations et des ORGP.<\/p>\n<p>[\/vc_column_text][vc_single_image image=\u00a0\u00bb10142&Prime; img_size=\u00a0\u00bbfull\u00a0\u00bb alignment=\u00a0\u00bbcenter\u00a0\u00bb][\/vc_column][\/vc_row][vc_row full_width=\u00a0\u00bbstretch_row\u00a0\u00bb css=\u00a0\u00bb.vc_custom_1623857744221{margin-top: 30px !important;margin-bottom: 30px !important;padding-top: 30px !important;padding-bottom: 40px !important;background-image: url(https:\/\/fisheries.groupcls.com\/wp-content\/uploads\/2017\/06\/pattern_2.png?id=6861) !important;}\u00a0\u00bb][vc_column][vc_custom_heading text=\u00a0\u00bbModules optionnels\u00a0\u00bb font_container=\u00a0\u00bbtag:h2|text_align:left|color:%230a0000&Prime; use_theme_fonts=\u00a0\u00bbyes\u00a0\u00bb css=\u00a0\u00bb.vc_custom_1623857805963{padding-top: 25px !important;}\u00a0\u00bb][vc_row_inner css=\u00a0\u00bb.vc_custom_1623858067894{margin-top: 25px !important;padding-bottom: 30px !important;}\u00a0\u00bb][vc_column_inner width=\u00a0\u00bb1\/3&Prime; css=\u00a0\u00bb.vc_custom_1542210936173{border-radius: 3px !important;}\u00a0\u00bb][vc_single_image image=\u00a0\u00bb6013&Prime; img_size=\u00a0\u00bb250&#215;250&Prime; alignment=\u00a0\u00bbcenter\u00a0\u00bb style=\u00a0\u00bbvc_box_circle_2&Prime; css_animation=\u00a0\u00bbfadeIn\u00a0\u00bb][vc_custom_heading text=\u00a0\u00bbRadar-P\u00eache Ill\u00e9gale (INN)\u00a0\u00bb font_container=\u00a0\u00bbtag:h3|text_align:center|color:%230a0000&Prime; use_theme_fonts=\u00a0\u00bbyes\u00a0\u00bb][vc_column_text]<\/p>\n<p style=\"text-align: center;\">Lutter contre la p\u00eache ill\u00e9gale :<br \/>\ncombinaison de l\u2019imagerie radar et des trajectoires VMS pour la d\u00e9tection des navires illicites.<\/p>\n<p>[\/vc_column_text][\/vc_column_inner][vc_column_inner width=\u00a0\u00bb1\/3&Prime;][vc_single_image image=\u00a0\u00bb5883&Prime; img_size=\u00a0\u00bb250&#215;250&Prime; alignment=\u00a0\u00bbcenter\u00a0\u00bb style=\u00a0\u00bbvc_box_circle_2&Prime; css_animation=\u00a0\u00bbfadeIn\u00a0\u00bb][vc_custom_heading text=\u00a0\u00bbM\u00e9toc\u00e9an\u00a0\u00bb font_container=\u00a0\u00bbtag:h3|text_align:center|color:%230a0000&Prime; use_theme_fonts=\u00a0\u00bbyes\u00a0\u00bb][vc_column_text]<\/p>\n<p style=\"text-align: center;\">Niveau de la mer, temp\u00e9rature de surface, couleur et salinit\u00e9, courants, pression atmosph\u00e9rique, vent.<\/p>\n<p>[\/vc_column_text][\/vc_column_inner][vc_column_inner width=\u00a0\u00bb1\/3&Prime;][vc_single_image image=\u00a0\u00bb6014&Prime; img_size=\u00a0\u00bb250&#215;250&Prime; alignment=\u00a0\u00bbcenter\u00a0\u00bb style=\u00a0\u00bbvc_box_circle_2&Prime; css_animation=\u00a0\u00bbfadeIn\u00a0\u00bb][vc_custom_heading text=\u00a0\u00bbAIS\/Sat-AIS\u00a0\u00bb font_container=\u00a0\u00bbtag:h3|text_align:center|color:%230a0000&Prime; use_theme_fonts=\u00a0\u00bbyes\u00a0\u00bb][vc_column_text]<\/p>\n<p style=\"text-align: center;\">Int\u00e9gration des donn\u00e9es AIS et SAT-AIS<\/p>\n<p>[\/vc_column_text][\/vc_column_inner][\/vc_row_inner][vc_btn title=\u00a0\u00bbDemander un d\u00e9mo\u00a0\u00bb style=\u00a0\u00bbclassic\u00a0\u00bb color=\u00a0\u00bbprimary\u00a0\u00bb align=\u00a0\u00bbcenter\u00a0\u00bb css_animation=\u00a0\u00bbfadeIn\u00a0\u00bb link=\u00a0\u00bburl:https%3A%2F%2Ffisheries.groupcls.com%2Ffr%2Fcontact%2F|||\u00a0\u00bb][\/vc_column][\/vc_row][vc_row css=\u00a0\u00bb.vc_custom_1616586488339{margin-top: 30px !important;}\u00a0\u00bb][vc_column][vc_custom_heading text=\u00a0\u00bbDerni\u00e8res actualit\u00e9s\u00a0\u00bb use_theme_fonts=\u00a0\u00bbyes\u00a0\u00bb][vc_basic_grid post_type=\u00a0\u00bbpost\u00a0\u00bb max_items=\u00a0\u00bb3&Prime; item=\u00a0\u00bbbasicGrid_SlideFromLeft\u00a0\u00bb grid_id=\u00a0\u00bbvc_gid:1640789523767-95714e16-0b3f-0&Prime; taxonomies=\u00a0\u00bb133&Prime;][\/vc_column][\/vc_row][vc_row full_width=\u00a0\u00bbstretch_row\u00a0\u00bb css=\u00a0\u00bb.vc_custom_1640789532898{margin-top: 25px !important;margin-bottom: -60px !important;background-image: url(https:\/\/fisheries.groupcls.com\/wp-content\/uploads\/2017\/06\/pattern_2.png?id=4506) !important;}\u00a0\u00bb][vc_column css=\u00a0\u00bb.vc_custom_1589797347910{margin-top: 2em !important;margin-bottom: 2em !important;}\u00a0\u00bb][vc_custom_heading text=\u00a0\u00bbR\u00e9f\u00e9rences\u00a0\u00bb use_theme_fonts=\u00a0\u00bbyes\u00a0\u00bb css=\u00a0\u00bb.vc_custom_1623858102570{padding-bottom: 20px !important;}\u00a0\u00bb][vc_images_carousel images=\u00a0\u00bb8585,8591,8597,8588,8615,8618,8953,8950&Prime; img_size=\u00a0\u00bbfull\u00a0\u00bb onclick=\u00a0\u00bblink_no\u00a0\u00bb speed=\u00a0\u00bb3000&Prime; slides_per_view=\u00a0\u00bb5&Prime; autoplay=\u00a0\u00bbyes\u00a0\u00bb hide_pagination_control=\u00a0\u00bbyes\u00a0\u00bb wrap=\u00a0\u00bbyes\u00a0\u00bb el_class=\u00a0\u00bbcolor_on_hover\u00a0\u00bb][\/vc_column][\/vc_row]<\/p>\n<\/div>","protected":false},"excerpt":{"rendered":"<p>[vc_row][vc_column width=\u00a0\u00bb2\/3&Prime; css=\u00a0\u00bb.vc_custom_1589797930568{padding-top: 22px !important;padding-right: 3em !important;}\u00a0\u00bb][vc_custom_heading text=\u00a0\u00bbUne plateforme de surveillance des p\u00eaches \u00e0 la pointe de la technologie La r\u00e9f\u00e9rence mondiale\u00a0\u00bb font_container=\u00a0\u00bbtag:p|font_size:16px|text_align:center|color:%231e73be\u00a0\u00bb google_fonts=\u00a0\u00bbfont_family:Montserrat%3Aregular%2C700|font_style:700%20bold%20regular%3A700%3Anormal\u00a0\u00bb css=\u00a0\u00bb.vc_custom_1623850776418{padding-bottom: 10px !important;}\u00a0\u00bb][vc_column_text] \ufeff [\/vc_column_text][vc_column_text] Themis garantit la conformit\u00e9 aux r\u00e9glementations internationales de p\u00eache. Il int\u00e8gre multiples donn\u00e9es relative \u00e0 l\u2019activit\u00e9 maritime et halieutique, et offre le plus haut niveau de<\/p>\n","protected":false},"author":12,"featured_media":0,"parent":5209,"menu_order":25,"comment_status":"closed","ping_status":"closed","template":"","meta":{"footnotes":""},"class_list":["post-5948","page","type-page","status-publish","hentry"],"yoast_head":"<!-- This site is optimized with the Yoast SEO plugin v27.2 - https:\/\/yoast.com\/product\/yoast-seo-wordpress\/ -->\n<title>Centre de surveillance des p\u00eaches FMC : THEMIS - CLS Fisheries<\/title>\n<meta name=\"description\" content=\"THEMIS est une suite logicielle compl\u00e8te de gestion des p\u00eaches destin\u00e9e aux administrations et aux gestionnaires de flotte.\" \/>\n<meta name=\"robots\" content=\"index, follow, max-snippet:-1, max-image-preview:large, max-video-preview:-1\" \/>\n<link rel=\"canonical\" href=\"https:\/\/fisheries.groupcls.com\/fr\/administrations\/themis-centre-de-surveillance-des-peches-fmc\/\" \/>\n<meta property=\"og:locale\" content=\"fr_FR\" \/>\n<meta property=\"og:type\" content=\"article\" \/>\n<meta property=\"og:title\" content=\"Centre de surveillance des p\u00eaches FMC : THEMIS - CLS Fisheries\" \/>\n<meta property=\"og:description\" content=\"THEMIS est une suite logicielle compl\u00e8te de gestion des p\u00eaches destin\u00e9e aux administrations et aux gestionnaires de flotte.\" \/>\n<meta property=\"og:url\" content=\"https:\/\/fisheries.groupcls.com\/fr\/administrations\/themis-centre-de-surveillance-des-peches-fmc\/\" \/>\n<meta property=\"og:site_name\" content=\"CLS Fisheries\" \/>\n<meta property=\"article:modified_time\" content=\"2025-07-31T09:57:38+00:00\" \/>\n<meta name=\"twitter:card\" content=\"summary_large_image\" \/>\n<meta name=\"twitter:label1\" content=\"Dur\u00e9e de lecture estim\u00e9e\" \/>\n\t<meta name=\"twitter:data1\" content=\"5 minutes\" \/>\n<script type=\"application\/ld+json\" class=\"yoast-schema-graph\">{\"@context\":\"https:\/\/schema.org\",\"@graph\":[{\"@type\":[\"WebPage\",\"ItemPage\"],\"@id\":\"https:\/\/fisheries.groupcls.com\/fr\/administrations\/themis-centre-de-surveillance-des-peches-fmc\/\",\"url\":\"https:\/\/fisheries.groupcls.com\/fr\/administrations\/themis-centre-de-surveillance-des-peches-fmc\/\",\"name\":\"Centre de surveillance des p\u00eaches FMC : THEMIS - CLS Fisheries\",\"isPartOf\":{\"@id\":\"https:\/\/fisheries.groupcls.com\/fr\/#website\"},\"datePublished\":\"2018-11-26T14:00:29+00:00\",\"dateModified\":\"2025-07-31T09:57:38+00:00\",\"description\":\"THEMIS est une suite logicielle compl\u00e8te de gestion des p\u00eaches destin\u00e9e aux administrations et aux gestionnaires de flotte.\",\"breadcrumb\":{\"@id\":\"https:\/\/fisheries.groupcls.com\/fr\/administrations\/themis-centre-de-surveillance-des-peches-fmc\/#breadcrumb\"},\"inLanguage\":\"fr-FR\",\"potentialAction\":[{\"@type\":\"ReadAction\",\"target\":[\"https:\/\/fisheries.groupcls.com\/fr\/administrations\/themis-centre-de-surveillance-des-peches-fmc\/\"]}]},{\"@type\":\"BreadcrumbList\",\"@id\":\"https:\/\/fisheries.groupcls.com\/fr\/administrations\/themis-centre-de-surveillance-des-peches-fmc\/#breadcrumb\",\"itemListElement\":[{\"@type\":\"ListItem\",\"position\":1,\"name\":\"Accueil\",\"item\":\"https:\/\/fisheries.groupcls.com\/fr\/\"},{\"@type\":\"ListItem\",\"position\":2,\"name\":\"Administrations\",\"item\":\"https:\/\/fisheries.groupcls.com\/fr\/administrations\/\"},{\"@type\":\"ListItem\",\"position\":3,\"name\":\"Centre de surveillance des p\u00eaches FMC : THEMIS\"}]},{\"@type\":\"WebSite\",\"@id\":\"https:\/\/fisheries.groupcls.com\/fr\/#website\",\"url\":\"https:\/\/fisheries.groupcls.com\/fr\/\",\"name\":\"CLS Fisheries\",\"description\":\"CLS est cetifi\u00e9 par les grands organismes internationaux \u00e0 travers le monde et travaille d\u00e9j\u00e0 avec des milliers de navires de p\u00eache dans le monde entier.\",\"publisher\":{\"@id\":\"https:\/\/fisheries.groupcls.com\/fr\/#organization\"},\"potentialAction\":[{\"@type\":\"SearchAction\",\"target\":{\"@type\":\"EntryPoint\",\"urlTemplate\":\"https:\/\/fisheries.groupcls.com\/fr\/?s={search_term_string}\"},\"query-input\":{\"@type\":\"PropertyValueSpecification\",\"valueRequired\":true,\"valueName\":\"search_term_string\"}}],\"inLanguage\":\"fr-FR\"},{\"@type\":\"Organization\",\"@id\":\"https:\/\/fisheries.groupcls.com\/fr\/#organization\",\"name\":\"CLS\",\"url\":\"https:\/\/fisheries.groupcls.com\/fr\/\",\"logo\":{\"@type\":\"ImageObject\",\"inLanguage\":\"fr-FR\",\"@id\":\"https:\/\/fisheries.groupcls.com\/fr\/#\/schema\/logo\/image\/\",\"url\":\"https:\/\/fisheries.groupcls.com\/wp-content\/uploads\/2016\/04\/logo-cls.png\",\"contentUrl\":\"https:\/\/fisheries.groupcls.com\/wp-content\/uploads\/2016\/04\/logo-cls.png\",\"width\":107,\"height\":90,\"caption\":\"CLS\"},\"image\":{\"@id\":\"https:\/\/fisheries.groupcls.com\/fr\/#\/schema\/logo\/image\/\"}}]}<\/script>\n<!-- \/ Yoast SEO plugin. -->","yoast_head_json":{"title":"Centre de surveillance des p\u00eaches FMC : THEMIS - CLS Fisheries","description":"THEMIS est une suite logicielle compl\u00e8te de gestion des p\u00eaches destin\u00e9e aux administrations et aux gestionnaires de flotte.","robots":{"index":"index","follow":"follow","max-snippet":"max-snippet:-1","max-image-preview":"max-image-preview:large","max-video-preview":"max-video-preview:-1"},"canonical":"https:\/\/fisheries.groupcls.com\/fr\/administrations\/themis-centre-de-surveillance-des-peches-fmc\/","og_locale":"fr_FR","og_type":"article","og_title":"Centre de surveillance des p\u00eaches FMC : THEMIS - CLS Fisheries","og_description":"THEMIS est une suite logicielle compl\u00e8te de gestion des p\u00eaches destin\u00e9e aux administrations et aux gestionnaires de flotte.","og_url":"https:\/\/fisheries.groupcls.com\/fr\/administrations\/themis-centre-de-surveillance-des-peches-fmc\/","og_site_name":"CLS Fisheries","article_modified_time":"2025-07-31T09:57:38+00:00","twitter_card":"summary_large_image","twitter_misc":{"Dur\u00e9e de lecture estim\u00e9e":"5 minutes"},"schema":{"@context":"https:\/\/schema.org","@graph":[{"@type":["WebPage","ItemPage"],"@id":"https:\/\/fisheries.groupcls.com\/fr\/administrations\/themis-centre-de-surveillance-des-peches-fmc\/","url":"https:\/\/fisheries.groupcls.com\/fr\/administrations\/themis-centre-de-surveillance-des-peches-fmc\/","name":"Centre de surveillance des p\u00eaches FMC : THEMIS - CLS Fisheries","isPartOf":{"@id":"https:\/\/fisheries.groupcls.com\/fr\/#website"},"datePublished":"2018-11-26T14:00:29+00:00","dateModified":"2025-07-31T09:57:38+00:00","description":"THEMIS est une suite logicielle compl\u00e8te de gestion des p\u00eaches destin\u00e9e aux administrations et aux gestionnaires de flotte.","breadcrumb":{"@id":"https:\/\/fisheries.groupcls.com\/fr\/administrations\/themis-centre-de-surveillance-des-peches-fmc\/#breadcrumb"},"inLanguage":"fr-FR","potentialAction":[{"@type":"ReadAction","target":["https:\/\/fisheries.groupcls.com\/fr\/administrations\/themis-centre-de-surveillance-des-peches-fmc\/"]}]},{"@type":"BreadcrumbList","@id":"https:\/\/fisheries.groupcls.com\/fr\/administrations\/themis-centre-de-surveillance-des-peches-fmc\/#breadcrumb","itemListElement":[{"@type":"ListItem","position":1,"name":"Accueil","item":"https:\/\/fisheries.groupcls.com\/fr\/"},{"@type":"ListItem","position":2,"name":"Administrations","item":"https:\/\/fisheries.groupcls.com\/fr\/administrations\/"},{"@type":"ListItem","position":3,"name":"Centre de surveillance des p\u00eaches FMC : THEMIS"}]},{"@type":"WebSite","@id":"https:\/\/fisheries.groupcls.com\/fr\/#website","url":"https:\/\/fisheries.groupcls.com\/fr\/","name":"CLS Fisheries","description":"CLS est cetifi\u00e9 par les grands organismes internationaux \u00e0 travers le monde et travaille d\u00e9j\u00e0 avec des milliers de navires de p\u00eache dans le monde entier.","publisher":{"@id":"https:\/\/fisheries.groupcls.com\/fr\/#organization"},"potentialAction":[{"@type":"SearchAction","target":{"@type":"EntryPoint","urlTemplate":"https:\/\/fisheries.groupcls.com\/fr\/?s={search_term_string}"},"query-input":{"@type":"PropertyValueSpecification","valueRequired":true,"valueName":"search_term_string"}}],"inLanguage":"fr-FR"},{"@type":"Organization","@id":"https:\/\/fisheries.groupcls.com\/fr\/#organization","name":"CLS","url":"https:\/\/fisheries.groupcls.com\/fr\/","logo":{"@type":"ImageObject","inLanguage":"fr-FR","@id":"https:\/\/fisheries.groupcls.com\/fr\/#\/schema\/logo\/image\/","url":"https:\/\/fisheries.groupcls.com\/wp-content\/uploads\/2016\/04\/logo-cls.png","contentUrl":"https:\/\/fisheries.groupcls.com\/wp-content\/uploads\/2016\/04\/logo-cls.png","width":107,"height":90,"caption":"CLS"},"image":{"@id":"https:\/\/fisheries.groupcls.com\/fr\/#\/schema\/logo\/image\/"}}]}},"_links":{"self":[{"href":"https:\/\/fisheries.groupcls.com\/fr\/wp-json\/wp\/v2\/pages\/5948","targetHints":{"allow":["GET"]}}],"collection":[{"href":"https:\/\/fisheries.groupcls.com\/fr\/wp-json\/wp\/v2\/pages"}],"about":[{"href":"https:\/\/fisheries.groupcls.com\/fr\/wp-json\/wp\/v2\/types\/page"}],"author":[{"embeddable":true,"href":"https:\/\/fisheries.groupcls.com\/fr\/wp-json\/wp\/v2\/users\/12"}],"replies":[{"embeddable":true,"href":"https:\/\/fisheries.groupcls.com\/fr\/wp-json\/wp\/v2\/comments?post=5948"}],"version-history":[{"count":41,"href":"https:\/\/fisheries.groupcls.com\/fr\/wp-json\/wp\/v2\/pages\/5948\/revisions"}],"predecessor-version":[{"id":13430,"href":"https:\/\/fisheries.groupcls.com\/fr\/wp-json\/wp\/v2\/pages\/5948\/revisions\/13430"}],"up":[{"embeddable":true,"href":"https:\/\/fisheries.groupcls.com\/fr\/wp-json\/wp\/v2\/pages\/5209"}],"wp:attachment":[{"href":"https:\/\/fisheries.groupcls.com\/fr\/wp-json\/wp\/v2\/media?parent=5948"}],"curies":[{"name":"wp","href":"https:\/\/api.w.org\/{rel}","templated":true}]}}