{"id":5276,"date":"2017-08-03T16:24:51","date_gmt":"2017-08-03T14:24:51","guid":{"rendered":"https:\/\/fisheries.groupcls.com\/?page_id=5276\/"},"modified":"2025-10-02T17:53:44","modified_gmt":"2025-10-02T15:53:44","slug":"systeme-collecte-donnees","status":"publish","type":"page","link":"https:\/\/fisheries.groupcls.com\/fr\/systeme-collecte-donnees\/","title":{"rendered":"Syst\u00e8me de collecte de donn\u00e9es"},"content":{"rendered":"<div class=\"wpb-content-wrapper\"><p>[vc_row][vc_column][vc_row_inner][vc_column_inner width=\u00a0\u00bb1\/3&Prime;][vc_single_image image=\u00a0\u00bb4925&Prime; img_size=\u00a0\u00bb300&#215;60&Prime; alignment=\u00a0\u00bbcenter\u00a0\u00bb][\/vc_column_inner][vc_column_inner width=\u00a0\u00bb2\/3&Prime;][vc_column_text 0=\u00a0\u00bb\u00a0\u00bb el_id=\u00a0\u00bbIridium\u00a0\u00bb]<\/p>\n<p style=\"text-align: justify;\"><strong>Iridium\u00ae est la plus grande constellation de satellites commerciaux au monde qui fournit des communications mobiles mondiales par satellite, y compris des solutions voix et donn\u00e9es.<\/strong><\/p>\n<p style=\"text-align: justify;\">Le syst\u00e8me Iridium\u00ae est un r\u00e9seau de communications par satellite qui fournit une solide gamme de services de donn\u00e9es avec une couverture mondiale. Ses trois principales composantes sont : le r\u00e9seau satellitaire, le r\u00e9seau terrestre et les produits d&rsquo;abonn\u00e9s Iridium. Il fournit des communications bidirectionnelles, utilis\u00e9 par nos balises <a href=\"https:\/\/fisheries.groupcls.com\/fr\/produit\/balise-triton\/\">TRITON VMS<\/a> et <a href=\"https:\/\/fisheries.groupcls.com\/fr\/produit\/iridium-balise\/\">PILOTE<\/a>. CLS est certifi\u00e9 Iridium\u00ae VAR depuis 2007.<\/p>\n<p>[\/vc_column_text][vc_empty_space height=\u00a0\u00bb5px\u00a0\u00bb][\/vc_column_inner][\/vc_row_inner][vc_row_inner][vc_column_inner width=\u00a0\u00bb2\/3&Prime;][vc_column_text 0=\u00a0\u00bb\u00a0\u00bb]<\/p>\n<p style=\"text-align: center;\"><iframe loading=\"lazy\" src=\"https:\/\/www.youtube-nocookie.com\/embed\/LUsePh46f5c?rel=0&amp;mute=1&amp;autoplay=1\" width=\"660\" height=\"350\" frameborder=\"0\" allowfullscreen=\"allowfullscreen\"><\/iframe><\/p>\n<p>[\/vc_column_text][\/vc_column_inner][vc_column_inner width=\u00a0\u00bb1\/3&Prime; css=\u00a0\u00bb.vc_custom_1607955896326{padding-top: 30px !important;padding-right: 20px !important;padding-bottom: 30px !important;padding-left: 20px !important;background-image: url(https:\/\/fisheries.groupcls.com\/wp-content\/uploads\/2017\/06\/pattern_2.png?id=6861) !important;}\u00a0\u00bb][vc_column_text css=\u00a0\u00bb.vc_custom_1607957235703{margin-right: 5px !important;margin-left: 5px !important;}\u00a0\u00bb]<\/p>\n<blockquote>\n<h3><strong>IRIDIUM<\/strong><\/h3>\n<\/blockquote>\n<ul>\n<li>Temps r\u00e9el<\/li>\n<li>Fiable<\/li>\n<li>Couverture mondiale continue<\/li>\n<li>Haut d\u00e9bit de donn\u00e9es (2400 bits par second)<\/li>\n<li>Communiation bi-lat\u00e9rale<\/li>\n<li>Capacit\u00e9s SBD, CSD, RUDICS<\/li>\n<\/ul>\n<p>[\/vc_column_text][vc_btn title=\u00a0\u00bbPlus d&rsquo;infos sur Iridium (site en anglais)\u00a0\u00bb color=\u00a0\u00bbprimary\u00a0\u00bb css_animation=\u00a0\u00bbfadeIn\u00a0\u00bb link=\u00a0\u00bburl:https%3A%2F%2Fwww.iridium.com%2Fnetwork%2F|target:_blank\u00a0\u00bb][\/vc_column_inner][\/vc_row_inner][vc_empty_space height=\u00a0\u00bb40px\u00a0\u00bb][\/vc_column][\/vc_row][vc_row full_width=\u00a0\u00bbstretch_row\u00a0\u00bb css=\u00a0\u00bb.vc_custom_1624288531073{background-image: url(https:\/\/fisheries.groupcls.com\/wp-content\/uploads\/2017\/06\/pattern_2.png?id=6861) !important;}\u00a0\u00bb][vc_column][vc_empty_space height=\u00a0\u00bb40px\u00a0\u00bb][vc_row_inner][vc_column_inner width=\u00a0\u00bb1\/3&Prime;][vc_single_image image=\u00a0\u00bb7964&Prime; img_size=\u00a0\u00bb300&#215;88&Prime; alignment=\u00a0\u00bbcenter\u00a0\u00bb][\/vc_column_inner][vc_column_inner width=\u00a0\u00bb2\/3&Prime;][vc_column_text 0=\u00a0\u00bb\u00a0\u00bb el_id=\u00a0\u00bbArgos\u00a0\u00bb]<\/p>\n<p style=\"text-align: justify;\"><strong>Argos est un syst\u00e8me unique de collecte de donn\u00e9es et de localisation par satellite, reconnu comme un syst\u00e8me d&rsquo;observation mondial.<\/strong> Il offre une transmission unidirectionnelle des donn\u00e9es.<\/p>\n<p style=\"text-align: justify;\">Argos est\u00a0exploit\u00e9, entretenu et commercialis\u00e9 \u00e0 travers le monde\u00a0par le groupe CLS, filiale du CNES ainsi que plusieurs agence spatiales internationales qui participent activement au syst\u00e8me Argos : le <a href=\"https:\/\/cnes.fr\/fr\/\">CNES<\/a>, l\u2019agence fran\u00e7aise de l\u2019espace, la <a href=\"https:\/\/www.noaa.gov\/\">NOAA<\/a>, National Oceanic and Atmospheric Administration (USA), la <a href=\"https:\/\/www.nasa.gov\/\">NASA<\/a>, National Aeronautics and Space Administration (USA), <a href=\"https:\/\/www.eumetsat.int\/website\/home\/index.html\">Eumetsat<\/a> (European Organization of the Exploitation of Meterological Satellites), <a href=\"https:\/\/www.isro.gov.in\/\">l\u2019ISRO<\/a>, Indian Space Research Organization.<\/p>\n<p>[\/vc_column_text][vc_empty_space height=\u00a0\u00bb5px\u00a0\u00bb][\/vc_column_inner][\/vc_row_inner][vc_row_inner][vc_column_inner width=\u00a0\u00bb2\/3&Prime;][vc_column_text 0=\u00a0\u00bb\u00a0\u00bb]<\/p>\n<p style=\"text-align: center;\"><iframe loading=\"lazy\" src=\"https:\/\/www.youtube-nocookie.com\/embed\/sP3oQxuz_gQ?rel=0&amp;mute=1&amp;autoplay=1\" width=\"660\" height=\"350\" frameborder=\"0\" allowfullscreen=\"allowfullscreen\"><\/iframe><\/p>\n<p>[\/vc_column_text][\/vc_column_inner][vc_column_inner width=\u00a0\u00bb1\/3&Prime; css=\u00a0\u00bb.vc_custom_1607955967419{padding-right: 20px !important;padding-left: 20px !important;}\u00a0\u00bb][vc_column_text]<\/p>\n<blockquote>\n<h3><strong>ARGOS<\/strong><\/h3>\n<\/blockquote>\n<ul>\n<li>Couverture mondiale<\/li>\n<li>Robuste aux conditions extr\u00eames<\/li>\n<li>Faible consommation en \u00e9nergie<\/li>\n<li>Localisation GPS<\/li>\n<li>Faible co\u00fbt modem &amp; antenne<\/li>\n<\/ul>\n<p>[\/vc_column_text][vc_btn title=\u00a0\u00bbPlus d&rsquo;infos sur Argos\u00a0\u00bb color=\u00a0\u00bbprimary\u00a0\u00bb css_animation=\u00a0\u00bbfadeIn\u00a0\u00bb link=\u00a0\u00bburl:https%3A%2F%2Fwww.argos-system.org%2Ffr%2Fapplications-argos%2Fpeche-durable%2F|target:_blank\u00a0\u00bb][\/vc_column_inner][\/vc_row_inner][vc_empty_space height=\u00a0\u00bb40px\u00a0\u00bb][\/vc_column][\/vc_row][vc_row][vc_column][vc_empty_space height=\u00a0\u00bb40px\u00a0\u00bb][vc_row_inner][vc_column_inner width=\u00a0\u00bb1\/3&Prime;][vc_single_image image=\u00a0\u00bb7968&Prime; img_size=\u00a0\u00bb300&#215;104&Prime; alignment=\u00a0\u00bbcenter\u00a0\u00bb][\/vc_column_inner][vc_column_inner width=\u00a0\u00bb2\/3&Prime;][vc_column_text 0=\u00a0\u00bb\u00a0\u00bb css=\u00a0\u00bb\u00a0\u00bb el_id=\u00a0\u00bbKin\u00e9is\u00a0\u00bb]<\/p>\n<p style=\"text-align: justify;\">Capitalisant sur notre longue exp\u00e9rience en mati\u00e8re d&rsquo;instrumentation de pointe et innovante, avec le CNES, l&rsquo;Agence Spatiale Fran\u00e7aise, <strong>CLS a investi dans une nouvelle g\u00e9n\u00e9ration de charges utiles Argos, appel\u00e9e Argos-4, qui volera sur les satellites de partenaires internationaux \u00e0 partir de 2020<\/strong>. L&rsquo;augmentation de la bande passante d&rsquo;Argos-4 ainsi que la liaison descendante op\u00e9rationnelle permettront d&rsquo;envoyer encore plus de donn\u00e9es de mani\u00e8re encore plus efficace, am\u00e9liorant ainsi les performances des applications existantes et ouvrant la porte \u00e0 une multitude de nouvelles applications.<\/p>\n<p style=\"text-align: justify;\">Parall\u00e8lement, avec le soutien du CNES, <a href=\"https:\/\/telemetry.groupcls.com\/argos-solutions\/the-argos-system\/\" target=\"_blank\" rel=\"noopener\">CLS travaille au d\u00e9veloppement d&rsquo;une toute nouvelle g\u00e9n\u00e9ration de 25 nanosatellites<\/a>. Cette constellation, g\u00e9r\u00e9e par notre soci\u00e9t\u00e9 spin-off, <a href=\"https:\/\/kineis.com\/\">Kin\u00e9is<\/a>, sera pleinement op\u00e9rationnelle en 2025.<\/p>\n<p>[\/vc_column_text][vc_empty_space height=\u00a0\u00bb5px\u00a0\u00bb][\/vc_column_inner][\/vc_row_inner][vc_row_inner][vc_column_inner width=\u00a0\u00bb2\/3&Prime;][vc_column_text 0=\u00a0\u00bb\u00a0\u00bb]<\/p>\n<p style=\"text-align: center;\"><iframe loading=\"lazy\" src=\"https:\/\/www.youtube-nocookie.com\/embed\/5F7UfPmG7kA?rel=0&amp;mute=1&amp;autoplay=1\" width=\"660\" height=\"350\" frameborder=\"0\" allowfullscreen=\"allowfullscreen\"><\/iframe><\/p>\n<p>[\/vc_column_text][\/vc_column_inner][vc_column_inner width=\u00a0\u00bb1\/3&Prime; css=\u00a0\u00bb.vc_custom_1624288568326{padding-top: 30px !important;padding-right: 20px !important;padding-bottom: 30px !important;padding-left: 20px !important;background-image: url(https:\/\/fisheries.groupcls.com\/wp-content\/uploads\/2017\/06\/pattern_2.png?id=6861) !important;}\u00a0\u00bb][vc_column_text]<\/p>\n<blockquote>\n<h3><strong>KINEIS<\/strong><\/h3>\n<\/blockquote>\n<ul>\n<li>Une couverture mondiale \u00e0 faible co\u00fbt<\/li>\n<li>Transmission bidirectionnelle<\/li>\n<li>Faible consommation d&rsquo;\u00e9nergie<\/li>\n<li>25 nano-satellites<\/li>\n<li>Temps de revisite plus court<\/li>\n<li>8X plus de bande passante<\/li>\n<\/ul>\n<p>[\/vc_column_text][vc_btn title=\u00a0\u00bbKin\u00e9is, le futur d&rsquo;Argos\u00a0\u00bb color=\u00a0\u00bbprimary\u00a0\u00bb css_animation=\u00a0\u00bbfadeIn\u00a0\u00bb css=\u00a0\u00bb\u00a0\u00bb link=\u00a0\u00bburl:https%3A%2F%2Fkineis.com%2Fiot-industries%2Fiot-maritime%2F|target:_blank\u00a0\u00bb][\/vc_column_inner][\/vc_row_inner][vc_empty_space height=\u00a0\u00bb40px\u00a0\u00bb][\/vc_column][\/vc_row]<\/p>\n<\/div>","protected":false},"excerpt":{"rendered":"<p>[vc_row][vc_column][vc_row_inner][vc_column_inner width=\u00a0\u00bb1\/3&Prime;][vc_single_image image=\u00a0\u00bb4925&Prime; img_size=\u00a0\u00bb300&#215;60&Prime; alignment=\u00a0\u00bbcenter\u00a0\u00bb][\/vc_column_inner][vc_column_inner width=\u00a0\u00bb2\/3&Prime;][vc_column_text 0=\u00a0\u00bb\u00a0\u00bb el_id=\u00a0\u00bbIridium\u00a0\u00bb] Iridium\u00ae est la plus grande constellation de satellites commerciaux au monde qui fournit des communications mobiles mondiales par satellite, y compris des solutions voix et donn\u00e9es. Le syst\u00e8me Iridium\u00ae est un r\u00e9seau de communications par satellite qui fournit une solide gamme de services de donn\u00e9es avec une<\/p>\n","protected":false},"author":11,"featured_media":0,"parent":0,"menu_order":72,"comment_status":"closed","ping_status":"closed","template":"","meta":{"footnotes":""},"class_list":["post-5276","page","type-page","status-publish","hentry"],"yoast_head":"<!-- This site is optimized with the Yoast SEO plugin v27.2 - https:\/\/yoast.com\/product\/yoast-seo-wordpress\/ -->\n<title>Syst\u00e8me de collecte de donn\u00e9es : Argos, Iridium et Kin\u00e9is - CLS Fisheries<\/title>\n<meta name=\"description\" content=\"D\u00e9couvrez les diff\u00e9rents syst\u00e8mes de collecte de donn\u00e9es disponibles pour une gestion durable des p\u00eaches : Argos, Iridum et Kineis.\" \/>\n<meta name=\"robots\" content=\"index, follow, max-snippet:-1, max-image-preview:large, max-video-preview:-1\" \/>\n<link rel=\"canonical\" href=\"https:\/\/fisheries.groupcls.com\/fr\/systeme-collecte-donnees\/\" \/>\n<meta property=\"og:locale\" content=\"fr_FR\" \/>\n<meta property=\"og:type\" content=\"article\" \/>\n<meta property=\"og:title\" content=\"Syst\u00e8me de collecte de donn\u00e9es : Argos, Iridium et Kin\u00e9is - CLS Fisheries\" \/>\n<meta property=\"og:description\" content=\"D\u00e9couvrez les diff\u00e9rents syst\u00e8mes de collecte de donn\u00e9es disponibles pour une gestion durable des p\u00eaches : Argos, Iridum et Kineis.\" \/>\n<meta property=\"og:url\" content=\"https:\/\/fisheries.groupcls.com\/fr\/systeme-collecte-donnees\/\" \/>\n<meta property=\"og:site_name\" content=\"CLS Fisheries\" \/>\n<meta property=\"article:modified_time\" content=\"2025-10-02T15:53:44+00:00\" \/>\n<meta name=\"twitter:card\" content=\"summary_large_image\" \/>\n<meta name=\"twitter:label1\" content=\"Dur\u00e9e de lecture estim\u00e9e\" \/>\n\t<meta name=\"twitter:data1\" content=\"3 minutes\" \/>\n<script type=\"application\/ld+json\" class=\"yoast-schema-graph\">{\"@context\":\"https:\/\/schema.org\",\"@graph\":[{\"@type\":\"WebPage\",\"@id\":\"https:\/\/fisheries.groupcls.com\/fr\/systeme-collecte-donnees\/\",\"url\":\"https:\/\/fisheries.groupcls.com\/fr\/systeme-collecte-donnees\/\",\"name\":\"Syst\u00e8me de collecte de donn\u00e9es : Argos, Iridium et Kin\u00e9is - CLS Fisheries\",\"isPartOf\":{\"@id\":\"https:\/\/fisheries.groupcls.com\/fr\/#website\"},\"datePublished\":\"2017-08-03T14:24:51+00:00\",\"dateModified\":\"2025-10-02T15:53:44+00:00\",\"description\":\"D\u00e9couvrez les diff\u00e9rents syst\u00e8mes de collecte de donn\u00e9es disponibles pour une gestion durable des p\u00eaches : Argos, Iridum et Kineis.\",\"breadcrumb\":{\"@id\":\"https:\/\/fisheries.groupcls.com\/fr\/systeme-collecte-donnees\/#breadcrumb\"},\"inLanguage\":\"fr-FR\",\"potentialAction\":[{\"@type\":\"ReadAction\",\"target\":[\"https:\/\/fisheries.groupcls.com\/fr\/systeme-collecte-donnees\/\"]}]},{\"@type\":\"BreadcrumbList\",\"@id\":\"https:\/\/fisheries.groupcls.com\/fr\/systeme-collecte-donnees\/#breadcrumb\",\"itemListElement\":[{\"@type\":\"ListItem\",\"position\":1,\"name\":\"Accueil\",\"item\":\"https:\/\/fisheries.groupcls.com\/fr\/\"},{\"@type\":\"ListItem\",\"position\":2,\"name\":\"Syst\u00e8me de collecte de donn\u00e9es\"}]},{\"@type\":\"WebSite\",\"@id\":\"https:\/\/fisheries.groupcls.com\/fr\/#website\",\"url\":\"https:\/\/fisheries.groupcls.com\/fr\/\",\"name\":\"CLS Fisheries\",\"description\":\"CLS est cetifi\u00e9 par les grands organismes internationaux \u00e0 travers le monde et travaille d\u00e9j\u00e0 avec des milliers de navires de p\u00eache dans le monde entier.\",\"publisher\":{\"@id\":\"https:\/\/fisheries.groupcls.com\/fr\/#organization\"},\"potentialAction\":[{\"@type\":\"SearchAction\",\"target\":{\"@type\":\"EntryPoint\",\"urlTemplate\":\"https:\/\/fisheries.groupcls.com\/fr\/?s={search_term_string}\"},\"query-input\":{\"@type\":\"PropertyValueSpecification\",\"valueRequired\":true,\"valueName\":\"search_term_string\"}}],\"inLanguage\":\"fr-FR\"},{\"@type\":\"Organization\",\"@id\":\"https:\/\/fisheries.groupcls.com\/fr\/#organization\",\"name\":\"CLS\",\"url\":\"https:\/\/fisheries.groupcls.com\/fr\/\",\"logo\":{\"@type\":\"ImageObject\",\"inLanguage\":\"fr-FR\",\"@id\":\"https:\/\/fisheries.groupcls.com\/fr\/#\/schema\/logo\/image\/\",\"url\":\"https:\/\/fisheries.groupcls.com\/wp-content\/uploads\/2016\/04\/logo-cls.png\",\"contentUrl\":\"https:\/\/fisheries.groupcls.com\/wp-content\/uploads\/2016\/04\/logo-cls.png\",\"width\":107,\"height\":90,\"caption\":\"CLS\"},\"image\":{\"@id\":\"https:\/\/fisheries.groupcls.com\/fr\/#\/schema\/logo\/image\/\"}}]}<\/script>\n<!-- \/ Yoast SEO plugin. -->","yoast_head_json":{"title":"Syst\u00e8me de collecte de donn\u00e9es : Argos, Iridium et Kin\u00e9is - CLS Fisheries","description":"D\u00e9couvrez les diff\u00e9rents syst\u00e8mes de collecte de donn\u00e9es disponibles pour une gestion durable des p\u00eaches : Argos, Iridum et Kineis.","robots":{"index":"index","follow":"follow","max-snippet":"max-snippet:-1","max-image-preview":"max-image-preview:large","max-video-preview":"max-video-preview:-1"},"canonical":"https:\/\/fisheries.groupcls.com\/fr\/systeme-collecte-donnees\/","og_locale":"fr_FR","og_type":"article","og_title":"Syst\u00e8me de collecte de donn\u00e9es : Argos, Iridium et Kin\u00e9is - CLS Fisheries","og_description":"D\u00e9couvrez les diff\u00e9rents syst\u00e8mes de collecte de donn\u00e9es disponibles pour une gestion durable des p\u00eaches : Argos, Iridum et Kineis.","og_url":"https:\/\/fisheries.groupcls.com\/fr\/systeme-collecte-donnees\/","og_site_name":"CLS Fisheries","article_modified_time":"2025-10-02T15:53:44+00:00","twitter_card":"summary_large_image","twitter_misc":{"Dur\u00e9e de lecture estim\u00e9e":"3 minutes"},"schema":{"@context":"https:\/\/schema.org","@graph":[{"@type":"WebPage","@id":"https:\/\/fisheries.groupcls.com\/fr\/systeme-collecte-donnees\/","url":"https:\/\/fisheries.groupcls.com\/fr\/systeme-collecte-donnees\/","name":"Syst\u00e8me de collecte de donn\u00e9es : Argos, Iridium et Kin\u00e9is - CLS Fisheries","isPartOf":{"@id":"https:\/\/fisheries.groupcls.com\/fr\/#website"},"datePublished":"2017-08-03T14:24:51+00:00","dateModified":"2025-10-02T15:53:44+00:00","description":"D\u00e9couvrez les diff\u00e9rents syst\u00e8mes de collecte de donn\u00e9es disponibles pour une gestion durable des p\u00eaches : Argos, Iridum et Kineis.","breadcrumb":{"@id":"https:\/\/fisheries.groupcls.com\/fr\/systeme-collecte-donnees\/#breadcrumb"},"inLanguage":"fr-FR","potentialAction":[{"@type":"ReadAction","target":["https:\/\/fisheries.groupcls.com\/fr\/systeme-collecte-donnees\/"]}]},{"@type":"BreadcrumbList","@id":"https:\/\/fisheries.groupcls.com\/fr\/systeme-collecte-donnees\/#breadcrumb","itemListElement":[{"@type":"ListItem","position":1,"name":"Accueil","item":"https:\/\/fisheries.groupcls.com\/fr\/"},{"@type":"ListItem","position":2,"name":"Syst\u00e8me de collecte de donn\u00e9es"}]},{"@type":"WebSite","@id":"https:\/\/fisheries.groupcls.com\/fr\/#website","url":"https:\/\/fisheries.groupcls.com\/fr\/","name":"CLS Fisheries","description":"CLS est cetifi\u00e9 par les grands organismes internationaux \u00e0 travers le monde et travaille d\u00e9j\u00e0 avec des milliers de navires de p\u00eache dans le monde entier.","publisher":{"@id":"https:\/\/fisheries.groupcls.com\/fr\/#organization"},"potentialAction":[{"@type":"SearchAction","target":{"@type":"EntryPoint","urlTemplate":"https:\/\/fisheries.groupcls.com\/fr\/?s={search_term_string}"},"query-input":{"@type":"PropertyValueSpecification","valueRequired":true,"valueName":"search_term_string"}}],"inLanguage":"fr-FR"},{"@type":"Organization","@id":"https:\/\/fisheries.groupcls.com\/fr\/#organization","name":"CLS","url":"https:\/\/fisheries.groupcls.com\/fr\/","logo":{"@type":"ImageObject","inLanguage":"fr-FR","@id":"https:\/\/fisheries.groupcls.com\/fr\/#\/schema\/logo\/image\/","url":"https:\/\/fisheries.groupcls.com\/wp-content\/uploads\/2016\/04\/logo-cls.png","contentUrl":"https:\/\/fisheries.groupcls.com\/wp-content\/uploads\/2016\/04\/logo-cls.png","width":107,"height":90,"caption":"CLS"},"image":{"@id":"https:\/\/fisheries.groupcls.com\/fr\/#\/schema\/logo\/image\/"}}]}},"_links":{"self":[{"href":"https:\/\/fisheries.groupcls.com\/fr\/wp-json\/wp\/v2\/pages\/5276","targetHints":{"allow":["GET"]}}],"collection":[{"href":"https:\/\/fisheries.groupcls.com\/fr\/wp-json\/wp\/v2\/pages"}],"about":[{"href":"https:\/\/fisheries.groupcls.com\/fr\/wp-json\/wp\/v2\/types\/page"}],"author":[{"embeddable":true,"href":"https:\/\/fisheries.groupcls.com\/fr\/wp-json\/wp\/v2\/users\/11"}],"replies":[{"embeddable":true,"href":"https:\/\/fisheries.groupcls.com\/fr\/wp-json\/wp\/v2\/comments?post=5276"}],"version-history":[{"count":28,"href":"https:\/\/fisheries.groupcls.com\/fr\/wp-json\/wp\/v2\/pages\/5276\/revisions"}],"predecessor-version":[{"id":13477,"href":"https:\/\/fisheries.groupcls.com\/fr\/wp-json\/wp\/v2\/pages\/5276\/revisions\/13477"}],"wp:attachment":[{"href":"https:\/\/fisheries.groupcls.com\/fr\/wp-json\/wp\/v2\/media?parent=5276"}],"curies":[{"name":"wp","href":"https:\/\/api.w.org\/{rel}","templated":true}]}}