{"id":5274,"date":"2017-08-04T10:27:14","date_gmt":"2017-08-04T08:27:14","guid":{"rendered":"https:\/\/fisheries.groupcls.com\/?page_id=5274\/"},"modified":"2026-03-20T14:27:46","modified_gmt":"2026-03-20T13:27:46","slug":"produits","status":"publish","type":"page","link":"https:\/\/fisheries.groupcls.com\/fr\/produits\/","title":{"rendered":"Produits"},"content":{"rendered":"<div class=\"wpb-content-wrapper\"><p>[vc_row content_placement=\u00a0\u00bbmiddle\u00a0\u00bb][vc_column 0=\u00a0\u00bb\u00a0\u00bb][vc_text_separator title=\u00a0\u00bbSUIVI PAR BALISE\u00a0\u00bb title_align=\u00a0\u00bbseparator_align_left\u00a0\u00bb][stm_projects category=\u00a0\u00bbtrack-fr\u00a0\u00bb infinite=\u00a0\u00bbenable\u00a0\u00bb arrows=\u00a0\u00bbenable\u00a0\u00bb dots=\u00a0\u00bbshow\u00a0\u00bb autoplay=\u00a0\u00bb0&Prime; columns_desktop=\u00a0\u00bb4&Prime; columns_tablet=\u00a0\u00bb2&Prime; columns_mobile=\u00a0\u00bb1&Prime;][vc_empty_space 0=\u00a0\u00bb\u00a0\u00bb][vc_text_separator title=\u00a0\u00bbOUTILS DE RAPPORT DE DONNEES\u00a0\u00bb title_align=\u00a0\u00bbseparator_align_left\u00a0\u00bb][stm_projects category=\u00a0\u00bbreport-fr\u00a0\u00bb full_width=\u00a0\u00bbEnable\u00a0\u00bb infinite=\u00a0\u00bbenable\u00a0\u00bb arrows=\u00a0\u00bbenable\u00a0\u00bb dots=\u00a0\u00bbshow\u00a0\u00bb autoplay=\u00a0\u00bb5000&Prime; columns_desktop=\u00a0\u00bb3&Prime; columns_tablet=\u00a0\u00bb2&Prime; columns_mobile=\u00a0\u00bb1&Prime;][vc_empty_space 0=\u00a0\u00bb\u00a0\u00bb][vc_text_separator title=\u00a0\u00bbLOGICIEL DE GESTION ET SURVEILLANCE\u00a0\u00bb title_align=\u00a0\u00bbseparator_align_left\u00a0\u00bb][stm_projects category=\u00a0\u00bbmanage-fr\u00a0\u00bb full_width=\u00a0\u00bbEnable\u00a0\u00bb infinite=\u00a0\u00bbenable\u00a0\u00bb arrows=\u00a0\u00bbenable\u00a0\u00bb dots=\u00a0\u00bbshow\u00a0\u00bb autoplay=\u00a0\u00bb0&Prime; columns_desktop=\u00a0\u00bb3&Prime; columns_tablet=\u00a0\u00bb2&Prime; columns_mobile=\u00a0\u00bb1&Prime;][vc_empty_space 0=\u00a0\u00bb\u00a0\u00bb][vc_text_separator title=\u00a0\u00bbPRODUITS DE COMMUNICATION SATELLITAIRE\u00a0\u00bb title_align=\u00a0\u00bbseparator_align_left\u00a0\u00bb][stm_projects category=\u00a0\u00bbcommunicate-fr\u00a0\u00bb full_width=\u00a0\u00bbEnable\u00a0\u00bb infinite=\u00a0\u00bbenable\u00a0\u00bb arrows=\u00a0\u00bbenable\u00a0\u00bb dots=\u00a0\u00bbshow\u00a0\u00bb autoplay=\u00a0\u00bb0&Prime; columns_desktop=\u00a0\u00bb3&Prime; columns_tablet=\u00a0\u00bb2&Prime; columns_mobile=\u00a0\u00bb1&Prime; img_size=\u00a0\u00bbfull\u00a0\u00bb][vc_empty_space][\/vc_column][\/vc_row]<\/p>\n<\/div>","protected":false},"excerpt":{"rendered":"<p>[vc_row content_placement=\u00a0\u00bbmiddle\u00a0\u00bb][vc_column 0=\u00a0\u00bb\u00a0\u00bb][vc_text_separator title=\u00a0\u00bbSUIVI PAR BALISE\u00a0\u00bb title_align=\u00a0\u00bbseparator_align_left\u00a0\u00bb][stm_projects category=\u00a0\u00bbtrack-fr\u00a0\u00bb infinite=\u00a0\u00bbenable\u00a0\u00bb arrows=\u00a0\u00bbenable\u00a0\u00bb dots=\u00a0\u00bbshow\u00a0\u00bb autoplay=\u00a0\u00bb0&Prime; columns_desktop=\u00a0\u00bb4&Prime; columns_tablet=\u00a0\u00bb2&Prime; columns_mobile=\u00a0\u00bb1&Prime;][vc_empty_space 0=\u00a0\u00bb\u00a0\u00bb][vc_text_separator title=\u00a0\u00bbOUTILS DE RAPPORT DE DONNEES\u00a0\u00bb title_align=\u00a0\u00bbseparator_align_left\u00a0\u00bb][stm_projects category=\u00a0\u00bbreport-fr\u00a0\u00bb full_width=\u00a0\u00bbEnable\u00a0\u00bb infinite=\u00a0\u00bbenable\u00a0\u00bb arrows=\u00a0\u00bbenable\u00a0\u00bb dots=\u00a0\u00bbshow\u00a0\u00bb autoplay=\u00a0\u00bb5000&Prime; columns_desktop=\u00a0\u00bb3&Prime; columns_tablet=\u00a0\u00bb2&Prime; columns_mobile=\u00a0\u00bb1&Prime;][vc_empty_space 0=\u00a0\u00bb\u00a0\u00bb][vc_text_separator title=\u00a0\u00bbLOGICIEL DE GESTION ET SURVEILLANCE\u00a0\u00bb title_align=\u00a0\u00bbseparator_align_left\u00a0\u00bb][stm_projects category=\u00a0\u00bbmanage-fr\u00a0\u00bb full_width=\u00a0\u00bbEnable\u00a0\u00bb infinite=\u00a0\u00bbenable\u00a0\u00bb arrows=\u00a0\u00bbenable\u00a0\u00bb dots=\u00a0\u00bbshow\u00a0\u00bb autoplay=\u00a0\u00bb0&Prime; columns_desktop=\u00a0\u00bb3&Prime; columns_tablet=\u00a0\u00bb2&Prime; columns_mobile=\u00a0\u00bb1&Prime;][vc_empty_space 0=\u00a0\u00bb\u00a0\u00bb][vc_text_separator title=\u00a0\u00bbPRODUITS DE COMMUNICATION SATELLITAIRE\u00a0\u00bb title_align=\u00a0\u00bbseparator_align_left\u00a0\u00bb][stm_projects category=\u00a0\u00bbcommunicate-fr\u00a0\u00bb full_width=\u00a0\u00bbEnable\u00a0\u00bb<\/p>\n","protected":false},"author":11,"featured_media":0,"parent":0,"menu_order":139,"comment_status":"closed","ping_status":"closed","template":"","meta":{"footnotes":""},"class_list":["post-5274","page","type-page","status-publish","hentry"],"yoast_head":"<!-- This site is optimized with the Yoast SEO plugin v27.2 - https:\/\/yoast.com\/product\/yoast-seo-wordpress\/ -->\n<title>Les produits CLS pour une p\u00eache durable - CLS Fisheries<\/title>\n<meta name=\"description\" content=\"Tout pour une gestion durable des p\u00eaches. CLS propose une gamme compl\u00e8te de produits : mat\u00e9riel, logiciels et services \u00e0 valeur ajout\u00e9e.\" \/>\n<meta name=\"robots\" content=\"index, follow, max-snippet:-1, max-image-preview:large, max-video-preview:-1\" \/>\n<link rel=\"canonical\" href=\"https:\/\/fisheries.groupcls.com\/fr\/produits\/\" \/>\n<meta property=\"og:locale\" content=\"fr_FR\" \/>\n<meta property=\"og:type\" content=\"article\" \/>\n<meta property=\"og:title\" content=\"Les produits CLS pour une p\u00eache durable - CLS Fisheries\" \/>\n<meta property=\"og:description\" content=\"Tout pour une gestion durable des p\u00eaches. CLS propose une gamme compl\u00e8te de produits : mat\u00e9riel, logiciels et services \u00e0 valeur ajout\u00e9e.\" \/>\n<meta property=\"og:url\" content=\"https:\/\/fisheries.groupcls.com\/fr\/produits\/\" \/>\n<meta property=\"og:site_name\" content=\"CLS Fisheries\" \/>\n<meta property=\"article:modified_time\" content=\"2026-03-20T13:27:46+00:00\" \/>\n<meta name=\"twitter:card\" content=\"summary_large_image\" \/>\n<meta name=\"twitter:label1\" content=\"Dur\u00e9e de lecture estim\u00e9e\" \/>\n\t<meta name=\"twitter:data1\" content=\"1 minute\" \/>\n<script type=\"application\/ld+json\" class=\"yoast-schema-graph\">{\"@context\":\"https:\/\/schema.org\",\"@graph\":[{\"@type\":[\"WebPage\",\"CollectionPage\"],\"@id\":\"https:\/\/fisheries.groupcls.com\/fr\/produits\/\",\"url\":\"https:\/\/fisheries.groupcls.com\/fr\/produits\/\",\"name\":\"Les produits CLS pour une p\u00eache durable - CLS Fisheries\",\"isPartOf\":{\"@id\":\"https:\/\/fisheries.groupcls.com\/fr\/#website\"},\"datePublished\":\"2017-08-04T08:27:14+00:00\",\"dateModified\":\"2026-03-20T13:27:46+00:00\",\"description\":\"Tout pour une gestion durable des p\u00eaches. CLS propose une gamme compl\u00e8te de produits : mat\u00e9riel, logiciels et services \u00e0 valeur ajout\u00e9e.\",\"breadcrumb\":{\"@id\":\"https:\/\/fisheries.groupcls.com\/fr\/produits\/#breadcrumb\"},\"inLanguage\":\"fr-FR\"},{\"@type\":\"BreadcrumbList\",\"@id\":\"https:\/\/fisheries.groupcls.com\/fr\/produits\/#breadcrumb\",\"itemListElement\":[{\"@type\":\"ListItem\",\"position\":1,\"name\":\"Accueil\",\"item\":\"https:\/\/fisheries.groupcls.com\/fr\/\"},{\"@type\":\"ListItem\",\"position\":2,\"name\":\"Produits\"}]},{\"@type\":\"WebSite\",\"@id\":\"https:\/\/fisheries.groupcls.com\/fr\/#website\",\"url\":\"https:\/\/fisheries.groupcls.com\/fr\/\",\"name\":\"CLS Fisheries\",\"description\":\"CLS est cetifi\u00e9 par les grands organismes internationaux \u00e0 travers le monde et travaille d\u00e9j\u00e0 avec des milliers de navires de p\u00eache dans le monde entier.\",\"publisher\":{\"@id\":\"https:\/\/fisheries.groupcls.com\/fr\/#organization\"},\"potentialAction\":[{\"@type\":\"SearchAction\",\"target\":{\"@type\":\"EntryPoint\",\"urlTemplate\":\"https:\/\/fisheries.groupcls.com\/fr\/?s={search_term_string}\"},\"query-input\":{\"@type\":\"PropertyValueSpecification\",\"valueRequired\":true,\"valueName\":\"search_term_string\"}}],\"inLanguage\":\"fr-FR\"},{\"@type\":\"Organization\",\"@id\":\"https:\/\/fisheries.groupcls.com\/fr\/#organization\",\"name\":\"CLS\",\"url\":\"https:\/\/fisheries.groupcls.com\/fr\/\",\"logo\":{\"@type\":\"ImageObject\",\"inLanguage\":\"fr-FR\",\"@id\":\"https:\/\/fisheries.groupcls.com\/fr\/#\/schema\/logo\/image\/\",\"url\":\"https:\/\/fisheries.groupcls.com\/wp-content\/uploads\/2016\/04\/logo-cls.png\",\"contentUrl\":\"https:\/\/fisheries.groupcls.com\/wp-content\/uploads\/2016\/04\/logo-cls.png\",\"width\":107,\"height\":90,\"caption\":\"CLS\"},\"image\":{\"@id\":\"https:\/\/fisheries.groupcls.com\/fr\/#\/schema\/logo\/image\/\"}}]}<\/script>\n<!-- \/ Yoast SEO plugin. -->","yoast_head_json":{"title":"Les produits CLS pour une p\u00eache durable - CLS Fisheries","description":"Tout pour une gestion durable des p\u00eaches. CLS propose une gamme compl\u00e8te de produits : mat\u00e9riel, logiciels et services \u00e0 valeur ajout\u00e9e.","robots":{"index":"index","follow":"follow","max-snippet":"max-snippet:-1","max-image-preview":"max-image-preview:large","max-video-preview":"max-video-preview:-1"},"canonical":"https:\/\/fisheries.groupcls.com\/fr\/produits\/","og_locale":"fr_FR","og_type":"article","og_title":"Les produits CLS pour une p\u00eache durable - CLS Fisheries","og_description":"Tout pour une gestion durable des p\u00eaches. CLS propose une gamme compl\u00e8te de produits : mat\u00e9riel, logiciels et services \u00e0 valeur ajout\u00e9e.","og_url":"https:\/\/fisheries.groupcls.com\/fr\/produits\/","og_site_name":"CLS Fisheries","article_modified_time":"2026-03-20T13:27:46+00:00","twitter_card":"summary_large_image","twitter_misc":{"Dur\u00e9e de lecture estim\u00e9e":"1 minute"},"schema":{"@context":"https:\/\/schema.org","@graph":[{"@type":["WebPage","CollectionPage"],"@id":"https:\/\/fisheries.groupcls.com\/fr\/produits\/","url":"https:\/\/fisheries.groupcls.com\/fr\/produits\/","name":"Les produits CLS pour une p\u00eache durable - CLS Fisheries","isPartOf":{"@id":"https:\/\/fisheries.groupcls.com\/fr\/#website"},"datePublished":"2017-08-04T08:27:14+00:00","dateModified":"2026-03-20T13:27:46+00:00","description":"Tout pour une gestion durable des p\u00eaches. CLS propose une gamme compl\u00e8te de produits : mat\u00e9riel, logiciels et services \u00e0 valeur ajout\u00e9e.","breadcrumb":{"@id":"https:\/\/fisheries.groupcls.com\/fr\/produits\/#breadcrumb"},"inLanguage":"fr-FR"},{"@type":"BreadcrumbList","@id":"https:\/\/fisheries.groupcls.com\/fr\/produits\/#breadcrumb","itemListElement":[{"@type":"ListItem","position":1,"name":"Accueil","item":"https:\/\/fisheries.groupcls.com\/fr\/"},{"@type":"ListItem","position":2,"name":"Produits"}]},{"@type":"WebSite","@id":"https:\/\/fisheries.groupcls.com\/fr\/#website","url":"https:\/\/fisheries.groupcls.com\/fr\/","name":"CLS Fisheries","description":"CLS est cetifi\u00e9 par les grands organismes internationaux \u00e0 travers le monde et travaille d\u00e9j\u00e0 avec des milliers de navires de p\u00eache dans le monde entier.","publisher":{"@id":"https:\/\/fisheries.groupcls.com\/fr\/#organization"},"potentialAction":[{"@type":"SearchAction","target":{"@type":"EntryPoint","urlTemplate":"https:\/\/fisheries.groupcls.com\/fr\/?s={search_term_string}"},"query-input":{"@type":"PropertyValueSpecification","valueRequired":true,"valueName":"search_term_string"}}],"inLanguage":"fr-FR"},{"@type":"Organization","@id":"https:\/\/fisheries.groupcls.com\/fr\/#organization","name":"CLS","url":"https:\/\/fisheries.groupcls.com\/fr\/","logo":{"@type":"ImageObject","inLanguage":"fr-FR","@id":"https:\/\/fisheries.groupcls.com\/fr\/#\/schema\/logo\/image\/","url":"https:\/\/fisheries.groupcls.com\/wp-content\/uploads\/2016\/04\/logo-cls.png","contentUrl":"https:\/\/fisheries.groupcls.com\/wp-content\/uploads\/2016\/04\/logo-cls.png","width":107,"height":90,"caption":"CLS"},"image":{"@id":"https:\/\/fisheries.groupcls.com\/fr\/#\/schema\/logo\/image\/"}}]}},"_links":{"self":[{"href":"https:\/\/fisheries.groupcls.com\/fr\/wp-json\/wp\/v2\/pages\/5274","targetHints":{"allow":["GET"]}}],"collection":[{"href":"https:\/\/fisheries.groupcls.com\/fr\/wp-json\/wp\/v2\/pages"}],"about":[{"href":"https:\/\/fisheries.groupcls.com\/fr\/wp-json\/wp\/v2\/types\/page"}],"author":[{"embeddable":true,"href":"https:\/\/fisheries.groupcls.com\/fr\/wp-json\/wp\/v2\/users\/11"}],"replies":[{"embeddable":true,"href":"https:\/\/fisheries.groupcls.com\/fr\/wp-json\/wp\/v2\/comments?post=5274"}],"version-history":[{"count":13,"href":"https:\/\/fisheries.groupcls.com\/fr\/wp-json\/wp\/v2\/pages\/5274\/revisions"}],"predecessor-version":[{"id":14263,"href":"https:\/\/fisheries.groupcls.com\/fr\/wp-json\/wp\/v2\/pages\/5274\/revisions\/14263"}],"wp:attachment":[{"href":"https:\/\/fisheries.groupcls.com\/fr\/wp-json\/wp\/v2\/media?parent=5274"}],"curies":[{"name":"wp","href":"https:\/\/api.w.org\/{rel}","templated":true}]}}