{"id":5266,"date":"2017-08-03T16:09:05","date_gmt":"2017-08-03T14:09:05","guid":{"rendered":"https:\/\/fisheries.groupcls.com\/?page_id=5266\/"},"modified":"2026-01-27T17:46:53","modified_gmt":"2026-01-27T16:46:53","slug":"vms","status":"publish","type":"page","link":"https:\/\/fisheries.groupcls.com\/fr\/pecheurs\/vms\/","title":{"rendered":"Surveillance des navires par satellite : VMS"},"content":{"rendered":"<div class=\"wpb-content-wrapper\"><p>[vc_row 0=\u00a0\u00bb\u00a0\u00bb][vc_column][vc_row_inner 0=\u00a0\u00bb\u00a0\u00bb][vc_column_inner width=\u00a0\u00bb2\/3&Prime;][vc_column_text 0=\u00a0\u00bb\u00a0\u00bb]<\/p>\n<p style=\"text-align: justify;\">CLS est le <strong>leader mondial<\/strong> dans le domaine des syst\u00e8mes de surveillance des navires. CLS facilite la mise en conformit\u00e9 gr\u00e2ce \u00e0 <a href=\"https:\/\/fisheries.groupcls.com\/fr\/produits-2\/\">une gamme robuste de transpondeurs<\/a> qui garantissent <a href=\"https:\/\/fisheries.groupcls.com\/fr\/systeme-collecte-donnees\/\">une transmission s\u00e9curis\u00e9e des donn\u00e9es<\/a>. Les syst\u00e8mes de surveillance des navires sont la seule technologie approuv\u00e9e pour la surveillance des activit\u00e9s de p\u00eache.<\/p>\n<p>Nos forfaits comprennent :<\/p>\n<ul>\n<li>des transpondeurs de satellite <strong>robustes<\/strong>,<\/li>\n<li>des services de communication par satellite <strong>rentables<\/strong>,<\/li>\n<li>et un logiciel <strong>convivial<\/strong> de visualisation de suivi.<\/li>\n<\/ul>\n<p style=\"text-align: justify;\">Les VMS de CLS offrent \u00e9galement une gamme de services \u00e0 valeur ajout\u00e9e pour les p\u00eacheurs dans un syst\u00e8me int\u00e9gr\u00e9, afin que vous puissiez vous concentrer sur votre activit\u00e9.<\/p>\n<p>[\/vc_column_text][\/vc_column_inner][vc_column_inner width=\u00a0\u00bb1\/3&Prime;][vc_single_image image=\u00a0\u00bb7261&Prime; img_size=\u00a0\u00bbfull\u00a0\u00bb][vc_btn title=\u00a0\u00bbNous contacter\u00a0\u00bb color=\u00a0\u00bbprimary\u00a0\u00bb align=\u00a0\u00bbcenter\u00a0\u00bb link=\u00a0\u00bburl:https%3A%2F%2Ffisheries.groupcls.com%2Ffr%2Fcontact%2F|title:Contact\u00a0\u00bb][\/vc_column_inner][\/vc_row_inner][vc_column_text 0=\u00a0\u00bb\u00a0\u00bb css=\u00a0\u00bb.vc_custom_1614611200242{margin-top: 10px !important;}\u00a0\u00bb]<\/p>\n<p style=\"text-align: justify;\">Gr\u00e2ce \u00e0 son syst\u00e8me de surveillance des navires par satellite, CLS aide les professionnels de la p\u00eache \u00e0 surveiller leurs activit\u00e9s de p\u00eache, g\u00e9rer leur flotte, se conformer aux r\u00e9glementations et g\u00e9rer le renouvellement des ressources. Les donn\u00e9es sont transmises en temps r\u00e9el et \u00e0 intervalles r\u00e9guliers aux autorit\u00e9s et aux p\u00eacheurs.<\/p>\n<p>[\/vc_column_text][\/vc_column][\/vc_row][vc_row css=\u00a0\u00bb.vc_custom_1616586455921{margin-top: 30px !important;}\u00a0\u00bb][vc_column][vc_tta_tabs][vc_tta_section title=\u00a0\u00bbBalises VMS\u00a0\u00bb tab_id=\u00a0\u00bbBalises-VMS\u00a0\u00bb][stm_projects_grid category=\u00a0\u00bbvmshardware-fr\u00a0\u00bb projects_per_row=\u00a0\u00bb4&Prime;][\/vc_tta_section][vc_tta_section title=\u00a0\u00bbSolutions int\u00e9gr\u00e9es\u00a0\u00bb tab_id=\u00a0\u00bbSolutions-int\u00e9gr\u00e9es\u00a0\u00bb][vc_row_inner css=\u00a0\u00bb.vc_custom_1614269899930{padding-top: 20px !important;padding-bottom: 20px !important;}\u00a0\u00bb][vc_column_inner width=\u00a0\u00bb1\/4&Prime;][vc_single_image image=\u00a0\u00bb7103&Prime; img_size=\u00a0\u00bbfull\u00a0\u00bb alignment=\u00a0\u00bbcenter\u00a0\u00bb][\/vc_column_inner][vc_column_inner width=\u00a0\u00bb1\/2&Prime;][vc_column_text]<\/p>\n<h3>CAPTURE<\/h3>\n<p>Se conformer aux r\u00e9glementations VMS &amp; ERS gr\u00e2ce \u00e0 un transfert de donn\u00e9es automatique vers les autorit\u00e9s[\/vc_column_text][\/vc_column_inner][vc_column_inner width=\u00a0\u00bb1\/4&Prime; css=\u00a0\u00bb.vc_custom_1614792846492{padding-top: 25px !important;}\u00a0\u00bb][vc_btn title=\u00a0\u00bbD\u00e9couvrir\u00a0\u00bb color=\u00a0\u00bbprimary\u00a0\u00bb align=\u00a0\u00bbcenter\u00a0\u00bb link=\u00a0\u00bburl:https%3A%2F%2Ffisheries.groupcls.com%2Fproduct%2Fcapture%2F|title:Capture\u00a0\u00bb][\/vc_column_inner][\/vc_row_inner][\/vc_tta_section][vc_tta_section title=\u00a0\u00bbDerni\u00e8res actualit\u00e9s\u00a0\u00bb tab_id=\u00a0\u00bbdernieres-actualites\u00a0\u00bb][vc_basic_grid post_type=\u00a0\u00bbpost\u00a0\u00bb max_items=\u00a0\u00bb3&Prime; item=\u00a0\u00bbbasicGrid_SlideFromLeft\u00a0\u00bb grid_id=\u00a0\u00bbvc_gid:1623916728484-57014788-9080-1&Prime; taxonomies=\u00a0\u00bb134&Prime;][\/vc_tta_section][\/vc_tta_tabs][\/vc_column][\/vc_row][vc_row css=\u00a0\u00bb.vc_custom_1614269704817{margin-top: 20px !important;}\u00a0\u00bb][vc_column][vc_tta_tabs][vc_tta_section title=\u00a0\u00bbAcc\u00e8s aux donn\u00e9es VMS\u00a0\u00bb tab_id=\u00a0\u00bbAcces-aux-donnees-VMS\u00a0\u00bb][stm_projects_grid category=\u00a0\u00bbvmssoftware-fr\u00a0\u00bb projects_per_row=\u00a0\u00bb4&Prime;][\/vc_tta_section][\/vc_tta_tabs][\/vc_column][\/vc_row]<\/p>\n<\/div>","protected":false},"excerpt":{"rendered":"<p>[vc_row 0=\u00a0\u00bb\u00a0\u00bb][vc_column][vc_row_inner 0=\u00a0\u00bb\u00a0\u00bb][vc_column_inner width=\u00a0\u00bb2\/3&Prime;][vc_column_text 0=\u00a0\u00bb\u00a0\u00bb] CLS est le leader mondial dans le domaine des syst\u00e8mes de surveillance des navires. CLS facilite la mise en conformit\u00e9 gr\u00e2ce \u00e0 une gamme robuste de transpondeurs qui garantissent une transmission s\u00e9curis\u00e9e des donn\u00e9es. Les syst\u00e8mes de surveillance des navires sont la seule technologie approuv\u00e9e pour la surveillance des activit\u00e9s<\/p>\n","protected":false},"author":11,"featured_media":7261,"parent":5256,"menu_order":35,"comment_status":"closed","ping_status":"closed","template":"","meta":{"footnotes":""},"class_list":["post-5266","page","type-page","status-publish","has-post-thumbnail","hentry"],"yoast_head":"<!-- This site is optimized with the Yoast SEO plugin v27.2 - https:\/\/yoast.com\/product\/yoast-seo-wordpress\/ -->\n<title>VMS, syst\u00e8me de surveillance des navires par satellite - CLS Fisheries<\/title>\n<meta name=\"description\" content=\"Les syst\u00e8mes de surveillance des navires par satellite (VMS) accompagnent les p\u00eacheurs pour g\u00e9rer et contr\u00f4ler leurs p\u00eaches.\" \/>\n<meta name=\"robots\" content=\"index, follow, max-snippet:-1, max-image-preview:large, max-video-preview:-1\" \/>\n<link rel=\"canonical\" href=\"https:\/\/fisheries.groupcls.com\/fr\/pecheurs\/vms\/\" \/>\n<meta property=\"og:locale\" content=\"fr_FR\" \/>\n<meta property=\"og:type\" content=\"article\" \/>\n<meta property=\"og:title\" content=\"VMS, syst\u00e8me de surveillance des navires par satellite - CLS Fisheries\" \/>\n<meta property=\"og:description\" content=\"Les syst\u00e8mes de surveillance des navires par satellite (VMS) accompagnent les p\u00eacheurs pour g\u00e9rer et contr\u00f4ler leurs p\u00eaches.\" \/>\n<meta property=\"og:url\" content=\"https:\/\/fisheries.groupcls.com\/fr\/pecheurs\/vms\/\" \/>\n<meta property=\"og:site_name\" content=\"CLS Fisheries\" \/>\n<meta property=\"article:modified_time\" content=\"2026-01-27T16:46:53+00:00\" \/>\n<meta property=\"og:image\" content=\"https:\/\/fisheries.groupcls.com\/wp-content\/uploads\/2019\/07\/fishing-boats.jpg\" \/>\n\t<meta property=\"og:image:width\" content=\"4746\" \/>\n\t<meta property=\"og:image:height\" content=\"2218\" \/>\n\t<meta property=\"og:image:type\" content=\"image\/jpeg\" \/>\n<meta name=\"twitter:card\" content=\"summary_large_image\" \/>\n<meta name=\"twitter:label1\" content=\"Dur\u00e9e de lecture estim\u00e9e\" \/>\n\t<meta name=\"twitter:data1\" content=\"2 minutes\" \/>\n<script type=\"application\/ld+json\" class=\"yoast-schema-graph\">{\"@context\":\"https:\/\/schema.org\",\"@graph\":[{\"@type\":[\"WebPage\",\"ItemPage\"],\"@id\":\"https:\/\/fisheries.groupcls.com\/fr\/pecheurs\/vms\/\",\"url\":\"https:\/\/fisheries.groupcls.com\/fr\/pecheurs\/vms\/\",\"name\":\"VMS, syst\u00e8me de surveillance des navires par satellite - CLS Fisheries\",\"isPartOf\":{\"@id\":\"https:\/\/fisheries.groupcls.com\/fr\/#website\"},\"primaryImageOfPage\":{\"@id\":\"https:\/\/fisheries.groupcls.com\/fr\/pecheurs\/vms\/#primaryimage\"},\"image\":{\"@id\":\"https:\/\/fisheries.groupcls.com\/fr\/pecheurs\/vms\/#primaryimage\"},\"thumbnailUrl\":\"https:\/\/fisheries.groupcls.com\/wp-content\/uploads\/2019\/07\/fishing-boats.jpg\",\"datePublished\":\"2017-08-03T14:09:05+00:00\",\"dateModified\":\"2026-01-27T16:46:53+00:00\",\"description\":\"Les syst\u00e8mes de surveillance des navires par satellite (VMS) accompagnent les p\u00eacheurs pour g\u00e9rer et contr\u00f4ler leurs p\u00eaches.\",\"breadcrumb\":{\"@id\":\"https:\/\/fisheries.groupcls.com\/fr\/pecheurs\/vms\/#breadcrumb\"},\"inLanguage\":\"fr-FR\",\"potentialAction\":[{\"@type\":\"ReadAction\",\"target\":[\"https:\/\/fisheries.groupcls.com\/fr\/pecheurs\/vms\/\"]}]},{\"@type\":\"ImageObject\",\"inLanguage\":\"fr-FR\",\"@id\":\"https:\/\/fisheries.groupcls.com\/fr\/pecheurs\/vms\/#primaryimage\",\"url\":\"https:\/\/fisheries.groupcls.com\/wp-content\/uploads\/2019\/07\/fishing-boats.jpg\",\"contentUrl\":\"https:\/\/fisheries.groupcls.com\/wp-content\/uploads\/2019\/07\/fishing-boats.jpg\",\"width\":4746,\"height\":2218,\"caption\":\"bateaux de p\u00eache\"},{\"@type\":\"BreadcrumbList\",\"@id\":\"https:\/\/fisheries.groupcls.com\/fr\/pecheurs\/vms\/#breadcrumb\",\"itemListElement\":[{\"@type\":\"ListItem\",\"position\":1,\"name\":\"Accueil\",\"item\":\"https:\/\/fisheries.groupcls.com\/fr\/\"},{\"@type\":\"ListItem\",\"position\":2,\"name\":\"P\u00eacheurs\",\"item\":\"https:\/\/fisheries.groupcls.com\/fr\/pecheurs\/\"},{\"@type\":\"ListItem\",\"position\":3,\"name\":\"Surveillance des navires par satellite : VMS\"}]},{\"@type\":\"WebSite\",\"@id\":\"https:\/\/fisheries.groupcls.com\/fr\/#website\",\"url\":\"https:\/\/fisheries.groupcls.com\/fr\/\",\"name\":\"CLS Fisheries\",\"description\":\"CLS est cetifi\u00e9 par les grands organismes internationaux \u00e0 travers le monde et travaille d\u00e9j\u00e0 avec des milliers de navires de p\u00eache dans le monde entier.\",\"publisher\":{\"@id\":\"https:\/\/fisheries.groupcls.com\/fr\/#organization\"},\"potentialAction\":[{\"@type\":\"SearchAction\",\"target\":{\"@type\":\"EntryPoint\",\"urlTemplate\":\"https:\/\/fisheries.groupcls.com\/fr\/?s={search_term_string}\"},\"query-input\":{\"@type\":\"PropertyValueSpecification\",\"valueRequired\":true,\"valueName\":\"search_term_string\"}}],\"inLanguage\":\"fr-FR\"},{\"@type\":\"Organization\",\"@id\":\"https:\/\/fisheries.groupcls.com\/fr\/#organization\",\"name\":\"CLS\",\"url\":\"https:\/\/fisheries.groupcls.com\/fr\/\",\"logo\":{\"@type\":\"ImageObject\",\"inLanguage\":\"fr-FR\",\"@id\":\"https:\/\/fisheries.groupcls.com\/fr\/#\/schema\/logo\/image\/\",\"url\":\"https:\/\/fisheries.groupcls.com\/wp-content\/uploads\/2016\/04\/logo-cls.png\",\"contentUrl\":\"https:\/\/fisheries.groupcls.com\/wp-content\/uploads\/2016\/04\/logo-cls.png\",\"width\":107,\"height\":90,\"caption\":\"CLS\"},\"image\":{\"@id\":\"https:\/\/fisheries.groupcls.com\/fr\/#\/schema\/logo\/image\/\"}}]}<\/script>\n<!-- \/ Yoast SEO plugin. -->","yoast_head_json":{"title":"VMS, syst\u00e8me de surveillance des navires par satellite - CLS Fisheries","description":"Les syst\u00e8mes de surveillance des navires par satellite (VMS) accompagnent les p\u00eacheurs pour g\u00e9rer et contr\u00f4ler leurs p\u00eaches.","robots":{"index":"index","follow":"follow","max-snippet":"max-snippet:-1","max-image-preview":"max-image-preview:large","max-video-preview":"max-video-preview:-1"},"canonical":"https:\/\/fisheries.groupcls.com\/fr\/pecheurs\/vms\/","og_locale":"fr_FR","og_type":"article","og_title":"VMS, syst\u00e8me de surveillance des navires par satellite - CLS Fisheries","og_description":"Les syst\u00e8mes de surveillance des navires par satellite (VMS) accompagnent les p\u00eacheurs pour g\u00e9rer et contr\u00f4ler leurs p\u00eaches.","og_url":"https:\/\/fisheries.groupcls.com\/fr\/pecheurs\/vms\/","og_site_name":"CLS Fisheries","article_modified_time":"2026-01-27T16:46:53+00:00","og_image":[{"width":4746,"height":2218,"url":"https:\/\/fisheries.groupcls.com\/wp-content\/uploads\/2019\/07\/fishing-boats.jpg","type":"image\/jpeg"}],"twitter_card":"summary_large_image","twitter_misc":{"Dur\u00e9e de lecture estim\u00e9e":"2 minutes"},"schema":{"@context":"https:\/\/schema.org","@graph":[{"@type":["WebPage","ItemPage"],"@id":"https:\/\/fisheries.groupcls.com\/fr\/pecheurs\/vms\/","url":"https:\/\/fisheries.groupcls.com\/fr\/pecheurs\/vms\/","name":"VMS, syst\u00e8me de surveillance des navires par satellite - CLS Fisheries","isPartOf":{"@id":"https:\/\/fisheries.groupcls.com\/fr\/#website"},"primaryImageOfPage":{"@id":"https:\/\/fisheries.groupcls.com\/fr\/pecheurs\/vms\/#primaryimage"},"image":{"@id":"https:\/\/fisheries.groupcls.com\/fr\/pecheurs\/vms\/#primaryimage"},"thumbnailUrl":"https:\/\/fisheries.groupcls.com\/wp-content\/uploads\/2019\/07\/fishing-boats.jpg","datePublished":"2017-08-03T14:09:05+00:00","dateModified":"2026-01-27T16:46:53+00:00","description":"Les syst\u00e8mes de surveillance des navires par satellite (VMS) accompagnent les p\u00eacheurs pour g\u00e9rer et contr\u00f4ler leurs p\u00eaches.","breadcrumb":{"@id":"https:\/\/fisheries.groupcls.com\/fr\/pecheurs\/vms\/#breadcrumb"},"inLanguage":"fr-FR","potentialAction":[{"@type":"ReadAction","target":["https:\/\/fisheries.groupcls.com\/fr\/pecheurs\/vms\/"]}]},{"@type":"ImageObject","inLanguage":"fr-FR","@id":"https:\/\/fisheries.groupcls.com\/fr\/pecheurs\/vms\/#primaryimage","url":"https:\/\/fisheries.groupcls.com\/wp-content\/uploads\/2019\/07\/fishing-boats.jpg","contentUrl":"https:\/\/fisheries.groupcls.com\/wp-content\/uploads\/2019\/07\/fishing-boats.jpg","width":4746,"height":2218,"caption":"bateaux de p\u00eache"},{"@type":"BreadcrumbList","@id":"https:\/\/fisheries.groupcls.com\/fr\/pecheurs\/vms\/#breadcrumb","itemListElement":[{"@type":"ListItem","position":1,"name":"Accueil","item":"https:\/\/fisheries.groupcls.com\/fr\/"},{"@type":"ListItem","position":2,"name":"P\u00eacheurs","item":"https:\/\/fisheries.groupcls.com\/fr\/pecheurs\/"},{"@type":"ListItem","position":3,"name":"Surveillance des navires par satellite : VMS"}]},{"@type":"WebSite","@id":"https:\/\/fisheries.groupcls.com\/fr\/#website","url":"https:\/\/fisheries.groupcls.com\/fr\/","name":"CLS Fisheries","description":"CLS est cetifi\u00e9 par les grands organismes internationaux \u00e0 travers le monde et travaille d\u00e9j\u00e0 avec des milliers de navires de p\u00eache dans le monde entier.","publisher":{"@id":"https:\/\/fisheries.groupcls.com\/fr\/#organization"},"potentialAction":[{"@type":"SearchAction","target":{"@type":"EntryPoint","urlTemplate":"https:\/\/fisheries.groupcls.com\/fr\/?s={search_term_string}"},"query-input":{"@type":"PropertyValueSpecification","valueRequired":true,"valueName":"search_term_string"}}],"inLanguage":"fr-FR"},{"@type":"Organization","@id":"https:\/\/fisheries.groupcls.com\/fr\/#organization","name":"CLS","url":"https:\/\/fisheries.groupcls.com\/fr\/","logo":{"@type":"ImageObject","inLanguage":"fr-FR","@id":"https:\/\/fisheries.groupcls.com\/fr\/#\/schema\/logo\/image\/","url":"https:\/\/fisheries.groupcls.com\/wp-content\/uploads\/2016\/04\/logo-cls.png","contentUrl":"https:\/\/fisheries.groupcls.com\/wp-content\/uploads\/2016\/04\/logo-cls.png","width":107,"height":90,"caption":"CLS"},"image":{"@id":"https:\/\/fisheries.groupcls.com\/fr\/#\/schema\/logo\/image\/"}}]}},"_links":{"self":[{"href":"https:\/\/fisheries.groupcls.com\/fr\/wp-json\/wp\/v2\/pages\/5266","targetHints":{"allow":["GET"]}}],"collection":[{"href":"https:\/\/fisheries.groupcls.com\/fr\/wp-json\/wp\/v2\/pages"}],"about":[{"href":"https:\/\/fisheries.groupcls.com\/fr\/wp-json\/wp\/v2\/types\/page"}],"author":[{"embeddable":true,"href":"https:\/\/fisheries.groupcls.com\/fr\/wp-json\/wp\/v2\/users\/11"}],"replies":[{"embeddable":true,"href":"https:\/\/fisheries.groupcls.com\/fr\/wp-json\/wp\/v2\/comments?post=5266"}],"version-history":[{"count":26,"href":"https:\/\/fisheries.groupcls.com\/fr\/wp-json\/wp\/v2\/pages\/5266\/revisions"}],"predecessor-version":[{"id":10629,"href":"https:\/\/fisheries.groupcls.com\/fr\/wp-json\/wp\/v2\/pages\/5266\/revisions\/10629"}],"up":[{"embeddable":true,"href":"https:\/\/fisheries.groupcls.com\/fr\/wp-json\/wp\/v2\/pages\/5256"}],"wp:featuredmedia":[{"embeddable":true,"href":"https:\/\/fisheries.groupcls.com\/fr\/wp-json\/wp\/v2\/media\/7261"}],"wp:attachment":[{"href":"https:\/\/fisheries.groupcls.com\/fr\/wp-json\/wp\/v2\/media?parent=5266"}],"curies":[{"name":"wp","href":"https:\/\/api.w.org\/{rel}","templated":true}]}}