{"id":5260,"date":"2017-08-04T10:16:57","date_gmt":"2017-08-04T08:16:57","guid":{"rendered":"https:\/\/fisheries.groupcls.com\/?page_id=5260\/"},"modified":"2026-01-27T17:45:43","modified_gmt":"2026-01-27T16:45:43","slug":"autres-produits","status":"publish","type":"page","link":"https:\/\/fisheries.groupcls.com\/fr\/pecheurs\/autres-produits\/","title":{"rendered":"Communication satellitaire"},"content":{"rendered":"<div class=\"wpb-content-wrapper\"><p>[vc_row 0=\u00a0\u00bb\u00a0\u00bb][vc_column width=\u00a0\u00bb2\/3&Prime;][vc_column_text]<\/p>\n<p style=\"text-align: justify;\">CLS fournit diff\u00e9rents <strong>moyens de communication d\u00e9di\u00e9s aux r\u00e9gions recul\u00e9es et aux condition extr\u00eames<\/strong>. La s\u00e9curit\u00e9 du personnel en mer est notre priorit\u00e9, c\u2019est pourquoi CLS fournit des outils con\u00e7us pour la haute mer qui <strong>garantissent une communication \u00e0 terre o\u00f9 qu\u2019ils soient<\/strong>. CLS garantit <a href=\"https:\/\/fisheries.groupcls.com\/fr\/systeme-collecte-donnees\/\">une transmission s\u00e9curis\u00e9e des donn\u00e9es<\/a>.<\/p>\n<p>[\/vc_column_text][vc_btn title=\u00a0\u00bbNous contacter\u00a0\u00bb color=\u00a0\u00bbprimary\u00a0\u00bb align=\u00a0\u00bbcenter\u00a0\u00bb link=\u00a0\u00bburl:https%3A%2F%2Ffisheries.groupcls.com%2Ffr%2Fcontact%2F|title:Contact\u00a0\u00bb][\/vc_column][vc_column width=\u00a0\u00bb1\/3&Prime;][vc_single_image image=\u00a0\u00bb10305&Prime; img_size=\u00a0\u00bbfull\u00a0\u00bb alignment=\u00a0\u00bbcenter\u00a0\u00bb][\/vc_column][\/vc_row][vc_row][vc_column][vc_tta_tabs][vc_tta_section title=\u00a0\u00bbProduit Iridium\u00a0\u00bb tab_id=\u00a0\u00bbProduit-Iridium\u00a0\u00bb][stm_projects_grid category=\u00a0\u00bbiridiumproducts-fr\u00a0\u00bb projects_per_row=\u00a0\u00bb4&Prime;][\/vc_tta_section][\/vc_tta_tabs][\/vc_column][\/vc_row]<\/p>\n<\/div>","protected":false},"excerpt":{"rendered":"<p>[vc_row 0=\u00a0\u00bb\u00a0\u00bb][vc_column width=\u00a0\u00bb2\/3&Prime;][vc_column_text] CLS fournit diff\u00e9rents moyens de communication d\u00e9di\u00e9s aux r\u00e9gions recul\u00e9es et aux condition extr\u00eames. La s\u00e9curit\u00e9 du personnel en mer est notre priorit\u00e9, c\u2019est pourquoi CLS fournit des outils con\u00e7us pour la haute mer qui garantissent une communication \u00e0 terre o\u00f9 qu\u2019ils soient. CLS garantit une transmission s\u00e9curis\u00e9e des donn\u00e9es. [\/vc_column_text][vc_btn title=\u00a0\u00bbNous<\/p>\n","protected":false},"author":11,"featured_media":10305,"parent":5256,"menu_order":45,"comment_status":"closed","ping_status":"closed","template":"","meta":{"footnotes":""},"class_list":["post-5260","page","type-page","status-publish","has-post-thumbnail","hentry"],"yoast_head":"<!-- This site is optimized with the Yoast SEO plugin v27.2 - https:\/\/yoast.com\/product\/yoast-seo-wordpress\/ -->\n<title>Communication satellitaire pour g\u00e9rer les p\u00eaches - CLS Fisheries<\/title>\n<meta name=\"description\" content=\"CLS propose des outils con\u00e7us pour accompagner les p\u00eacheurs pour la haute mer qui garantissent une communication \u00e0 terre o\u00f9 qu\u2019ils soient\" \/>\n<meta name=\"robots\" content=\"index, follow, max-snippet:-1, max-image-preview:large, max-video-preview:-1\" \/>\n<link rel=\"canonical\" href=\"https:\/\/fisheries.groupcls.com\/fr\/pecheurs\/autres-produits\/\" \/>\n<meta property=\"og:locale\" content=\"fr_FR\" \/>\n<meta property=\"og:type\" content=\"article\" \/>\n<meta property=\"og:title\" content=\"Communication satellitaire pour g\u00e9rer les p\u00eaches - CLS Fisheries\" \/>\n<meta property=\"og:description\" content=\"CLS propose des outils con\u00e7us pour accompagner les p\u00eacheurs pour la haute mer qui garantissent une communication \u00e0 terre o\u00f9 qu\u2019ils soient\" \/>\n<meta property=\"og:url\" content=\"https:\/\/fisheries.groupcls.com\/fr\/pecheurs\/autres-produits\/\" \/>\n<meta property=\"og:site_name\" content=\"CLS Fisheries\" \/>\n<meta property=\"article:modified_time\" content=\"2026-01-27T16:45:43+00:00\" \/>\n<meta property=\"og:image\" content=\"https:\/\/fisheries.groupcls.com\/wp-content\/uploads\/2021\/02\/satellite-communication.jpg\" \/>\n\t<meta property=\"og:image:width\" content=\"600\" \/>\n\t<meta property=\"og:image:height\" content=\"446\" \/>\n\t<meta property=\"og:image:type\" content=\"image\/jpeg\" \/>\n<meta name=\"twitter:card\" content=\"summary_large_image\" \/>\n<meta name=\"twitter:label1\" content=\"Dur\u00e9e de lecture estim\u00e9e\" \/>\n\t<meta name=\"twitter:data1\" content=\"1 minute\" \/>\n<script type=\"application\/ld+json\" class=\"yoast-schema-graph\">{\"@context\":\"https:\/\/schema.org\",\"@graph\":[{\"@type\":[\"WebPage\",\"ItemPage\"],\"@id\":\"https:\/\/fisheries.groupcls.com\/fr\/pecheurs\/autres-produits\/\",\"url\":\"https:\/\/fisheries.groupcls.com\/fr\/pecheurs\/autres-produits\/\",\"name\":\"Communication satellitaire pour g\u00e9rer les p\u00eaches - CLS Fisheries\",\"isPartOf\":{\"@id\":\"https:\/\/fisheries.groupcls.com\/fr\/#website\"},\"primaryImageOfPage\":{\"@id\":\"https:\/\/fisheries.groupcls.com\/fr\/pecheurs\/autres-produits\/#primaryimage\"},\"image\":{\"@id\":\"https:\/\/fisheries.groupcls.com\/fr\/pecheurs\/autres-produits\/#primaryimage\"},\"thumbnailUrl\":\"https:\/\/fisheries.groupcls.com\/wp-content\/uploads\/2021\/02\/satellite-communication.jpg\",\"datePublished\":\"2017-08-04T08:16:57+00:00\",\"dateModified\":\"2026-01-27T16:45:43+00:00\",\"description\":\"CLS propose des outils con\u00e7us pour accompagner les p\u00eacheurs pour la haute mer qui garantissent une communication \u00e0 terre o\u00f9 qu\u2019ils soient\",\"breadcrumb\":{\"@id\":\"https:\/\/fisheries.groupcls.com\/fr\/pecheurs\/autres-produits\/#breadcrumb\"},\"inLanguage\":\"fr-FR\",\"potentialAction\":[{\"@type\":\"ReadAction\",\"target\":[\"https:\/\/fisheries.groupcls.com\/fr\/pecheurs\/autres-produits\/\"]}]},{\"@type\":\"ImageObject\",\"inLanguage\":\"fr-FR\",\"@id\":\"https:\/\/fisheries.groupcls.com\/fr\/pecheurs\/autres-produits\/#primaryimage\",\"url\":\"https:\/\/fisheries.groupcls.com\/wp-content\/uploads\/2021\/02\/satellite-communication.jpg\",\"contentUrl\":\"https:\/\/fisheries.groupcls.com\/wp-content\/uploads\/2021\/02\/satellite-communication.jpg\",\"width\":600,\"height\":446,\"caption\":\"communication satellite\"},{\"@type\":\"BreadcrumbList\",\"@id\":\"https:\/\/fisheries.groupcls.com\/fr\/pecheurs\/autres-produits\/#breadcrumb\",\"itemListElement\":[{\"@type\":\"ListItem\",\"position\":1,\"name\":\"Accueil\",\"item\":\"https:\/\/fisheries.groupcls.com\/fr\/\"},{\"@type\":\"ListItem\",\"position\":2,\"name\":\"P\u00eacheurs\",\"item\":\"https:\/\/fisheries.groupcls.com\/fr\/pecheurs\/\"},{\"@type\":\"ListItem\",\"position\":3,\"name\":\"Communication satellitaire\"}]},{\"@type\":\"WebSite\",\"@id\":\"https:\/\/fisheries.groupcls.com\/fr\/#website\",\"url\":\"https:\/\/fisheries.groupcls.com\/fr\/\",\"name\":\"CLS Fisheries\",\"description\":\"CLS est cetifi\u00e9 par les grands organismes internationaux \u00e0 travers le monde et travaille d\u00e9j\u00e0 avec des milliers de navires de p\u00eache dans le monde entier.\",\"publisher\":{\"@id\":\"https:\/\/fisheries.groupcls.com\/fr\/#organization\"},\"potentialAction\":[{\"@type\":\"SearchAction\",\"target\":{\"@type\":\"EntryPoint\",\"urlTemplate\":\"https:\/\/fisheries.groupcls.com\/fr\/?s={search_term_string}\"},\"query-input\":{\"@type\":\"PropertyValueSpecification\",\"valueRequired\":true,\"valueName\":\"search_term_string\"}}],\"inLanguage\":\"fr-FR\"},{\"@type\":\"Organization\",\"@id\":\"https:\/\/fisheries.groupcls.com\/fr\/#organization\",\"name\":\"CLS\",\"url\":\"https:\/\/fisheries.groupcls.com\/fr\/\",\"logo\":{\"@type\":\"ImageObject\",\"inLanguage\":\"fr-FR\",\"@id\":\"https:\/\/fisheries.groupcls.com\/fr\/#\/schema\/logo\/image\/\",\"url\":\"https:\/\/fisheries.groupcls.com\/wp-content\/uploads\/2016\/04\/logo-cls.png\",\"contentUrl\":\"https:\/\/fisheries.groupcls.com\/wp-content\/uploads\/2016\/04\/logo-cls.png\",\"width\":107,\"height\":90,\"caption\":\"CLS\"},\"image\":{\"@id\":\"https:\/\/fisheries.groupcls.com\/fr\/#\/schema\/logo\/image\/\"}}]}<\/script>\n<!-- \/ Yoast SEO plugin. -->","yoast_head_json":{"title":"Communication satellitaire pour g\u00e9rer les p\u00eaches - CLS Fisheries","description":"CLS propose des outils con\u00e7us pour accompagner les p\u00eacheurs pour la haute mer qui garantissent une communication \u00e0 terre o\u00f9 qu\u2019ils soient","robots":{"index":"index","follow":"follow","max-snippet":"max-snippet:-1","max-image-preview":"max-image-preview:large","max-video-preview":"max-video-preview:-1"},"canonical":"https:\/\/fisheries.groupcls.com\/fr\/pecheurs\/autres-produits\/","og_locale":"fr_FR","og_type":"article","og_title":"Communication satellitaire pour g\u00e9rer les p\u00eaches - CLS Fisheries","og_description":"CLS propose des outils con\u00e7us pour accompagner les p\u00eacheurs pour la haute mer qui garantissent une communication \u00e0 terre o\u00f9 qu\u2019ils soient","og_url":"https:\/\/fisheries.groupcls.com\/fr\/pecheurs\/autres-produits\/","og_site_name":"CLS Fisheries","article_modified_time":"2026-01-27T16:45:43+00:00","og_image":[{"width":600,"height":446,"url":"https:\/\/fisheries.groupcls.com\/wp-content\/uploads\/2021\/02\/satellite-communication.jpg","type":"image\/jpeg"}],"twitter_card":"summary_large_image","twitter_misc":{"Dur\u00e9e de lecture estim\u00e9e":"1 minute"},"schema":{"@context":"https:\/\/schema.org","@graph":[{"@type":["WebPage","ItemPage"],"@id":"https:\/\/fisheries.groupcls.com\/fr\/pecheurs\/autres-produits\/","url":"https:\/\/fisheries.groupcls.com\/fr\/pecheurs\/autres-produits\/","name":"Communication satellitaire pour g\u00e9rer les p\u00eaches - CLS Fisheries","isPartOf":{"@id":"https:\/\/fisheries.groupcls.com\/fr\/#website"},"primaryImageOfPage":{"@id":"https:\/\/fisheries.groupcls.com\/fr\/pecheurs\/autres-produits\/#primaryimage"},"image":{"@id":"https:\/\/fisheries.groupcls.com\/fr\/pecheurs\/autres-produits\/#primaryimage"},"thumbnailUrl":"https:\/\/fisheries.groupcls.com\/wp-content\/uploads\/2021\/02\/satellite-communication.jpg","datePublished":"2017-08-04T08:16:57+00:00","dateModified":"2026-01-27T16:45:43+00:00","description":"CLS propose des outils con\u00e7us pour accompagner les p\u00eacheurs pour la haute mer qui garantissent une communication \u00e0 terre o\u00f9 qu\u2019ils soient","breadcrumb":{"@id":"https:\/\/fisheries.groupcls.com\/fr\/pecheurs\/autres-produits\/#breadcrumb"},"inLanguage":"fr-FR","potentialAction":[{"@type":"ReadAction","target":["https:\/\/fisheries.groupcls.com\/fr\/pecheurs\/autres-produits\/"]}]},{"@type":"ImageObject","inLanguage":"fr-FR","@id":"https:\/\/fisheries.groupcls.com\/fr\/pecheurs\/autres-produits\/#primaryimage","url":"https:\/\/fisheries.groupcls.com\/wp-content\/uploads\/2021\/02\/satellite-communication.jpg","contentUrl":"https:\/\/fisheries.groupcls.com\/wp-content\/uploads\/2021\/02\/satellite-communication.jpg","width":600,"height":446,"caption":"communication satellite"},{"@type":"BreadcrumbList","@id":"https:\/\/fisheries.groupcls.com\/fr\/pecheurs\/autres-produits\/#breadcrumb","itemListElement":[{"@type":"ListItem","position":1,"name":"Accueil","item":"https:\/\/fisheries.groupcls.com\/fr\/"},{"@type":"ListItem","position":2,"name":"P\u00eacheurs","item":"https:\/\/fisheries.groupcls.com\/fr\/pecheurs\/"},{"@type":"ListItem","position":3,"name":"Communication satellitaire"}]},{"@type":"WebSite","@id":"https:\/\/fisheries.groupcls.com\/fr\/#website","url":"https:\/\/fisheries.groupcls.com\/fr\/","name":"CLS Fisheries","description":"CLS est cetifi\u00e9 par les grands organismes internationaux \u00e0 travers le monde et travaille d\u00e9j\u00e0 avec des milliers de navires de p\u00eache dans le monde entier.","publisher":{"@id":"https:\/\/fisheries.groupcls.com\/fr\/#organization"},"potentialAction":[{"@type":"SearchAction","target":{"@type":"EntryPoint","urlTemplate":"https:\/\/fisheries.groupcls.com\/fr\/?s={search_term_string}"},"query-input":{"@type":"PropertyValueSpecification","valueRequired":true,"valueName":"search_term_string"}}],"inLanguage":"fr-FR"},{"@type":"Organization","@id":"https:\/\/fisheries.groupcls.com\/fr\/#organization","name":"CLS","url":"https:\/\/fisheries.groupcls.com\/fr\/","logo":{"@type":"ImageObject","inLanguage":"fr-FR","@id":"https:\/\/fisheries.groupcls.com\/fr\/#\/schema\/logo\/image\/","url":"https:\/\/fisheries.groupcls.com\/wp-content\/uploads\/2016\/04\/logo-cls.png","contentUrl":"https:\/\/fisheries.groupcls.com\/wp-content\/uploads\/2016\/04\/logo-cls.png","width":107,"height":90,"caption":"CLS"},"image":{"@id":"https:\/\/fisheries.groupcls.com\/fr\/#\/schema\/logo\/image\/"}}]}},"_links":{"self":[{"href":"https:\/\/fisheries.groupcls.com\/fr\/wp-json\/wp\/v2\/pages\/5260","targetHints":{"allow":["GET"]}}],"collection":[{"href":"https:\/\/fisheries.groupcls.com\/fr\/wp-json\/wp\/v2\/pages"}],"about":[{"href":"https:\/\/fisheries.groupcls.com\/fr\/wp-json\/wp\/v2\/types\/page"}],"author":[{"embeddable":true,"href":"https:\/\/fisheries.groupcls.com\/fr\/wp-json\/wp\/v2\/users\/11"}],"replies":[{"embeddable":true,"href":"https:\/\/fisheries.groupcls.com\/fr\/wp-json\/wp\/v2\/comments?post=5260"}],"version-history":[{"count":8,"href":"https:\/\/fisheries.groupcls.com\/fr\/wp-json\/wp\/v2\/pages\/5260\/revisions"}],"predecessor-version":[{"id":13919,"href":"https:\/\/fisheries.groupcls.com\/fr\/wp-json\/wp\/v2\/pages\/5260\/revisions\/13919"}],"up":[{"embeddable":true,"href":"https:\/\/fisheries.groupcls.com\/fr\/wp-json\/wp\/v2\/pages\/5256"}],"wp:featuredmedia":[{"embeddable":true,"href":"https:\/\/fisheries.groupcls.com\/fr\/wp-json\/wp\/v2\/media\/10305"}],"wp:attachment":[{"href":"https:\/\/fisheries.groupcls.com\/fr\/wp-json\/wp\/v2\/media?parent=5260"}],"curies":[{"name":"wp","href":"https:\/\/api.w.org\/{rel}","templated":true}]}}