{"id":5256,"date":"2017-08-03T15:25:14","date_gmt":"2017-08-03T13:25:14","guid":{"rendered":"https:\/\/fisheries.groupcls.com\/?page_id=5256\/"},"modified":"2026-01-29T16:50:48","modified_gmt":"2026-01-29T15:50:48","slug":"pecheurs","status":"publish","type":"page","link":"https:\/\/fisheries.groupcls.com\/fr\/pecheurs\/","title":{"rendered":"P\u00eacheurs"},"content":{"rendered":"<div class=\"wpb-content-wrapper\"><p>[vc_row css=\u00a0\u00bb.vc_custom_1593608726879{margin-top: 30px !important;margin-bottom: 20px !important;}\u00a0\u00bb][vc_column][vc_row_inner equal_height=\u00a0\u00bbyes\u00a0\u00bb][vc_column_inner width=\u00a0\u00bb1\/3&Prime; css=\u00a0\u00bb.vc_custom_1593609199260{margin-right: 10px !important;padding-top: 30px !important;padding-right: 30px !important;padding-bottom: 30px !important;padding-left: 30px !important;background-image: url(https:\/\/fisheries.groupcls.com\/wp-content\/uploads\/2020\/05\/slider-latam-harbor.jpg?id=9356) !important;border-radius: 5px !important;}\u00a0\u00bb][vc_custom_heading text=\u00a0\u00bbVMS\u00a0\u00bb font_container=\u00a0\u00bbtag:h2|text_align:left|color:%23ffffff\u00a0\u00bb google_fonts=\u00a0\u00bbfont_family:Montserrat%3Aregular%2C700|font_style:700%20bold%20regular%3A700%3Anormal\u00a0\u00bb link=\u00a0\u00bburl:https%3A%2F%2Ffisheries.cls.fr%2Ffr%2Fpecheurs%2Fvms%2F|||\u00a0\u00bb][vc_column_text]<span style=\"color: #fff;\">Des services complets et sur-mesure de surveillance des navires de p\u00eache pour les p\u00eacheurs et les administrations des p\u00eaches.<\/span>[\/vc_column_text][vc_btn title=\u00a0\u00bbEn savoir plus\u00a0\u00bb color=\u00a0\u00bbpeacoc\u00a0\u00bb align=\u00a0\u00bbright\u00a0\u00bb link=\u00a0\u00bburl:https%3A%2F%2Ffisheries.cls.fr%2Ffr%2Fpecheurs%2Fvms%2F|||\u00a0\u00bb][\/vc_column_inner][vc_column_inner width=\u00a0\u00bb1\/3&Prime; css=\u00a0\u00bb.vc_custom_1614607300096{margin-left: 10px !important;padding-top: 30px !important;padding-right: 30px !important;padding-bottom: 30px !important;padding-left: 30px !important;background-image: url(https:\/\/fisheries.groupcls.com\/wp-content\/uploads\/2015\/05\/fish_in_box.jpg?id=6901) !important;border-radius: 5px !important;}\u00a0\u00bb][vc_custom_heading text=\u00a0\u00bbJournal de bord \u00e9lectronique (JBE) &#8211; ERS\u00a0\u00bb font_container=\u00a0\u00bbtag:h2|text_align:left|color:%23ffffff\u00a0\u00bb google_fonts=\u00a0\u00bbfont_family:Montserrat%3Aregular%2C700|font_style:700%20bold%20regular%3A700%3Anormal\u00a0\u00bb link=\u00a0\u00bburl:https%3A%2F%2Ffisheries.groupcls.com%2Ffr%2Fpecheurs%2Fers%2F|||\u00a0\u00bb][vc_column_text]<span style=\"color: #fff;\">Des outils ERS pour surveiller en temps r\u00e9el des navires, combinant des \u00e9quipements embarqu\u00e9s et \u00e0 bord pour vous fournir des donn\u00e9es fiables et pr\u00e9cises<\/span>[\/vc_column_text][vc_btn title=\u00a0\u00bbEn savoir plus\u00a0\u00bb color=\u00a0\u00bbpeacoc\u00a0\u00bb align=\u00a0\u00bbright\u00a0\u00bb link=\u00a0\u00bburl:https%3A%2F%2Ffisheries.groupcls.com%2Ffr%2Fpecheurs%2Fers%2F|||\u00a0\u00bb][\/vc_column_inner][vc_column_inner width=\u00a0\u00bb1\/3&Prime; css=\u00a0\u00bb.vc_custom_1769701749913{margin-right: 10px !important;margin-left: 10px !important;padding-top: 30px !important;padding-right: 30px !important;padding-bottom: 30px !important;padding-left: 30px !important;background-image: url(https:\/\/fisheries.groupcls.com\/wp-content\/uploads\/2020\/03\/FISH-515-ko-e1589368703290.jpg?id=8814) !important;border-radius: 5px !important;}\u00a0\u00bb][vc_custom_heading text=\u00a0\u00bbCATSAT : L\u2019intelligence oc\u00e9anique pour une p\u00eache performante\u00a0\u00bb font_container=\u00a0\u00bbtag:h2|text_align:left|color:%23ffffff\u00a0\u00bb google_fonts=\u00a0\u00bbfont_family:Montserrat%3Aregular%2C700|font_style:700%20bold%20regular%3A700%3Anormal\u00a0\u00bb css=\u00a0\u00bb\u00a0\u00bb link=\u00a0\u00bburl:https%3A%2F%2Ffisheries.groupcls.com%2Ffr%2Fpecheurs%2Fcatsat-intelligence-oceanographique%2F|title:CATSAT%20%3A%20L%E2%80%99intelligence%20oc%C3%A9anique%20pour%20une%20p%C3%AAche%20performante\u00a0\u00bb][vc_btn title=\u00a0\u00bbEn savoir plus\u00a0\u00bb color=\u00a0\u00bbpeacoc\u00a0\u00bb align=\u00a0\u00bbright\u00a0\u00bb css=\u00a0\u00bb\u00a0\u00bb link=\u00a0\u00bburl:https%3A%2F%2Ffisheries.groupcls.com%2Ffr%2Fpecheurs%2Fcatsat-intelligence-oceanographique%2F|title:CATSAT%20%3A%20L%E2%80%99intelligence%20oc%C3%A9anique%20pour%20une%20p%C3%AAche%20performante\u00a0\u00bb][\/vc_column_inner][\/vc_row_inner][\/vc_column][\/vc_row][vc_row css=\u00a0\u00bb.vc_custom_1593609147780{margin-bottom: 20px !important;}\u00a0\u00bb][vc_column][vc_row_inner equal_height=\u00a0\u00bbyes\u00a0\u00bb][vc_column_inner width=\u00a0\u00bb1\/2&Prime; css=\u00a0\u00bb.vc_custom_1593609060821{margin-right: 10px !important;padding-top: 30px !important;padding-right: 30px !important;padding-bottom: 30px !important;padding-left: 30px !important;background-image: url(https:\/\/fisheries.groupcls.com\/wp-content\/uploads\/2019\/07\/constellation-kineis_large.png?id=7263) !important;border-radius: 5px !important;}\u00a0\u00bb][vc_custom_heading text=\u00a0\u00bbASTREE ANALYTICS\u00a0\u00bb font_container=\u00a0\u00bbtag:h2|text_align:left|color:%23ffffff\u00a0\u00bb google_fonts=\u00a0\u00bbfont_family:Montserrat%3Aregular%2C700|font_style:700%20bold%20regular%3A700%3Anormal\u00a0\u00bb css=\u00a0\u00bb\u00a0\u00bb link=\u00a0\u00bburl:https%3A%2F%2Ffisheries.groupcls.com%2Ffr%2Fpecheurs%2Fastree-analytics%2F|title:ASTREE%20ANALYTICS%20%3A%20Transformer%20les%20donn%C3%A9es%20de%20p%C3%AAche%20en%20d%C3%A9cisions%20op%C3%A9rationnelles\u00a0\u00bb][vc_btn title=\u00a0\u00bbEn savoir plus\u00a0\u00bb color=\u00a0\u00bbpeacoc\u00a0\u00bb align=\u00a0\u00bbright\u00a0\u00bb css=\u00a0\u00bb\u00a0\u00bb link=\u00a0\u00bburl:https%3A%2F%2Ffisheries.groupcls.com%2Ffr%2Fpecheurs%2Fastree-analytics%2F|title:ASTREE%20ANALYTICS%20%3A%20Transformer%20les%20donn%C3%A9es%20de%20p%C3%AAche%20en%20d%C3%A9cisions%20op%C3%A9rationnelles\u00a0\u00bb][\/vc_column_inner][vc_column_inner width=\u00a0\u00bb1\/2&Prime; css=\u00a0\u00bb.vc_custom_1593609129973{margin-left: 10px !important;padding-top: 30px !important;padding-right: 30px !important;padding-bottom: 30px !important;padding-left: 30px !important;background-image: url(https:\/\/fisheries.groupcls.com\/wp-content\/uploads\/2019\/09\/Big-Data-1.jpg?id=7471) !important;border-radius: 5px !important;}\u00a0\u00bb][vc_custom_heading text=\u00a0\u00bbCommunication satellitaire\u00a0\u00bb font_container=\u00a0\u00bbtag:h2|text_align:left|color:%23ffffff\u00a0\u00bb google_fonts=\u00a0\u00bbfont_family:Montserrat%3Aregular%2C700|font_style:700%20bold%20regular%3A700%3Anormal\u00a0\u00bb link=\u00a0\u00bburl:https%3A%2F%2Ffisheries.groupcls.com%2Ffr%2Fpecheurs%2Fautres-produits%2F|||\u00a0\u00bb][vc_btn title=\u00a0\u00bbEn savoir plus\u00a0\u00bb color=\u00a0\u00bbpeacoc\u00a0\u00bb align=\u00a0\u00bbright\u00a0\u00bb link=\u00a0\u00bburl:https%3A%2F%2Ffisheries.groupcls.com%2Ffr%2Fpecheurs%2Fautres-produits%2F|||\u00a0\u00bb][\/vc_column_inner][\/vc_row_inner][\/vc_column][\/vc_row]<\/p>\n<\/div>","protected":false},"excerpt":{"rendered":"<p>[vc_row css=\u00a0\u00bb.vc_custom_1593608726879{margin-top: 30px !important;margin-bottom: 20px !important;}\u00a0\u00bb][vc_column][vc_row_inner equal_height=\u00a0\u00bbyes\u00a0\u00bb][vc_column_inner width=\u00a0\u00bb1\/3&Prime; css=\u00a0\u00bb.vc_custom_1593609199260{margin-right: 10px !important;padding-top: 30px !important;padding-right: 30px !important;padding-bottom: 30px !important;padding-left: 30px !important;background-image: url(https:\/\/fisheries.groupcls.com\/wp-content\/uploads\/2020\/05\/slider-latam-harbor.jpg?id=9356) !important;border-radius: 5px !important;}\u00a0\u00bb][vc_custom_heading text=\u00a0\u00bbVMS\u00a0\u00bb font_container=\u00a0\u00bbtag:h2|text_align:left|color:%23ffffff\u00a0\u00bb google_fonts=\u00a0\u00bbfont_family:Montserrat%3Aregular%2C700|font_style:700%20bold%20regular%3A700%3Anormal\u00a0\u00bb link=\u00a0\u00bburl:https%3A%2F%2Ffisheries.cls.fr%2Ffr%2Fpecheurs%2Fvms%2F|||\u00a0\u00bb][vc_column_text]Des services complets et sur-mesure de surveillance des navires de p\u00eache pour les p\u00eacheurs et les administrations des p\u00eaches.[\/vc_column_text][vc_btn title=\u00a0\u00bbEn savoir plus\u00a0\u00bb color=\u00a0\u00bbpeacoc\u00a0\u00bb align=\u00a0\u00bbright\u00a0\u00bb link=\u00a0\u00bburl:https%3A%2F%2Ffisheries.cls.fr%2Ffr%2Fpecheurs%2Fvms%2F|||\u00a0\u00bb][\/vc_column_inner][vc_column_inner width=\u00a0\u00bb1\/3&Prime; css=\u00a0\u00bb.vc_custom_1614607300096{margin-left: 10px !important;padding-top:<\/p>\n","protected":false},"author":11,"featured_media":7205,"parent":0,"menu_order":77,"comment_status":"closed","ping_status":"closed","template":"","meta":{"footnotes":""},"class_list":["post-5256","page","type-page","status-publish","has-post-thumbnail","hentry"],"yoast_head":"<!-- This site is optimized with the Yoast SEO plugin v27.2 - https:\/\/yoast.com\/product\/yoast-seo-wordpress\/ -->\n<title>D\u00e9couvrez nos solutions de suivi de p\u00eache pour les p\u00eacheurs - CLS<\/title>\n<meta name=\"description\" content=\"CLS propose une gamme de services \u00e0 valeur ajout\u00e9e pour les p\u00eacheurs pour faciliter la conformit\u00e9 des p\u00eaches et gagner en performance.\" \/>\n<meta name=\"robots\" content=\"index, follow, max-snippet:-1, max-image-preview:large, max-video-preview:-1\" \/>\n<link rel=\"canonical\" href=\"https:\/\/fisheries.groupcls.com\/fr\/pecheurs\/\" \/>\n<meta property=\"og:locale\" content=\"fr_FR\" \/>\n<meta property=\"og:type\" content=\"article\" \/>\n<meta property=\"og:title\" content=\"D\u00e9couvrez nos solutions de suivi de p\u00eache pour les p\u00eacheurs - CLS\" \/>\n<meta property=\"og:description\" content=\"CLS propose une gamme de services \u00e0 valeur ajout\u00e9e pour les p\u00eacheurs pour faciliter la conformit\u00e9 des p\u00eaches et gagner en performance.\" \/>\n<meta property=\"og:url\" content=\"https:\/\/fisheries.groupcls.com\/fr\/pecheurs\/\" \/>\n<meta property=\"og:site_name\" content=\"CLS Fisheries\" \/>\n<meta property=\"article:modified_time\" content=\"2026-01-29T15:50:48+00:00\" \/>\n<meta property=\"og:image\" content=\"https:\/\/fisheries.groupcls.com\/wp-content\/uploads\/2018\/11\/iStock-484167752.jpg\" \/>\n\t<meta property=\"og:image:width\" content=\"3337\" \/>\n\t<meta property=\"og:image:height\" content=\"5000\" \/>\n\t<meta property=\"og:image:type\" content=\"image\/jpeg\" \/>\n<meta name=\"twitter:card\" content=\"summary_large_image\" \/>\n<meta name=\"twitter:label1\" content=\"Dur\u00e9e de lecture estim\u00e9e\" \/>\n\t<meta name=\"twitter:data1\" content=\"2 minutes\" \/>\n<script type=\"application\/ld+json\" class=\"yoast-schema-graph\">{\"@context\":\"https:\/\/schema.org\",\"@graph\":[{\"@type\":[\"WebPage\",\"CollectionPage\"],\"@id\":\"https:\/\/fisheries.groupcls.com\/fr\/pecheurs\/\",\"url\":\"https:\/\/fisheries.groupcls.com\/fr\/pecheurs\/\",\"name\":\"D\u00e9couvrez nos solutions de suivi de p\u00eache pour les p\u00eacheurs - CLS\",\"isPartOf\":{\"@id\":\"https:\/\/fisheries.groupcls.com\/fr\/#website\"},\"primaryImageOfPage\":{\"@id\":\"https:\/\/fisheries.groupcls.com\/fr\/pecheurs\/#primaryimage\"},\"image\":{\"@id\":\"https:\/\/fisheries.groupcls.com\/fr\/pecheurs\/#primaryimage\"},\"thumbnailUrl\":\"https:\/\/fisheries.groupcls.com\/wp-content\/uploads\/2018\/11\/iStock-484167752.jpg\",\"datePublished\":\"2017-08-03T13:25:14+00:00\",\"dateModified\":\"2026-01-29T15:50:48+00:00\",\"description\":\"CLS propose une gamme de services \u00e0 valeur ajout\u00e9e pour les p\u00eacheurs pour faciliter la conformit\u00e9 des p\u00eaches et gagner en performance.\",\"breadcrumb\":{\"@id\":\"https:\/\/fisheries.groupcls.com\/fr\/pecheurs\/#breadcrumb\"},\"inLanguage\":\"fr-FR\"},{\"@type\":\"ImageObject\",\"inLanguage\":\"fr-FR\",\"@id\":\"https:\/\/fisheries.groupcls.com\/fr\/pecheurs\/#primaryimage\",\"url\":\"https:\/\/fisheries.groupcls.com\/wp-content\/uploads\/2018\/11\/iStock-484167752.jpg\",\"contentUrl\":\"https:\/\/fisheries.groupcls.com\/wp-content\/uploads\/2018\/11\/iStock-484167752.jpg\",\"width\":3337,\"height\":5000,\"caption\":\"p\u00eacheur\"},{\"@type\":\"BreadcrumbList\",\"@id\":\"https:\/\/fisheries.groupcls.com\/fr\/pecheurs\/#breadcrumb\",\"itemListElement\":[{\"@type\":\"ListItem\",\"position\":1,\"name\":\"Accueil\",\"item\":\"https:\/\/fisheries.groupcls.com\/fr\/\"},{\"@type\":\"ListItem\",\"position\":2,\"name\":\"P\u00eacheurs\"}]},{\"@type\":\"WebSite\",\"@id\":\"https:\/\/fisheries.groupcls.com\/fr\/#website\",\"url\":\"https:\/\/fisheries.groupcls.com\/fr\/\",\"name\":\"CLS Fisheries\",\"description\":\"CLS est cetifi\u00e9 par les grands organismes internationaux \u00e0 travers le monde et travaille d\u00e9j\u00e0 avec des milliers de navires de p\u00eache dans le monde entier.\",\"publisher\":{\"@id\":\"https:\/\/fisheries.groupcls.com\/fr\/#organization\"},\"potentialAction\":[{\"@type\":\"SearchAction\",\"target\":{\"@type\":\"EntryPoint\",\"urlTemplate\":\"https:\/\/fisheries.groupcls.com\/fr\/?s={search_term_string}\"},\"query-input\":{\"@type\":\"PropertyValueSpecification\",\"valueRequired\":true,\"valueName\":\"search_term_string\"}}],\"inLanguage\":\"fr-FR\"},{\"@type\":\"Organization\",\"@id\":\"https:\/\/fisheries.groupcls.com\/fr\/#organization\",\"name\":\"CLS\",\"url\":\"https:\/\/fisheries.groupcls.com\/fr\/\",\"logo\":{\"@type\":\"ImageObject\",\"inLanguage\":\"fr-FR\",\"@id\":\"https:\/\/fisheries.groupcls.com\/fr\/#\/schema\/logo\/image\/\",\"url\":\"https:\/\/fisheries.groupcls.com\/wp-content\/uploads\/2016\/04\/logo-cls.png\",\"contentUrl\":\"https:\/\/fisheries.groupcls.com\/wp-content\/uploads\/2016\/04\/logo-cls.png\",\"width\":107,\"height\":90,\"caption\":\"CLS\"},\"image\":{\"@id\":\"https:\/\/fisheries.groupcls.com\/fr\/#\/schema\/logo\/image\/\"}}]}<\/script>\n<!-- \/ Yoast SEO plugin. -->","yoast_head_json":{"title":"D\u00e9couvrez nos solutions de suivi de p\u00eache pour les p\u00eacheurs - CLS","description":"CLS propose une gamme de services \u00e0 valeur ajout\u00e9e pour les p\u00eacheurs pour faciliter la conformit\u00e9 des p\u00eaches et gagner en performance.","robots":{"index":"index","follow":"follow","max-snippet":"max-snippet:-1","max-image-preview":"max-image-preview:large","max-video-preview":"max-video-preview:-1"},"canonical":"https:\/\/fisheries.groupcls.com\/fr\/pecheurs\/","og_locale":"fr_FR","og_type":"article","og_title":"D\u00e9couvrez nos solutions de suivi de p\u00eache pour les p\u00eacheurs - CLS","og_description":"CLS propose une gamme de services \u00e0 valeur ajout\u00e9e pour les p\u00eacheurs pour faciliter la conformit\u00e9 des p\u00eaches et gagner en performance.","og_url":"https:\/\/fisheries.groupcls.com\/fr\/pecheurs\/","og_site_name":"CLS Fisheries","article_modified_time":"2026-01-29T15:50:48+00:00","og_image":[{"url":"https:\/\/fisheries.groupcls.com\/wp-content\/uploads\/2018\/11\/iStock-484167752.jpg","width":3337,"height":5000,"type":"image\/jpeg"}],"twitter_card":"summary_large_image","twitter_misc":{"Dur\u00e9e de lecture estim\u00e9e":"2 minutes"},"schema":{"@context":"https:\/\/schema.org","@graph":[{"@type":["WebPage","CollectionPage"],"@id":"https:\/\/fisheries.groupcls.com\/fr\/pecheurs\/","url":"https:\/\/fisheries.groupcls.com\/fr\/pecheurs\/","name":"D\u00e9couvrez nos solutions de suivi de p\u00eache pour les p\u00eacheurs - CLS","isPartOf":{"@id":"https:\/\/fisheries.groupcls.com\/fr\/#website"},"primaryImageOfPage":{"@id":"https:\/\/fisheries.groupcls.com\/fr\/pecheurs\/#primaryimage"},"image":{"@id":"https:\/\/fisheries.groupcls.com\/fr\/pecheurs\/#primaryimage"},"thumbnailUrl":"https:\/\/fisheries.groupcls.com\/wp-content\/uploads\/2018\/11\/iStock-484167752.jpg","datePublished":"2017-08-03T13:25:14+00:00","dateModified":"2026-01-29T15:50:48+00:00","description":"CLS propose une gamme de services \u00e0 valeur ajout\u00e9e pour les p\u00eacheurs pour faciliter la conformit\u00e9 des p\u00eaches et gagner en performance.","breadcrumb":{"@id":"https:\/\/fisheries.groupcls.com\/fr\/pecheurs\/#breadcrumb"},"inLanguage":"fr-FR"},{"@type":"ImageObject","inLanguage":"fr-FR","@id":"https:\/\/fisheries.groupcls.com\/fr\/pecheurs\/#primaryimage","url":"https:\/\/fisheries.groupcls.com\/wp-content\/uploads\/2018\/11\/iStock-484167752.jpg","contentUrl":"https:\/\/fisheries.groupcls.com\/wp-content\/uploads\/2018\/11\/iStock-484167752.jpg","width":3337,"height":5000,"caption":"p\u00eacheur"},{"@type":"BreadcrumbList","@id":"https:\/\/fisheries.groupcls.com\/fr\/pecheurs\/#breadcrumb","itemListElement":[{"@type":"ListItem","position":1,"name":"Accueil","item":"https:\/\/fisheries.groupcls.com\/fr\/"},{"@type":"ListItem","position":2,"name":"P\u00eacheurs"}]},{"@type":"WebSite","@id":"https:\/\/fisheries.groupcls.com\/fr\/#website","url":"https:\/\/fisheries.groupcls.com\/fr\/","name":"CLS Fisheries","description":"CLS est cetifi\u00e9 par les grands organismes internationaux \u00e0 travers le monde et travaille d\u00e9j\u00e0 avec des milliers de navires de p\u00eache dans le monde entier.","publisher":{"@id":"https:\/\/fisheries.groupcls.com\/fr\/#organization"},"potentialAction":[{"@type":"SearchAction","target":{"@type":"EntryPoint","urlTemplate":"https:\/\/fisheries.groupcls.com\/fr\/?s={search_term_string}"},"query-input":{"@type":"PropertyValueSpecification","valueRequired":true,"valueName":"search_term_string"}}],"inLanguage":"fr-FR"},{"@type":"Organization","@id":"https:\/\/fisheries.groupcls.com\/fr\/#organization","name":"CLS","url":"https:\/\/fisheries.groupcls.com\/fr\/","logo":{"@type":"ImageObject","inLanguage":"fr-FR","@id":"https:\/\/fisheries.groupcls.com\/fr\/#\/schema\/logo\/image\/","url":"https:\/\/fisheries.groupcls.com\/wp-content\/uploads\/2016\/04\/logo-cls.png","contentUrl":"https:\/\/fisheries.groupcls.com\/wp-content\/uploads\/2016\/04\/logo-cls.png","width":107,"height":90,"caption":"CLS"},"image":{"@id":"https:\/\/fisheries.groupcls.com\/fr\/#\/schema\/logo\/image\/"}}]}},"_links":{"self":[{"href":"https:\/\/fisheries.groupcls.com\/fr\/wp-json\/wp\/v2\/pages\/5256","targetHints":{"allow":["GET"]}}],"collection":[{"href":"https:\/\/fisheries.groupcls.com\/fr\/wp-json\/wp\/v2\/pages"}],"about":[{"href":"https:\/\/fisheries.groupcls.com\/fr\/wp-json\/wp\/v2\/types\/page"}],"author":[{"embeddable":true,"href":"https:\/\/fisheries.groupcls.com\/fr\/wp-json\/wp\/v2\/users\/11"}],"replies":[{"embeddable":true,"href":"https:\/\/fisheries.groupcls.com\/fr\/wp-json\/wp\/v2\/comments?post=5256"}],"version-history":[{"count":29,"href":"https:\/\/fisheries.groupcls.com\/fr\/wp-json\/wp\/v2\/pages\/5256\/revisions"}],"predecessor-version":[{"id":14102,"href":"https:\/\/fisheries.groupcls.com\/fr\/wp-json\/wp\/v2\/pages\/5256\/revisions\/14102"}],"wp:featuredmedia":[{"embeddable":true,"href":"https:\/\/fisheries.groupcls.com\/fr\/wp-json\/wp\/v2\/media\/7205"}],"wp:attachment":[{"href":"https:\/\/fisheries.groupcls.com\/fr\/wp-json\/wp\/v2\/media?parent=5256"}],"curies":[{"name":"wp","href":"https:\/\/api.w.org\/{rel}","templated":true}]}}