{"id":5245,"date":"2017-08-03T15:03:53","date_gmt":"2017-08-03T13:03:53","guid":{"rendered":"https:\/\/fisheries.groupcls.com\/?page_id=5245\/"},"modified":"2026-02-03T12:10:22","modified_gmt":"2026-02-03T11:10:22","slug":"pourquoi-choisir-cls","status":"publish","type":"page","link":"https:\/\/fisheries.groupcls.com\/fr\/pourquoi-choisir-cls\/","title":{"rendered":"Pourquoi choisir CLS"},"content":{"rendered":"<div class=\"wpb-content-wrapper\"><p>[vc_row 0=\u00a0\u00bb\u00a0\u00bb css=\u00a0\u00bb.vc_custom_1607945486645{padding-bottom: 30px !important;}\u00a0\u00bb][vc_column width=\u00a0\u00bb2\/3&Prime;][vc_custom_heading text=\u00a0\u00bbLeader mondial de solutions<br \/>\npour une gestion durable de la p\u00eache\u00a0\u00bb use_theme_fonts=\u00a0\u00bbyes\u00a0\u00bb][vc_column_text 0=\u00a0\u00bb\u00a0\u00bb]<\/p>\n<p style=\"text-align: justify;\"><strong>Plus de 90 pays utilisent<\/strong> nos applications et services en gestion durable des ressources marines.<\/p>\n<p style=\"text-align: justify;\">Pour prot\u00e9ger les ressources marines et assurer un avenir \u00e0 l&rsquo;\u00e9conomie bleue, nous innovons en permanence pour aider nos clients \u00e0 \u00e9voluer vers une p\u00eache durable. <strong>Nous aidons les p\u00eacheurs et les administrateurs \u00e0 comprendre et \u00e0 g\u00e9rer leurs p\u00eaches<\/strong>, en leur fournissant des donn\u00e9es de haute qualit\u00e9, de l\u2019expertise, des logiciels, du mat\u00e9riel et des services \u00e0 valeur ajout\u00e9e.<\/p>\n<p style=\"text-align: justify;\">CLS, filiale de l&rsquo;Agence Spatiale Fran\u00e7aise (<a href=\"https:\/\/cnes.fr\/fr\/\" target=\"_blank\" rel=\"noopener noreferrer\">CNES<\/a>) et de CNP, est une soci\u00e9t\u00e9 internationale, pionni\u00e8re dans la fourniture de solutions de surveillance de la Terre depuis 1986.<\/p>\n<p>[\/vc_column_text][vc_custom_heading text=\u00a0\u00bbNotre \u00e9quipe\u00a0\u00bb use_theme_fonts=\u00a0\u00bbyes\u00a0\u00bb][vc_column_text css=\u00a0\u00bb\u00a0\u00bb]<\/p>\n<p style=\"text-align: justify;\">Notre \u00e9quipe est constitu\u00e9e <strong>d&rsquo;experts dans de nombreux domaines<\/strong> : sciences halieutiques, oc\u00e9anographie, biologie marine, mod\u00e9lisation, satellites, sciences des donn\u00e9es, analytique de pointe, g\u00e9nie informatique, et exploitation.<\/p>\n<p style=\"text-align: justify;\">Nous croyons en une p\u00eache \u00e9quitable, o\u00f9 les p\u00eacheurs, les administrations et les organisations travaillent ensemble pour assurer un avenir durable.<\/p>\n<p style=\"text-align: justify;\">Gr\u00e2ce \u00e0 notre <strong>pr\u00e9sence locale<\/strong> (plus de 40 distributeurs, pr\u00e9sents dans tous les bassins oc\u00e9aniques) et notre <strong>exp\u00e9rience globale<\/strong> (1 200 salari\u00e9s r\u00e9partis sur 41 sites dans le monde), nous comprenons les besoins de nos clients et sommes toujours \u00e0 leur c\u00f4t\u00e9s.<\/p>\n<p>[\/vc_column_text][vc_custom_heading text=\u00a0\u00bbCLS \u00e0 votre service \u00e0 l\u2019international\u00a0\u00bb use_theme_fonts=\u00a0\u00bbyes\u00a0\u00bb][vc_column_text css=\u00a0\u00bb\u00a0\u00bb]CLS emploie 1 200 personnes \u00e0 son si\u00e8ge social de Toulouse, en France, et dans 40 autres sites dans le monde.[\/vc_column_text][vc_single_image source=\u00a0\u00bbexternal_link\u00a0\u00bb alignment=\u00a0\u00bbcenter\u00a0\u00bb onclick=\u00a0\u00bblink_image\u00a0\u00bb css=\u00a0\u00bb\u00a0\u00bb custom_src=\u00a0\u00bbhttps:\/\/www.cls.fr\/wp-content\/uploads\/CLS-worldwide-network-fr.jpg\u00a0\u00bb][\/vc_column][vc_column width=\u00a0\u00bb1\/3&Prime; css=\u00a0\u00bb.vc_custom_1623923748756{margin-left: 2em !important;padding-top: 30px !important;padding-right: 30px !important;padding-bottom: 30px !important;padding-left: 30px !important;background-image: url(https:\/\/fisheries.groupcls.com\/wp-content\/uploads\/2017\/06\/pattern_2.png?id=6861) !important;}\u00a0\u00bb][vc_raw_html]JTNDcCUyMHN0eWxlJTNEJTIydGV4dC1hbGlnbiUzQSUyMGNlbnRlciUzQiUyMiUzRSUzQ2lmcmFtZSUyMHdpZHRoJTNEJTIyMzIwJTIyJTIwaGVpZ2h0JTNEJTIyMTgwJTIyJTIwc3JjJTNEJTIyaHR0cHMlM0ElMkYlMkZ3d3cueW91dHViZS1ub2Nvb2tpZS5jb20lMkZlbWJlZCUyRjYxa3dDRHJOTkdVJTNGcmVsJTNEMCUyNm11dGUlM0QxJTI2YXV0b3BsYXklM0QxJTIyJTIwZnJhbWVib3JkZXIlM0QlMjIwJTIyJTIwYWxsb3dmdWxsc2NyZWVuJTNFJTNDJTJGaWZyYW1lJTNFJTNDJTJGcCUzRQ==[\/vc_raw_html][vc_custom_heading text=\u00a0\u00bb40 ans d&rsquo;expertise dans la collecte et le traitement de la donn\u00e9es par satellite\u00a0\u00bb font_container=\u00a0\u00bbtag:h3|text_align:center\u00a0\u00bb use_theme_fonts=\u00a0\u00bbyes\u00a0\u00bb css=\u00a0\u00bb\u00a0\u00bb][vc_column_text]<\/p>\n<p style=\"text-align: center;\"><strong>Pr\u00e8s de 130 satellites<\/strong> livrent quotidiennement des informations \u00e0 CLS sur l\u2019\u00e9tat de la plan\u00e8te et ses activit\u00e9s.<\/p>\n<p>[\/vc_column_text][vc_btn title=\u00a0\u00bbEn savoir plus sur le Groupe CLS\u00a0\u00bb color=\u00a0\u00bbprimary\u00a0\u00bb align=\u00a0\u00bbcenter\u00a0\u00bb css_animation=\u00a0\u00bbfadeIn\u00a0\u00bb link=\u00a0\u00bburl:https%3A%2F%2Fwww.cls.fr|target:_blank\u00a0\u00bb][vc_separator][vc_custom_heading text=\u00a0\u00bbCertifications\u00a0\u00bb font_container=\u00a0\u00bbtag:h3|text_align:center\u00a0\u00bb use_theme_fonts=\u00a0\u00bbyes\u00a0\u00bb][vc_single_image image=\u00a0\u00bb10139&Prime; img_size=\u00a0\u00bb250&#215;120&Prime; alignment=\u00a0\u00bbcenter\u00a0\u00bb][vc_single_image image=\u00a0\u00bb10142&Prime; img_size=\u00a0\u00bb250&#215;120&Prime; alignment=\u00a0\u00bbcenter\u00a0\u00bb][\/vc_column][\/vc_row][vc_row full_width=\u00a0\u00bbstretch_row\u00a0\u00bb css=\u00a0\u00bb.vc_custom_1607946858831{background-image: url(https:\/\/fisheries.groupcls.com\/wp-content\/uploads\/2017\/06\/pattern_2.png?id=6861) !important;}\u00a0\u00bb][vc_column][vc_empty_space][vc_custom_heading text=\u00a0\u00bbNos solutions de gestion de p\u00eache durable\u00a0\u00bb use_theme_fonts=\u00a0\u00bbyes\u00a0\u00bb css=\u00a0\u00bb.vc_custom_1623923789864{padding-bottom: 20px !important;}\u00a0\u00bb][vc_row_inner][vc_column_inner width=\u00a0\u00bb1\/2&Prime;][vc_custom_heading text=\u00a0\u00bbPour les p\u00eacheurs\u00a0\u00bb font_container=\u00a0\u00bbtag:h3|text_align:center\u00a0\u00bb use_theme_fonts=\u00a0\u00bbyes\u00a0\u00bb][vc_single_image image=\u00a0\u00bb10115&Prime; img_size=\u00a0\u00bb400&#215;200&Prime; alignment=\u00a0\u00bbcenter\u00a0\u00bb onclick=\u00a0\u00bbcustom_link\u00a0\u00bb link=\u00a0\u00bbhttps:\/\/fisheries.groupcls.com\/fr\/pecheurs\/\u00a0\u00bb][vc_btn title=\u00a0\u00bbD\u00e9couvrez nos solutions pour les p\u00eacheurs\u00a0\u00bb color=\u00a0\u00bbprimary\u00a0\u00bb align=\u00a0\u00bbcenter\u00a0\u00bb css_animation=\u00a0\u00bbfadeIn\u00a0\u00bb link=\u00a0\u00bburl:https%3A%2F%2Ffisheries.groupcls.com%2Ffr%2Fpecheurs%2F\u00a0\u00bb][\/vc_column_inner][vc_column_inner width=\u00a0\u00bb1\/2&Prime;][vc_custom_heading text=\u00a0\u00bbPour les administrations\u00a0\u00bb font_container=\u00a0\u00bbtag:h3|text_align:center\u00a0\u00bb use_theme_fonts=\u00a0\u00bbyes\u00a0\u00bb][vc_single_image image=\u00a0\u00bb6675&Prime; img_size=\u00a0\u00bb400&#215;200&Prime; alignment=\u00a0\u00bbcenter\u00a0\u00bb onclick=\u00a0\u00bbcustom_link\u00a0\u00bb link=\u00a0\u00bbhttps:\/\/fisheries.groupcls.com\/fr\/administrations\/\u00a0\u00bb][vc_btn title=\u00a0\u00bbD\u00e9couvrez nos solutions pour les administrations\u00a0\u00bb color=\u00a0\u00bbprimary\u00a0\u00bb align=\u00a0\u00bbcenter\u00a0\u00bb css_animation=\u00a0\u00bbfadeIn\u00a0\u00bb link=\u00a0\u00bburl:https%3A%2F%2Ffisheries.groupcls.com%2Ffr%2Fadministrations%2F\u00a0\u00bb][\/vc_column_inner][\/vc_row_inner][vc_empty_space][\/vc_column][\/vc_row]<\/p>\n<\/div>","protected":false},"excerpt":{"rendered":"<p>[vc_row 0=\u00a0\u00bb\u00a0\u00bb css=\u00a0\u00bb.vc_custom_1607945486645{padding-bottom: 30px !important;}\u00a0\u00bb][vc_column width=\u00a0\u00bb2\/3&Prime;][vc_custom_heading text=\u00a0\u00bbLeader mondial de solutions pour une gestion durable de la p\u00eache\u00a0\u00bb use_theme_fonts=\u00a0\u00bbyes\u00a0\u00bb][vc_column_text 0=\u00a0\u00bb\u00a0\u00bb] Plus de 90 pays utilisent nos applications et services en gestion durable des ressources marines. Pour prot\u00e9ger les ressources marines et assurer un avenir \u00e0 l&rsquo;\u00e9conomie bleue, nous innovons en permanence pour aider nos clients \u00e0<\/p>\n","protected":false},"author":11,"featured_media":0,"parent":0,"menu_order":71,"comment_status":"closed","ping_status":"closed","template":"","meta":{"footnotes":""},"class_list":["post-5245","page","type-page","status-publish","hentry"],"yoast_head":"<!-- This site is optimized with the Yoast SEO plugin v27.2 - https:\/\/yoast.com\/product\/yoast-seo-wordpress\/ -->\n<title>Pourquoi choisir CLS comme alli\u00e9 d&#039;une p\u00eache durable ? - CLS Fisheries<\/title>\n<meta name=\"description\" content=\"Pour g\u00e9rer durablement les ressources marines, CLS soutient les p\u00eacheurs &amp; administrations dans le secteur de la p\u00eache et de l\u2019aquaculture.\" \/>\n<meta name=\"robots\" content=\"index, follow, max-snippet:-1, max-image-preview:large, max-video-preview:-1\" \/>\n<link rel=\"canonical\" href=\"https:\/\/fisheries.groupcls.com\/fr\/pourquoi-choisir-cls\/\" \/>\n<meta property=\"og:locale\" content=\"fr_FR\" \/>\n<meta property=\"og:type\" content=\"article\" \/>\n<meta property=\"og:title\" content=\"Pourquoi choisir CLS comme alli\u00e9 d&#039;une p\u00eache durable ? - CLS Fisheries\" \/>\n<meta property=\"og:description\" content=\"Pour g\u00e9rer durablement les ressources marines, CLS soutient les p\u00eacheurs &amp; administrations dans le secteur de la p\u00eache et de l\u2019aquaculture.\" \/>\n<meta property=\"og:url\" content=\"https:\/\/fisheries.groupcls.com\/fr\/pourquoi-choisir-cls\/\" \/>\n<meta property=\"og:site_name\" content=\"CLS Fisheries\" \/>\n<meta property=\"article:modified_time\" content=\"2026-02-03T11:10:22+00:00\" \/>\n<meta name=\"twitter:card\" content=\"summary_large_image\" \/>\n<meta name=\"twitter:label1\" content=\"Dur\u00e9e de lecture estim\u00e9e\" \/>\n\t<meta name=\"twitter:data1\" content=\"3 minutes\" \/>\n<script type=\"application\/ld+json\" class=\"yoast-schema-graph\">{\"@context\":\"https:\/\/schema.org\",\"@graph\":[{\"@type\":[\"WebPage\",\"AboutPage\"],\"@id\":\"https:\/\/fisheries.groupcls.com\/fr\/pourquoi-choisir-cls\/\",\"url\":\"https:\/\/fisheries.groupcls.com\/fr\/pourquoi-choisir-cls\/\",\"name\":\"Pourquoi choisir CLS comme alli\u00e9 d'une p\u00eache durable ? - CLS Fisheries\",\"isPartOf\":{\"@id\":\"https:\/\/fisheries.groupcls.com\/fr\/#website\"},\"datePublished\":\"2017-08-03T13:03:53+00:00\",\"dateModified\":\"2026-02-03T11:10:22+00:00\",\"description\":\"Pour g\u00e9rer durablement les ressources marines, CLS soutient les p\u00eacheurs & administrations dans le secteur de la p\u00eache et de l\u2019aquaculture.\",\"breadcrumb\":{\"@id\":\"https:\/\/fisheries.groupcls.com\/fr\/pourquoi-choisir-cls\/#breadcrumb\"},\"inLanguage\":\"fr-FR\",\"potentialAction\":[{\"@type\":\"ReadAction\",\"target\":[\"https:\/\/fisheries.groupcls.com\/fr\/pourquoi-choisir-cls\/\"]}]},{\"@type\":\"BreadcrumbList\",\"@id\":\"https:\/\/fisheries.groupcls.com\/fr\/pourquoi-choisir-cls\/#breadcrumb\",\"itemListElement\":[{\"@type\":\"ListItem\",\"position\":1,\"name\":\"Accueil\",\"item\":\"https:\/\/fisheries.groupcls.com\/fr\/\"},{\"@type\":\"ListItem\",\"position\":2,\"name\":\"Pourquoi choisir CLS\"}]},{\"@type\":\"WebSite\",\"@id\":\"https:\/\/fisheries.groupcls.com\/fr\/#website\",\"url\":\"https:\/\/fisheries.groupcls.com\/fr\/\",\"name\":\"CLS Fisheries\",\"description\":\"CLS est cetifi\u00e9 par les grands organismes internationaux \u00e0 travers le monde et travaille d\u00e9j\u00e0 avec des milliers de navires de p\u00eache dans le monde entier.\",\"publisher\":{\"@id\":\"https:\/\/fisheries.groupcls.com\/fr\/#organization\"},\"potentialAction\":[{\"@type\":\"SearchAction\",\"target\":{\"@type\":\"EntryPoint\",\"urlTemplate\":\"https:\/\/fisheries.groupcls.com\/fr\/?s={search_term_string}\"},\"query-input\":{\"@type\":\"PropertyValueSpecification\",\"valueRequired\":true,\"valueName\":\"search_term_string\"}}],\"inLanguage\":\"fr-FR\"},{\"@type\":\"Organization\",\"@id\":\"https:\/\/fisheries.groupcls.com\/fr\/#organization\",\"name\":\"CLS\",\"url\":\"https:\/\/fisheries.groupcls.com\/fr\/\",\"logo\":{\"@type\":\"ImageObject\",\"inLanguage\":\"fr-FR\",\"@id\":\"https:\/\/fisheries.groupcls.com\/fr\/#\/schema\/logo\/image\/\",\"url\":\"https:\/\/fisheries.groupcls.com\/wp-content\/uploads\/2016\/04\/logo-cls.png\",\"contentUrl\":\"https:\/\/fisheries.groupcls.com\/wp-content\/uploads\/2016\/04\/logo-cls.png\",\"width\":107,\"height\":90,\"caption\":\"CLS\"},\"image\":{\"@id\":\"https:\/\/fisheries.groupcls.com\/fr\/#\/schema\/logo\/image\/\"}}]}<\/script>\n<!-- \/ Yoast SEO plugin. -->","yoast_head_json":{"title":"Pourquoi choisir CLS comme alli\u00e9 d'une p\u00eache durable ? - CLS Fisheries","description":"Pour g\u00e9rer durablement les ressources marines, CLS soutient les p\u00eacheurs & administrations dans le secteur de la p\u00eache et de l\u2019aquaculture.","robots":{"index":"index","follow":"follow","max-snippet":"max-snippet:-1","max-image-preview":"max-image-preview:large","max-video-preview":"max-video-preview:-1"},"canonical":"https:\/\/fisheries.groupcls.com\/fr\/pourquoi-choisir-cls\/","og_locale":"fr_FR","og_type":"article","og_title":"Pourquoi choisir CLS comme alli\u00e9 d'une p\u00eache durable ? - CLS Fisheries","og_description":"Pour g\u00e9rer durablement les ressources marines, CLS soutient les p\u00eacheurs & administrations dans le secteur de la p\u00eache et de l\u2019aquaculture.","og_url":"https:\/\/fisheries.groupcls.com\/fr\/pourquoi-choisir-cls\/","og_site_name":"CLS Fisheries","article_modified_time":"2026-02-03T11:10:22+00:00","twitter_card":"summary_large_image","twitter_misc":{"Dur\u00e9e de lecture estim\u00e9e":"3 minutes"},"schema":{"@context":"https:\/\/schema.org","@graph":[{"@type":["WebPage","AboutPage"],"@id":"https:\/\/fisheries.groupcls.com\/fr\/pourquoi-choisir-cls\/","url":"https:\/\/fisheries.groupcls.com\/fr\/pourquoi-choisir-cls\/","name":"Pourquoi choisir CLS comme alli\u00e9 d'une p\u00eache durable ? - CLS Fisheries","isPartOf":{"@id":"https:\/\/fisheries.groupcls.com\/fr\/#website"},"datePublished":"2017-08-03T13:03:53+00:00","dateModified":"2026-02-03T11:10:22+00:00","description":"Pour g\u00e9rer durablement les ressources marines, CLS soutient les p\u00eacheurs & administrations dans le secteur de la p\u00eache et de l\u2019aquaculture.","breadcrumb":{"@id":"https:\/\/fisheries.groupcls.com\/fr\/pourquoi-choisir-cls\/#breadcrumb"},"inLanguage":"fr-FR","potentialAction":[{"@type":"ReadAction","target":["https:\/\/fisheries.groupcls.com\/fr\/pourquoi-choisir-cls\/"]}]},{"@type":"BreadcrumbList","@id":"https:\/\/fisheries.groupcls.com\/fr\/pourquoi-choisir-cls\/#breadcrumb","itemListElement":[{"@type":"ListItem","position":1,"name":"Accueil","item":"https:\/\/fisheries.groupcls.com\/fr\/"},{"@type":"ListItem","position":2,"name":"Pourquoi choisir CLS"}]},{"@type":"WebSite","@id":"https:\/\/fisheries.groupcls.com\/fr\/#website","url":"https:\/\/fisheries.groupcls.com\/fr\/","name":"CLS Fisheries","description":"CLS est cetifi\u00e9 par les grands organismes internationaux \u00e0 travers le monde et travaille d\u00e9j\u00e0 avec des milliers de navires de p\u00eache dans le monde entier.","publisher":{"@id":"https:\/\/fisheries.groupcls.com\/fr\/#organization"},"potentialAction":[{"@type":"SearchAction","target":{"@type":"EntryPoint","urlTemplate":"https:\/\/fisheries.groupcls.com\/fr\/?s={search_term_string}"},"query-input":{"@type":"PropertyValueSpecification","valueRequired":true,"valueName":"search_term_string"}}],"inLanguage":"fr-FR"},{"@type":"Organization","@id":"https:\/\/fisheries.groupcls.com\/fr\/#organization","name":"CLS","url":"https:\/\/fisheries.groupcls.com\/fr\/","logo":{"@type":"ImageObject","inLanguage":"fr-FR","@id":"https:\/\/fisheries.groupcls.com\/fr\/#\/schema\/logo\/image\/","url":"https:\/\/fisheries.groupcls.com\/wp-content\/uploads\/2016\/04\/logo-cls.png","contentUrl":"https:\/\/fisheries.groupcls.com\/wp-content\/uploads\/2016\/04\/logo-cls.png","width":107,"height":90,"caption":"CLS"},"image":{"@id":"https:\/\/fisheries.groupcls.com\/fr\/#\/schema\/logo\/image\/"}}]}},"_links":{"self":[{"href":"https:\/\/fisheries.groupcls.com\/fr\/wp-json\/wp\/v2\/pages\/5245","targetHints":{"allow":["GET"]}}],"collection":[{"href":"https:\/\/fisheries.groupcls.com\/fr\/wp-json\/wp\/v2\/pages"}],"about":[{"href":"https:\/\/fisheries.groupcls.com\/fr\/wp-json\/wp\/v2\/types\/page"}],"author":[{"embeddable":true,"href":"https:\/\/fisheries.groupcls.com\/fr\/wp-json\/wp\/v2\/users\/11"}],"replies":[{"embeddable":true,"href":"https:\/\/fisheries.groupcls.com\/fr\/wp-json\/wp\/v2\/comments?post=5245"}],"version-history":[{"count":35,"href":"https:\/\/fisheries.groupcls.com\/fr\/wp-json\/wp\/v2\/pages\/5245\/revisions"}],"predecessor-version":[{"id":14118,"href":"https:\/\/fisheries.groupcls.com\/fr\/wp-json\/wp\/v2\/pages\/5245\/revisions\/14118"}],"wp:attachment":[{"href":"https:\/\/fisheries.groupcls.com\/fr\/wp-json\/wp\/v2\/media?parent=5245"}],"curies":[{"name":"wp","href":"https:\/\/api.w.org\/{rel}","templated":true}]}}