{"id":5221,"date":"2017-08-01T16:28:48","date_gmt":"2017-08-01T14:28:48","guid":{"rendered":"https:\/\/fisheries.groupcls.com\/?page_id=5221\/"},"modified":"2026-01-27T17:45:58","modified_gmt":"2026-01-27T16:45:58","slug":"vmsers","status":"publish","type":"page","link":"https:\/\/fisheries.groupcls.com\/fr\/administrations\/vmsers\/","title":{"rendered":"VMS et ERS : Surveiller les efforts de p\u00eache et suivre les navires"},"content":{"rendered":"<div class=\"wpb-content-wrapper\"><p>[vc_row 0=\u00a0\u00bb\u00a0\u00bb css=\u00a0\u00bb.vc_custom_1769442254503{padding-bottom: 40px !important;}\u00a0\u00bb][vc_column width=\u00a0\u00bb2\/3&Prime;][vc_column_text 0=\u00a0\u00bb\u00a0\u00bb css=\u00a0\u00bb\u00a0\u00bb]<\/p>\n<h2>Les administrations des p\u00eaches choisissent CLS pour le VMS et l\u2019ERS<\/h2>\n<p style=\"text-align: justify;\">La gestion durable des p\u00eaches repose sur des donn\u00e9es fiables, des syst\u00e8mes de surveillance performants et des partenaires de confiance. En tant que <strong>leader mondial des solutions satellitaires pour la surveillance des p\u00eaches<\/strong>, CLS accompagne les administrations dans la mise en \u0153uvre de <strong>syst\u00e8mes VMS (Vessel Monitoring System) et ERS (Electronic Reporting System)<\/strong> robustes et \u00e9prouv\u00e9s.<\/p>\n<p style=\"text-align: justify;\">Pr\u00e9sent dans plus de <strong>60 pays<\/strong>, CLS aide les autorit\u00e9s nationales et r\u00e9gionales \u00e0 surveiller les activit\u00e9s de p\u00eache en temps quasi r\u00e9el, \u00e0 garantir la conformit\u00e9 r\u00e9glementaire et \u00e0 lutter efficacement contre la p\u00eache illicite, non d\u00e9clar\u00e9e et non r\u00e9glement\u00e9e (INN). Nos solutions reposent sur des technologies satellitaires s\u00e9curis\u00e9es, une expertise op\u00e9rationnelle reconnue et une connaissance approfondie des cadres r\u00e9glementaires internationaux.<\/p>\n<p style=\"text-align: justify;\">En choisissant CLS, les administrations b\u00e9n\u00e9ficient de <strong>solutions int\u00e9gr\u00e9es de bout en bout<\/strong>\u00a0: \u00e9quipements embarqu\u00e9s, plateformes de supervision pour les centres de surveillance des p\u00eaches (FMC), outils d\u2019analyse et accompagnement op\u00e9rationnel sur le long terme. Nos syst\u00e8mes VMS et ERS sont <strong>interop\u00e9rables, \u00e9volutifs et conformes aux standards internationaux<\/strong>, permettant une prise de d\u00e9cision fond\u00e9e sur des donn\u00e9es fiables et v\u00e9rifi\u00e9es.<\/p>\n<p>[\/vc_column_text][vc_btn title=\u00a0\u00bbContactez nos \u00e9quipes pour plus d&rsquo;informations\u00a0\u00bb color=\u00a0\u00bbprimary\u00a0\u00bb align=\u00a0\u00bbleft\u00a0\u00bb css=\u00a0\u00bb\u00a0\u00bb link=\u00a0\u00bburl:https%3A%2F%2Ffisheries.groupcls.com%2Ffr%2Fcontact%2F|title:Contact\u00a0\u00bb][\/vc_column][vc_column width=\u00a0\u00bb1\/3&Prime;][vc_single_image image=\u00a0\u00bb13901&Prime; img_size=\u00a0\u00bbfull\u00a0\u00bb alignment=\u00a0\u00bbcenter\u00a0\u00bb css=\u00a0\u00bb\u00a0\u00bb][\/vc_column][\/vc_row][vc_row full_width=\u00a0\u00bbstretch_row\u00a0\u00bb css=\u00a0\u00bb.vc_custom_1769442598176{margin-bottom: -60px !important;padding-top: 60px !important;padding-bottom: 60px !important;background-color: #0F1F2D !important;}\u00a0\u00bb][vc_column width=\u00a0\u00bb1\/2&Prime;][vc_single_image image=\u00a0\u00bb13902&Prime; img_size=\u00a0\u00bbfull\u00a0\u00bb alignment=\u00a0\u00bbcenter\u00a0\u00bb][vc_column_text css=\u00a0\u00bb\u00a0\u00bb]<\/p>\n<h2 style=\"color: #ffffff;\">Nos solutions de Vessel Monitoring System (VMS)<\/h2>\n<p style=\"text-align: justify; color: #ffffff;\">Les solutions VMS de CLS offrent aux administrations une <b>surveillance continue, s\u00e9curis\u00e9e et fiable des navires de p\u00eache<\/b>, gr\u00e2ce \u00e0 des balises satellitaires certifi\u00e9es et \u00e0 des infrastructures de transmission \u00e9prouv\u00e9es. Elles permettent de suivre les positions, trajectoires et comportements des navires, \u00e9l\u00e9ments essentiels pour le contr\u00f4le des zones de p\u00eache et le respect des r\u00e9glementations.<\/p>\n<p style=\"text-align: justify; color: #ffffff;\">Int\u00e9gr\u00e9es aux <span style=\"text-decoration: underline;\"><a style=\"color: #ffffff;\" href=\"https:\/\/fisheries.groupcls.com\/fr\/administrations\/themis-centre-de-surveillance-des-peches-fmc\/\"><b>Fisheries Monitoring Centers (FMC)<\/b><\/a><\/span>, nos plateformes VMS peuvent \u00eatre combin\u00e9es \u00e0 des outils d\u2019analyse avanc\u00e9s afin de d\u00e9tecter les comportements \u00e0 risque, surveiller les zones r\u00e9glement\u00e9es et \u00e9valuer l\u2019effort de p\u00eache. Les solutions CLS sont adapt\u00e9es \u00e0 <b>tous les segments de flotte<\/b>, de la p\u00eache industrielle \u00e0 la p\u00eache artisanale.<\/p>\n<p>[\/vc_column_text][vc_btn title=\u00a0\u00bbD\u00e9couvrir nos solutions VMS pour les administrations\u00a0\u00bb color=\u00a0\u00bbprimary\u00a0\u00bb align=\u00a0\u00bbleft\u00a0\u00bb css=\u00a0\u00bb\u00a0\u00bb link=\u00a0\u00bburl:https%3A%2F%2Ffisheries.groupcls.com%2Ffr%2Fpecheurs%2Fvms%2F\u00a0\u00bb][\/vc_column][vc_column width=\u00a0\u00bb1\/2&Prime;][vc_single_image image=\u00a0\u00bb13903&Prime; img_size=\u00a0\u00bbfull\u00a0\u00bb alignment=\u00a0\u00bbcenter\u00a0\u00bb css=\u00a0\u00bb\u00a0\u00bb][vc_column_text css=\u00a0\u00bb\u00a0\u00bb]<\/p>\n<h2 style=\"color: #ffffff;\">Nos solutions d\u2019Electronic Reporting System (ERS)<\/h2>\n<p style=\"text-align: justify; color: #ffffff;\">Les solutions ERS de CLS permettent de <b>num\u00e9riser et standardiser les d\u00e9clarations d\u2019activit\u00e9 et de captures<\/b>, en rempla\u00e7ant les journaux de bord papier par des rapports \u00e9lectroniques s\u00e9curis\u00e9s. Les donn\u00e9es relatives aux captures, d\u00e9barquements et op\u00e9rations de p\u00eache sont transmises de mani\u00e8re fiable, am\u00e9liorant la qualit\u00e9 des donn\u00e9es, la tra\u00e7abilit\u00e9 et la conformit\u00e9 r\u00e9glementaire.<\/p>\n<p style=\"text-align: justify; color: #ffffff;\">Interop\u00e9rables avec les solutions VMS de CLS, les syst\u00e8mes ERS fournissent aux administrations une <b>vision coh\u00e9rente et compl\u00e8te des activit\u00e9s de p\u00eache<\/b>. Ils soutiennent les \u00e9valuations scientifiques des stocks, la coop\u00e9ration entre autorit\u00e9s et la mise en \u0153uvre de politiques publiques fond\u00e9es sur des donn\u00e9es fiables, tout en respectant les exigences internationales et r\u00e9gionales.<\/p>\n<p>[\/vc_column_text][vc_btn title=\u00a0\u00bbD\u00e9couvrir nos solutions ERS et de mise en conformit\u00e9\u00a0\u00bb color=\u00a0\u00bbprimary\u00a0\u00bb align=\u00a0\u00bbleft\u00a0\u00bb css=\u00a0\u00bb\u00a0\u00bb link=\u00a0\u00bburl:https%3A%2F%2Ffisheries.groupcls.com%2Ffr%2Fpecheurs%2Fers%2F\u00a0\u00bb][\/vc_column][\/vc_row]<\/p>\n<\/div>","protected":false},"excerpt":{"rendered":"<p>[vc_row 0=\u00a0\u00bb\u00a0\u00bb css=\u00a0\u00bb.vc_custom_1769442254503{padding-bottom: 40px !important;}\u00a0\u00bb][vc_column width=\u00a0\u00bb2\/3&Prime;][vc_column_text 0=\u00a0\u00bb\u00a0\u00bb css=\u00a0\u00bb\u00a0\u00bb] Les administrations des p\u00eaches choisissent CLS pour le VMS et l\u2019ERS La gestion durable des p\u00eaches repose sur des donn\u00e9es fiables, des syst\u00e8mes de surveillance performants et des partenaires de confiance. En tant que leader mondial des solutions satellitaires pour la surveillance des p\u00eaches, CLS accompagne les<\/p>\n","protected":false},"author":11,"featured_media":10327,"parent":5209,"menu_order":26,"comment_status":"closed","ping_status":"closed","template":"","meta":{"footnotes":""},"class_list":["post-5221","page","type-page","status-publish","has-post-thumbnail","hentry"],"yoast_head":"<!-- This site is optimized with the Yoast SEO plugin v27.2 - https:\/\/yoast.com\/product\/yoast-seo-wordpress\/ -->\n<title>VMS et ERS : Surveiller les efforts de p\u00eache et les navires - CLS<\/title>\n<meta name=\"description\" content=\"Une gestion durable des ressources marines passe par un suivi des navires par satellite (VMS) et un contr\u00f4le des activit\u00e9s de p\u00eache (ERS).\" \/>\n<meta name=\"robots\" content=\"index, follow, max-snippet:-1, max-image-preview:large, max-video-preview:-1\" \/>\n<link rel=\"canonical\" href=\"https:\/\/fisheries.groupcls.com\/fr\/administrations\/vmsers\/\" \/>\n<meta property=\"og:locale\" content=\"fr_FR\" \/>\n<meta property=\"og:type\" content=\"article\" \/>\n<meta property=\"og:title\" content=\"VMS et ERS : Surveiller les efforts de p\u00eache et les navires - CLS\" \/>\n<meta property=\"og:description\" content=\"Une gestion durable des ressources marines passe par un suivi des navires par satellite (VMS) et un contr\u00f4le des activit\u00e9s de p\u00eache (ERS).\" \/>\n<meta property=\"og:url\" content=\"https:\/\/fisheries.groupcls.com\/fr\/administrations\/vmsers\/\" \/>\n<meta property=\"og:site_name\" content=\"CLS Fisheries\" \/>\n<meta property=\"article:modified_time\" content=\"2026-01-27T16:45:58+00:00\" \/>\n<meta property=\"og:image\" content=\"https:\/\/fisheries.groupcls.com\/wp-content\/uploads\/2021\/02\/fishing-boat.jpg\" \/>\n\t<meta property=\"og:image:width\" content=\"600\" \/>\n\t<meta property=\"og:image:height\" content=\"453\" \/>\n\t<meta property=\"og:image:type\" content=\"image\/jpeg\" \/>\n<meta name=\"twitter:card\" content=\"summary_large_image\" \/>\n<meta name=\"twitter:label1\" content=\"Dur\u00e9e de lecture estim\u00e9e\" \/>\n\t<meta name=\"twitter:data1\" content=\"3 minutes\" \/>\n<script type=\"application\/ld+json\" class=\"yoast-schema-graph\">{\"@context\":\"https:\/\/schema.org\",\"@graph\":[{\"@type\":[\"WebPage\",\"ItemPage\"],\"@id\":\"https:\/\/fisheries.groupcls.com\/fr\/administrations\/vmsers\/\",\"url\":\"https:\/\/fisheries.groupcls.com\/fr\/administrations\/vmsers\/\",\"name\":\"VMS et ERS : Surveiller les efforts de p\u00eache et les navires - CLS\",\"isPartOf\":{\"@id\":\"https:\/\/fisheries.groupcls.com\/fr\/#website\"},\"primaryImageOfPage\":{\"@id\":\"https:\/\/fisheries.groupcls.com\/fr\/administrations\/vmsers\/#primaryimage\"},\"image\":{\"@id\":\"https:\/\/fisheries.groupcls.com\/fr\/administrations\/vmsers\/#primaryimage\"},\"thumbnailUrl\":\"https:\/\/fisheries.groupcls.com\/wp-content\/uploads\/2021\/02\/fishing-boat.jpg\",\"datePublished\":\"2017-08-01T14:28:48+00:00\",\"dateModified\":\"2026-01-27T16:45:58+00:00\",\"description\":\"Une gestion durable des ressources marines passe par un suivi des navires par satellite (VMS) et un contr\u00f4le des activit\u00e9s de p\u00eache (ERS).\",\"breadcrumb\":{\"@id\":\"https:\/\/fisheries.groupcls.com\/fr\/administrations\/vmsers\/#breadcrumb\"},\"inLanguage\":\"fr-FR\",\"potentialAction\":[{\"@type\":\"ReadAction\",\"target\":[\"https:\/\/fisheries.groupcls.com\/fr\/administrations\/vmsers\/\"]}]},{\"@type\":\"ImageObject\",\"inLanguage\":\"fr-FR\",\"@id\":\"https:\/\/fisheries.groupcls.com\/fr\/administrations\/vmsers\/#primaryimage\",\"url\":\"https:\/\/fisheries.groupcls.com\/wp-content\/uploads\/2021\/02\/fishing-boat.jpg\",\"contentUrl\":\"https:\/\/fisheries.groupcls.com\/wp-content\/uploads\/2021\/02\/fishing-boat.jpg\",\"width\":600,\"height\":453,\"caption\":\"A Fishing Boat Returning Home HD Desktop Background\"},{\"@type\":\"BreadcrumbList\",\"@id\":\"https:\/\/fisheries.groupcls.com\/fr\/administrations\/vmsers\/#breadcrumb\",\"itemListElement\":[{\"@type\":\"ListItem\",\"position\":1,\"name\":\"Accueil\",\"item\":\"https:\/\/fisheries.groupcls.com\/fr\/\"},{\"@type\":\"ListItem\",\"position\":2,\"name\":\"Administrations\",\"item\":\"https:\/\/fisheries.groupcls.com\/fr\/administrations\/\"},{\"@type\":\"ListItem\",\"position\":3,\"name\":\"VMS et ERS : Surveiller les efforts de p\u00eache et suivre les navires\"}]},{\"@type\":\"WebSite\",\"@id\":\"https:\/\/fisheries.groupcls.com\/fr\/#website\",\"url\":\"https:\/\/fisheries.groupcls.com\/fr\/\",\"name\":\"CLS Fisheries\",\"description\":\"CLS est cetifi\u00e9 par les grands organismes internationaux \u00e0 travers le monde et travaille d\u00e9j\u00e0 avec des milliers de navires de p\u00eache dans le monde entier.\",\"publisher\":{\"@id\":\"https:\/\/fisheries.groupcls.com\/fr\/#organization\"},\"potentialAction\":[{\"@type\":\"SearchAction\",\"target\":{\"@type\":\"EntryPoint\",\"urlTemplate\":\"https:\/\/fisheries.groupcls.com\/fr\/?s={search_term_string}\"},\"query-input\":{\"@type\":\"PropertyValueSpecification\",\"valueRequired\":true,\"valueName\":\"search_term_string\"}}],\"inLanguage\":\"fr-FR\"},{\"@type\":\"Organization\",\"@id\":\"https:\/\/fisheries.groupcls.com\/fr\/#organization\",\"name\":\"CLS\",\"url\":\"https:\/\/fisheries.groupcls.com\/fr\/\",\"logo\":{\"@type\":\"ImageObject\",\"inLanguage\":\"fr-FR\",\"@id\":\"https:\/\/fisheries.groupcls.com\/fr\/#\/schema\/logo\/image\/\",\"url\":\"https:\/\/fisheries.groupcls.com\/wp-content\/uploads\/2016\/04\/logo-cls.png\",\"contentUrl\":\"https:\/\/fisheries.groupcls.com\/wp-content\/uploads\/2016\/04\/logo-cls.png\",\"width\":107,\"height\":90,\"caption\":\"CLS\"},\"image\":{\"@id\":\"https:\/\/fisheries.groupcls.com\/fr\/#\/schema\/logo\/image\/\"}}]}<\/script>\n<!-- \/ Yoast SEO plugin. -->","yoast_head_json":{"title":"VMS et ERS : Surveiller les efforts de p\u00eache et les navires - CLS","description":"Une gestion durable des ressources marines passe par un suivi des navires par satellite (VMS) et un contr\u00f4le des activit\u00e9s de p\u00eache (ERS).","robots":{"index":"index","follow":"follow","max-snippet":"max-snippet:-1","max-image-preview":"max-image-preview:large","max-video-preview":"max-video-preview:-1"},"canonical":"https:\/\/fisheries.groupcls.com\/fr\/administrations\/vmsers\/","og_locale":"fr_FR","og_type":"article","og_title":"VMS et ERS : Surveiller les efforts de p\u00eache et les navires - CLS","og_description":"Une gestion durable des ressources marines passe par un suivi des navires par satellite (VMS) et un contr\u00f4le des activit\u00e9s de p\u00eache (ERS).","og_url":"https:\/\/fisheries.groupcls.com\/fr\/administrations\/vmsers\/","og_site_name":"CLS Fisheries","article_modified_time":"2026-01-27T16:45:58+00:00","og_image":[{"width":600,"height":453,"url":"https:\/\/fisheries.groupcls.com\/wp-content\/uploads\/2021\/02\/fishing-boat.jpg","type":"image\/jpeg"}],"twitter_card":"summary_large_image","twitter_misc":{"Dur\u00e9e de lecture estim\u00e9e":"3 minutes"},"schema":{"@context":"https:\/\/schema.org","@graph":[{"@type":["WebPage","ItemPage"],"@id":"https:\/\/fisheries.groupcls.com\/fr\/administrations\/vmsers\/","url":"https:\/\/fisheries.groupcls.com\/fr\/administrations\/vmsers\/","name":"VMS et ERS : Surveiller les efforts de p\u00eache et les navires - CLS","isPartOf":{"@id":"https:\/\/fisheries.groupcls.com\/fr\/#website"},"primaryImageOfPage":{"@id":"https:\/\/fisheries.groupcls.com\/fr\/administrations\/vmsers\/#primaryimage"},"image":{"@id":"https:\/\/fisheries.groupcls.com\/fr\/administrations\/vmsers\/#primaryimage"},"thumbnailUrl":"https:\/\/fisheries.groupcls.com\/wp-content\/uploads\/2021\/02\/fishing-boat.jpg","datePublished":"2017-08-01T14:28:48+00:00","dateModified":"2026-01-27T16:45:58+00:00","description":"Une gestion durable des ressources marines passe par un suivi des navires par satellite (VMS) et un contr\u00f4le des activit\u00e9s de p\u00eache (ERS).","breadcrumb":{"@id":"https:\/\/fisheries.groupcls.com\/fr\/administrations\/vmsers\/#breadcrumb"},"inLanguage":"fr-FR","potentialAction":[{"@type":"ReadAction","target":["https:\/\/fisheries.groupcls.com\/fr\/administrations\/vmsers\/"]}]},{"@type":"ImageObject","inLanguage":"fr-FR","@id":"https:\/\/fisheries.groupcls.com\/fr\/administrations\/vmsers\/#primaryimage","url":"https:\/\/fisheries.groupcls.com\/wp-content\/uploads\/2021\/02\/fishing-boat.jpg","contentUrl":"https:\/\/fisheries.groupcls.com\/wp-content\/uploads\/2021\/02\/fishing-boat.jpg","width":600,"height":453,"caption":"A Fishing Boat Returning Home HD Desktop Background"},{"@type":"BreadcrumbList","@id":"https:\/\/fisheries.groupcls.com\/fr\/administrations\/vmsers\/#breadcrumb","itemListElement":[{"@type":"ListItem","position":1,"name":"Accueil","item":"https:\/\/fisheries.groupcls.com\/fr\/"},{"@type":"ListItem","position":2,"name":"Administrations","item":"https:\/\/fisheries.groupcls.com\/fr\/administrations\/"},{"@type":"ListItem","position":3,"name":"VMS et ERS : Surveiller les efforts de p\u00eache et suivre les navires"}]},{"@type":"WebSite","@id":"https:\/\/fisheries.groupcls.com\/fr\/#website","url":"https:\/\/fisheries.groupcls.com\/fr\/","name":"CLS Fisheries","description":"CLS est cetifi\u00e9 par les grands organismes internationaux \u00e0 travers le monde et travaille d\u00e9j\u00e0 avec des milliers de navires de p\u00eache dans le monde entier.","publisher":{"@id":"https:\/\/fisheries.groupcls.com\/fr\/#organization"},"potentialAction":[{"@type":"SearchAction","target":{"@type":"EntryPoint","urlTemplate":"https:\/\/fisheries.groupcls.com\/fr\/?s={search_term_string}"},"query-input":{"@type":"PropertyValueSpecification","valueRequired":true,"valueName":"search_term_string"}}],"inLanguage":"fr-FR"},{"@type":"Organization","@id":"https:\/\/fisheries.groupcls.com\/fr\/#organization","name":"CLS","url":"https:\/\/fisheries.groupcls.com\/fr\/","logo":{"@type":"ImageObject","inLanguage":"fr-FR","@id":"https:\/\/fisheries.groupcls.com\/fr\/#\/schema\/logo\/image\/","url":"https:\/\/fisheries.groupcls.com\/wp-content\/uploads\/2016\/04\/logo-cls.png","contentUrl":"https:\/\/fisheries.groupcls.com\/wp-content\/uploads\/2016\/04\/logo-cls.png","width":107,"height":90,"caption":"CLS"},"image":{"@id":"https:\/\/fisheries.groupcls.com\/fr\/#\/schema\/logo\/image\/"}}]}},"_links":{"self":[{"href":"https:\/\/fisheries.groupcls.com\/fr\/wp-json\/wp\/v2\/pages\/5221","targetHints":{"allow":["GET"]}}],"collection":[{"href":"https:\/\/fisheries.groupcls.com\/fr\/wp-json\/wp\/v2\/pages"}],"about":[{"href":"https:\/\/fisheries.groupcls.com\/fr\/wp-json\/wp\/v2\/types\/page"}],"author":[{"embeddable":true,"href":"https:\/\/fisheries.groupcls.com\/fr\/wp-json\/wp\/v2\/users\/11"}],"replies":[{"embeddable":true,"href":"https:\/\/fisheries.groupcls.com\/fr\/wp-json\/wp\/v2\/comments?post=5221"}],"version-history":[{"count":25,"href":"https:\/\/fisheries.groupcls.com\/fr\/wp-json\/wp\/v2\/pages\/5221\/revisions"}],"predecessor-version":[{"id":13914,"href":"https:\/\/fisheries.groupcls.com\/fr\/wp-json\/wp\/v2\/pages\/5221\/revisions\/13914"}],"up":[{"embeddable":true,"href":"https:\/\/fisheries.groupcls.com\/fr\/wp-json\/wp\/v2\/pages\/5209"}],"wp:featuredmedia":[{"embeddable":true,"href":"https:\/\/fisheries.groupcls.com\/fr\/wp-json\/wp\/v2\/media\/10327"}],"wp:attachment":[{"href":"https:\/\/fisheries.groupcls.com\/fr\/wp-json\/wp\/v2\/media?parent=5221"}],"curies":[{"name":"wp","href":"https:\/\/api.w.org\/{rel}","templated":true}]}}