{"id":5209,"date":"2017-08-01T14:57:07","date_gmt":"2017-08-01T12:57:07","guid":{"rendered":"https:\/\/fisheries.groupcls.com\/?page_id=5209\/"},"modified":"2026-01-29T17:08:23","modified_gmt":"2026-01-29T16:08:23","slug":"administrations","status":"publish","type":"page","link":"https:\/\/fisheries.groupcls.com\/fr\/administrations\/","title":{"rendered":"Administrations"},"content":{"rendered":"<div class=\"wpb-content-wrapper\"><p>[vc_row css=\u00a0\u00bb.vc_custom_1614611735446{margin-top: 30px !important;margin-bottom: 20px !important;}\u00a0\u00bb][vc_column][vc_row_inner equal_height=\u00a0\u00bbyes\u00a0\u00bb][vc_column_inner width=\u00a0\u00bb1\/3&Prime; css=\u00a0\u00bb.vc_custom_1614611628949{margin-right: 10px !important;padding-top: 30px !important;padding-right: 30px !important;padding-bottom: 30px !important;padding-left: 30px !important;background-image: url(https:\/\/fisheries.groupcls.com\/wp-content\/uploads\/layerslider\/Homepage-slider\/iStock_000017160311Large-1024&#215;682.jpg?id=7111) !important;border-radius: 5px !important;}\u00a0\u00bb][vc_custom_heading text=\u00a0\u00bbCentre de surveillance des p\u00eaches FMC\u00a0\u00bb font_container=\u00a0\u00bbtag:h2|text_align:left|color:%23ffffff\u00a0\u00bb google_fonts=\u00a0\u00bbfont_family:Montserrat%3Aregular%2C700|font_style:700%20bold%20regular%3A700%3Anormal\u00a0\u00bb link=\u00a0\u00bburl:https%3A%2F%2Ffisheries.groupcls.com%2Ffr%2Fadministrations%2Fthemis-centre-de-surveillance-des-peches-fmc%2F|||\u00a0\u00bb][vc_column_text]<span style=\"color: #fff;\">Une \u00e9tape cl\u00e9 pour mettre en place une politique de gestion durable des ressources marines conforme aux r\u00e9glementations VMS\/ERS<\/span>[\/vc_column_text][vc_btn title=\u00a0\u00bbEn savoir plus\u00a0\u00bb color=\u00a0\u00bbpeacoc\u00a0\u00bb align=\u00a0\u00bbright\u00a0\u00bb link=\u00a0\u00bburl:https%3A%2F%2Ffisheries.groupcls.com%2Ffr%2Fadministrations%2Fthemis-centre-de-surveillance-des-peches-fmc%2F|||\u00a0\u00bb][\/vc_column_inner][vc_column_inner width=\u00a0\u00bb1\/3&Prime; css=\u00a0\u00bb.vc_custom_1614611634251{margin-left: 10px !important;padding-top: 30px !important;padding-right: 30px !important;padding-bottom: 30px !important;padding-left: 30px !important;background-image: url(https:\/\/fisheries.groupcls.com\/wp-content\/uploads\/2015\/05\/fish_in_box.jpg?id=6901) !important;border-radius: 5px !important;}\u00a0\u00bb][vc_custom_heading text=\u00a0\u00bbVMS \/ ERS\u00a0\u00bb font_container=\u00a0\u00bbtag:h2|text_align:left|color:%23ffffff\u00a0\u00bb google_fonts=\u00a0\u00bbfont_family:Montserrat%3Aregular%2C700|font_style:700%20bold%20regular%3A700%3Anormal\u00a0\u00bb link=\u00a0\u00bburl:https%3A%2F%2Ffisheries.groupcls.com%2Ffr%2Fadministrations%2Fvmsers%2F|||\u00a0\u00bb][vc_column_text]<span style=\"color: #fff;\">Un \u00e9l\u00e9ment cl\u00e9 pour le suivi, le contr\u00f4le et la surveillance des activit\u00e9s de p\u00eache (MCS)<\/span>[\/vc_column_text][vc_btn title=\u00a0\u00bbEn savoir plus\u00a0\u00bb color=\u00a0\u00bbpeacoc\u00a0\u00bb align=\u00a0\u00bbright\u00a0\u00bb link=\u00a0\u00bburl:https%3A%2F%2Ffisheries.groupcls.com%2Ffr%2Fadministrations%2Fvmsers%2F|||\u00a0\u00bb][\/vc_column_inner][vc_column_inner width=\u00a0\u00bb1\/3&Prime; css=\u00a0\u00bb.vc_custom_1769702901296{margin-left: 10px !important;padding-top: 30px !important;padding-right: 30px !important;padding-bottom: 30px !important;padding-left: 30px !important;background-image: url(https:\/\/fisheries.groupcls.com\/wp-content\/uploads\/2016\/11\/bg-ocean.jpg?id=6765) !important;}\u00a0\u00bb][vc_custom_heading text=\u00a0\u00bbEtudes des \u00e9cosyst\u00e8mes marins\u00a0\u00bb font_container=\u00a0\u00bbtag:h2|text_align:left|color:%23ffffff\u00a0\u00bb google_fonts=\u00a0\u00bbfont_family:Montserrat%3Aregular%2C700|font_style:700%20bold%20regular%3A700%3Anormal\u00a0\u00bb css=\u00a0\u00bb\u00a0\u00bb link=\u00a0\u00bburl:https%3A%2F%2Ffisheries.groupcls.com%2Ffr%2Fadministrations%2Fetudes-ecosystemes-marins%2F\u00a0\u00bb][vc_btn title=\u00a0\u00bbEn savoir plus\u00a0\u00bb color=\u00a0\u00bbpeacoc\u00a0\u00bb align=\u00a0\u00bbright\u00a0\u00bb css=\u00a0\u00bb\u00a0\u00bb link=\u00a0\u00bburl:https%3A%2F%2Ffisheries.groupcls.com%2Ffr%2Fadministrations%2Fetudes-ecosystemes-marins%2F\u00a0\u00bb][\/vc_column_inner][\/vc_row_inner][\/vc_column][\/vc_row][vc_row css=\u00a0\u00bb.vc_custom_1593609683649{margin-bottom: 20px !important;}\u00a0\u00bb][vc_column][vc_row_inner equal_height=\u00a0\u00bbyes\u00a0\u00bb][vc_column_inner width=\u00a0\u00bb1\/2&Prime; css=\u00a0\u00bb.vc_custom_1614611641500{margin-right: 10px !important;padding-top: 30px !important;padding-right: 30px !important;padding-bottom: 30px !important;padding-left: 30px !important;background-image: url(https:\/\/fisheries.groupcls.com\/wp-content\/uploads\/2019\/10\/fish-website.jpg?id=7504) !important;border-radius: 5px !important;}\u00a0\u00bb][vc_custom_heading text=\u00a0\u00bbLutter contre la p\u00eache illicite, non d\u00e9clar\u00e9e, non r\u00e9glement\u00e9e\u00a0\u00bb font_container=\u00a0\u00bbtag:h2|text_align:left|color:%23ffffff\u00a0\u00bb google_fonts=\u00a0\u00bbfont_family:Montserrat%3Aregular%2C700|font_style:700%20bold%20regular%3A700%3Anormal\u00a0\u00bb link=\u00a0\u00bburl:https%3A%2F%2Ffisheries.groupcls.com%2Ffr%2Fadministrations%2Flutter-contre-la-peche-illicite-non-declaree-non-reglementee%2F|||\u00a0\u00bb][vc_column_text]<span style=\"color: #fff;\">Surveiller \u00e0 distance des zones r\u00e9gionales afin <\/span><span style=\"color: #ffffff;\">d\u2019\u00e9radiquer les activit\u00e9s de p\u00eache ill\u00e9gales \u00e0 partir d\u2019une vari\u00e9t\u00e9 de sources AIS, VMS et radar<\/span>[\/vc_column_text][vc_btn title=\u00a0\u00bbEn savoir plus\u00a0\u00bb color=\u00a0\u00bbpeacoc\u00a0\u00bb align=\u00a0\u00bbright\u00a0\u00bb link=\u00a0\u00bburl:https%3A%2F%2Ffisheries.groupcls.com%2Ffr%2Fadministrations%2Flutter-contre-la-peche-illicite-non-declaree-non-reglementee%2F|||\u00a0\u00bb][\/vc_column_inner][vc_column_inner width=\u00a0\u00bb1\/2&Prime; css=\u00a0\u00bb.vc_custom_1614611663339{margin-left: 10px !important;padding-top: 30px !important;padding-right: 30px !important;padding-bottom: 30px !important;padding-left: 30px !important;background-image: url(https:\/\/fisheries.groupcls.com\/wp-content\/uploads\/2018\/11\/iStock-597252474-min-e1567000673464.jpg?id=7181) !important;border-radius: 5px !important;}\u00a0\u00bb][vc_custom_heading text=\u00a0\u00bbProt\u00e9ger la p\u00eache artisanale\u00a0\u00bb font_container=\u00a0\u00bbtag:h2|text_align:left|color:%23ffffff\u00a0\u00bb google_fonts=\u00a0\u00bbfont_family:Montserrat%3Aregular%2C700|font_style:700%20bold%20regular%3A700%3Anormal\u00a0\u00bb link=\u00a0\u00bburl:https%3A%2F%2Ffisheries.groupcls.com%2Ffr%2Fadministrations%2Fsysteme-nemo%2F|||\u00a0\u00bb][vc_column_text]<span style=\"color: #fff;\">Surveiller les p\u00eacheurs artisanaux au cours de leurs campagnes pour assurer leur s\u00e9curit\u00e9 et leur fournir des informations pour la gestion et la pr\u00e9servation des p\u00eaches<\/span>[\/vc_column_text][vc_btn title=\u00a0\u00bbEn savoir plus\u00a0\u00bb color=\u00a0\u00bbpeacoc\u00a0\u00bb align=\u00a0\u00bbright\u00a0\u00bb link=\u00a0\u00bburl:https%3A%2F%2Ffisheries.groupcls.com%2Ffr%2Fadministrations%2Fsysteme-nemo%2F|||\u00a0\u00bb][\/vc_column_inner][\/vc_row_inner][\/vc_column][\/vc_row]<\/p>\n<\/div>","protected":false},"excerpt":{"rendered":"<p>[vc_row css=\u00a0\u00bb.vc_custom_1614611735446{margin-top: 30px !important;margin-bottom: 20px !important;}\u00a0\u00bb][vc_column][vc_row_inner equal_height=\u00a0\u00bbyes\u00a0\u00bb][vc_column_inner width=\u00a0\u00bb1\/3&Prime; css=\u00a0\u00bb.vc_custom_1614611628949{margin-right: 10px !important;padding-top: 30px !important;padding-right: 30px !important;padding-bottom: 30px !important;padding-left: 30px !important;background-image: url(https:\/\/fisheries.groupcls.com\/wp-content\/uploads\/layerslider\/Homepage-slider\/iStock_000017160311Large-1024&#215;682.jpg?id=7111) !important;border-radius: 5px !important;}\u00a0\u00bb][vc_custom_heading text=\u00a0\u00bbCentre de surveillance des p\u00eaches FMC\u00a0\u00bb font_container=\u00a0\u00bbtag:h2|text_align:left|color:%23ffffff\u00a0\u00bb google_fonts=\u00a0\u00bbfont_family:Montserrat%3Aregular%2C700|font_style:700%20bold%20regular%3A700%3Anormal\u00a0\u00bb link=\u00a0\u00bburl:https%3A%2F%2Ffisheries.groupcls.com%2Ffr%2Fadministrations%2Fthemis-centre-de-surveillance-des-peches-fmc%2F|||\u00a0\u00bb][vc_column_text]Une \u00e9tape cl\u00e9 pour mettre en place une politique de gestion durable des ressources marines conforme aux r\u00e9glementations VMS\/ERS[\/vc_column_text][vc_btn title=\u00a0\u00bbEn savoir plus\u00a0\u00bb color=\u00a0\u00bbpeacoc\u00a0\u00bb align=\u00a0\u00bbright\u00a0\u00bb<\/p>\n","protected":false},"author":6,"featured_media":7111,"parent":0,"menu_order":78,"comment_status":"closed","ping_status":"closed","template":"","meta":{"footnotes":""},"class_list":["post-5209","page","type-page","status-publish","has-post-thumbnail","hentry"],"yoast_head":"<!-- This site is optimized with the Yoast SEO plugin v27.2 - https:\/\/yoast.com\/product\/yoast-seo-wordpress\/ -->\n<title>D\u00e9couvrez nos solutions de p\u00eache pour les administrations - CLS<\/title>\n<meta name=\"description\" content=\"CLS travaille avec les administrations de p\u00eache et les ORGP du monde entier pour g\u00e9rer durablement les ressources.\" \/>\n<meta name=\"robots\" content=\"index, follow, max-snippet:-1, max-image-preview:large, max-video-preview:-1\" \/>\n<link rel=\"canonical\" href=\"https:\/\/fisheries.groupcls.com\/fr\/administrations\/\" \/>\n<meta property=\"og:locale\" content=\"fr_FR\" \/>\n<meta property=\"og:type\" content=\"article\" \/>\n<meta property=\"og:title\" content=\"D\u00e9couvrez nos solutions de p\u00eache pour les administrations - CLS\" \/>\n<meta property=\"og:description\" content=\"CLS travaille avec les administrations de p\u00eache et les ORGP du monde entier pour g\u00e9rer durablement les ressources.\" \/>\n<meta property=\"og:url\" content=\"https:\/\/fisheries.groupcls.com\/fr\/administrations\/\" \/>\n<meta property=\"og:site_name\" content=\"CLS Fisheries\" \/>\n<meta property=\"article:modified_time\" content=\"2026-01-29T16:08:23+00:00\" \/>\n<meta property=\"og:image\" content=\"https:\/\/fisheries.groupcls.com\/wp-content\/uploads\/layerslider\/Homepage-slider\/iStock_000017160311Large-1024x682.jpg\" \/>\n\t<meta property=\"og:image:width\" content=\"1024\" \/>\n\t<meta property=\"og:image:height\" content=\"682\" \/>\n\t<meta property=\"og:image:type\" content=\"image\/jpeg\" \/>\n<meta name=\"twitter:card\" content=\"summary_large_image\" \/>\n<meta name=\"twitter:label1\" content=\"Dur\u00e9e de lecture estim\u00e9e\" \/>\n\t<meta name=\"twitter:data1\" content=\"2 minutes\" \/>\n<script type=\"application\/ld+json\" class=\"yoast-schema-graph\">{\"@context\":\"https:\/\/schema.org\",\"@graph\":[{\"@type\":[\"WebPage\",\"CollectionPage\"],\"@id\":\"https:\/\/fisheries.groupcls.com\/fr\/administrations\/\",\"url\":\"https:\/\/fisheries.groupcls.com\/fr\/administrations\/\",\"name\":\"D\u00e9couvrez nos solutions de p\u00eache pour les administrations - CLS\",\"isPartOf\":{\"@id\":\"https:\/\/fisheries.groupcls.com\/fr\/#website\"},\"primaryImageOfPage\":{\"@id\":\"https:\/\/fisheries.groupcls.com\/fr\/administrations\/#primaryimage\"},\"image\":{\"@id\":\"https:\/\/fisheries.groupcls.com\/fr\/administrations\/#primaryimage\"},\"thumbnailUrl\":\"https:\/\/fisheries.groupcls.com\/wp-content\/uploads\/layerslider\/Homepage-slider\/iStock_000017160311Large-1024x682.jpg\",\"datePublished\":\"2017-08-01T12:57:07+00:00\",\"dateModified\":\"2026-01-29T16:08:23+00:00\",\"description\":\"CLS travaille avec les administrations de p\u00eache et les ORGP du monde entier pour g\u00e9rer durablement les ressources.\",\"breadcrumb\":{\"@id\":\"https:\/\/fisheries.groupcls.com\/fr\/administrations\/#breadcrumb\"},\"inLanguage\":\"fr-FR\"},{\"@type\":\"ImageObject\",\"inLanguage\":\"fr-FR\",\"@id\":\"https:\/\/fisheries.groupcls.com\/fr\/administrations\/#primaryimage\",\"url\":\"https:\/\/fisheries.groupcls.com\/wp-content\/uploads\/layerslider\/Homepage-slider\/iStock_000017160311Large-1024x682.jpg\",\"contentUrl\":\"https:\/\/fisheries.groupcls.com\/wp-content\/uploads\/layerslider\/Homepage-slider\/iStock_000017160311Large-1024x682.jpg\",\"width\":1024,\"height\":682,\"caption\":\"bateaux\"},{\"@type\":\"BreadcrumbList\",\"@id\":\"https:\/\/fisheries.groupcls.com\/fr\/administrations\/#breadcrumb\",\"itemListElement\":[{\"@type\":\"ListItem\",\"position\":1,\"name\":\"Accueil\",\"item\":\"https:\/\/fisheries.groupcls.com\/fr\/\"},{\"@type\":\"ListItem\",\"position\":2,\"name\":\"Administrations\"}]},{\"@type\":\"WebSite\",\"@id\":\"https:\/\/fisheries.groupcls.com\/fr\/#website\",\"url\":\"https:\/\/fisheries.groupcls.com\/fr\/\",\"name\":\"CLS Fisheries\",\"description\":\"CLS est cetifi\u00e9 par les grands organismes internationaux \u00e0 travers le monde et travaille d\u00e9j\u00e0 avec des milliers de navires de p\u00eache dans le monde entier.\",\"publisher\":{\"@id\":\"https:\/\/fisheries.groupcls.com\/fr\/#organization\"},\"potentialAction\":[{\"@type\":\"SearchAction\",\"target\":{\"@type\":\"EntryPoint\",\"urlTemplate\":\"https:\/\/fisheries.groupcls.com\/fr\/?s={search_term_string}\"},\"query-input\":{\"@type\":\"PropertyValueSpecification\",\"valueRequired\":true,\"valueName\":\"search_term_string\"}}],\"inLanguage\":\"fr-FR\"},{\"@type\":\"Organization\",\"@id\":\"https:\/\/fisheries.groupcls.com\/fr\/#organization\",\"name\":\"CLS\",\"url\":\"https:\/\/fisheries.groupcls.com\/fr\/\",\"logo\":{\"@type\":\"ImageObject\",\"inLanguage\":\"fr-FR\",\"@id\":\"https:\/\/fisheries.groupcls.com\/fr\/#\/schema\/logo\/image\/\",\"url\":\"https:\/\/fisheries.groupcls.com\/wp-content\/uploads\/2016\/04\/logo-cls.png\",\"contentUrl\":\"https:\/\/fisheries.groupcls.com\/wp-content\/uploads\/2016\/04\/logo-cls.png\",\"width\":107,\"height\":90,\"caption\":\"CLS\"},\"image\":{\"@id\":\"https:\/\/fisheries.groupcls.com\/fr\/#\/schema\/logo\/image\/\"}}]}<\/script>\n<!-- \/ Yoast SEO plugin. -->","yoast_head_json":{"title":"D\u00e9couvrez nos solutions de p\u00eache pour les administrations - CLS","description":"CLS travaille avec les administrations de p\u00eache et les ORGP du monde entier pour g\u00e9rer durablement les ressources.","robots":{"index":"index","follow":"follow","max-snippet":"max-snippet:-1","max-image-preview":"max-image-preview:large","max-video-preview":"max-video-preview:-1"},"canonical":"https:\/\/fisheries.groupcls.com\/fr\/administrations\/","og_locale":"fr_FR","og_type":"article","og_title":"D\u00e9couvrez nos solutions de p\u00eache pour les administrations - CLS","og_description":"CLS travaille avec les administrations de p\u00eache et les ORGP du monde entier pour g\u00e9rer durablement les ressources.","og_url":"https:\/\/fisheries.groupcls.com\/fr\/administrations\/","og_site_name":"CLS Fisheries","article_modified_time":"2026-01-29T16:08:23+00:00","og_image":[{"width":1024,"height":682,"url":"https:\/\/fisheries.groupcls.com\/wp-content\/uploads\/layerslider\/Homepage-slider\/iStock_000017160311Large-1024x682.jpg","type":"image\/jpeg"}],"twitter_card":"summary_large_image","twitter_misc":{"Dur\u00e9e de lecture estim\u00e9e":"2 minutes"},"schema":{"@context":"https:\/\/schema.org","@graph":[{"@type":["WebPage","CollectionPage"],"@id":"https:\/\/fisheries.groupcls.com\/fr\/administrations\/","url":"https:\/\/fisheries.groupcls.com\/fr\/administrations\/","name":"D\u00e9couvrez nos solutions de p\u00eache pour les administrations - CLS","isPartOf":{"@id":"https:\/\/fisheries.groupcls.com\/fr\/#website"},"primaryImageOfPage":{"@id":"https:\/\/fisheries.groupcls.com\/fr\/administrations\/#primaryimage"},"image":{"@id":"https:\/\/fisheries.groupcls.com\/fr\/administrations\/#primaryimage"},"thumbnailUrl":"https:\/\/fisheries.groupcls.com\/wp-content\/uploads\/layerslider\/Homepage-slider\/iStock_000017160311Large-1024x682.jpg","datePublished":"2017-08-01T12:57:07+00:00","dateModified":"2026-01-29T16:08:23+00:00","description":"CLS travaille avec les administrations de p\u00eache et les ORGP du monde entier pour g\u00e9rer durablement les ressources.","breadcrumb":{"@id":"https:\/\/fisheries.groupcls.com\/fr\/administrations\/#breadcrumb"},"inLanguage":"fr-FR"},{"@type":"ImageObject","inLanguage":"fr-FR","@id":"https:\/\/fisheries.groupcls.com\/fr\/administrations\/#primaryimage","url":"https:\/\/fisheries.groupcls.com\/wp-content\/uploads\/layerslider\/Homepage-slider\/iStock_000017160311Large-1024x682.jpg","contentUrl":"https:\/\/fisheries.groupcls.com\/wp-content\/uploads\/layerslider\/Homepage-slider\/iStock_000017160311Large-1024x682.jpg","width":1024,"height":682,"caption":"bateaux"},{"@type":"BreadcrumbList","@id":"https:\/\/fisheries.groupcls.com\/fr\/administrations\/#breadcrumb","itemListElement":[{"@type":"ListItem","position":1,"name":"Accueil","item":"https:\/\/fisheries.groupcls.com\/fr\/"},{"@type":"ListItem","position":2,"name":"Administrations"}]},{"@type":"WebSite","@id":"https:\/\/fisheries.groupcls.com\/fr\/#website","url":"https:\/\/fisheries.groupcls.com\/fr\/","name":"CLS Fisheries","description":"CLS est cetifi\u00e9 par les grands organismes internationaux \u00e0 travers le monde et travaille d\u00e9j\u00e0 avec des milliers de navires de p\u00eache dans le monde entier.","publisher":{"@id":"https:\/\/fisheries.groupcls.com\/fr\/#organization"},"potentialAction":[{"@type":"SearchAction","target":{"@type":"EntryPoint","urlTemplate":"https:\/\/fisheries.groupcls.com\/fr\/?s={search_term_string}"},"query-input":{"@type":"PropertyValueSpecification","valueRequired":true,"valueName":"search_term_string"}}],"inLanguage":"fr-FR"},{"@type":"Organization","@id":"https:\/\/fisheries.groupcls.com\/fr\/#organization","name":"CLS","url":"https:\/\/fisheries.groupcls.com\/fr\/","logo":{"@type":"ImageObject","inLanguage":"fr-FR","@id":"https:\/\/fisheries.groupcls.com\/fr\/#\/schema\/logo\/image\/","url":"https:\/\/fisheries.groupcls.com\/wp-content\/uploads\/2016\/04\/logo-cls.png","contentUrl":"https:\/\/fisheries.groupcls.com\/wp-content\/uploads\/2016\/04\/logo-cls.png","width":107,"height":90,"caption":"CLS"},"image":{"@id":"https:\/\/fisheries.groupcls.com\/fr\/#\/schema\/logo\/image\/"}}]}},"_links":{"self":[{"href":"https:\/\/fisheries.groupcls.com\/fr\/wp-json\/wp\/v2\/pages\/5209","targetHints":{"allow":["GET"]}}],"collection":[{"href":"https:\/\/fisheries.groupcls.com\/fr\/wp-json\/wp\/v2\/pages"}],"about":[{"href":"https:\/\/fisheries.groupcls.com\/fr\/wp-json\/wp\/v2\/types\/page"}],"author":[{"embeddable":true,"href":"https:\/\/fisheries.groupcls.com\/fr\/wp-json\/wp\/v2\/users\/6"}],"replies":[{"embeddable":true,"href":"https:\/\/fisheries.groupcls.com\/fr\/wp-json\/wp\/v2\/comments?post=5209"}],"version-history":[{"count":34,"href":"https:\/\/fisheries.groupcls.com\/fr\/wp-json\/wp\/v2\/pages\/5209\/revisions"}],"predecessor-version":[{"id":14112,"href":"https:\/\/fisheries.groupcls.com\/fr\/wp-json\/wp\/v2\/pages\/5209\/revisions\/14112"}],"wp:featuredmedia":[{"embeddable":true,"href":"https:\/\/fisheries.groupcls.com\/fr\/wp-json\/wp\/v2\/media\/7111"}],"wp:attachment":[{"href":"https:\/\/fisheries.groupcls.com\/fr\/wp-json\/wp\/v2\/media?parent=5209"}],"curies":[{"name":"wp","href":"https:\/\/api.w.org\/{rel}","templated":true}]}}