{"id":13992,"date":"2026-01-28T15:56:59","date_gmt":"2026-01-28T14:56:59","guid":{"rendered":"https:\/\/fisheries.groupcls.com\/?page_id=13992"},"modified":"2026-01-29T14:35:19","modified_gmt":"2026-01-29T13:35:19","slug":"catsat-pour-senneurs-et-chalutiers-pelagiques","status":"publish","type":"page","link":"https:\/\/fisheries.groupcls.com\/fr\/pecheurs\/catsat-intelligence-oceanographique\/catsat-pour-senneurs-et-chalutiers-pelagiques\/","title":{"rendered":"CATSAT pour les senneurs et chalutiers p\u00e9lagiques"},"content":{"rendered":"<div class=\"wpb-content-wrapper\"><p>[vc_row css=\u00a0\u00bb.vc_custom_1763647498904{padding-bottom: 60px !important;}\u00a0\u00bb][vc_column width=\u00a0\u00bb1\/2&Prime;][vc_column_text css=\u00a0\u00bb\u00a0\u00bb]<\/p>\n<h2>Des dispositifs de concentration de poissons aux zones de p\u00eache : exploitez tout le potentiel p\u00e9lagique avec CATSAT<\/h2>\n<p style=\"text-align: justify;\"><strong>Am\u00e9liorez l\u2019efficacit\u00e9, la pr\u00e9cision et la durabilit\u00e9 de vos op\u00e9rations de p\u00eache \u00e0 la senne ou au chalut p\u00e9lagique gr\u00e2ce \u00e0 l\u2019intelligence oc\u00e9anique fournie par CATSAT.<\/strong><\/p>\n<p style=\"text-align: justify;\">Con\u00e7ue pour les flottes de senneurs et de chalutiers p\u00e9lagiques ciblant des esp\u00e8ces telles que le listao, l\u2019albacore, le maquereau et d\u2019autres poissons p\u00e9lagiques, CATSAT propose un ensemble d\u2019outils sp\u00e9cifiquement adapt\u00e9s aux r\u00e9alit\u00e9s de ces p\u00eacheries.<\/p>\n<p style=\"text-align: justify;\">La solution accompagne les capitaines dans :<\/p>\n<ul>\n<li>le d\u00e9ploiement et le suivi des dispositifs de concentration de poissons,<\/li>\n<li>l\u2019identification des zones \u00e0 forte probabilit\u00e9 de captures,<\/li>\n<li>et la mise en \u0153uvre de strat\u00e9gies de p\u00eache plus s\u00e9lectives,<br \/>\nle tout reposant sur une expertise scientifique oc\u00e9anographique reconnue.<\/li>\n<\/ul>\n<p>[\/vc_column_text][vc_btn title=\u00a0\u00bbContactez-nous pour plus d&rsquo;informations\u00a0\u00bb align=\u00a0\u00bbleft\u00a0\u00bb css=\u00a0\u00bb\u00a0\u00bb link=\u00a0\u00bburl:https%3A%2F%2Ffisheries.groupcls.com%2Ffr%2Fcontact%2F|title:Contact|\u00a0\u00bb][\/vc_column][vc_column width=\u00a0\u00bb1\/2&Prime; css=\u00a0\u00bb.vc_custom_1763647476104{margin-left: 2em !important;}\u00a0\u00bb][vc_single_image image=\u00a0\u00bb13990&Prime; img_size=\u00a0\u00bbfull\u00a0\u00bb alignment=\u00a0\u00bbcenter\u00a0\u00bb css=\u00a0\u00bb\u00a0\u00bb][\/vc_column][\/vc_row][vc_row full_width=\u00a0\u00bbstretch_row\u00a0\u00bb css=\u00a0\u00bb.vc_custom_1763647567309{padding-top: 60px !important;padding-bottom: 60px !important;background-color: #0F1F2D !important;}\u00a0\u00bb][vc_column][vc_column_text css=\u00a0\u00bb\u00a0\u00bb]<\/p>\n<h2 style=\"text-align: center; color: #ffffff;\">Principaux avantages de CATSAT pour les senneurs et les chalutiers p\u00e9lagiques<\/h2>\n<p>[\/vc_column_text][vc_row_inner gap=\u00a0\u00bb20&Prime; css=\u00a0\u00bb.vc_custom_1763647658453{padding-bottom: 20px !important;}\u00a0\u00bb][vc_column_inner width=\u00a0\u00bb1\/4&Prime;][vc_single_image image=\u00a0\u00bb10571&Prime; img_size=\u00a0\u00bb100&#215;100&Prime; css=\u00a0\u00bb\u00a0\u00bb][vc_column_text css=\u00a0\u00bb\u00a0\u00bb]<\/p>\n<h3 style=\"color: #ffffff;\">Cibler avec pr\u00e9cision les zones les plus productives<\/h3>\n<p style=\"text-align: justify; color: #ffffff;\">Dans les p\u00eacheries p\u00e9lagiques, la performance repose sur la capacit\u00e9 \u00e0 se positionner au bon endroit, au bon moment.<\/p>\n<p style=\"text-align: justify; color: #ffffff;\">CATSAT fournit aux capitaines une intelligence oc\u00e9anographique et biologique en temps r\u00e9el, incluant des cartes exclusives des habitats de zooplancton et de micronecton.<\/p>\n<p style=\"text-align: justify; color: #ffffff;\">Ces informations permettent de localiser les zones o\u00f9 les conditions environnementales sont les plus favorables \u00e0 la pr\u00e9sence des esp\u00e8ces cibl\u00e9es, r\u00e9duisant ainsi l\u2019incertitude et optimisant l\u2019effort de p\u00eache.<\/p>\n<p>[\/vc_column_text][\/vc_column_inner][vc_column_inner width=\u00a0\u00bb1\/4&Prime;][vc_single_image image=\u00a0\u00bb13969&Prime; img_size=\u00a0\u00bb109&#215;95&Prime; css=\u00a0\u00bb\u00a0\u00bb][vc_column_text css=\u00a0\u00bb\u00a0\u00bb]<\/p>\n<h3 style=\"color: #ffffff;\">Une strat\u00e9gie de dispositifs de concentration de poissons plus intelligente<\/h3>\n<p style=\"text-align: justify; color: #ffffff;\">CATSAT int\u00e8gre des mod\u00e8les avanc\u00e9s de courants de surface et de subsurface, permettant de pr\u00e9voir avec pr\u00e9cision la d\u00e9rive des dispositifs de concentration de poissons.<\/p>\n<p style=\"text-align: justify; color: #ffffff;\">Les capitaines peuvent ainsi optimiser le d\u00e9ploiement de leurs dispositifs, anticiper leur r\u00e9cup\u00e9ration et r\u00e9duire les pertes de mat\u00e9riel.<\/p>\n<p style=\"text-align: justify; color: #ffffff;\">En superposant ces pr\u00e9visions de d\u00e9rive aux zones biologiques \u00e0 fort potentiel, l\u2019effort de p\u00eache est positionn\u00e9 dans les corridors naturels d\u2019agr\u00e9gation, l\u00e0 o\u00f9 les poissons p\u00e9lagiques se concentrent pour s\u2019alimenter.<\/p>\n<p>[\/vc_column_text][\/vc_column_inner][vc_column_inner width=\u00a0\u00bb1\/4&Prime;][vc_single_image image=\u00a0\u00bb10580&Prime; img_size=\u00a0\u00bb100&#215;100&Prime; css=\u00a0\u00bb\u00a0\u00bb][vc_column_text css=\u00a0\u00bb\u00a0\u00bb]<\/p>\n<h3 style=\"color: #ffffff;\">Une compr\u00e9hension approfondie de la dynamique oc\u00e9anique<\/h3>\n<p style=\"text-align: justify; color: #ffffff;\">Des cartes haute r\u00e9solution de temp\u00e9rature de surface, de thermocline, d\u2019altim\u00e9trie, de structures frontales et de dynamiques de circulation offrent une vision tridimensionnelle de l\u2019oc\u00e9an.<\/p>\n<p style=\"text-align: justify; color: #ffffff;\">Cette compr\u00e9hension fine de l\u2019environnement marin permet aux capitaines d\u2019anticiper les d\u00e9placements des masses d\u2019eau et des esp\u00e8ces, de positionner leurs op\u00e9rations avec davantage de pr\u00e9cision, et d\u2019am\u00e9liorer la s\u00e9lectivit\u00e9 des captures tout en limitant les prises accessoires.<\/p>\n<p>[\/vc_column_text][\/vc_column_inner][vc_column_inner width=\u00a0\u00bb1\/4&Prime;][vc_single_image image=\u00a0\u00bb13991&Prime; img_size=\u00a0\u00bb140&#215;90&Prime; css=\u00a0\u00bb\u00a0\u00bb][vc_column_text css=\u00a0\u00bb\u00a0\u00bb]<\/p>\n<h3 style=\"color: #ffffff;\">Transformer l\u2019exp\u00e9rience de p\u00eache en strat\u00e9gie op\u00e9rationnelle<\/h3>\n<p style=\"text-align: justify; color: #ffffff;\">Gr\u00e2ce \u00e0 des outils d\u2019analyse des captures et \u00e0 un filtre multicrit\u00e8re, CATSAT aide les capitaines \u00e0 identifier les conditions oc\u00e9anographiques associ\u00e9es \u00e0 leurs meilleures performances de p\u00eache.<\/p>\n<p style=\"text-align: justify; color: #ffffff;\">Les donn\u00e9es historiques sont ainsi converties en connaissances op\u00e9rationnelles, permettant de pr\u00e9parer plus efficacement les campagnes futures et de renforcer la prise de d\u00e9cision en mer.<\/p>\n<p>[\/vc_column_text][\/vc_column_inner][\/vc_row_inner][vc_btn title=\u00a0\u00bbContactez nous\u00a0\u00bb align=\u00a0\u00bbcenter\u00a0\u00bb css=\u00a0\u00bb\u00a0\u00bb link=\u00a0\u00bburl:https%3A%2F%2Ffisheries.groupcls.com%2Ffr%2Fcontact%2F|title:Contact|\u00a0\u00bb][\/vc_column][\/vc_row][vc_row full_width=\u00a0\u00bbstretch_row\u00a0\u00bb css=\u00a0\u00bb.vc_custom_1763647843716{margin-bottom: -60px !important;padding-top: 60px !important;padding-bottom: 60px !important;background-color: #F5F7FA !important;}\u00a0\u00bb][vc_column][vc_single_image image=\u00a0\u00bb10571&Prime; img_size=\u00a0\u00bb90&#215;90&Prime; alignment=\u00a0\u00bbcenter\u00a0\u00bb css=\u00a0\u00bb\u00a0\u00bb][vc_column_text css=\u00a0\u00bb\u00a0\u00bb]<\/p>\n<h2 style=\"text-align: center;\">Optimisez vos campagnes de p\u00eache p\u00e9lagique avec CATSAT<\/h2>\n<p style=\"text-align: center;\">CATSAT offre aux flottes de senneurs et de chalutiers p\u00e9lagiques l\u2019intelligence n\u00e9cessaire pour agir de mani\u00e8re proactive, et non plus simplement r\u00e9active.<br \/>\nEn combinant donn\u00e9es biologiques, analyses oc\u00e9anographiques et outils d\u2019aide \u00e0 la d\u00e9cision, la solution am\u00e9liore la performance op\u00e9rationnelle, la rentabilit\u00e9 et la durabilit\u00e9 des activit\u00e9s de p\u00eache.<\/p>\n<p style=\"text-align: center;\"><strong>Contactez nos experts pour d\u00e9couvrir comment CATSAT peut accompagner et optimiser votre prochaine campagne de p\u00eache.<\/strong><\/p>\n<p>[\/vc_column_text][vc_btn title=\u00a0\u00bbContactez nous\u00a0\u00bb align=\u00a0\u00bbcenter\u00a0\u00bb css=\u00a0\u00bb\u00a0\u00bb link=\u00a0\u00bburl:https%3A%2F%2Ffisheries.groupcls.com%2Ffr%2Fcontact%2F|title:Contact|\u00a0\u00bb][\/vc_column][\/vc_row]<\/p>\n<\/div>","protected":false},"excerpt":{"rendered":"<p>[vc_row css=\u00a0\u00bb.vc_custom_1763647498904{padding-bottom: 60px !important;}\u00a0\u00bb][vc_column width=\u00a0\u00bb1\/2&Prime;][vc_column_text css=\u00a0\u00bb\u00a0\u00bb] Des dispositifs de concentration de poissons aux zones de p\u00eache : exploitez tout le potentiel p\u00e9lagique avec CATSAT Am\u00e9liorez l\u2019efficacit\u00e9, la pr\u00e9cision et la durabilit\u00e9 de vos op\u00e9rations de p\u00eache \u00e0 la senne ou au chalut p\u00e9lagique gr\u00e2ce \u00e0 l\u2019intelligence oc\u00e9anique fournie par CATSAT. Con\u00e7ue pour les flottes de<\/p>\n","protected":false},"author":15,"featured_media":13990,"parent":13962,"menu_order":0,"comment_status":"closed","ping_status":"closed","template":"","meta":{"footnotes":""},"class_list":["post-13992","page","type-page","status-publish","has-post-thumbnail","hentry"],"yoast_head":"<!-- This site is optimized with the Yoast SEO plugin v27.2 - https:\/\/yoast.com\/product\/yoast-seo-wordpress\/ -->\n<title>CATSAT pour les senneurs et chalutiers p\u00e9lagiques - CLS Fisheries<\/title>\n<meta name=\"description\" content=\"CATSAT aide les senneurs et les chalutiers p\u00e9lagiques \u00e0 optimiser l&#039;efficacit\u00e9 et la durabilit\u00e9 de leurs op\u00e9rations.\" \/>\n<meta name=\"robots\" content=\"index, follow, max-snippet:-1, max-image-preview:large, max-video-preview:-1\" \/>\n<link rel=\"canonical\" href=\"https:\/\/fisheries.groupcls.com\/fr\/pecheurs\/catsat-intelligence-oceanographique\/catsat-pour-senneurs-et-chalutiers-pelagiques\/\" \/>\n<meta property=\"og:locale\" content=\"fr_FR\" \/>\n<meta property=\"og:type\" content=\"article\" \/>\n<meta property=\"og:title\" content=\"CATSAT pour les senneurs et chalutiers p\u00e9lagiques - CLS Fisheries\" \/>\n<meta property=\"og:description\" content=\"CATSAT aide les senneurs et les chalutiers p\u00e9lagiques \u00e0 optimiser l&#039;efficacit\u00e9 et la durabilit\u00e9 de leurs op\u00e9rations.\" \/>\n<meta property=\"og:url\" content=\"https:\/\/fisheries.groupcls.com\/fr\/pecheurs\/catsat-intelligence-oceanographique\/catsat-pour-senneurs-et-chalutiers-pelagiques\/\" \/>\n<meta property=\"og:site_name\" content=\"CLS Fisheries\" \/>\n<meta property=\"article:modified_time\" content=\"2026-01-29T13:35:19+00:00\" \/>\n<meta property=\"og:image\" content=\"https:\/\/fisheries.groupcls.com\/wp-content\/uploads\/2025\/12\/pelagic-trawler.jpg\" \/>\n\t<meta property=\"og:image:width\" content=\"700\" \/>\n\t<meta property=\"og:image:height\" content=\"500\" \/>\n\t<meta property=\"og:image:type\" content=\"image\/jpeg\" \/>\n<meta name=\"twitter:card\" content=\"summary_large_image\" \/>\n<meta name=\"twitter:label1\" content=\"Dur\u00e9e de lecture estim\u00e9e\" \/>\n\t<meta name=\"twitter:data1\" content=\"5 minutes\" \/>\n<script type=\"application\/ld+json\" class=\"yoast-schema-graph\">{\"@context\":\"https:\/\/schema.org\",\"@graph\":[{\"@type\":\"WebPage\",\"@id\":\"https:\/\/fisheries.groupcls.com\/fr\/pecheurs\/catsat-intelligence-oceanographique\/catsat-pour-senneurs-et-chalutiers-pelagiques\/\",\"url\":\"https:\/\/fisheries.groupcls.com\/fr\/pecheurs\/catsat-intelligence-oceanographique\/catsat-pour-senneurs-et-chalutiers-pelagiques\/\",\"name\":\"CATSAT pour les senneurs et chalutiers p\u00e9lagiques - CLS Fisheries\",\"isPartOf\":{\"@id\":\"https:\/\/fisheries.groupcls.com\/fr\/#website\"},\"primaryImageOfPage\":{\"@id\":\"https:\/\/fisheries.groupcls.com\/fr\/pecheurs\/catsat-intelligence-oceanographique\/catsat-pour-senneurs-et-chalutiers-pelagiques\/#primaryimage\"},\"image\":{\"@id\":\"https:\/\/fisheries.groupcls.com\/fr\/pecheurs\/catsat-intelligence-oceanographique\/catsat-pour-senneurs-et-chalutiers-pelagiques\/#primaryimage\"},\"thumbnailUrl\":\"https:\/\/fisheries.groupcls.com\/wp-content\/uploads\/2025\/12\/pelagic-trawler.jpg\",\"datePublished\":\"2026-01-28T14:56:59+00:00\",\"dateModified\":\"2026-01-29T13:35:19+00:00\",\"description\":\"CATSAT aide les senneurs et les chalutiers p\u00e9lagiques \u00e0 optimiser l'efficacit\u00e9 et la durabilit\u00e9 de leurs op\u00e9rations.\",\"breadcrumb\":{\"@id\":\"https:\/\/fisheries.groupcls.com\/fr\/pecheurs\/catsat-intelligence-oceanographique\/catsat-pour-senneurs-et-chalutiers-pelagiques\/#breadcrumb\"},\"inLanguage\":\"fr-FR\",\"potentialAction\":[{\"@type\":\"ReadAction\",\"target\":[\"https:\/\/fisheries.groupcls.com\/fr\/pecheurs\/catsat-intelligence-oceanographique\/catsat-pour-senneurs-et-chalutiers-pelagiques\/\"]}]},{\"@type\":\"ImageObject\",\"inLanguage\":\"fr-FR\",\"@id\":\"https:\/\/fisheries.groupcls.com\/fr\/pecheurs\/catsat-intelligence-oceanographique\/catsat-pour-senneurs-et-chalutiers-pelagiques\/#primaryimage\",\"url\":\"https:\/\/fisheries.groupcls.com\/wp-content\/uploads\/2025\/12\/pelagic-trawler.jpg\",\"contentUrl\":\"https:\/\/fisheries.groupcls.com\/wp-content\/uploads\/2025\/12\/pelagic-trawler.jpg\",\"width\":700,\"height\":500,\"caption\":\"chalutier p\u00e9lagique\"},{\"@type\":\"BreadcrumbList\",\"@id\":\"https:\/\/fisheries.groupcls.com\/fr\/pecheurs\/catsat-intelligence-oceanographique\/catsat-pour-senneurs-et-chalutiers-pelagiques\/#breadcrumb\",\"itemListElement\":[{\"@type\":\"ListItem\",\"position\":1,\"name\":\"Accueil\",\"item\":\"https:\/\/fisheries.groupcls.com\/fr\/\"},{\"@type\":\"ListItem\",\"position\":2,\"name\":\"P\u00eacheurs\",\"item\":\"https:\/\/fisheries.groupcls.com\/fr\/pecheurs\/\"},{\"@type\":\"ListItem\",\"position\":3,\"name\":\"CATSAT : L\u2019intelligence oc\u00e9anique pour une p\u00eache performante\",\"item\":\"https:\/\/fisheries.groupcls.com\/fr\/pecheurs\/catsat-intelligence-oceanographique\/\"},{\"@type\":\"ListItem\",\"position\":4,\"name\":\"CATSAT pour les senneurs et chalutiers p\u00e9lagiques\"}]},{\"@type\":\"WebSite\",\"@id\":\"https:\/\/fisheries.groupcls.com\/fr\/#website\",\"url\":\"https:\/\/fisheries.groupcls.com\/fr\/\",\"name\":\"CLS Fisheries\",\"description\":\"CLS est cetifi\u00e9 par les grands organismes internationaux \u00e0 travers le monde et travaille d\u00e9j\u00e0 avec des milliers de navires de p\u00eache dans le monde entier.\",\"publisher\":{\"@id\":\"https:\/\/fisheries.groupcls.com\/fr\/#organization\"},\"potentialAction\":[{\"@type\":\"SearchAction\",\"target\":{\"@type\":\"EntryPoint\",\"urlTemplate\":\"https:\/\/fisheries.groupcls.com\/fr\/?s={search_term_string}\"},\"query-input\":{\"@type\":\"PropertyValueSpecification\",\"valueRequired\":true,\"valueName\":\"search_term_string\"}}],\"inLanguage\":\"fr-FR\"},{\"@type\":\"Organization\",\"@id\":\"https:\/\/fisheries.groupcls.com\/fr\/#organization\",\"name\":\"CLS\",\"url\":\"https:\/\/fisheries.groupcls.com\/fr\/\",\"logo\":{\"@type\":\"ImageObject\",\"inLanguage\":\"fr-FR\",\"@id\":\"https:\/\/fisheries.groupcls.com\/fr\/#\/schema\/logo\/image\/\",\"url\":\"https:\/\/fisheries.groupcls.com\/wp-content\/uploads\/2016\/04\/logo-cls.png\",\"contentUrl\":\"https:\/\/fisheries.groupcls.com\/wp-content\/uploads\/2016\/04\/logo-cls.png\",\"width\":107,\"height\":90,\"caption\":\"CLS\"},\"image\":{\"@id\":\"https:\/\/fisheries.groupcls.com\/fr\/#\/schema\/logo\/image\/\"}}]}<\/script>\n<!-- \/ Yoast SEO plugin. -->","yoast_head_json":{"title":"CATSAT pour les senneurs et chalutiers p\u00e9lagiques - CLS Fisheries","description":"CATSAT aide les senneurs et les chalutiers p\u00e9lagiques \u00e0 optimiser l'efficacit\u00e9 et la durabilit\u00e9 de leurs op\u00e9rations.","robots":{"index":"index","follow":"follow","max-snippet":"max-snippet:-1","max-image-preview":"max-image-preview:large","max-video-preview":"max-video-preview:-1"},"canonical":"https:\/\/fisheries.groupcls.com\/fr\/pecheurs\/catsat-intelligence-oceanographique\/catsat-pour-senneurs-et-chalutiers-pelagiques\/","og_locale":"fr_FR","og_type":"article","og_title":"CATSAT pour les senneurs et chalutiers p\u00e9lagiques - CLS Fisheries","og_description":"CATSAT aide les senneurs et les chalutiers p\u00e9lagiques \u00e0 optimiser l'efficacit\u00e9 et la durabilit\u00e9 de leurs op\u00e9rations.","og_url":"https:\/\/fisheries.groupcls.com\/fr\/pecheurs\/catsat-intelligence-oceanographique\/catsat-pour-senneurs-et-chalutiers-pelagiques\/","og_site_name":"CLS Fisheries","article_modified_time":"2026-01-29T13:35:19+00:00","og_image":[{"width":700,"height":500,"url":"https:\/\/fisheries.groupcls.com\/wp-content\/uploads\/2025\/12\/pelagic-trawler.jpg","type":"image\/jpeg"}],"twitter_card":"summary_large_image","twitter_misc":{"Dur\u00e9e de lecture estim\u00e9e":"5 minutes"},"schema":{"@context":"https:\/\/schema.org","@graph":[{"@type":"WebPage","@id":"https:\/\/fisheries.groupcls.com\/fr\/pecheurs\/catsat-intelligence-oceanographique\/catsat-pour-senneurs-et-chalutiers-pelagiques\/","url":"https:\/\/fisheries.groupcls.com\/fr\/pecheurs\/catsat-intelligence-oceanographique\/catsat-pour-senneurs-et-chalutiers-pelagiques\/","name":"CATSAT pour les senneurs et chalutiers p\u00e9lagiques - CLS Fisheries","isPartOf":{"@id":"https:\/\/fisheries.groupcls.com\/fr\/#website"},"primaryImageOfPage":{"@id":"https:\/\/fisheries.groupcls.com\/fr\/pecheurs\/catsat-intelligence-oceanographique\/catsat-pour-senneurs-et-chalutiers-pelagiques\/#primaryimage"},"image":{"@id":"https:\/\/fisheries.groupcls.com\/fr\/pecheurs\/catsat-intelligence-oceanographique\/catsat-pour-senneurs-et-chalutiers-pelagiques\/#primaryimage"},"thumbnailUrl":"https:\/\/fisheries.groupcls.com\/wp-content\/uploads\/2025\/12\/pelagic-trawler.jpg","datePublished":"2026-01-28T14:56:59+00:00","dateModified":"2026-01-29T13:35:19+00:00","description":"CATSAT aide les senneurs et les chalutiers p\u00e9lagiques \u00e0 optimiser l'efficacit\u00e9 et la durabilit\u00e9 de leurs op\u00e9rations.","breadcrumb":{"@id":"https:\/\/fisheries.groupcls.com\/fr\/pecheurs\/catsat-intelligence-oceanographique\/catsat-pour-senneurs-et-chalutiers-pelagiques\/#breadcrumb"},"inLanguage":"fr-FR","potentialAction":[{"@type":"ReadAction","target":["https:\/\/fisheries.groupcls.com\/fr\/pecheurs\/catsat-intelligence-oceanographique\/catsat-pour-senneurs-et-chalutiers-pelagiques\/"]}]},{"@type":"ImageObject","inLanguage":"fr-FR","@id":"https:\/\/fisheries.groupcls.com\/fr\/pecheurs\/catsat-intelligence-oceanographique\/catsat-pour-senneurs-et-chalutiers-pelagiques\/#primaryimage","url":"https:\/\/fisheries.groupcls.com\/wp-content\/uploads\/2025\/12\/pelagic-trawler.jpg","contentUrl":"https:\/\/fisheries.groupcls.com\/wp-content\/uploads\/2025\/12\/pelagic-trawler.jpg","width":700,"height":500,"caption":"chalutier p\u00e9lagique"},{"@type":"BreadcrumbList","@id":"https:\/\/fisheries.groupcls.com\/fr\/pecheurs\/catsat-intelligence-oceanographique\/catsat-pour-senneurs-et-chalutiers-pelagiques\/#breadcrumb","itemListElement":[{"@type":"ListItem","position":1,"name":"Accueil","item":"https:\/\/fisheries.groupcls.com\/fr\/"},{"@type":"ListItem","position":2,"name":"P\u00eacheurs","item":"https:\/\/fisheries.groupcls.com\/fr\/pecheurs\/"},{"@type":"ListItem","position":3,"name":"CATSAT : L\u2019intelligence oc\u00e9anique pour une p\u00eache performante","item":"https:\/\/fisheries.groupcls.com\/fr\/pecheurs\/catsat-intelligence-oceanographique\/"},{"@type":"ListItem","position":4,"name":"CATSAT pour les senneurs et chalutiers p\u00e9lagiques"}]},{"@type":"WebSite","@id":"https:\/\/fisheries.groupcls.com\/fr\/#website","url":"https:\/\/fisheries.groupcls.com\/fr\/","name":"CLS Fisheries","description":"CLS est cetifi\u00e9 par les grands organismes internationaux \u00e0 travers le monde et travaille d\u00e9j\u00e0 avec des milliers de navires de p\u00eache dans le monde entier.","publisher":{"@id":"https:\/\/fisheries.groupcls.com\/fr\/#organization"},"potentialAction":[{"@type":"SearchAction","target":{"@type":"EntryPoint","urlTemplate":"https:\/\/fisheries.groupcls.com\/fr\/?s={search_term_string}"},"query-input":{"@type":"PropertyValueSpecification","valueRequired":true,"valueName":"search_term_string"}}],"inLanguage":"fr-FR"},{"@type":"Organization","@id":"https:\/\/fisheries.groupcls.com\/fr\/#organization","name":"CLS","url":"https:\/\/fisheries.groupcls.com\/fr\/","logo":{"@type":"ImageObject","inLanguage":"fr-FR","@id":"https:\/\/fisheries.groupcls.com\/fr\/#\/schema\/logo\/image\/","url":"https:\/\/fisheries.groupcls.com\/wp-content\/uploads\/2016\/04\/logo-cls.png","contentUrl":"https:\/\/fisheries.groupcls.com\/wp-content\/uploads\/2016\/04\/logo-cls.png","width":107,"height":90,"caption":"CLS"},"image":{"@id":"https:\/\/fisheries.groupcls.com\/fr\/#\/schema\/logo\/image\/"}}]}},"_links":{"self":[{"href":"https:\/\/fisheries.groupcls.com\/fr\/wp-json\/wp\/v2\/pages\/13992","targetHints":{"allow":["GET"]}}],"collection":[{"href":"https:\/\/fisheries.groupcls.com\/fr\/wp-json\/wp\/v2\/pages"}],"about":[{"href":"https:\/\/fisheries.groupcls.com\/fr\/wp-json\/wp\/v2\/types\/page"}],"author":[{"embeddable":true,"href":"https:\/\/fisheries.groupcls.com\/fr\/wp-json\/wp\/v2\/users\/15"}],"replies":[{"embeddable":true,"href":"https:\/\/fisheries.groupcls.com\/fr\/wp-json\/wp\/v2\/comments?post=13992"}],"version-history":[{"count":7,"href":"https:\/\/fisheries.groupcls.com\/fr\/wp-json\/wp\/v2\/pages\/13992\/revisions"}],"predecessor-version":[{"id":14057,"href":"https:\/\/fisheries.groupcls.com\/fr\/wp-json\/wp\/v2\/pages\/13992\/revisions\/14057"}],"up":[{"embeddable":true,"href":"https:\/\/fisheries.groupcls.com\/fr\/wp-json\/wp\/v2\/pages\/13962"}],"wp:featuredmedia":[{"embeddable":true,"href":"https:\/\/fisheries.groupcls.com\/fr\/wp-json\/wp\/v2\/media\/13990"}],"wp:attachment":[{"href":"https:\/\/fisheries.groupcls.com\/fr\/wp-json\/wp\/v2\/media?parent=13992"}],"curies":[{"name":"wp","href":"https:\/\/api.w.org\/{rel}","templated":true}]}}