{"id":13984,"date":"2026-01-28T15:47:58","date_gmt":"2026-01-28T14:47:58","guid":{"rendered":"https:\/\/fisheries.groupcls.com\/?page_id=13984"},"modified":"2026-01-29T14:38:59","modified_gmt":"2026-01-29T13:38:59","slug":"catsat-pour-palangriers","status":"publish","type":"page","link":"https:\/\/fisheries.groupcls.com\/fr\/pecheurs\/catsat-intelligence-oceanographique\/catsat-pour-palangriers\/","title":{"rendered":"CATSAT pour les palangriers"},"content":{"rendered":"<div class=\"wpb-content-wrapper\"><p>[vc_row css=\u00a0\u00bb.vc_custom_1763647498904{padding-bottom: 60px !important;}\u00a0\u00bb][vc_column width=\u00a0\u00bb1\/2&Prime;][vc_column_text css=\u00a0\u00bb\u00a0\u00bb]<\/p>\n<h2>Gestion pr\u00e9cise de vos lignes, de la surface aux profondeurs<\/h2>\n<p style=\"text-align: justify;\"><strong>CATSAT v7 apporte l\u2019intelligence oc\u00e9anique aux op\u00e9rations de p\u00eache \u00e0 la palangre pour des esp\u00e8ces comme le thon, l\u2019espadon, les marlins et bien d\u2019autres.<\/strong><\/p>\n<p style=\"text-align: justify;\">La p\u00eache \u00e0 la palangre exige une pr\u00e9cision extr\u00eame : il faut positionner les hame\u00e7ons \u00e0 la profondeur id\u00e9ale, dans les bonnes zones, tout en minimisant les prises accessoires et maximisant l\u2019efficacit\u00e9 des campagnes.<\/p>\n<p>CATSAT v7 propose une bo\u00eete \u00e0 outils d\u00e9di\u00e9e comprenant :<\/p>\n<ul>\n<li><strong>Longline Manager<\/strong> (gestion avanc\u00e9e de la palangre),<\/li>\n<li>Analyses au niveau de chaque hame\u00e7on,<\/li>\n<li>D\u00e9tection automatique des fronts oc\u00e9aniques,<br \/>\noptimis\u00e9e pour les op\u00e9rations en surface comme en profondeur.<\/li>\n<\/ul>\n<p>[\/vc_column_text][vc_btn title=\u00a0\u00bbContactez-nous pour plus d&rsquo;informations\u00a0\u00bb align=\u00a0\u00bbleft\u00a0\u00bb css=\u00a0\u00bb\u00a0\u00bb link=\u00a0\u00bburl:https%3A%2F%2Ffisheries.groupcls.com%2Ffr%2Fcontact%2F|title:Contact|\u00a0\u00bb][\/vc_column][vc_column width=\u00a0\u00bb1\/2&Prime; css=\u00a0\u00bb.vc_custom_1763647476104{margin-left: 2em !important;}\u00a0\u00bb][vc_single_image image=\u00a0\u00bb13982&Prime; img_size=\u00a0\u00bbfull\u00a0\u00bb alignment=\u00a0\u00bbcenter\u00a0\u00bb css=\u00a0\u00bb\u00a0\u00bb][\/vc_column][\/vc_row][vc_row full_width=\u00a0\u00bbstretch_row\u00a0\u00bb css=\u00a0\u00bb.vc_custom_1763647567309{padding-top: 60px !important;padding-bottom: 60px !important;background-color: #0F1F2D !important;}\u00a0\u00bb][vc_column][vc_column_text css=\u00a0\u00bb\u00a0\u00bb]<\/p>\n<h2 style=\"text-align: center; color: #ffffff;\">Avantages cl\u00e9s de CATSAT pour les palangriers<\/h2>\n<p>[\/vc_column_text][vc_row_inner gap=\u00a0\u00bb20&Prime; css=\u00a0\u00bb.vc_custom_1763647658453{padding-bottom: 20px !important;}\u00a0\u00bb][vc_column_inner width=\u00a0\u00bb1\/3&Prime;][vc_single_image image=\u00a0\u00bb10571&Prime; img_size=\u00a0\u00bb100&#215;100&Prime; css=\u00a0\u00bb\u00a0\u00bb][vc_column_text css=\u00a0\u00bb\u00a0\u00bb]<\/p>\n<h3 style=\"color: #ffffff;\">P\u00eache de pr\u00e9cision avec des outils sp\u00e9cifiques \u00e0 la palangre<\/h3>\n<p style=\"text-align: justify; color: #ffffff;\">Dans les p\u00eacheries \u00e0 la palangre, le succ\u00e8s se joue au centim\u00e8tre : la profondeur des hame\u00e7ons d\u00e9termine si l\u2019on touche ou non les stocks cibl\u00e9s.<\/p>\n<p style=\"text-align: justify; color: #ffffff;\">CATSAT met \u00e0 la disposition des capitaines des outils con\u00e7us sp\u00e9cifiquement pour cette technique exigeante. Le Longline Manager aide \u00e0 planifier la profondeur optimale des hame\u00e7ons, l\u2019espacement et les strat\u00e9gies de d\u00e9ploiement pour atteindre les couches d\u2019eau les plus productives.<\/p>\n<p style=\"text-align: justify; color: #ffffff;\">L\u2019analyse hame\u00e7on par hame\u00e7on permet d\u2019apprendre de chaque pose, transformant l\u2019exp\u00e9rience en d\u00e9cisions bas\u00e9es sur les donn\u00e9es. La d\u00e9tection automatique des fronts thermiques et altim\u00e9triques identifie les zones naturelles d\u2019agr\u00e9gation des pr\u00e9dateurs p\u00e9lagiques.<\/p>\n<p style=\"text-align: justify; color: #ffffff;\">Gr\u00e2ce \u00e0 l\u2019application CATSAT Mate, les donn\u00e9es de capture et des hame\u00e7ons sont enregistr\u00e9es en temps r\u00e9el depuis la passerelle, offrant \u00e0 l\u2019\u00e9quipage une vision op\u00e9rationnelle compl\u00e8te.<\/p>\n<p>[\/vc_column_text][\/vc_column_inner][vc_column_inner width=\u00a0\u00bb1\/3&Prime;][vc_single_image image=\u00a0\u00bb13969&Prime; img_size=\u00a0\u00bb109&#215;95&Prime; css=\u00a0\u00bb\u00a0\u00bb][vc_column_text css=\u00a0\u00bb\u00a0\u00bb]<\/p>\n<h3 style=\"color: #ffffff;\">Intelligence oc\u00e9anique en profondeur pour un meilleur ciblage<\/h3>\n<p style=\"text-align: justify; color: #ffffff;\">CATSAT va au-del\u00e0 des cartes de surface. Ses couches sous-marines haute r\u00e9solution r\u00e9v\u00e8lent o\u00f9 proies et pr\u00e9dateurs interagissent, permettant aux capitaines de placer leurs engins \u00e0 la bonne profondeur, au bon moment.<\/p>\n<p style=\"text-align: justify; color: #ffffff;\">Les cartes de zooplancton et de micronecton exposent les zones riches en proies, tandis que les profils de courants verticaux aident \u00e0 \u00e9viter la d\u00e9rive des lignes et \u00e0 augmenter la pr\u00e9cision de pose.<\/p>\n<p style=\"text-align: justify; color: #ffffff;\">Avec les cartes d\u2019habitats et de distribution des esp\u00e8ces, les capitaines peuvent cibler les poissons matures avec plus de pr\u00e9cision, am\u00e9liorant la s\u00e9lectivit\u00e9 et r\u00e9duisant les prises accessoires, un avantage cl\u00e9 tant sur le plan op\u00e9rationnel que r\u00e9glementaire.<\/p>\n<p>[\/vc_column_text][\/vc_column_inner][vc_column_inner width=\u00a0\u00bb1\/3&Prime;][vc_single_image image=\u00a0\u00bb10580&Prime; img_size=\u00a0\u00bb100&#215;100&Prime; css=\u00a0\u00bb\u00a0\u00bb][vc_column_text css=\u00a0\u00bb\u00a0\u00bb]<\/p>\n<h3 style=\"color: #ffffff;\">Efficacit\u00e9 op\u00e9rationnelle et s\u00e9curit\u00e9 en mer<\/h3>\n<p style=\"text-align: justify; color: #ffffff;\">Les op\u00e9rations \u00e0 la palangre sont complexes, et l\u2019efficacit\u00e9 est essentielle.<\/p>\n<p style=\"text-align: justify; color: #ffffff;\">CATSAT aide les capitaines \u00e0 optimiser l\u2019usage du carburant en ciblant les zones \u00e0 fort potentiel plut\u00f4t que de vastes zones d\u2019exploration. L\u2019intelligence oc\u00e9anique et m\u00e9t\u00e9orologique en temps r\u00e9el am\u00e9liore les performances de capture, tandis que les pr\u00e9visions avanc\u00e9es de routes et de temp\u00eates renforcent la s\u00e9curit\u00e9 de l\u2019\u00e9quipage en mer.<\/p>\n<p style=\"text-align: justify; color: #ffffff;\">Le tout est soutenu par l\u2019\u00e9quipe d\u2019oc\u00e9anographes et d\u2019experts en p\u00eacheries de CLS, offrant formation continue, support personnalis\u00e9 et conseils op\u00e9rationnels hebdomadaires.<\/p>\n<p>[\/vc_column_text][\/vc_column_inner][\/vc_row_inner][vc_btn title=\u00a0\u00bbContactez nous\u00a0\u00bb align=\u00a0\u00bbcenter\u00a0\u00bb css=\u00a0\u00bb\u00a0\u00bb link=\u00a0\u00bburl:https%3A%2F%2Ffisheries.groupcls.com%2Ffr%2Fcontact%2F|title:Contact|\u00a0\u00bb][\/vc_column][\/vc_row][vc_row full_width=\u00a0\u00bbstretch_row\u00a0\u00bb css=\u00a0\u00bb.vc_custom_1763647843716{margin-bottom: -60px !important;padding-top: 60px !important;padding-bottom: 60px !important;background-color: #F5F7FA !important;}\u00a0\u00bb][vc_column][vc_single_image image=\u00a0\u00bb10571&Prime; img_size=\u00a0\u00bb90&#215;90&Prime; alignment=\u00a0\u00bbcenter\u00a0\u00bb css=\u00a0\u00bb\u00a0\u00bb][vc_column_text css=\u00a0\u00bb\u00a0\u00bb]<\/p>\n<h2 style=\"text-align: center;\">Optimisez vos op\u00e9rations palangri\u00e8res avec CATSAT<\/h2>\n<p style=\"text-align: center;\">Avec CATSAT, les capitaines des palangriers acqui\u00e8rent clart\u00e9, pr\u00e9cision et intelligence oc\u00e9anique pour transformer chaque mise en mer en une action strat\u00e9gique, augmentant l\u2019efficacit\u00e9, la rentabilit\u00e9 et la durabilit\u00e9 gr\u00e2ce \u00e0 des analyses oc\u00e9aniques adapt\u00e9es qui soutiennent des d\u00e9cisions confiantes et fond\u00e9es sur les donn\u00e9es en mer.<\/p>\n<p style=\"text-align: center;\"><strong>Contactez nos experts pour explorer comment CATSAT peut \u00eatre adapt\u00e9 \u00e0 vos op\u00e9rations palangri\u00e8res.<\/strong><\/p>\n<p>[\/vc_column_text][vc_btn title=\u00a0\u00bbContactez nous\u00a0\u00bb align=\u00a0\u00bbcenter\u00a0\u00bb css=\u00a0\u00bb\u00a0\u00bb link=\u00a0\u00bburl:https%3A%2F%2Ffisheries.groupcls.com%2Ffr%2Fcontact%2F|title:Contact|\u00a0\u00bb][\/vc_column][\/vc_row]<\/p>\n<\/div>","protected":false},"excerpt":{"rendered":"<p>[vc_row css=\u00a0\u00bb.vc_custom_1763647498904{padding-bottom: 60px !important;}\u00a0\u00bb][vc_column width=\u00a0\u00bb1\/2&Prime;][vc_column_text css=\u00a0\u00bb\u00a0\u00bb] Gestion pr\u00e9cise de vos lignes, de la surface aux profondeurs CATSAT v7 apporte l\u2019intelligence oc\u00e9anique aux op\u00e9rations de p\u00eache \u00e0 la palangre pour des esp\u00e8ces comme le thon, l\u2019espadon, les marlins et bien d\u2019autres. La p\u00eache \u00e0 la palangre exige une pr\u00e9cision extr\u00eame : il faut positionner les hame\u00e7ons<\/p>\n","protected":false},"author":15,"featured_media":13982,"parent":13962,"menu_order":0,"comment_status":"closed","ping_status":"closed","template":"","meta":{"footnotes":""},"class_list":["post-13984","page","type-page","status-publish","has-post-thumbnail","hentry"],"yoast_head":"<!-- This site is optimized with the Yoast SEO plugin v27.2 - https:\/\/yoast.com\/product\/yoast-seo-wordpress\/ -->\n<title>CATSAT pour les palangriers: Intelligence oc\u00e9anique pour la p\u00eache - CLS Fisheries<\/title>\n<meta name=\"description\" content=\"CATSAT fournit aux palangriers des informations oc\u00e9anographiques permettant d&#039;optimiser les op\u00e9rations de p\u00eache \u00e0 la palangre.\" \/>\n<meta name=\"robots\" content=\"index, follow, max-snippet:-1, max-image-preview:large, max-video-preview:-1\" \/>\n<link rel=\"canonical\" href=\"https:\/\/fisheries.groupcls.com\/fr\/pecheurs\/catsat-intelligence-oceanographique\/catsat-pour-palangriers\/\" \/>\n<meta property=\"og:locale\" content=\"fr_FR\" \/>\n<meta property=\"og:type\" content=\"article\" \/>\n<meta property=\"og:title\" content=\"CATSAT pour les palangriers: Intelligence oc\u00e9anique pour la p\u00eache - CLS Fisheries\" \/>\n<meta property=\"og:description\" content=\"CATSAT fournit aux palangriers des informations oc\u00e9anographiques permettant d&#039;optimiser les op\u00e9rations de p\u00eache \u00e0 la palangre.\" \/>\n<meta property=\"og:url\" content=\"https:\/\/fisheries.groupcls.com\/fr\/pecheurs\/catsat-intelligence-oceanographique\/catsat-pour-palangriers\/\" \/>\n<meta property=\"og:site_name\" content=\"CLS Fisheries\" \/>\n<meta property=\"article:modified_time\" content=\"2026-01-29T13:38:59+00:00\" \/>\n<meta property=\"og:image\" content=\"https:\/\/fisheries.groupcls.com\/wp-content\/uploads\/2025\/12\/longliner-at-sea.jpg\" \/>\n\t<meta property=\"og:image:width\" content=\"700\" \/>\n\t<meta property=\"og:image:height\" content=\"500\" \/>\n\t<meta property=\"og:image:type\" content=\"image\/jpeg\" \/>\n<meta name=\"twitter:card\" content=\"summary_large_image\" \/>\n<meta name=\"twitter:label1\" content=\"Dur\u00e9e de lecture estim\u00e9e\" \/>\n\t<meta name=\"twitter:data1\" content=\"4 minutes\" \/>\n<script type=\"application\/ld+json\" class=\"yoast-schema-graph\">{\"@context\":\"https:\/\/schema.org\",\"@graph\":[{\"@type\":\"WebPage\",\"@id\":\"https:\/\/fisheries.groupcls.com\/fr\/pecheurs\/catsat-intelligence-oceanographique\/catsat-pour-palangriers\/\",\"url\":\"https:\/\/fisheries.groupcls.com\/fr\/pecheurs\/catsat-intelligence-oceanographique\/catsat-pour-palangriers\/\",\"name\":\"CATSAT pour les palangriers: Intelligence oc\u00e9anique pour la p\u00eache - CLS Fisheries\",\"isPartOf\":{\"@id\":\"https:\/\/fisheries.groupcls.com\/fr\/#website\"},\"primaryImageOfPage\":{\"@id\":\"https:\/\/fisheries.groupcls.com\/fr\/pecheurs\/catsat-intelligence-oceanographique\/catsat-pour-palangriers\/#primaryimage\"},\"image\":{\"@id\":\"https:\/\/fisheries.groupcls.com\/fr\/pecheurs\/catsat-intelligence-oceanographique\/catsat-pour-palangriers\/#primaryimage\"},\"thumbnailUrl\":\"https:\/\/fisheries.groupcls.com\/wp-content\/uploads\/2025\/12\/longliner-at-sea.jpg\",\"datePublished\":\"2026-01-28T14:47:58+00:00\",\"dateModified\":\"2026-01-29T13:38:59+00:00\",\"description\":\"CATSAT fournit aux palangriers des informations oc\u00e9anographiques permettant d'optimiser les op\u00e9rations de p\u00eache \u00e0 la palangre.\",\"breadcrumb\":{\"@id\":\"https:\/\/fisheries.groupcls.com\/fr\/pecheurs\/catsat-intelligence-oceanographique\/catsat-pour-palangriers\/#breadcrumb\"},\"inLanguage\":\"fr-FR\",\"potentialAction\":[{\"@type\":\"ReadAction\",\"target\":[\"https:\/\/fisheries.groupcls.com\/fr\/pecheurs\/catsat-intelligence-oceanographique\/catsat-pour-palangriers\/\"]}]},{\"@type\":\"ImageObject\",\"inLanguage\":\"fr-FR\",\"@id\":\"https:\/\/fisheries.groupcls.com\/fr\/pecheurs\/catsat-intelligence-oceanographique\/catsat-pour-palangriers\/#primaryimage\",\"url\":\"https:\/\/fisheries.groupcls.com\/wp-content\/uploads\/2025\/12\/longliner-at-sea.jpg\",\"contentUrl\":\"https:\/\/fisheries.groupcls.com\/wp-content\/uploads\/2025\/12\/longliner-at-sea.jpg\",\"width\":700,\"height\":500,\"caption\":\"palangrier en mer\"},{\"@type\":\"BreadcrumbList\",\"@id\":\"https:\/\/fisheries.groupcls.com\/fr\/pecheurs\/catsat-intelligence-oceanographique\/catsat-pour-palangriers\/#breadcrumb\",\"itemListElement\":[{\"@type\":\"ListItem\",\"position\":1,\"name\":\"Accueil\",\"item\":\"https:\/\/fisheries.groupcls.com\/fr\/\"},{\"@type\":\"ListItem\",\"position\":2,\"name\":\"P\u00eacheurs\",\"item\":\"https:\/\/fisheries.groupcls.com\/fr\/pecheurs\/\"},{\"@type\":\"ListItem\",\"position\":3,\"name\":\"CATSAT : L\u2019intelligence oc\u00e9anique pour une p\u00eache performante\",\"item\":\"https:\/\/fisheries.groupcls.com\/fr\/pecheurs\/catsat-intelligence-oceanographique\/\"},{\"@type\":\"ListItem\",\"position\":4,\"name\":\"CATSAT pour les palangriers\"}]},{\"@type\":\"WebSite\",\"@id\":\"https:\/\/fisheries.groupcls.com\/fr\/#website\",\"url\":\"https:\/\/fisheries.groupcls.com\/fr\/\",\"name\":\"CLS Fisheries\",\"description\":\"CLS est cetifi\u00e9 par les grands organismes internationaux \u00e0 travers le monde et travaille d\u00e9j\u00e0 avec des milliers de navires de p\u00eache dans le monde entier.\",\"publisher\":{\"@id\":\"https:\/\/fisheries.groupcls.com\/fr\/#organization\"},\"potentialAction\":[{\"@type\":\"SearchAction\",\"target\":{\"@type\":\"EntryPoint\",\"urlTemplate\":\"https:\/\/fisheries.groupcls.com\/fr\/?s={search_term_string}\"},\"query-input\":{\"@type\":\"PropertyValueSpecification\",\"valueRequired\":true,\"valueName\":\"search_term_string\"}}],\"inLanguage\":\"fr-FR\"},{\"@type\":\"Organization\",\"@id\":\"https:\/\/fisheries.groupcls.com\/fr\/#organization\",\"name\":\"CLS\",\"url\":\"https:\/\/fisheries.groupcls.com\/fr\/\",\"logo\":{\"@type\":\"ImageObject\",\"inLanguage\":\"fr-FR\",\"@id\":\"https:\/\/fisheries.groupcls.com\/fr\/#\/schema\/logo\/image\/\",\"url\":\"https:\/\/fisheries.groupcls.com\/wp-content\/uploads\/2016\/04\/logo-cls.png\",\"contentUrl\":\"https:\/\/fisheries.groupcls.com\/wp-content\/uploads\/2016\/04\/logo-cls.png\",\"width\":107,\"height\":90,\"caption\":\"CLS\"},\"image\":{\"@id\":\"https:\/\/fisheries.groupcls.com\/fr\/#\/schema\/logo\/image\/\"}}]}<\/script>\n<!-- \/ Yoast SEO plugin. -->","yoast_head_json":{"title":"CATSAT pour les palangriers: Intelligence oc\u00e9anique pour la p\u00eache - CLS Fisheries","description":"CATSAT fournit aux palangriers des informations oc\u00e9anographiques permettant d'optimiser les op\u00e9rations de p\u00eache \u00e0 la palangre.","robots":{"index":"index","follow":"follow","max-snippet":"max-snippet:-1","max-image-preview":"max-image-preview:large","max-video-preview":"max-video-preview:-1"},"canonical":"https:\/\/fisheries.groupcls.com\/fr\/pecheurs\/catsat-intelligence-oceanographique\/catsat-pour-palangriers\/","og_locale":"fr_FR","og_type":"article","og_title":"CATSAT pour les palangriers: Intelligence oc\u00e9anique pour la p\u00eache - CLS Fisheries","og_description":"CATSAT fournit aux palangriers des informations oc\u00e9anographiques permettant d'optimiser les op\u00e9rations de p\u00eache \u00e0 la palangre.","og_url":"https:\/\/fisheries.groupcls.com\/fr\/pecheurs\/catsat-intelligence-oceanographique\/catsat-pour-palangriers\/","og_site_name":"CLS Fisheries","article_modified_time":"2026-01-29T13:38:59+00:00","og_image":[{"width":700,"height":500,"url":"https:\/\/fisheries.groupcls.com\/wp-content\/uploads\/2025\/12\/longliner-at-sea.jpg","type":"image\/jpeg"}],"twitter_card":"summary_large_image","twitter_misc":{"Dur\u00e9e de lecture estim\u00e9e":"4 minutes"},"schema":{"@context":"https:\/\/schema.org","@graph":[{"@type":"WebPage","@id":"https:\/\/fisheries.groupcls.com\/fr\/pecheurs\/catsat-intelligence-oceanographique\/catsat-pour-palangriers\/","url":"https:\/\/fisheries.groupcls.com\/fr\/pecheurs\/catsat-intelligence-oceanographique\/catsat-pour-palangriers\/","name":"CATSAT pour les palangriers: Intelligence oc\u00e9anique pour la p\u00eache - CLS Fisheries","isPartOf":{"@id":"https:\/\/fisheries.groupcls.com\/fr\/#website"},"primaryImageOfPage":{"@id":"https:\/\/fisheries.groupcls.com\/fr\/pecheurs\/catsat-intelligence-oceanographique\/catsat-pour-palangriers\/#primaryimage"},"image":{"@id":"https:\/\/fisheries.groupcls.com\/fr\/pecheurs\/catsat-intelligence-oceanographique\/catsat-pour-palangriers\/#primaryimage"},"thumbnailUrl":"https:\/\/fisheries.groupcls.com\/wp-content\/uploads\/2025\/12\/longliner-at-sea.jpg","datePublished":"2026-01-28T14:47:58+00:00","dateModified":"2026-01-29T13:38:59+00:00","description":"CATSAT fournit aux palangriers des informations oc\u00e9anographiques permettant d'optimiser les op\u00e9rations de p\u00eache \u00e0 la palangre.","breadcrumb":{"@id":"https:\/\/fisheries.groupcls.com\/fr\/pecheurs\/catsat-intelligence-oceanographique\/catsat-pour-palangriers\/#breadcrumb"},"inLanguage":"fr-FR","potentialAction":[{"@type":"ReadAction","target":["https:\/\/fisheries.groupcls.com\/fr\/pecheurs\/catsat-intelligence-oceanographique\/catsat-pour-palangriers\/"]}]},{"@type":"ImageObject","inLanguage":"fr-FR","@id":"https:\/\/fisheries.groupcls.com\/fr\/pecheurs\/catsat-intelligence-oceanographique\/catsat-pour-palangriers\/#primaryimage","url":"https:\/\/fisheries.groupcls.com\/wp-content\/uploads\/2025\/12\/longliner-at-sea.jpg","contentUrl":"https:\/\/fisheries.groupcls.com\/wp-content\/uploads\/2025\/12\/longliner-at-sea.jpg","width":700,"height":500,"caption":"palangrier en mer"},{"@type":"BreadcrumbList","@id":"https:\/\/fisheries.groupcls.com\/fr\/pecheurs\/catsat-intelligence-oceanographique\/catsat-pour-palangriers\/#breadcrumb","itemListElement":[{"@type":"ListItem","position":1,"name":"Accueil","item":"https:\/\/fisheries.groupcls.com\/fr\/"},{"@type":"ListItem","position":2,"name":"P\u00eacheurs","item":"https:\/\/fisheries.groupcls.com\/fr\/pecheurs\/"},{"@type":"ListItem","position":3,"name":"CATSAT : L\u2019intelligence oc\u00e9anique pour une p\u00eache performante","item":"https:\/\/fisheries.groupcls.com\/fr\/pecheurs\/catsat-intelligence-oceanographique\/"},{"@type":"ListItem","position":4,"name":"CATSAT pour les palangriers"}]},{"@type":"WebSite","@id":"https:\/\/fisheries.groupcls.com\/fr\/#website","url":"https:\/\/fisheries.groupcls.com\/fr\/","name":"CLS Fisheries","description":"CLS est cetifi\u00e9 par les grands organismes internationaux \u00e0 travers le monde et travaille d\u00e9j\u00e0 avec des milliers de navires de p\u00eache dans le monde entier.","publisher":{"@id":"https:\/\/fisheries.groupcls.com\/fr\/#organization"},"potentialAction":[{"@type":"SearchAction","target":{"@type":"EntryPoint","urlTemplate":"https:\/\/fisheries.groupcls.com\/fr\/?s={search_term_string}"},"query-input":{"@type":"PropertyValueSpecification","valueRequired":true,"valueName":"search_term_string"}}],"inLanguage":"fr-FR"},{"@type":"Organization","@id":"https:\/\/fisheries.groupcls.com\/fr\/#organization","name":"CLS","url":"https:\/\/fisheries.groupcls.com\/fr\/","logo":{"@type":"ImageObject","inLanguage":"fr-FR","@id":"https:\/\/fisheries.groupcls.com\/fr\/#\/schema\/logo\/image\/","url":"https:\/\/fisheries.groupcls.com\/wp-content\/uploads\/2016\/04\/logo-cls.png","contentUrl":"https:\/\/fisheries.groupcls.com\/wp-content\/uploads\/2016\/04\/logo-cls.png","width":107,"height":90,"caption":"CLS"},"image":{"@id":"https:\/\/fisheries.groupcls.com\/fr\/#\/schema\/logo\/image\/"}}]}},"_links":{"self":[{"href":"https:\/\/fisheries.groupcls.com\/fr\/wp-json\/wp\/v2\/pages\/13984","targetHints":{"allow":["GET"]}}],"collection":[{"href":"https:\/\/fisheries.groupcls.com\/fr\/wp-json\/wp\/v2\/pages"}],"about":[{"href":"https:\/\/fisheries.groupcls.com\/fr\/wp-json\/wp\/v2\/types\/page"}],"author":[{"embeddable":true,"href":"https:\/\/fisheries.groupcls.com\/fr\/wp-json\/wp\/v2\/users\/15"}],"replies":[{"embeddable":true,"href":"https:\/\/fisheries.groupcls.com\/fr\/wp-json\/wp\/v2\/comments?post=13984"}],"version-history":[{"count":5,"href":"https:\/\/fisheries.groupcls.com\/fr\/wp-json\/wp\/v2\/pages\/13984\/revisions"}],"predecessor-version":[{"id":14060,"href":"https:\/\/fisheries.groupcls.com\/fr\/wp-json\/wp\/v2\/pages\/13984\/revisions\/14060"}],"up":[{"embeddable":true,"href":"https:\/\/fisheries.groupcls.com\/fr\/wp-json\/wp\/v2\/pages\/13962"}],"wp:featuredmedia":[{"embeddable":true,"href":"https:\/\/fisheries.groupcls.com\/fr\/wp-json\/wp\/v2\/media\/13982"}],"wp:attachment":[{"href":"https:\/\/fisheries.groupcls.com\/fr\/wp-json\/wp\/v2\/media?parent=13984"}],"curies":[{"name":"wp","href":"https:\/\/api.w.org\/{rel}","templated":true}]}}