{"id":9980,"date":"2018-11-16T11:56:29","date_gmt":"2018-11-16T10:56:29","guid":{"rendered":"https:\/\/fisheries.groupcls.com\/gestion-des-cookies\/"},"modified":"2026-01-22T11:25:41","modified_gmt":"2026-01-22T10:25:41","slug":"politica-de-cookies","status":"publish","type":"page","link":"https:\/\/fisheries.groupcls.com\/es\/politica-de-cookies\/","title":{"rendered":"Pol\u00edtica de cookies"},"content":{"rendered":"<div class=\"wpb-content-wrapper\"><p>[vc_row][vc_column][vc_column_text css=\u00bb\u00bb]<strong>Entry into force on: 10.02.2025<\/strong><\/p>\n<p>When you browse our website, cookies and other trackers may be placed on your device (computer, tablet, smartphone). This section explains what cookies are, how we use them, and how you can manage your preferences.<\/p>\n<h2>What is a cookie?<\/h2>\n<p>A cookie is a small text file that is stored on your device when you visit a website. In particular, it allows you to remember your preferences, improve your user experience and analyze the site&#8217;s audience.<\/p>\n<h2>What types of cookies do we use?<\/h2>\n<p>We use two types of browser session cookies: temporary cookies that are erased from your device&#8217;s memory when you close your internet browser or turn off your computer, and persistent cookies that are stored on your device until they expire, unless you delete them before their expiration date. We group our site&#8217;s browser cookies into three categories, which you can manage through our Cookie Preference Manager:<\/p>\n<p><strong>Mandatory cookies<\/strong><\/p>\n<p>These cookies are essential for the proper functioning of the site and cannot be disabled. They include, for example, cookies that allow us to manage your session or secure your connection.<\/p>\n<p><strong>Functional cookies<\/strong><\/p>\n<p>These cookies allow us to improve and personalize your user experience (e.g., remembering your language preferences).<\/p>\n<p><strong>Analytical cookies<\/strong><\/p>\n<p>These cookies allow us to measure the number of visitors and the performance of the site in order to improve its functioning. They help us understand how visitors interact with our site.<\/p>\n<p><strong>Cookies Flash<\/strong><\/p>\n<p>Videos and other features on our site may use Flash cookies to collect and store your preferences, such as loudness. Flash cookies are different from browser cookies because of the amount, type, and way in which the data is stored. The cookie management tools provided by your browser will not delete Flash cookies. To learn how to manage the privacy and storage settings for Flash cookies, click here. Some cookies may be placed by third-party service providers who perform some of these functions for us.<\/p>\n<h2>Cookie management by Axeptio<\/h2>\n<p>For the management of its cookies, CLS has chosen the Axeptio solution. Axeptio ensures transparent and compliant management of Your consent with regard to cookies and other trackers. Axeptio is a specialized platform recognized by the CNIL that allows users to choose, accept or refuse the cookies placed on their device, in compliance with the applicable regulations, in particular the General Data Protection Regulation (GDPR) and the ePrivacy Directive.<\/p>\n<p><strong>How Axeptio works<\/strong><\/p>\n<p>When you visit our site for the first time, a cookie management banner will be displayed, allowing you to:<\/p>\n<ul>\n<li>Accept or reject all cookies.<\/li>\n<li>Customize your preferences by selecting the categories of cookies allowed (necessary, analytical, advertising, etc.).<\/li>\n<li>Change your choices at any time via a link accessible at the bottom of the page (\u00abManage my cookies\u00bb).<\/li>\n<\/ul>\n<p>Axeptio stores your preferences for a limited period of time and will ask for your consent periodically, in accordance with legal requirements.<\/p>\n<p><strong>Types of Cookies Managed by Axeptio<\/strong><\/p>\n<p>Thanks to Axeptio, you have full control over the following cookies:<\/p>\n<ul>\n<li>Strictly necessary cookies: Essential for the proper functioning of the site (not subject to consent).<\/li>\n<li>Analytical cookies: Used to measure the audience and improve the user experience.<\/li>\n<li>Marketing and advertising cookies: Enable us to offer you targeted content based on your preferences.<\/li>\n<\/ul>\n<p><strong>Exercising your rights<\/strong><\/p>\n<p>You can change or withdraw your consent at any time via the Axeptio interface integrated into our site. For more information on how Axeptio works, you can consult their Privacy Policy <a href=\"https:\/\/www.axept.io\/\" target=\"_blank\" rel=\"noopener\">here<\/a>.<\/p>\n<p>If you wish to manage the use of Cookies during your use of our site, or if You wish to find out about the Management of Cookies on our other Support, we invite You to click on the \u00abCookie Policy\u00bb tab or to contact our DPO by email at the following address: &#x64;&#x70;&#x6f;&#x40;&#103;&#114;oup&#x63;&#x6c;&#x73;&#x2e;&#99;&#111;m.<\/p>\n<h2>Contact<\/h2>\n<h3>Contact the CLS Group DPO<\/h3>\n<p>Please also do not hesitate to contact our Data Protection Officer (DPO) if You have any questions about this Policy, the practices of the CLS Group, or if you seek to exercise any of your legal rights. You can contact us at d&#112;&#x6f;&#x40;&#x67;r&#111;&#117;&#x70;&#x63;l&#115;&#46;&#x63;&#x6f;m or \u00a0our mailing address below:<\/p>\n<p style=\"text-align: center;\"><strong>Collecte Localisation Satellites<\/strong><br \/>\nLouis CONTE \u2013 Data Protection Officer<br \/>\nParc Technologique du Canal,<br \/>\n11 Rue Herm\u00e8s,<br \/>\n31520 Ramonville-Saint-Agne<br \/>\nFrance<\/p>\n<h3>Contact the Competent Data Protection Authority<\/h3>\n<p>Subject to applicable law, you also have the right (i) to restrict the CLS Group&#8217;s use of the other Information that constitutes your Personal Data and (ii) to lodge a complaint with your local data protection authority or the Commission Nationale de l&#8217;Informatique et des Libert\u00e9s, which is the main supervisory authority of the CLS Group by clicking here or by writing to the address below:<\/p>\n<p style=\"text-align: center;\"><strong>CNIL<\/strong><br \/>\n3 Place de Fontenoy &#8211; TSA 80715 &#8211; 75334 PARIS CEDEX 07<br \/>\nPhone : 01 53 73 22 22<br \/>\n(Monday to Thursday from 9 am to 6:30 pm \/ Friday from 9 am to 6 pm)<br \/>\nFax: 01 53 73 22 00<\/p>\n<p>\u00a0[\/vc_column_text][vc_row_inner][vc_column_inner width=\u00bb1\/2&#8243;][vc_btn title=\u00bbCondiciones generales de uso\u00bb color=\u00bbprimary\u00bb align=\u00bbcenter\u00bb link=\u00bburl:https%3A%2F%2Ffisheries.groupcls.com%2Fes%2Fcondiciones-generales-de-uso%2F\u00bb][\/vc_column_inner][vc_column_inner width=\u00bb1\/2&#8243;][vc_btn title=\u00bbPol\u00edtica de privacidad\u00bb color=\u00bbprimary\u00bb align=\u00bbcenter\u00bb link=\u00bburl:https%3A%2F%2Ffisheries.groupcls.com%2Fes%2Fpolitica-de-privacidad%2F\u00bb][\/vc_column_inner][\/vc_row_inner][\/vc_column][\/vc_row]<\/p>\n<\/div>","protected":false},"excerpt":{"rendered":"<p>[vc_row][vc_column][vc_column_text css=\u00bb\u00bb]Entry into force on: 10.02.2025 When you browse our website, cookies and other trackers may be placed on your device (computer, tablet, smartphone). This section explains what cookies are, how we use them, and how you can manage your preferences. What is a cookie? A cookie is a small text file that is stored<\/p>\n","protected":false},"author":12,"featured_media":0,"parent":0,"menu_order":190,"comment_status":"closed","ping_status":"closed","template":"","meta":{"footnotes":""},"class_list":["post-9980","page","type-page","status-publish","hentry"],"yoast_head":"<!-- This site is optimized with the Yoast SEO plugin v27.2 - https:\/\/yoast.com\/product\/yoast-seo-wordpress\/ -->\n<title>Pol\u00edtica de cookies - CLS Fisheries<\/title>\n<meta name=\"robots\" content=\"index, follow, max-snippet:-1, max-image-preview:large, max-video-preview:-1\" \/>\n<link rel=\"canonical\" href=\"https:\/\/fisheries.groupcls.com\/es\/politica-de-cookies\/\" \/>\n<meta property=\"og:locale\" content=\"es_ES\" \/>\n<meta property=\"og:type\" content=\"article\" \/>\n<meta property=\"og:title\" content=\"Pol\u00edtica de cookies - CLS Fisheries\" \/>\n<meta property=\"og:description\" content=\"[vc_row][vc_column][vc_column_text css=\u00bb\u00bb]Entry into force on: 10.02.2025 When you browse our website, cookies and other trackers may be placed on your device (computer, tablet, smartphone). This section explains what cookies are, how we use them, and how you can manage your preferences. What is a cookie? A cookie is a small text file that is stored\" \/>\n<meta property=\"og:url\" content=\"https:\/\/fisheries.groupcls.com\/es\/politica-de-cookies\/\" \/>\n<meta property=\"og:site_name\" content=\"CLS Fisheries\" \/>\n<meta property=\"article:modified_time\" content=\"2026-01-22T10:25:41+00:00\" \/>\n<meta name=\"twitter:card\" content=\"summary_large_image\" \/>\n<meta name=\"twitter:label1\" content=\"Tiempo de lectura\" \/>\n\t<meta name=\"twitter:data1\" content=\"4 minutos\" \/>\n<script type=\"application\/ld+json\" class=\"yoast-schema-graph\">{\"@context\":\"https:\/\/schema.org\",\"@graph\":[{\"@type\":\"WebPage\",\"@id\":\"https:\/\/fisheries.groupcls.com\/es\/politica-de-cookies\/\",\"url\":\"https:\/\/fisheries.groupcls.com\/es\/politica-de-cookies\/\",\"name\":\"Pol\u00edtica de cookies - CLS Fisheries\",\"isPartOf\":{\"@id\":\"https:\/\/fisheries.groupcls.com\/es\/#website\"},\"datePublished\":\"2018-11-16T10:56:29+00:00\",\"dateModified\":\"2026-01-22T10:25:41+00:00\",\"breadcrumb\":{\"@id\":\"https:\/\/fisheries.groupcls.com\/es\/politica-de-cookies\/#breadcrumb\"},\"inLanguage\":\"es\",\"potentialAction\":[{\"@type\":\"ReadAction\",\"target\":[\"https:\/\/fisheries.groupcls.com\/es\/politica-de-cookies\/\"]}]},{\"@type\":\"BreadcrumbList\",\"@id\":\"https:\/\/fisheries.groupcls.com\/es\/politica-de-cookies\/#breadcrumb\",\"itemListElement\":[{\"@type\":\"ListItem\",\"position\":1,\"name\":\"Accueil\",\"item\":\"https:\/\/fisheries.groupcls.com\/es\/\"},{\"@type\":\"ListItem\",\"position\":2,\"name\":\"Pol\u00edtica de cookies\"}]},{\"@type\":\"WebSite\",\"@id\":\"https:\/\/fisheries.groupcls.com\/es\/#website\",\"url\":\"https:\/\/fisheries.groupcls.com\/es\/\",\"name\":\"CLS Fisheries\",\"description\":\"CLS est cetifi\u00e9 par les grands organismes internationaux \u00e0 travers le monde et travaille d\u00e9j\u00e0 avec des milliers de navires de p\u00eache dans le monde entier.\",\"publisher\":{\"@id\":\"https:\/\/fisheries.groupcls.com\/es\/#organization\"},\"potentialAction\":[{\"@type\":\"SearchAction\",\"target\":{\"@type\":\"EntryPoint\",\"urlTemplate\":\"https:\/\/fisheries.groupcls.com\/es\/?s={search_term_string}\"},\"query-input\":{\"@type\":\"PropertyValueSpecification\",\"valueRequired\":true,\"valueName\":\"search_term_string\"}}],\"inLanguage\":\"es\"},{\"@type\":\"Organization\",\"@id\":\"https:\/\/fisheries.groupcls.com\/es\/#organization\",\"name\":\"CLS\",\"url\":\"https:\/\/fisheries.groupcls.com\/es\/\",\"logo\":{\"@type\":\"ImageObject\",\"inLanguage\":\"es\",\"@id\":\"https:\/\/fisheries.groupcls.com\/es\/#\/schema\/logo\/image\/\",\"url\":\"https:\/\/fisheries.groupcls.com\/wp-content\/uploads\/2016\/04\/logo-cls.png\",\"contentUrl\":\"https:\/\/fisheries.groupcls.com\/wp-content\/uploads\/2016\/04\/logo-cls.png\",\"width\":107,\"height\":90,\"caption\":\"CLS\"},\"image\":{\"@id\":\"https:\/\/fisheries.groupcls.com\/es\/#\/schema\/logo\/image\/\"}}]}<\/script>\n<!-- \/ Yoast SEO plugin. -->","yoast_head_json":{"title":"Pol\u00edtica de cookies - CLS Fisheries","robots":{"index":"index","follow":"follow","max-snippet":"max-snippet:-1","max-image-preview":"max-image-preview:large","max-video-preview":"max-video-preview:-1"},"canonical":"https:\/\/fisheries.groupcls.com\/es\/politica-de-cookies\/","og_locale":"es_ES","og_type":"article","og_title":"Pol\u00edtica de cookies - CLS Fisheries","og_description":"[vc_row][vc_column][vc_column_text css=\u00bb\u00bb]Entry into force on: 10.02.2025 When you browse our website, cookies and other trackers may be placed on your device (computer, tablet, smartphone). This section explains what cookies are, how we use them, and how you can manage your preferences. What is a cookie? A cookie is a small text file that is stored","og_url":"https:\/\/fisheries.groupcls.com\/es\/politica-de-cookies\/","og_site_name":"CLS Fisheries","article_modified_time":"2026-01-22T10:25:41+00:00","twitter_card":"summary_large_image","twitter_misc":{"Tiempo de lectura":"4 minutos"},"schema":{"@context":"https:\/\/schema.org","@graph":[{"@type":"WebPage","@id":"https:\/\/fisheries.groupcls.com\/es\/politica-de-cookies\/","url":"https:\/\/fisheries.groupcls.com\/es\/politica-de-cookies\/","name":"Pol\u00edtica de cookies - CLS Fisheries","isPartOf":{"@id":"https:\/\/fisheries.groupcls.com\/es\/#website"},"datePublished":"2018-11-16T10:56:29+00:00","dateModified":"2026-01-22T10:25:41+00:00","breadcrumb":{"@id":"https:\/\/fisheries.groupcls.com\/es\/politica-de-cookies\/#breadcrumb"},"inLanguage":"es","potentialAction":[{"@type":"ReadAction","target":["https:\/\/fisheries.groupcls.com\/es\/politica-de-cookies\/"]}]},{"@type":"BreadcrumbList","@id":"https:\/\/fisheries.groupcls.com\/es\/politica-de-cookies\/#breadcrumb","itemListElement":[{"@type":"ListItem","position":1,"name":"Accueil","item":"https:\/\/fisheries.groupcls.com\/es\/"},{"@type":"ListItem","position":2,"name":"Pol\u00edtica de cookies"}]},{"@type":"WebSite","@id":"https:\/\/fisheries.groupcls.com\/es\/#website","url":"https:\/\/fisheries.groupcls.com\/es\/","name":"CLS Fisheries","description":"CLS est cetifi\u00e9 par les grands organismes internationaux \u00e0 travers le monde et travaille d\u00e9j\u00e0 avec des milliers de navires de p\u00eache dans le monde entier.","publisher":{"@id":"https:\/\/fisheries.groupcls.com\/es\/#organization"},"potentialAction":[{"@type":"SearchAction","target":{"@type":"EntryPoint","urlTemplate":"https:\/\/fisheries.groupcls.com\/es\/?s={search_term_string}"},"query-input":{"@type":"PropertyValueSpecification","valueRequired":true,"valueName":"search_term_string"}}],"inLanguage":"es"},{"@type":"Organization","@id":"https:\/\/fisheries.groupcls.com\/es\/#organization","name":"CLS","url":"https:\/\/fisheries.groupcls.com\/es\/","logo":{"@type":"ImageObject","inLanguage":"es","@id":"https:\/\/fisheries.groupcls.com\/es\/#\/schema\/logo\/image\/","url":"https:\/\/fisheries.groupcls.com\/wp-content\/uploads\/2016\/04\/logo-cls.png","contentUrl":"https:\/\/fisheries.groupcls.com\/wp-content\/uploads\/2016\/04\/logo-cls.png","width":107,"height":90,"caption":"CLS"},"image":{"@id":"https:\/\/fisheries.groupcls.com\/es\/#\/schema\/logo\/image\/"}}]}},"_links":{"self":[{"href":"https:\/\/fisheries.groupcls.com\/es\/wp-json\/wp\/v2\/pages\/9980","targetHints":{"allow":["GET"]}}],"collection":[{"href":"https:\/\/fisheries.groupcls.com\/es\/wp-json\/wp\/v2\/pages"}],"about":[{"href":"https:\/\/fisheries.groupcls.com\/es\/wp-json\/wp\/v2\/types\/page"}],"author":[{"embeddable":true,"href":"https:\/\/fisheries.groupcls.com\/es\/wp-json\/wp\/v2\/users\/12"}],"replies":[{"embeddable":true,"href":"https:\/\/fisheries.groupcls.com\/es\/wp-json\/wp\/v2\/comments?post=9980"}],"version-history":[{"count":3,"href":"https:\/\/fisheries.groupcls.com\/es\/wp-json\/wp\/v2\/pages\/9980\/revisions"}],"predecessor-version":[{"id":13849,"href":"https:\/\/fisheries.groupcls.com\/es\/wp-json\/wp\/v2\/pages\/9980\/revisions\/13849"}],"wp:attachment":[{"href":"https:\/\/fisheries.groupcls.com\/es\/wp-json\/wp\/v2\/media?parent=9980"}],"curies":[{"name":"wp","href":"https:\/\/api.w.org\/{rel}","templated":true}]}}