{"id":8558,"date":"2020-01-13T15:39:00","date_gmt":"2020-01-13T14:39:00","guid":{"rendered":"https:\/\/fisheries.groupcls.com\/articles\/"},"modified":"2025-03-20T17:04:51","modified_gmt":"2025-03-20T16:04:51","slug":"articulos","status":"publish","type":"page","link":"https:\/\/fisheries.groupcls.com\/es\/recursos\/articulos\/","title":{"rendered":"Art\u00edculos"},"content":{"rendered":"<div class=\"wpb-content-wrapper\"><p>[vc_row 0=\u00bb\u00bb][vc_column 0=\u00bb\u00bb css=\u00bb.vc_custom_1594032150545{margin-bottom: 15px !important;}\u00bb][vc_column_text css=\u00bb.vc_custom_1640793511494{margin-bottom: 30px !important;}\u00bb]<\/p>\n<p style=\"text-align: justify;\">Perspectivas y explicaciones de expertos en administraci\u00f3n sostenible de pesca sobre las cuestiones clave a las que se enfrenta la industria pesquera y la administraci\u00f3n sostenible de los recursos marinos.<\/p>\n<p>[\/vc_column_text][\/vc_column][\/vc_row][vc_row][vc_column width=\u00bb1\/4&#8243;][vc_widget_sidebar sidebar_id=\u00bbdefault\u00bb][\/vc_column][vc_column width=\u00bb3\/4&#8243;][vc_basic_grid post_type=\u00bbpost\u00bb max_items=\u00bb-1&#8243; style=\u00bblazy\u00bb element_width=\u00bb6&#8243; item=\u00bb12767&#8243; css=\u00bb\u00bb grid_id=\u00bbvc_gid:1742486679719-d91c2b09-d597-8&#8243; taxonomies=\u00bb126, 93&#8243;][\/vc_column][\/vc_row]<\/p>\n<\/div>","protected":false},"excerpt":{"rendered":"<p>[vc_row 0=\u00bb\u00bb][vc_column 0=\u00bb\u00bb css=\u00bb.vc_custom_1594032150545{margin-bottom: 15px !important;}\u00bb][vc_column_text css=\u00bb.vc_custom_1640793511494{margin-bottom: 30px !important;}\u00bb] Perspectivas y explicaciones de expertos en administraci\u00f3n sostenible de pesca sobre las cuestiones clave a las que se enfrenta la industria pesquera y la administraci\u00f3n sostenible de los recursos marinos. [\/vc_column_text][\/vc_column][\/vc_row][vc_row][vc_column width=\u00bb1\/4&#8243;][vc_widget_sidebar sidebar_id=\u00bbdefault\u00bb][\/vc_column][vc_column width=\u00bb3\/4&#8243;][vc_basic_grid post_type=\u00bbpost\u00bb max_items=\u00bb-1&#8243; style=\u00bblazy\u00bb element_width=\u00bb6&#8243; item=\u00bb12767&#8243; css=\u00bb\u00bb grid_id=\u00bbvc_gid:1742486679719-d91c2b09-d597-8&#8243; taxonomies=\u00bb126, 93&#8243;][\/vc_column][\/vc_row]<\/p>\n","protected":false},"author":15,"featured_media":0,"parent":8564,"menu_order":0,"comment_status":"closed","ping_status":"closed","template":"","meta":{"footnotes":""},"class_list":["post-8558","page","type-page","status-publish","hentry"],"yoast_head":"<!-- This site is optimized with the Yoast SEO plugin v27.2 - https:\/\/yoast.com\/product\/yoast-seo-wordpress\/ -->\n<title>Art\u00edculos sobre el administraci\u00f3n sostenible de la pesca - CLS Fisheries<\/title>\n<meta name=\"description\" content=\"En estos art\u00edculos, nuestros expertos en administraci\u00f3n sostenible de pesca tratan de la pesca industrial y de la gesti\u00f3n sostenible de los recursos marinos\" \/>\n<meta name=\"robots\" content=\"index, follow, max-snippet:-1, max-image-preview:large, max-video-preview:-1\" \/>\n<link rel=\"canonical\" href=\"https:\/\/fisheries.groupcls.com\/es\/recursos\/articulos\/\" \/>\n<meta property=\"og:locale\" content=\"es_ES\" \/>\n<meta property=\"og:type\" content=\"article\" \/>\n<meta property=\"og:title\" content=\"Art\u00edculos sobre el administraci\u00f3n sostenible de la pesca - CLS Fisheries\" \/>\n<meta property=\"og:description\" content=\"En estos art\u00edculos, nuestros expertos en administraci\u00f3n sostenible de pesca tratan de la pesca industrial y de la gesti\u00f3n sostenible de los recursos marinos\" \/>\n<meta property=\"og:url\" content=\"https:\/\/fisheries.groupcls.com\/es\/recursos\/articulos\/\" \/>\n<meta property=\"og:site_name\" content=\"CLS Fisheries\" \/>\n<meta property=\"article:modified_time\" content=\"2025-03-20T16:04:51+00:00\" \/>\n<meta name=\"twitter:card\" content=\"summary_large_image\" \/>\n<meta name=\"twitter:label1\" content=\"Tiempo de lectura\" \/>\n\t<meta name=\"twitter:data1\" content=\"1 minuto\" \/>\n<script type=\"application\/ld+json\" class=\"yoast-schema-graph\">{\"@context\":\"https:\/\/schema.org\",\"@graph\":[{\"@type\":\"WebPage\",\"@id\":\"https:\/\/fisheries.groupcls.com\/es\/recursos\/articulos\/\",\"url\":\"https:\/\/fisheries.groupcls.com\/es\/recursos\/articulos\/\",\"name\":\"Art\u00edculos sobre el administraci\u00f3n sostenible de la pesca - CLS Fisheries\",\"isPartOf\":{\"@id\":\"https:\/\/fisheries.groupcls.com\/es\/#website\"},\"datePublished\":\"2020-01-13T14:39:00+00:00\",\"dateModified\":\"2025-03-20T16:04:51+00:00\",\"description\":\"En estos art\u00edculos, nuestros expertos en administraci\u00f3n sostenible de pesca tratan de la pesca industrial y de la gesti\u00f3n sostenible de los recursos marinos\",\"breadcrumb\":{\"@id\":\"https:\/\/fisheries.groupcls.com\/es\/recursos\/articulos\/#breadcrumb\"},\"inLanguage\":\"es\",\"potentialAction\":[{\"@type\":\"ReadAction\",\"target\":[\"https:\/\/fisheries.groupcls.com\/es\/recursos\/articulos\/\"]}]},{\"@type\":\"BreadcrumbList\",\"@id\":\"https:\/\/fisheries.groupcls.com\/es\/recursos\/articulos\/#breadcrumb\",\"itemListElement\":[{\"@type\":\"ListItem\",\"position\":1,\"name\":\"Accueil\",\"item\":\"https:\/\/fisheries.groupcls.com\/es\/\"},{\"@type\":\"ListItem\",\"position\":2,\"name\":\"Recursos\",\"item\":\"https:\/\/fisheries.groupcls.com\/es\/recursos\/\"},{\"@type\":\"ListItem\",\"position\":3,\"name\":\"Art\u00edculos\"}]},{\"@type\":\"WebSite\",\"@id\":\"https:\/\/fisheries.groupcls.com\/es\/#website\",\"url\":\"https:\/\/fisheries.groupcls.com\/es\/\",\"name\":\"CLS Fisheries\",\"description\":\"CLS est cetifi\u00e9 par les grands organismes internationaux \u00e0 travers le monde et travaille d\u00e9j\u00e0 avec des milliers de navires de p\u00eache dans le monde entier.\",\"publisher\":{\"@id\":\"https:\/\/fisheries.groupcls.com\/es\/#organization\"},\"potentialAction\":[{\"@type\":\"SearchAction\",\"target\":{\"@type\":\"EntryPoint\",\"urlTemplate\":\"https:\/\/fisheries.groupcls.com\/es\/?s={search_term_string}\"},\"query-input\":{\"@type\":\"PropertyValueSpecification\",\"valueRequired\":true,\"valueName\":\"search_term_string\"}}],\"inLanguage\":\"es\"},{\"@type\":\"Organization\",\"@id\":\"https:\/\/fisheries.groupcls.com\/es\/#organization\",\"name\":\"CLS\",\"url\":\"https:\/\/fisheries.groupcls.com\/es\/\",\"logo\":{\"@type\":\"ImageObject\",\"inLanguage\":\"es\",\"@id\":\"https:\/\/fisheries.groupcls.com\/es\/#\/schema\/logo\/image\/\",\"url\":\"https:\/\/fisheries.groupcls.com\/wp-content\/uploads\/2016\/04\/logo-cls.png\",\"contentUrl\":\"https:\/\/fisheries.groupcls.com\/wp-content\/uploads\/2016\/04\/logo-cls.png\",\"width\":107,\"height\":90,\"caption\":\"CLS\"},\"image\":{\"@id\":\"https:\/\/fisheries.groupcls.com\/es\/#\/schema\/logo\/image\/\"}}]}<\/script>\n<!-- \/ Yoast SEO plugin. -->","yoast_head_json":{"title":"Art\u00edculos sobre el administraci\u00f3n sostenible de la pesca - CLS Fisheries","description":"En estos art\u00edculos, nuestros expertos en administraci\u00f3n sostenible de pesca tratan de la pesca industrial y de la gesti\u00f3n sostenible de los recursos marinos","robots":{"index":"index","follow":"follow","max-snippet":"max-snippet:-1","max-image-preview":"max-image-preview:large","max-video-preview":"max-video-preview:-1"},"canonical":"https:\/\/fisheries.groupcls.com\/es\/recursos\/articulos\/","og_locale":"es_ES","og_type":"article","og_title":"Art\u00edculos sobre el administraci\u00f3n sostenible de la pesca - CLS Fisheries","og_description":"En estos art\u00edculos, nuestros expertos en administraci\u00f3n sostenible de pesca tratan de la pesca industrial y de la gesti\u00f3n sostenible de los recursos marinos","og_url":"https:\/\/fisheries.groupcls.com\/es\/recursos\/articulos\/","og_site_name":"CLS Fisheries","article_modified_time":"2025-03-20T16:04:51+00:00","twitter_card":"summary_large_image","twitter_misc":{"Tiempo de lectura":"1 minuto"},"schema":{"@context":"https:\/\/schema.org","@graph":[{"@type":"WebPage","@id":"https:\/\/fisheries.groupcls.com\/es\/recursos\/articulos\/","url":"https:\/\/fisheries.groupcls.com\/es\/recursos\/articulos\/","name":"Art\u00edculos sobre el administraci\u00f3n sostenible de la pesca - CLS Fisheries","isPartOf":{"@id":"https:\/\/fisheries.groupcls.com\/es\/#website"},"datePublished":"2020-01-13T14:39:00+00:00","dateModified":"2025-03-20T16:04:51+00:00","description":"En estos art\u00edculos, nuestros expertos en administraci\u00f3n sostenible de pesca tratan de la pesca industrial y de la gesti\u00f3n sostenible de los recursos marinos","breadcrumb":{"@id":"https:\/\/fisheries.groupcls.com\/es\/recursos\/articulos\/#breadcrumb"},"inLanguage":"es","potentialAction":[{"@type":"ReadAction","target":["https:\/\/fisheries.groupcls.com\/es\/recursos\/articulos\/"]}]},{"@type":"BreadcrumbList","@id":"https:\/\/fisheries.groupcls.com\/es\/recursos\/articulos\/#breadcrumb","itemListElement":[{"@type":"ListItem","position":1,"name":"Accueil","item":"https:\/\/fisheries.groupcls.com\/es\/"},{"@type":"ListItem","position":2,"name":"Recursos","item":"https:\/\/fisheries.groupcls.com\/es\/recursos\/"},{"@type":"ListItem","position":3,"name":"Art\u00edculos"}]},{"@type":"WebSite","@id":"https:\/\/fisheries.groupcls.com\/es\/#website","url":"https:\/\/fisheries.groupcls.com\/es\/","name":"CLS Fisheries","description":"CLS est cetifi\u00e9 par les grands organismes internationaux \u00e0 travers le monde et travaille d\u00e9j\u00e0 avec des milliers de navires de p\u00eache dans le monde entier.","publisher":{"@id":"https:\/\/fisheries.groupcls.com\/es\/#organization"},"potentialAction":[{"@type":"SearchAction","target":{"@type":"EntryPoint","urlTemplate":"https:\/\/fisheries.groupcls.com\/es\/?s={search_term_string}"},"query-input":{"@type":"PropertyValueSpecification","valueRequired":true,"valueName":"search_term_string"}}],"inLanguage":"es"},{"@type":"Organization","@id":"https:\/\/fisheries.groupcls.com\/es\/#organization","name":"CLS","url":"https:\/\/fisheries.groupcls.com\/es\/","logo":{"@type":"ImageObject","inLanguage":"es","@id":"https:\/\/fisheries.groupcls.com\/es\/#\/schema\/logo\/image\/","url":"https:\/\/fisheries.groupcls.com\/wp-content\/uploads\/2016\/04\/logo-cls.png","contentUrl":"https:\/\/fisheries.groupcls.com\/wp-content\/uploads\/2016\/04\/logo-cls.png","width":107,"height":90,"caption":"CLS"},"image":{"@id":"https:\/\/fisheries.groupcls.com\/es\/#\/schema\/logo\/image\/"}}]}},"_links":{"self":[{"href":"https:\/\/fisheries.groupcls.com\/es\/wp-json\/wp\/v2\/pages\/8558","targetHints":{"allow":["GET"]}}],"collection":[{"href":"https:\/\/fisheries.groupcls.com\/es\/wp-json\/wp\/v2\/pages"}],"about":[{"href":"https:\/\/fisheries.groupcls.com\/es\/wp-json\/wp\/v2\/types\/page"}],"author":[{"embeddable":true,"href":"https:\/\/fisheries.groupcls.com\/es\/wp-json\/wp\/v2\/users\/15"}],"replies":[{"embeddable":true,"href":"https:\/\/fisheries.groupcls.com\/es\/wp-json\/wp\/v2\/comments?post=8558"}],"version-history":[{"count":7,"href":"https:\/\/fisheries.groupcls.com\/es\/wp-json\/wp\/v2\/pages\/8558\/revisions"}],"predecessor-version":[{"id":13275,"href":"https:\/\/fisheries.groupcls.com\/es\/wp-json\/wp\/v2\/pages\/8558\/revisions\/13275"}],"up":[{"embeddable":true,"href":"https:\/\/fisheries.groupcls.com\/es\/wp-json\/wp\/v2\/pages\/8564"}],"wp:attachment":[{"href":"https:\/\/fisheries.groupcls.com\/es\/wp-json\/wp\/v2\/media?parent=8558"}],"curies":[{"name":"wp","href":"https:\/\/api.w.org\/{rel}","templated":true}]}}