{"id":8552,"date":"2020-02-06T13:46:33","date_gmt":"2020-02-06T12:46:33","guid":{"rendered":"https:\/\/fisheries.groupcls.com\/press\/"},"modified":"2026-02-03T14:08:26","modified_gmt":"2026-02-03T13:08:26","slug":"prensa","status":"publish","type":"page","link":"https:\/\/fisheries.groupcls.com\/es\/recursos\/prensa\/","title":{"rendered":"Prensa"},"content":{"rendered":"<div class=\"wpb-content-wrapper\"><p>[vc_row css=\u00bb.vc_custom_1580984093856{background-color: #ffffff !important;}\u00bb][vc_column width=\u00bb1\/2&#8243;][vc_column_text css=\u00bb\u00bb]<\/p>\n<h2>CLS Divisi\u00f3n Gesti\u00f3n Sostenible de la Pesca<\/h2>\n<p><strong>Primer proveedor mundial de sistemas de vigilancia de buques (VMS) y centros de vigilancia pesquera (FMC)<\/strong><\/p>\n<p style=\"text-align: justify;\">Desde 1986, hemos sido pioneros de una amplia gama de soluciones para una gesti\u00f3n sostenible de la pesca. Nuestro equipo tiene experiencia en una amplia gama de \u00e1reas : pesquer\u00edas, oceanograf\u00eda, biolog\u00eda marina, modelizaci\u00f3n, dise\u00f1o de productos, sat\u00e9lites, ciencia de los datos, an\u00e1lisis avanzado, ingenier\u00eda de software y hardware, y operaciones.<\/p>\n<p>Sede : Toulouse, Francia[\/vc_column_text][\/vc_column][vc_column width=\u00bb1\/2&#8243;][vc_column_text css=\u00bb\u00bb]<\/p>\n<h2>Prensa &#8211; Grupo CLS<\/h2>\n<p style=\"text-align: justify;\">Establecida en 1986, CLS es una empresa mundial y pionera en la provisi\u00f3n de soluciones de vigilancia y control de la Tierra. CLS es una filial de la Agencia Espacial Francesa (CNES) y CNP, una empresa de inversiones.<\/p>\n<p style=\"text-align: justify;\">Nuestra misi\u00f3n es proponer soluciones espaciales innovadoras para comprender y proteger nuestro planeta y administrar sus recursos de forma sostenible. CLS emplea mas de 1 200 personas en su sede en Toulouse (Francia) y en otros 40 lugares en el mundo.<\/p>\n<p style=\"text-align: justify;\">La empresa opera en 5 mercados estrat\u00e9gicos: gesti\u00f3n sostenible de la pesca, vigilancia ambiental y clim\u00e1tica, seguridad mar\u00edtima, gesti\u00f3n de flotas, y, energias e infraestructuras.<\/p>\n<p style=\"text-align: justify;\">Comprometida para un planeta sostenible, cada d\u00eda, la empresa trabaja para la Tierra desde el espacio.<\/p>\n<p>[\/vc_column_text][vc_btn title=\u00bbPrensa &#8211; Grupo CLS\u00bb style=\u00bbflat\u00bb color=\u00bbprimary\u00bb size=\u00bbsm\u00bb align=\u00bbleft\u00bb css=\u00bb.vc_custom_1770124104635{margin-top: -30px !important;}\u00bb link=\u00bburl:https%3A%2F%2Fwww.cls.fr%2Fen%2Fcategory%2Fpress%2F|target:_blank\u00bb][\/vc_column][\/vc_row][vc_row css=\u00bb.vc_custom_1588682261014{margin-top: 30px !important;border-bottom-width: 20px !important;}\u00bb][vc_column][vc_column_text]<\/p>\n<h2>Cifras clave<\/h2>\n<p>[\/vc_column_text][vc_row_inner][vc_column_inner width=\u00bb1\/3&#8243;][vc_icon icon_fontawesome=\u00bbstm-bargraph\u00bb background_style=\u00bbrounded\u00bb size=\u00bblg\u00bb align=\u00bbcenter\u00bb][vc_column_text css=\u00bb\u00bb]<\/p>\n<p style=\"text-align: center;\">Establecido en 1986 :<br \/>\n<strong>40 <\/strong>a\u00f1os de experiencia en la gesti\u00f3n sostenible de la pesca<\/p>\n<p>[\/vc_column_text][\/vc_column_inner][vc_column_inner width=\u00bb1\/3&#8243;][vc_icon icon_fontawesome=\u00bbfas fa-map-marker-alt\u00bb background_style=\u00bbrounded\u00bb size=\u00bblg\u00bb align=\u00bbcenter\u00bb][vc_column_text]<\/p>\n<p style=\"text-align: center;\">CLS trata<br \/>\n<strong>25<\/strong> millones de mensajes cada d\u00eda<\/p>\n<p>[\/vc_column_text][\/vc_column_inner][vc_column_inner width=\u00bb1\/3&#8243;][vc_icon icon_fontawesome=\u00bbfas fa-ship\u00bb background_style=\u00bbrounded\u00bb size=\u00bblg\u00bb align=\u00bbcenter\u00bb][vc_column_text]<\/p>\n<p style=\"text-align: center;\"><strong>15.000<\/strong> Sistemas de Monitoreo de Buques (VMS)<br \/>\nbuques rastreados en todo el mundo<\/p>\n<p>[\/vc_column_text][\/vc_column_inner][\/vc_row_inner][vc_row_inner][vc_column_inner width=\u00bb1\/3&#8243;][vc_icon icon_fontawesome=\u00bbfas fa-store-alt\u00bb background_style=\u00bbrounded\u00bb size=\u00bblg\u00bb align=\u00bbcenter\u00bb][vc_column_text]<\/p>\n<p style=\"text-align: center;\">Revendedores en <strong>40<\/strong> pa\u00edses,<br \/>\nen todos los oc\u00e9anos<\/p>\n<p>[\/vc_column_text][\/vc_column_inner][vc_column_inner width=\u00bb1\/3&#8243;][vc_icon icon_fontawesome=\u00bbfas fa-globe\u00bb background_style=\u00bbrounded\u00bb size=\u00bblg\u00bb align=\u00bbcenter\u00bb][vc_column_text]<\/p>\n<p style=\"text-align: center;\">Clientes en m\u00e1s de<br \/>\n<strong>90<\/strong> pa\u00edses<\/p>\n<p>[\/vc_column_text][\/vc_column_inner][vc_column_inner width=\u00bb1\/3&#8243;][vc_icon icon_fontawesome=\u00bbfas fa-server\u00bb background_style=\u00bbrounded\u00bb size=\u00bblg\u00bb align=\u00bbcenter\u00bb][vc_column_text]<\/p>\n<p style=\"text-align: center;\"><strong>+30<\/strong> Centros de Vigilancia Pesquera (FMC)<\/p>\n<p>[\/vc_column_text][\/vc_column_inner][\/vc_row_inner][\/vc_column][\/vc_row]<\/p>\n<\/div>","protected":false},"excerpt":{"rendered":"<p>[vc_row css=\u00bb.vc_custom_1580984093856{background-color: #ffffff !important;}\u00bb][vc_column width=\u00bb1\/2&#8243;][vc_column_text css=\u00bb\u00bb] CLS Divisi\u00f3n Gesti\u00f3n Sostenible de la Pesca Primer proveedor mundial de sistemas de vigilancia de buques (VMS) y centros de vigilancia pesquera (FMC) Desde 1986, hemos sido pioneros de una amplia gama de soluciones para una gesti\u00f3n sostenible de la pesca. Nuestro equipo tiene experiencia en una amplia gama<\/p>\n","protected":false},"author":15,"featured_media":0,"parent":8564,"menu_order":61,"comment_status":"closed","ping_status":"closed","template":"","meta":{"footnotes":""},"class_list":["post-8552","page","type-page","status-publish","hentry"],"yoast_head":"<!-- This site is optimized with the Yoast SEO plugin v27.2 - https:\/\/yoast.com\/product\/yoast-seo-wordpress\/ -->\n<title>Elementos de prensa - CLS Gesti\u00f3n Sostenible de la Pesca<\/title>\n<meta name=\"description\" content=\"Encuentre aqu\u00ed elementos de prensa sobre CLS: a prop\u00f3sito de nosotros, a prop\u00f3sito del Grupo CLS y algunos hechos clave para compartir!\" \/>\n<meta name=\"robots\" content=\"index, follow, max-snippet:-1, max-image-preview:large, max-video-preview:-1\" \/>\n<link rel=\"canonical\" href=\"https:\/\/fisheries.groupcls.com\/es\/recursos\/prensa\/\" \/>\n<meta property=\"og:locale\" content=\"es_ES\" \/>\n<meta property=\"og:type\" content=\"article\" \/>\n<meta property=\"og:title\" content=\"Elementos de prensa - CLS Gesti\u00f3n Sostenible de la Pesca\" \/>\n<meta property=\"og:description\" content=\"Encuentre aqu\u00ed elementos de prensa sobre CLS: a prop\u00f3sito de nosotros, a prop\u00f3sito del Grupo CLS y algunos hechos clave para compartir!\" \/>\n<meta property=\"og:url\" content=\"https:\/\/fisheries.groupcls.com\/es\/recursos\/prensa\/\" \/>\n<meta property=\"og:site_name\" content=\"CLS Fisheries\" \/>\n<meta property=\"article:modified_time\" content=\"2026-02-03T13:08:26+00:00\" \/>\n<meta name=\"twitter:card\" content=\"summary_large_image\" \/>\n<meta name=\"twitter:label1\" content=\"Tiempo de lectura\" \/>\n\t<meta name=\"twitter:data1\" content=\"2 minutos\" \/>\n<script type=\"application\/ld+json\" class=\"yoast-schema-graph\">{\"@context\":\"https:\/\/schema.org\",\"@graph\":[{\"@type\":\"WebPage\",\"@id\":\"https:\/\/fisheries.groupcls.com\/es\/recursos\/prensa\/\",\"url\":\"https:\/\/fisheries.groupcls.com\/es\/recursos\/prensa\/\",\"name\":\"Elementos de prensa - CLS Gesti\u00f3n Sostenible de la Pesca\",\"isPartOf\":{\"@id\":\"https:\/\/fisheries.groupcls.com\/es\/#website\"},\"datePublished\":\"2020-02-06T12:46:33+00:00\",\"dateModified\":\"2026-02-03T13:08:26+00:00\",\"description\":\"Encuentre aqu\u00ed elementos de prensa sobre CLS: a prop\u00f3sito de nosotros, a prop\u00f3sito del Grupo CLS y algunos hechos clave para compartir!\",\"breadcrumb\":{\"@id\":\"https:\/\/fisheries.groupcls.com\/es\/recursos\/prensa\/#breadcrumb\"},\"inLanguage\":\"es\",\"potentialAction\":[{\"@type\":\"ReadAction\",\"target\":[\"https:\/\/fisheries.groupcls.com\/es\/recursos\/prensa\/\"]}]},{\"@type\":\"BreadcrumbList\",\"@id\":\"https:\/\/fisheries.groupcls.com\/es\/recursos\/prensa\/#breadcrumb\",\"itemListElement\":[{\"@type\":\"ListItem\",\"position\":1,\"name\":\"Accueil\",\"item\":\"https:\/\/fisheries.groupcls.com\/es\/\"},{\"@type\":\"ListItem\",\"position\":2,\"name\":\"Recursos\",\"item\":\"https:\/\/fisheries.groupcls.com\/es\/recursos\/\"},{\"@type\":\"ListItem\",\"position\":3,\"name\":\"Prensa\"}]},{\"@type\":\"WebSite\",\"@id\":\"https:\/\/fisheries.groupcls.com\/es\/#website\",\"url\":\"https:\/\/fisheries.groupcls.com\/es\/\",\"name\":\"CLS Fisheries\",\"description\":\"CLS est cetifi\u00e9 par les grands organismes internationaux \u00e0 travers le monde et travaille d\u00e9j\u00e0 avec des milliers de navires de p\u00eache dans le monde entier.\",\"publisher\":{\"@id\":\"https:\/\/fisheries.groupcls.com\/es\/#organization\"},\"potentialAction\":[{\"@type\":\"SearchAction\",\"target\":{\"@type\":\"EntryPoint\",\"urlTemplate\":\"https:\/\/fisheries.groupcls.com\/es\/?s={search_term_string}\"},\"query-input\":{\"@type\":\"PropertyValueSpecification\",\"valueRequired\":true,\"valueName\":\"search_term_string\"}}],\"inLanguage\":\"es\"},{\"@type\":\"Organization\",\"@id\":\"https:\/\/fisheries.groupcls.com\/es\/#organization\",\"name\":\"CLS\",\"url\":\"https:\/\/fisheries.groupcls.com\/es\/\",\"logo\":{\"@type\":\"ImageObject\",\"inLanguage\":\"es\",\"@id\":\"https:\/\/fisheries.groupcls.com\/es\/#\/schema\/logo\/image\/\",\"url\":\"https:\/\/fisheries.groupcls.com\/wp-content\/uploads\/2016\/04\/logo-cls.png\",\"contentUrl\":\"https:\/\/fisheries.groupcls.com\/wp-content\/uploads\/2016\/04\/logo-cls.png\",\"width\":107,\"height\":90,\"caption\":\"CLS\"},\"image\":{\"@id\":\"https:\/\/fisheries.groupcls.com\/es\/#\/schema\/logo\/image\/\"}}]}<\/script>\n<!-- \/ Yoast SEO plugin. -->","yoast_head_json":{"title":"Elementos de prensa - CLS Gesti\u00f3n Sostenible de la Pesca","description":"Encuentre aqu\u00ed elementos de prensa sobre CLS: a prop\u00f3sito de nosotros, a prop\u00f3sito del Grupo CLS y algunos hechos clave para compartir!","robots":{"index":"index","follow":"follow","max-snippet":"max-snippet:-1","max-image-preview":"max-image-preview:large","max-video-preview":"max-video-preview:-1"},"canonical":"https:\/\/fisheries.groupcls.com\/es\/recursos\/prensa\/","og_locale":"es_ES","og_type":"article","og_title":"Elementos de prensa - CLS Gesti\u00f3n Sostenible de la Pesca","og_description":"Encuentre aqu\u00ed elementos de prensa sobre CLS: a prop\u00f3sito de nosotros, a prop\u00f3sito del Grupo CLS y algunos hechos clave para compartir!","og_url":"https:\/\/fisheries.groupcls.com\/es\/recursos\/prensa\/","og_site_name":"CLS Fisheries","article_modified_time":"2026-02-03T13:08:26+00:00","twitter_card":"summary_large_image","twitter_misc":{"Tiempo de lectura":"2 minutos"},"schema":{"@context":"https:\/\/schema.org","@graph":[{"@type":"WebPage","@id":"https:\/\/fisheries.groupcls.com\/es\/recursos\/prensa\/","url":"https:\/\/fisheries.groupcls.com\/es\/recursos\/prensa\/","name":"Elementos de prensa - CLS Gesti\u00f3n Sostenible de la Pesca","isPartOf":{"@id":"https:\/\/fisheries.groupcls.com\/es\/#website"},"datePublished":"2020-02-06T12:46:33+00:00","dateModified":"2026-02-03T13:08:26+00:00","description":"Encuentre aqu\u00ed elementos de prensa sobre CLS: a prop\u00f3sito de nosotros, a prop\u00f3sito del Grupo CLS y algunos hechos clave para compartir!","breadcrumb":{"@id":"https:\/\/fisheries.groupcls.com\/es\/recursos\/prensa\/#breadcrumb"},"inLanguage":"es","potentialAction":[{"@type":"ReadAction","target":["https:\/\/fisheries.groupcls.com\/es\/recursos\/prensa\/"]}]},{"@type":"BreadcrumbList","@id":"https:\/\/fisheries.groupcls.com\/es\/recursos\/prensa\/#breadcrumb","itemListElement":[{"@type":"ListItem","position":1,"name":"Accueil","item":"https:\/\/fisheries.groupcls.com\/es\/"},{"@type":"ListItem","position":2,"name":"Recursos","item":"https:\/\/fisheries.groupcls.com\/es\/recursos\/"},{"@type":"ListItem","position":3,"name":"Prensa"}]},{"@type":"WebSite","@id":"https:\/\/fisheries.groupcls.com\/es\/#website","url":"https:\/\/fisheries.groupcls.com\/es\/","name":"CLS Fisheries","description":"CLS est cetifi\u00e9 par les grands organismes internationaux \u00e0 travers le monde et travaille d\u00e9j\u00e0 avec des milliers de navires de p\u00eache dans le monde entier.","publisher":{"@id":"https:\/\/fisheries.groupcls.com\/es\/#organization"},"potentialAction":[{"@type":"SearchAction","target":{"@type":"EntryPoint","urlTemplate":"https:\/\/fisheries.groupcls.com\/es\/?s={search_term_string}"},"query-input":{"@type":"PropertyValueSpecification","valueRequired":true,"valueName":"search_term_string"}}],"inLanguage":"es"},{"@type":"Organization","@id":"https:\/\/fisheries.groupcls.com\/es\/#organization","name":"CLS","url":"https:\/\/fisheries.groupcls.com\/es\/","logo":{"@type":"ImageObject","inLanguage":"es","@id":"https:\/\/fisheries.groupcls.com\/es\/#\/schema\/logo\/image\/","url":"https:\/\/fisheries.groupcls.com\/wp-content\/uploads\/2016\/04\/logo-cls.png","contentUrl":"https:\/\/fisheries.groupcls.com\/wp-content\/uploads\/2016\/04\/logo-cls.png","width":107,"height":90,"caption":"CLS"},"image":{"@id":"https:\/\/fisheries.groupcls.com\/es\/#\/schema\/logo\/image\/"}}]}},"_links":{"self":[{"href":"https:\/\/fisheries.groupcls.com\/es\/wp-json\/wp\/v2\/pages\/8552","targetHints":{"allow":["GET"]}}],"collection":[{"href":"https:\/\/fisheries.groupcls.com\/es\/wp-json\/wp\/v2\/pages"}],"about":[{"href":"https:\/\/fisheries.groupcls.com\/es\/wp-json\/wp\/v2\/types\/page"}],"author":[{"embeddable":true,"href":"https:\/\/fisheries.groupcls.com\/es\/wp-json\/wp\/v2\/users\/15"}],"replies":[{"embeddable":true,"href":"https:\/\/fisheries.groupcls.com\/es\/wp-json\/wp\/v2\/comments?post=8552"}],"version-history":[{"count":13,"href":"https:\/\/fisheries.groupcls.com\/es\/wp-json\/wp\/v2\/pages\/8552\/revisions"}],"predecessor-version":[{"id":14125,"href":"https:\/\/fisheries.groupcls.com\/es\/wp-json\/wp\/v2\/pages\/8552\/revisions\/14125"}],"up":[{"embeddable":true,"href":"https:\/\/fisheries.groupcls.com\/es\/wp-json\/wp\/v2\/pages\/8564"}],"wp:attachment":[{"href":"https:\/\/fisheries.groupcls.com\/es\/wp-json\/wp\/v2\/media?parent=8552"}],"curies":[{"name":"wp","href":"https:\/\/api.w.org\/{rel}","templated":true}]}}