{"id":5951,"date":"2018-11-26T15:06:16","date_gmt":"2018-11-26T14:06:16","guid":{"rendered":"https:\/\/fisheries.groupcls.com\/?page_id=5951"},"modified":"2025-07-31T11:58:46","modified_gmt":"2025-07-31T09:58:46","slug":"themis-centro-de-seguimiento-de-pesca-fmc","status":"publish","type":"page","link":"https:\/\/fisheries.groupcls.com\/es\/administraciones-pesqueras\/themis-centro-de-seguimiento-de-pesca-fmc\/","title":{"rendered":"Centro de Seguimiento de Pesca: THEMIS"},"content":{"rendered":"<div class=\"wpb-content-wrapper\"><p>[vc_row][vc_column width=\u00bb2\/3&#8243; css=\u00bb.vc_custom_1589797930568{padding-top: 22px !important;padding-right: 3em !important;}\u00bb][vc_custom_heading text=\u00bbPlataforma de seguimiento de pesca de \u00faltima generaci\u00f3n<br \/>\ndel proveedor mundial n\u00ba1&#8243; font_container=\u00bbtag:p|font_size:16px|text_align:center|color:%231e73be\u00bb google_fonts=\u00bbfont_family:Montserrat%3Aregular%2C700|font_style:700%20bold%20regular%3A700%3Anormal\u00bb css=\u00bb.vc_custom_1623858504779{padding-bottom: 10px !important;}\u00bb][vc_column_text]<\/p>\n<p style=\"text-align: center;\"><iframe loading=\"lazy\" title=\"YouTube video player\" src=\"https:\/\/www.youtube-nocookie.com\/embed\/uWHUOZqhoW8?rel=0&amp;mute=1&amp;autoplay=1\" width=\"560\" height=\"315\" frameborder=\"0\" allowfullscreen=\"allowfullscreen\"><span data-mce-type=\"bookmark\" style=\"display: inline-block; width: 0px; overflow: hidden; line-height: 0;\" class=\"mce_SELRES_start\">\ufeff<\/span><\/iframe><\/p>\n<p>[\/vc_column_text][vc_custom_heading text=\u00bbInnovaci\u00f3n continua\u00bb font_container=\u00bbtag:h2|font_size:26|text_align:left|color:%230a0000&#8243; use_theme_fonts=\u00bbyes\u00bb][vc_column_text]<\/p>\n<p style=\"text-align: justify;\">Themis naci\u00f3 hace 15 a\u00f1os, en respuesta a las necesidades de nuestros clients de una plataforma que pudiera integrar<strong> m\u00faltiples fuentes de datos marinos<\/strong> (radar, AIS, <a href=\"https:\/\/fisheries.groupcls.com\/es\/pescadores\/vms\/\">VMS<\/a>, <a href=\"https:\/\/fisheries.groupcls.com\/es\/pescadores\/ers\/\">informes de capturas<\/a>, oceanograf\u00eda, etc.). Quer\u00edan hacer algo m\u00e1s que visualizar los recorridos del VMS; necesitaban una herramienta ponderosa para el <strong>monitoreo, control y vigilancia<\/strong> (MCS). Desde entonces, Themis ha evolucionado constantemente para apoyar a nuestros clientes a medida que crecen sus necesidades en la gestion de la pesca sostenible y la <a href=\"https:\/\/fisheries.groupcls.com\/es\/administraciones-pesqueras\/combatir-la-pesca-ilegal\/\">lucha contra la pesca ilegal<\/a>, no declarada y no reglamentada.<\/p>\n<p>[\/vc_column_text][vc_custom_heading text=\u00bbPresencia mundial\u00bb font_container=\u00bbtag:h2|font_size:26|text_align:left|color:%230a0000&#8243; use_theme_fonts=\u00bbyes\u00bb][vc_column_text]<\/p>\n<p style=\"text-align: justify;\">Su rendimiento demostrado y la estrecha relaci\u00f3n con <a href=\"https:\/\/fisheries.groupcls.com\/es\/razones-para-elegir-cls\/referencias\/\">nuestros clientes<\/a> han hecho de Themis la plataforma de seguimiento de la pesca m\u00e1s importante del mundo, abarcando la mayor\u00eda de los oc\u00e9anos. El intercambio de datos entre las autoridades, los pa\u00edses y las organizaciones regionales de administraci\u00f3n Pesquera es m\u00e1s f\u00e1cil que nunca, lo que permite un control m\u00e1s eficaz.<\/p>\n<p>[\/vc_column_text][vc_custom_heading text=\u00bbCompleto\u00bb font_container=\u00bbtag:h2|font_size:26|text_align:left|color:%230a0000&#8243; use_theme_fonts=\u00bbyes\u00bb][vc_column_text]<\/p>\n<p style=\"text-align: justify;\">Themis es un potente software de gesti\u00f3n de pesca. Adem\u00e1s de los recorridos que se pueden visualizar con el VMS, el programa gestiona el total de la base de datos de los barcos y su informaci\u00f3n (como registros, nombre de barco, caracter\u00edsticas, empresa propietaria y licencias). Proporciona <strong>todo lo necesario para combatir la pesca ilegal (INDNR), <\/strong>monitoreo tanto del esfuerzo pesquero como de las zonas de pesca y protegiendo a las poblaciones de peces.<\/p>\n<p>Mejor an\u00e1lisis, mejor toma de decisi\u00f3n, hecho f\u00e1cilmente.[\/vc_column_text][vc_custom_heading text=\u00bbReporte de Captura\u00bb font_container=\u00bbtag:h2|text_align:left|color:%230a0000&#8243; use_theme_fonts=\u00bbyes\u00bb][vc_column_text]<\/p>\n<p style=\"text-align: justify;\">Bit\u00e1coras electr\u00f3nicas para pescadores y an\u00e1lisis de capturas para las administraciones pesqueras (estad\u00edsticas por embarcaci\u00f3n, flota, zona, tipo de pescado, gesti\u00f3n de cuota).<\/p>\n<p>[\/vc_column_text][vc_custom_heading text=\u00bbPersonalizar Themis para cumplir sus necesidades espec\u00edficas\u00bb font_container=\u00bbtag:h2|font_size:26|text_align:left|color:%230a0000&#8243; use_theme_fonts=\u00bbyes\u00bb css=\u00bb.vc_custom_1623858455314{padding-top: 15px !important;}\u00bb][vc_column_text]<\/p>\n<p style=\"text-align: justify;\">Themis evoluciona con usted: desde el primer paso de seguimiento de los buques registrados, pasando por los poderosos instrumentos de aplicaci\u00f3n de la ley para luchar contra la pesca ilegal, no declarada y no reglamentada, hasta la gesti\u00f3n de los recursos marinos en tiempo real. Themis puede ser alojado en CLS, eliminando la necesidad de una costosa infraestructura y mantenimiento, o instalado en sus instalaciones.<\/p>\n<p>[\/vc_column_text][vc_btn title=\u00bbDescargar folleto\u00bb style=\u00bbclassic\u00bb color=\u00bbprimary\u00bb align=\u00bbcenter\u00bb css_animation=\u00bbfadeIn\u00bb link=\u00bburl:https%3A%2F%2Ffisheries.groupcls.com%2Fwp-content%2Fuploads%2F2020%2F05%2F5962-CLS-Themis-Brochure_ES.pdf||target:%20_blank|\u00bb][vc_images_carousel images=\u00bb9158,9152,9155&#8243; img_size=\u00bbfull\u00bb onclick=\u00bblink_no\u00bb autoplay=\u00bbyes\u00bb wrap=\u00bbyes\u00bb css=\u00bb.vc_custom_1623858680591{padding-top: 50px !important;}\u00bb][\/vc_column][vc_column width=\u00bb1\/3&#8243; css=\u00bb.vc_custom_1623858270217{padding-top: 20px !important;padding-right: 30px !important;padding-bottom: 20px !important;padding-left: 30px !important;background-image: url(https:\/\/fisheries.groupcls.com\/wp-content\/uploads\/2017\/06\/pattern_2.png?id=4506) !important;}\u00bb][vc_single_image image=\u00bb9400&#8243; img_size=\u00bb\u00bb alignment=\u00bbcenter\u00bb css=\u00bb.vc_custom_1623858265090{padding-top: 30px !important;padding-bottom: 10px !important;}\u00bb][vc_custom_heading text=\u00bb6 nuevas funcionalidades principales de Themis v8&#8243; font_container=\u00bbtag:h2|font_size:26|text_align:center\u00bb use_theme_fonts=\u00bbyes\u00bb][vc_column_text 0=\u00bb\u00bb css=\u00bb.vc_custom_1623858709584{padding-top: 10px !important;}\u00bb]<\/p>\n<ul>\n<li style=\"text-align: justify;\"><strong>Controlar autom\u00e1ticamente listas negras : <\/strong>Detecte autom\u00e1ticamente la presencia de buques de inter\u00e9s en sus aguas.<\/li>\n<li style=\"text-align: justify;\"><strong>Comparar las posiciones AIS y VMS : <\/strong>Vea los datos del AIS y cruzar los informes de posici\u00f3n para activar las alertas de pesca ilegal, no declarada y no reglamentada.<\/li>\n<li style=\"text-align: justify;\"><strong>Cambiar escala : <\/strong>Registre hasta 100.000 embarcaciones y busque f\u00e1cilmentela embarcaci\u00f3n que le interesa.<\/li>\n<li style=\"text-align: justify;\"><strong>Compatibilidad Flujo de Uncefactos : <\/strong>Haga la transici\u00f3n sin problemas al uso de FLUX mientras se conservan los est\u00e1ndares NAF operativos.<\/li>\n<li style=\"text-align: justify;\"><strong>FISHLog : <\/strong>Personalice su diario electr\u00f3nico con FISHLog e integre autom\u00e1ticamente los datos de ERS en THEMIS.<\/li>\n<li style=\"text-align: justify;\"><strong>Personalice sus cuadros de mando : <\/strong>Vea los datos que le interesan en su tablero personalizado : \u00faltimas alertas, estado de los informes de los buques, etc.<\/li>\n<\/ul>\n<p style=\"text-align: center;\"><strong>M\u00e1s de 20 nuevas funciones le esperan en Themis V8.<\/strong><\/p>\n<p>[\/vc_column_text][vc_btn title=\u00bbContactarnos\u00bb style=\u00bbclassic\u00bb color=\u00bbprimary\u00bb align=\u00bbcenter\u00bb css_animation=\u00bbfadeIn\u00bb link=\u00bburl:https%3A%2F%2Ffisheries.groupcls.com%2Fes%2Fcontactos%2F|||\u00bb][vc_separator css=\u00bb.vc_custom_1623858318406{padding-top: 20px !important;padding-bottom: 20px !important;}\u00bb][vc_custom_heading text=\u00bb\u00bfPor qu\u00e9 elegir Themis?\u00bb font_container=\u00bbtag:h2|font_size:26|text_align:center\u00bb use_theme_fonts=\u00bbyes\u00bb][vc_column_text 0=\u00bb\u00bb css=\u00bb.vc_custom_1590505711074{padding-top: 10px !important;}\u00bb]<\/p>\n<ul>\n<li>El <strong>\u00fanico servicio de este tipo<\/strong> en el mercado hoy en d\u00eda<\/li>\n<li><strong>Cumplimiento<\/strong> de las <strong>regulaciones internacionales de pesca<\/strong><\/li>\n<li>Acumula la gama m\u00e1s <strong>completa<\/strong> de<strong> datos de pesca<\/strong><\/li>\n<li><strong>Socio de confianza<\/strong> con 30 a\u00f1os de experiencia en la gesti\u00f3n de la pesca<\/li>\n<li><strong>F\u00e1cil intercambio de datos<\/strong> entre las autoridades y las organizaciones regionales de administraci\u00f3n pesquera<\/li>\n<\/ul>\n<p>[\/vc_column_text][vc_btn title=\u00bbSolicite una Demo\u00bb style=\u00bbclassic\u00bb color=\u00bbprimary\u00bb align=\u00bbcenter\u00bb css_animation=\u00bbfadeIn\u00bb link=\u00bburl:https%3A%2F%2Ffisheries.groupcls.com%2Fes%2Fcontactos%2F|||\u00bb][vc_single_image image=\u00bb4626&#8243; img_size=\u00bbfull\u00bb alignment=\u00bbcenter\u00bb css=\u00bb.vc_custom_1589798366822{padding-top: 15px !important;}\u00bb][vc_custom_heading text=\u00bbSeguridad de datos garantizada\u00bb font_container=\u00bbtag:h3|text_align:center|color:%230a0000&#8243; use_theme_fonts=\u00bbyes\u00bb][vc_column_text]<\/p>\n<p style=\"text-align: center;\"><strong>Centro de Big Data de \u00faltima generaci\u00f3n<br \/>\n<\/strong><strong>Sus datos son completamente privados y seguros<\/strong><\/p>\n<p style=\"text-align: justify;\">Los operadores, administradores de sistemas y redes e ingenieros garantizan los m\u00e1s altos niveles de seguridad y fiabilidad. Los procedimientos y la seguridad de los datos de CLS satisfacen las estrictas necesidades de los gobiernos y las OROP y han obtenido la certificaci\u00f3n ISO 27001.<\/p>\n<p>[\/vc_column_text][vc_single_image image=\u00bb10143&#8243; img_size=\u00bbfull\u00bb alignment=\u00bbcenter\u00bb][\/vc_column][\/vc_row][vc_row full_width=\u00bbstretch_row\u00bb css=\u00bb.vc_custom_1623858369363{margin-top: 30px !important;margin-bottom: 30px !important;padding-top: 30px !important;padding-bottom: 40px !important;background-image: url(https:\/\/fisheries.groupcls.com\/wp-content\/uploads\/2017\/06\/pattern_2.png?id=6862) !important;}\u00bb][vc_column][vc_custom_heading text=\u00bbM\u00f3dulos opcionales\u00bb font_container=\u00bbtag:h2|text_align:left|color:%230a0000&#8243; use_theme_fonts=\u00bbyes\u00bb css=\u00bb.vc_custom_1623858673863{padding-top: 25px !important;}\u00bb][vc_row_inner css=\u00bb.vc_custom_1623858740063{margin-top: 25px !important;padding-bottom: 30px !important;}\u00bb][vc_column_inner width=\u00bb1\/3&#8243; css=\u00bb.vc_custom_1542210936173{border-radius: 3px !important;}\u00bb][vc_single_image image=\u00bb6013&#8243; img_size=\u00bb250&#215;250&#8243; alignment=\u00bbcenter\u00bb style=\u00bbvc_box_circle_2&#8243; css_animation=\u00bbfadeIn\u00bb][vc_custom_heading text=\u00bbRadar de pesca INDNR\u00bb font_container=\u00bbtag:h3|text_align:center|color:%230a0000&#8243; use_theme_fonts=\u00bbyes\u00bb][vc_column_text]<\/p>\n<p style=\"text-align: center;\">Lucha contra la pesca ilegal:<br \/>\ndetectar barcos usando la tecnolog\u00eda de radar sat\u00e9lite y correlacionarla con el recorridos VMS.<\/p>\n<p>[\/vc_column_text][\/vc_column_inner][vc_column_inner width=\u00bb1\/3&#8243;][vc_single_image image=\u00bb5883&#8243; img_size=\u00bb250&#215;250&#8243; alignment=\u00bbcenter\u00bb style=\u00bbvc_box_circle_2&#8243; css_animation=\u00bbfadeIn\u00bb][vc_custom_heading text=\u00bbMetocean\u00bb font_container=\u00bbtag:h3|text_align:center|color:%230a0000&#8243; use_theme_fonts=\u00bbyes\u00bb][vc_column_text]<\/p>\n<p style=\"text-align: center;\">Themis muestra mediante mapas de color los datos oceanogr\u00e1ficos medidos por sat\u00e9lite (anomal\u00edas del nivel del mar, temperatura de la superficie mar\u00edtima, color y salinidad del mar, corrientes, presi\u00f3n del aire y viento).<\/p>\n<p>[\/vc_column_text][\/vc_column_inner][vc_column_inner width=\u00bb1\/3&#8243;][vc_single_image image=\u00bb6014&#8243; img_size=\u00bb250&#215;250&#8243; alignment=\u00bbcenter\u00bb style=\u00bbvc_box_circle_2&#8243; css_animation=\u00bbfadeIn\u00bb][vc_custom_heading text=\u00bbDatos AIS\/Sat-AIS\u00bb font_container=\u00bbtag:h3|text_align:center|color:%230a0000&#8243; use_theme_fonts=\u00bbyes\u00bb][vc_column_text]<\/p>\n<p style=\"text-align: center;\">Integrar en THEMIS los recorridos de las embarcaciones usando tanto la informaci\u00f3n AIS obtenida por sat\u00e9lite as\u00ed como la obtenida de estaciones terrestres de AIS.<\/p>\n<p>[\/vc_column_text][\/vc_column_inner][\/vc_row_inner][vc_btn title=\u00bbSolicite una Demo\u00bb style=\u00bbclassic\u00bb color=\u00bbprimary\u00bb align=\u00bbcenter\u00bb css_animation=\u00bbfadeIn\u00bb link=\u00bburl:https%3A%2F%2Ffisheries.groupcls.com%2Fes%2Fcontactos%2F|||\u00bb][\/vc_column][\/vc_row][vc_row full_width=\u00bbstretch_row\u00bb css=\u00bb.vc_custom_1640789465722{margin-top: 25px !important;margin-bottom: -60px !important;}\u00bb][vc_column css=\u00bb.vc_custom_1589797347910{margin-top: 2em !important;margin-bottom: 2em !important;}\u00bb][vc_custom_heading text=\u00bbReferencias\u00bb use_theme_fonts=\u00bbyes\u00bb css=\u00bb.vc_custom_1623858408261{padding-bottom: 20px !important;}\u00bb][vc_images_carousel images=\u00bb8585,8591,8597,8588,8615,8618,8953,8950&#8243; img_size=\u00bbfull\u00bb onclick=\u00bblink_no\u00bb speed=\u00bb3000&#8243; slides_per_view=\u00bb5&#8243; autoplay=\u00bbyes\u00bb hide_pagination_control=\u00bbyes\u00bb wrap=\u00bbyes\u00bb el_class=\u00bbcolor_on_hover\u00bb][\/vc_column][\/vc_row]<\/p>\n<\/div>","protected":false},"excerpt":{"rendered":"<p>[vc_row][vc_column width=\u00bb2\/3&#8243; css=\u00bb.vc_custom_1589797930568{padding-top: 22px !important;padding-right: 3em !important;}\u00bb][vc_custom_heading text=\u00bbPlataforma de seguimiento de pesca de \u00faltima generaci\u00f3n del proveedor mundial n\u00ba1&#8243; font_container=\u00bbtag:p|font_size:16px|text_align:center|color:%231e73be\u00bb google_fonts=\u00bbfont_family:Montserrat%3Aregular%2C700|font_style:700%20bold%20regular%3A700%3Anormal\u00bb css=\u00bb.vc_custom_1623858504779{padding-bottom: 10px !important;}\u00bb][vc_column_text] \ufeff [\/vc_column_text][vc_custom_heading text=\u00bbInnovaci\u00f3n continua\u00bb font_container=\u00bbtag:h2|font_size:26|text_align:left|color:%230a0000&#8243; use_theme_fonts=\u00bbyes\u00bb][vc_column_text] Themis naci\u00f3 hace 15 a\u00f1os, en respuesta a las necesidades de nuestros clients de una plataforma que pudiera integrar m\u00faltiples fuentes de datos marinos (radar,<\/p>\n","protected":false},"author":12,"featured_media":0,"parent":5019,"menu_order":0,"comment_status":"closed","ping_status":"closed","template":"","meta":{"footnotes":""},"class_list":["post-5951","page","type-page","status-publish","hentry"],"yoast_head":"<!-- This site is optimized with the Yoast SEO plugin v27.2 - https:\/\/yoast.com\/product\/yoast-seo-wordpress\/ -->\n<title>Centro de Seguimiento de Pesca: THEMIS - CLS Fisheries<\/title>\n<meta name=\"description\" content=\"THEMIS es un programa completo para el seguimiento de la pesca para las administraciones : desde el software hasta la instalaci\u00f3n de un FMC.\" \/>\n<meta name=\"robots\" content=\"index, follow, max-snippet:-1, max-image-preview:large, max-video-preview:-1\" \/>\n<link rel=\"canonical\" href=\"https:\/\/fisheries.groupcls.com\/es\/administraciones-pesqueras\/themis-centro-de-seguimiento-de-pesca-fmc\/\" \/>\n<meta property=\"og:locale\" content=\"es_ES\" \/>\n<meta property=\"og:type\" content=\"article\" \/>\n<meta property=\"og:title\" content=\"Centro de Seguimiento de Pesca: THEMIS - CLS Fisheries\" \/>\n<meta property=\"og:description\" content=\"THEMIS es un programa completo para el seguimiento de la pesca para las administraciones : desde el software hasta la instalaci\u00f3n de un FMC.\" \/>\n<meta property=\"og:url\" content=\"https:\/\/fisheries.groupcls.com\/es\/administraciones-pesqueras\/themis-centro-de-seguimiento-de-pesca-fmc\/\" \/>\n<meta property=\"og:site_name\" content=\"CLS Fisheries\" \/>\n<meta property=\"article:modified_time\" content=\"2025-07-31T09:58:46+00:00\" \/>\n<meta name=\"twitter:card\" content=\"summary_large_image\" \/>\n<meta name=\"twitter:label1\" content=\"Tiempo de lectura\" \/>\n\t<meta name=\"twitter:data1\" content=\"5 minutos\" \/>\n<script type=\"application\/ld+json\" class=\"yoast-schema-graph\">{\"@context\":\"https:\/\/schema.org\",\"@graph\":[{\"@type\":[\"WebPage\",\"ItemPage\"],\"@id\":\"https:\/\/fisheries.groupcls.com\/es\/administraciones-pesqueras\/themis-centro-de-seguimiento-de-pesca-fmc\/\",\"url\":\"https:\/\/fisheries.groupcls.com\/es\/administraciones-pesqueras\/themis-centro-de-seguimiento-de-pesca-fmc\/\",\"name\":\"Centro de Seguimiento de Pesca: THEMIS - CLS Fisheries\",\"isPartOf\":{\"@id\":\"https:\/\/fisheries.groupcls.com\/es\/#website\"},\"datePublished\":\"2018-11-26T14:06:16+00:00\",\"dateModified\":\"2025-07-31T09:58:46+00:00\",\"description\":\"THEMIS es un programa completo para el seguimiento de la pesca para las administraciones : desde el software hasta la instalaci\u00f3n de un FMC.\",\"breadcrumb\":{\"@id\":\"https:\/\/fisheries.groupcls.com\/es\/administraciones-pesqueras\/themis-centro-de-seguimiento-de-pesca-fmc\/#breadcrumb\"},\"inLanguage\":\"es\",\"potentialAction\":[{\"@type\":\"ReadAction\",\"target\":[\"https:\/\/fisheries.groupcls.com\/es\/administraciones-pesqueras\/themis-centro-de-seguimiento-de-pesca-fmc\/\"]}]},{\"@type\":\"BreadcrumbList\",\"@id\":\"https:\/\/fisheries.groupcls.com\/es\/administraciones-pesqueras\/themis-centro-de-seguimiento-de-pesca-fmc\/#breadcrumb\",\"itemListElement\":[{\"@type\":\"ListItem\",\"position\":1,\"name\":\"Accueil\",\"item\":\"https:\/\/fisheries.groupcls.com\/es\/\"},{\"@type\":\"ListItem\",\"position\":2,\"name\":\"Administraciones\",\"item\":\"https:\/\/fisheries.groupcls.com\/es\/administraciones-pesqueras\/\"},{\"@type\":\"ListItem\",\"position\":3,\"name\":\"Centro de Seguimiento de Pesca: THEMIS\"}]},{\"@type\":\"WebSite\",\"@id\":\"https:\/\/fisheries.groupcls.com\/es\/#website\",\"url\":\"https:\/\/fisheries.groupcls.com\/es\/\",\"name\":\"CLS Fisheries\",\"description\":\"CLS est cetifi\u00e9 par les grands organismes internationaux \u00e0 travers le monde et travaille d\u00e9j\u00e0 avec des milliers de navires de p\u00eache dans le monde entier.\",\"publisher\":{\"@id\":\"https:\/\/fisheries.groupcls.com\/es\/#organization\"},\"potentialAction\":[{\"@type\":\"SearchAction\",\"target\":{\"@type\":\"EntryPoint\",\"urlTemplate\":\"https:\/\/fisheries.groupcls.com\/es\/?s={search_term_string}\"},\"query-input\":{\"@type\":\"PropertyValueSpecification\",\"valueRequired\":true,\"valueName\":\"search_term_string\"}}],\"inLanguage\":\"es\"},{\"@type\":\"Organization\",\"@id\":\"https:\/\/fisheries.groupcls.com\/es\/#organization\",\"name\":\"CLS\",\"url\":\"https:\/\/fisheries.groupcls.com\/es\/\",\"logo\":{\"@type\":\"ImageObject\",\"inLanguage\":\"es\",\"@id\":\"https:\/\/fisheries.groupcls.com\/es\/#\/schema\/logo\/image\/\",\"url\":\"https:\/\/fisheries.groupcls.com\/wp-content\/uploads\/2016\/04\/logo-cls.png\",\"contentUrl\":\"https:\/\/fisheries.groupcls.com\/wp-content\/uploads\/2016\/04\/logo-cls.png\",\"width\":107,\"height\":90,\"caption\":\"CLS\"},\"image\":{\"@id\":\"https:\/\/fisheries.groupcls.com\/es\/#\/schema\/logo\/image\/\"}}]}<\/script>\n<!-- \/ Yoast SEO plugin. -->","yoast_head_json":{"title":"Centro de Seguimiento de Pesca: THEMIS - CLS Fisheries","description":"THEMIS es un programa completo para el seguimiento de la pesca para las administraciones : desde el software hasta la instalaci\u00f3n de un FMC.","robots":{"index":"index","follow":"follow","max-snippet":"max-snippet:-1","max-image-preview":"max-image-preview:large","max-video-preview":"max-video-preview:-1"},"canonical":"https:\/\/fisheries.groupcls.com\/es\/administraciones-pesqueras\/themis-centro-de-seguimiento-de-pesca-fmc\/","og_locale":"es_ES","og_type":"article","og_title":"Centro de Seguimiento de Pesca: THEMIS - CLS Fisheries","og_description":"THEMIS es un programa completo para el seguimiento de la pesca para las administraciones : desde el software hasta la instalaci\u00f3n de un FMC.","og_url":"https:\/\/fisheries.groupcls.com\/es\/administraciones-pesqueras\/themis-centro-de-seguimiento-de-pesca-fmc\/","og_site_name":"CLS Fisheries","article_modified_time":"2025-07-31T09:58:46+00:00","twitter_card":"summary_large_image","twitter_misc":{"Tiempo de lectura":"5 minutos"},"schema":{"@context":"https:\/\/schema.org","@graph":[{"@type":["WebPage","ItemPage"],"@id":"https:\/\/fisheries.groupcls.com\/es\/administraciones-pesqueras\/themis-centro-de-seguimiento-de-pesca-fmc\/","url":"https:\/\/fisheries.groupcls.com\/es\/administraciones-pesqueras\/themis-centro-de-seguimiento-de-pesca-fmc\/","name":"Centro de Seguimiento de Pesca: THEMIS - CLS Fisheries","isPartOf":{"@id":"https:\/\/fisheries.groupcls.com\/es\/#website"},"datePublished":"2018-11-26T14:06:16+00:00","dateModified":"2025-07-31T09:58:46+00:00","description":"THEMIS es un programa completo para el seguimiento de la pesca para las administraciones : desde el software hasta la instalaci\u00f3n de un FMC.","breadcrumb":{"@id":"https:\/\/fisheries.groupcls.com\/es\/administraciones-pesqueras\/themis-centro-de-seguimiento-de-pesca-fmc\/#breadcrumb"},"inLanguage":"es","potentialAction":[{"@type":"ReadAction","target":["https:\/\/fisheries.groupcls.com\/es\/administraciones-pesqueras\/themis-centro-de-seguimiento-de-pesca-fmc\/"]}]},{"@type":"BreadcrumbList","@id":"https:\/\/fisheries.groupcls.com\/es\/administraciones-pesqueras\/themis-centro-de-seguimiento-de-pesca-fmc\/#breadcrumb","itemListElement":[{"@type":"ListItem","position":1,"name":"Accueil","item":"https:\/\/fisheries.groupcls.com\/es\/"},{"@type":"ListItem","position":2,"name":"Administraciones","item":"https:\/\/fisheries.groupcls.com\/es\/administraciones-pesqueras\/"},{"@type":"ListItem","position":3,"name":"Centro de Seguimiento de Pesca: THEMIS"}]},{"@type":"WebSite","@id":"https:\/\/fisheries.groupcls.com\/es\/#website","url":"https:\/\/fisheries.groupcls.com\/es\/","name":"CLS Fisheries","description":"CLS est cetifi\u00e9 par les grands organismes internationaux \u00e0 travers le monde et travaille d\u00e9j\u00e0 avec des milliers de navires de p\u00eache dans le monde entier.","publisher":{"@id":"https:\/\/fisheries.groupcls.com\/es\/#organization"},"potentialAction":[{"@type":"SearchAction","target":{"@type":"EntryPoint","urlTemplate":"https:\/\/fisheries.groupcls.com\/es\/?s={search_term_string}"},"query-input":{"@type":"PropertyValueSpecification","valueRequired":true,"valueName":"search_term_string"}}],"inLanguage":"es"},{"@type":"Organization","@id":"https:\/\/fisheries.groupcls.com\/es\/#organization","name":"CLS","url":"https:\/\/fisheries.groupcls.com\/es\/","logo":{"@type":"ImageObject","inLanguage":"es","@id":"https:\/\/fisheries.groupcls.com\/es\/#\/schema\/logo\/image\/","url":"https:\/\/fisheries.groupcls.com\/wp-content\/uploads\/2016\/04\/logo-cls.png","contentUrl":"https:\/\/fisheries.groupcls.com\/wp-content\/uploads\/2016\/04\/logo-cls.png","width":107,"height":90,"caption":"CLS"},"image":{"@id":"https:\/\/fisheries.groupcls.com\/es\/#\/schema\/logo\/image\/"}}]}},"_links":{"self":[{"href":"https:\/\/fisheries.groupcls.com\/es\/wp-json\/wp\/v2\/pages\/5951","targetHints":{"allow":["GET"]}}],"collection":[{"href":"https:\/\/fisheries.groupcls.com\/es\/wp-json\/wp\/v2\/pages"}],"about":[{"href":"https:\/\/fisheries.groupcls.com\/es\/wp-json\/wp\/v2\/types\/page"}],"author":[{"embeddable":true,"href":"https:\/\/fisheries.groupcls.com\/es\/wp-json\/wp\/v2\/users\/12"}],"replies":[{"embeddable":true,"href":"https:\/\/fisheries.groupcls.com\/es\/wp-json\/wp\/v2\/comments?post=5951"}],"version-history":[{"count":21,"href":"https:\/\/fisheries.groupcls.com\/es\/wp-json\/wp\/v2\/pages\/5951\/revisions"}],"predecessor-version":[{"id":13433,"href":"https:\/\/fisheries.groupcls.com\/es\/wp-json\/wp\/v2\/pages\/5951\/revisions\/13433"}],"up":[{"embeddable":true,"href":"https:\/\/fisheries.groupcls.com\/es\/wp-json\/wp\/v2\/pages\/5019"}],"wp:attachment":[{"href":"https:\/\/fisheries.groupcls.com\/es\/wp-json\/wp\/v2\/media?parent=5951"}],"curies":[{"name":"wp","href":"https:\/\/api.w.org\/{rel}","templated":true}]}}