{"id":5183,"date":"2017-07-31T15:16:18","date_gmt":"2017-07-31T13:16:18","guid":{"rendered":"https:\/\/fisheries.groupcls.com\/?page_id=5183\/"},"modified":"2025-08-07T11:23:51","modified_gmt":"2025-08-07T09:23:51","slug":"inicio","status":"publish","type":"page","link":"https:\/\/fisheries.groupcls.com\/es\/","title":{"rendered":"Inicio"},"content":{"rendered":"<div class=\"wpb-content-wrapper\"><p>[vc_row full_width=\u00bbstretch_row_content\u00bb][vc_column][layerslider_vc id=\u00bb3&#8243;][\/vc_column][\/vc_row][vc_row full_width=\u00bbstretch_row\u00bb el_class=\u00bbcls-banner\u00bb][vc_column][vc_column_text css=\u00bb\u00bb]<\/p>\n<div class=\"vc_call_to_action wpb_content_element vc_cta_btn_pos_right vc_cta_square stretch clearfix\">\n<div class=\"vc_button-2-wrapper\"><a class=\"vc_btn vc_cta_btn\" title=\"Contact\" href=\"https:\/\/fisheries.groupcls.com\/es\/contactos\/\" target=\"_self\" rel=\"noopener\">CONTACTARNOS<\/a><\/div>\n<h4 class=\"wpb_heading\">\u00bfBusca soluciones de gesti\u00f3n de la pesca de alta calidad?<\/h4>\n<\/div>\n<p>[\/vc_column_text][\/vc_column][\/vc_row][vc_row full_width=\u00bbstretch_row\u00bb css=\u00bb.vc_custom_1624277723318{padding-top: 30px !important;padding-bottom: 30px !important;background-image: url(https:\/\/fisheries.groupcls.com\/wp-content\/uploads\/2017\/06\/pattern_2.png?id=6862) !important;}\u00bb][vc_column width=\u00bb1\/4&#8243;][vc_custom_heading text=\u00bbConozca a las<br \/>\nsoluciones para<br \/>\nuna pesca sostenible<br \/>\nde CLS\u00bb font_container=\u00bbtag:p|font_size:24|text_align:right\u00bb use_theme_fonts=\u00bbyes\u00bb css=\u00bb.vc_custom_1624277766189{padding-top: 40px !important;}\u00bb][\/vc_column][vc_column width=\u00bb3\/4&#8243;][vc_raw_html]JTNDZGl2JTIwY2xhc3MlM0QlMjJlbWJlZC1yZXNwb25zaXZlJTIwZW1iZWQtcmVzcG9uc2l2ZS0xNmJ5OSUyMGVtYmVkLXJlc3BvbnNpdmUtNTYwJTIyJTNFJTBBJTNDaWZyYW1lJTIwd2lkdGglM0QlMjI1NjAlMjIlMjBoZWlnaHQlM0QlMjIzMTUlMjIlMjBzcmMlM0QlMjJodHRwcyUzQSUyRiUyRnd3dy55b3V0dWJlLW5vY29va2llLmNvbSUyRmVtYmVkJTJGXzd1clJfZHZvMjglM0ZyZWwlM0QwJTI2bXV0ZSUzRDElMjZhdXRvcGxheSUzRDElMjIlMjBmcmFtZWJvcmRlciUzRCUyMjAlMjIlMjBhbGxvdyUzRCUyMmFjY2VsZXJvbWV0ZXIlM0IlMjBhdXRvcGxheSUzQiUyMGNsaXBib2FyZC13cml0ZSUzQiUyMGVuY3J5cHRlZC1tZWRpYSUzQiUyMGd5cm9zY29wZSUzQiUyMHBpY3R1cmUtaW4tcGljdHVyZSUyMiUyMGFsbG93ZnVsbHNjcmVlbiUzRSUzQyUyRmlmcmFtZSUzRSUwQSUzQyUyRmRpdiUzRQ==[\/vc_raw_html][\/vc_column][\/vc_row][vc_row css=\u00bb.vc_custom_1624277815603{padding-top: 60px !important;padding-bottom: 60px !important;}\u00bb][vc_column width=\u00bb1\/2&#8243;][vc_single_image image=\u00bb10678&#8243; img_size=\u00bb300&#215;238&#8243; alignment=\u00bbcenter\u00bb onclick=\u00bbcustom_link\u00bb link=\u00bbhttps:\/\/fisheries.groupcls.com\/es\/pescadores\/\u00bb][vc_column_text]<\/p>\n<h2 style=\"text-align: center;\">Pescadores<\/h2>\n<p style=\"text-align: center;\">VMS, Bitacora electr\u00f3nica ERS, Inteligencia pesquera,<br \/>\nHardware y software para el acceso a los datos&#8230;<\/p>\n<p>[\/vc_column_text][vc_btn title=\u00bbDescubre nuestras soluciones para los pescadores\u00bb style=\u00bbflat\u00bb color=\u00bbprimary\u00bb align=\u00bbcenter\u00bb i_align=\u00bbright\u00bb i_icon_fontawesome=\u00bbfas fa-chevron-right\u00bb add_icon=\u00bbtrue\u00bb link=\u00bburl:https%3A%2F%2Ffisheries.groupcls.com%2Fes%2Fpescadores%2F|||\u00bb][\/vc_column][vc_column width=\u00bb1\/2&#8243;][vc_single_image image=\u00bb10683&#8243; img_size=\u00bb300&#215;238&#8243; alignment=\u00bbcenter\u00bb onclick=\u00bbcustom_link\u00bb link=\u00bbhttps:\/\/fisheries.groupcls.com\/es\/administraciones-pesqueras\/\u00bb][vc_column_text]<\/p>\n<h2 style=\"text-align: center;\">Administraciones<\/h2>\n<p style=\"text-align: center;\">Centro de seguimiento de pesca, Combatir la pesca ilegal (IUU),<br \/>\nProteger la pesca artesanal&#8230;<\/p>\n<p>[\/vc_column_text][vc_btn title=\u00bbDescubre nuestras soluciones para los administraciones\u00bb style=\u00bbflat\u00bb color=\u00bbprimary\u00bb align=\u00bbcenter\u00bb i_align=\u00bbright\u00bb i_icon_fontawesome=\u00bbfas fa-chevron-right\u00bb add_icon=\u00bbtrue\u00bb link=\u00bburl:https%3A%2F%2Ffisheries.groupcls.com%2Fes%2Fadministraciones-pesqueras%2F\u00bb][\/vc_column][\/vc_row][vc_row full_width=\u00bbstretch_row\u00bb css=\u00bb.vc_custom_1624278217903{padding-top: 60px !important;padding-bottom: 40px !important;background-image: url(https:\/\/fisheries.groupcls.com\/wp-content\/uploads\/2017\/06\/pattern_2.png?id=6862) !important;}\u00bb][vc_column][vc_custom_heading text=\u00bbActualidades\u00bb use_theme_fonts=\u00bbyes\u00bb css=\u00bb.vc_custom_1624287036057{padding-bottom: 30px !important;}\u00bb][vc_basic_grid post_type=\u00bbpost\u00bb max_items=\u00bb3&#8243; style=\u00bbload-more\u00bb items_per_page=\u00bb3&#8243; item=\u00bb10540&#8243; initial_loading_animation=\u00bbnone\u00bb btn_style=\u00bbmodern\u00bb btn_color=\u00bbdefault\u00bb btn_size=\u00bbxs\u00bb grid_id=\u00bbvc_gid:1754558598149-3a9fe7a3-84f1-9&#8243;][vc_btn title=\u00bbVer todas las actualidades\u00bb style=\u00bbflat\u00bb color=\u00bbprimary\u00bb align=\u00bbcenter\u00bb i_align=\u00bbright\u00bb i_icon_fontawesome=\u00bbfas fa-chevron-right\u00bb add_icon=\u00bbtrue\u00bb link=\u00bburl:https%3A%2F%2Ffisheries.groupcls.com%2Fes%2Factualidades%2F\u00bb][\/vc_column][\/vc_row][vc_row full_width=\u00bbstretch_row\u00bb css=\u00bb.vc_custom_1624278160764{padding-top: 48px !important;padding-bottom: 12px !important;}\u00bb][vc_column][vc_custom_heading text=\u00bbReferencias\u00bb use_theme_fonts=\u00bbyes\u00bb css=\u00bb.vc_custom_1624278257442{padding-bottom: 30px !important;}\u00bb][vc_images_carousel images=\u00bb8587,8593,8599,8584,8596,8590,8609,8606,8617,8620,8624,8627,8632,8675,8686,8672,8955,8952&#8243; img_size=\u00bbfull\u00bb onclick=\u00bblink_no\u00bb speed=\u00bb3000&#8243; slides_per_view=\u00bb5&#8243; autoplay=\u00bbyes\u00bb hide_pagination_control=\u00bbyes\u00bb wrap=\u00bbyes\u00bb][\/vc_column][\/vc_row]<\/p>\n<\/div>","protected":false},"excerpt":{"rendered":"<p>[vc_row full_width=\u00bbstretch_row_content\u00bb][vc_column][layerslider_vc id=\u00bb3&#8243;][\/vc_column][\/vc_row][vc_row full_width=\u00bbstretch_row\u00bb el_class=\u00bbcls-banner\u00bb][vc_column][vc_column_text css=\u00bb\u00bb] CONTACTARNOS \u00bfBusca soluciones de gesti\u00f3n de la pesca de alta calidad? [\/vc_column_text][\/vc_column][\/vc_row][vc_row full_width=\u00bbstretch_row\u00bb css=\u00bb.vc_custom_1624277723318{padding-top: 30px !important;padding-bottom: 30px !important;background-image: url(https:\/\/fisheries.groupcls.com\/wp-content\/uploads\/2017\/06\/pattern_2.png?id=6862) !important;}\u00bb][vc_column width=\u00bb1\/4&#8243;][vc_custom_heading text=\u00bbConozca a las soluciones para una pesca sostenible de CLS\u00bb font_container=\u00bbtag:p|font_size:24|text_align:right\u00bb use_theme_fonts=\u00bbyes\u00bb css=\u00bb.vc_custom_1624277766189{padding-top: 40px !important;}\u00bb][\/vc_column][vc_column width=\u00bb3\/4&#8243;][vc_raw_html]JTNDZGl2JTIwY2xhc3MlM0QlMjJlbWJlZC1yZXNwb25zaXZlJTIwZW1iZWQtcmVzcG9uc2l2ZS0xNmJ5OSUyMGVtYmVkLXJlc3BvbnNpdmUtNTYwJTIyJTNFJTBBJTNDaWZyYW1lJTIwd2lkdGglM0QlMjI1NjAlMjIlMjBoZWlnaHQlM0QlMjIzMTUlMjIlMjBzcmMlM0QlMjJodHRwcyUzQSUyRiUyRnd3dy55b3V0dWJlLW5vY29va2llLmNvbSUyRmVtYmVkJTJGXzd1clJfZHZvMjglM0ZyZWwlM0QwJTI2bXV0ZSUzRDElMjZhdXRvcGxheSUzRDElMjIlMjBmcmFtZWJvcmRlciUzRCUyMjAlMjIlMjBhbGxvdyUzRCUyMmFjY2VsZXJvbWV0ZXIlM0IlMjBhdXRvcGxheSUzQiUyMGNsaXBib2FyZC13cml0ZSUzQiUyMGVuY3J5cHRlZC1tZWRpYSUzQiUyMGd5cm9zY29wZSUzQiUyMHBpY3R1cmUtaW4tcGljdHVyZSUyMiUyMGFsbG93ZnVsbHNjcmVlbiUzRSUzQyUyRmlmcmFtZSUzRSUwQSUzQyUyRmRpdiUzRQ==[\/vc_raw_html][\/vc_column][\/vc_row][vc_row css=\u00bb.vc_custom_1624277815603{padding-top: 60px !important;padding-bottom: 60px !important;}\u00bb][vc_column width=\u00bb1\/2&#8243;][vc_single_image image=\u00bb10678&#8243; img_size=\u00bb300&#215;238&#8243; alignment=\u00bbcenter\u00bb onclick=\u00bbcustom_link\u00bb link=\u00bbhttps:\/\/fisheries.groupcls.com\/es\/pescadores\/\u00bb][vc_column_text] Pescadores<\/p>\n","protected":false},"author":6,"featured_media":0,"parent":0,"menu_order":34,"comment_status":"closed","ping_status":"closed","template":"","meta":{"footnotes":""},"class_list":["post-5183","page","type-page","status-publish","hentry"],"yoast_head":"<!-- This site is optimized with the Yoast SEO plugin v27.2 - https:\/\/yoast.com\/product\/yoast-seo-wordpress\/ -->\n<title>CLS Fisheries : soluciones para una pesca sostenible<\/title>\n<meta name=\"description\" content=\"CLS Fisheries es el principal proveedor mundial de VMS y FMC, con una gama completa de soluciones. Es pioneros en gesti\u00f3n sostenible de pesca desde 1990.\" \/>\n<meta name=\"robots\" content=\"index, follow, max-snippet:-1, max-image-preview:large, max-video-preview:-1\" \/>\n<link rel=\"canonical\" href=\"https:\/\/fisheries.groupcls.com\/es\/\" \/>\n<meta property=\"og:locale\" content=\"es_ES\" \/>\n<meta property=\"og:type\" content=\"article\" \/>\n<meta property=\"og:title\" content=\"CLS Fisheries : soluciones para una pesca sostenible\" \/>\n<meta property=\"og:description\" content=\"CLS Fisheries es el principal proveedor mundial de VMS y FMC, con una gama completa de soluciones. Es pioneros en gesti\u00f3n sostenible de pesca desde 1990.\" \/>\n<meta property=\"og:url\" content=\"https:\/\/fisheries.groupcls.com\/es\/\" \/>\n<meta property=\"og:site_name\" content=\"CLS Fisheries\" \/>\n<meta property=\"article:modified_time\" content=\"2025-08-07T09:23:51+00:00\" \/>\n<meta property=\"og:image\" content=\"https:\/\/fisheries.groupcls.com\/wp-content\/uploads\/2020\/09\/fisheries.jpg\" \/>\n\t<meta property=\"og:image:width\" content=\"1000\" \/>\n\t<meta property=\"og:image:height\" content=\"665\" \/>\n\t<meta property=\"og:image:type\" content=\"image\/jpeg\" \/>\n<meta name=\"twitter:card\" content=\"summary_large_image\" \/>\n<meta name=\"twitter:label1\" content=\"Tiempo de lectura\" \/>\n\t<meta name=\"twitter:data1\" content=\"5 minutos\" \/>\n<script type=\"application\/ld+json\" class=\"yoast-schema-graph\">{\"@context\":\"https:\/\/schema.org\",\"@graph\":[{\"@type\":\"WebPage\",\"@id\":\"https:\/\/fisheries.groupcls.com\/es\/\",\"url\":\"https:\/\/fisheries.groupcls.com\/es\/\",\"name\":\"CLS Fisheries : soluciones para una pesca sostenible\",\"isPartOf\":{\"@id\":\"https:\/\/fisheries.groupcls.com\/es\/#website\"},\"datePublished\":\"2017-07-31T13:16:18+00:00\",\"dateModified\":\"2025-08-07T09:23:51+00:00\",\"description\":\"CLS Fisheries es el principal proveedor mundial de VMS y FMC, con una gama completa de soluciones. Es pioneros en gesti\u00f3n sostenible de pesca desde 1990.\",\"breadcrumb\":{\"@id\":\"https:\/\/fisheries.groupcls.com\/es\/#breadcrumb\"},\"inLanguage\":\"es\",\"potentialAction\":[{\"@type\":\"ReadAction\",\"target\":[\"https:\/\/fisheries.groupcls.com\/es\/\"]}]},{\"@type\":\"BreadcrumbList\",\"@id\":\"https:\/\/fisheries.groupcls.com\/es\/#breadcrumb\",\"itemListElement\":[{\"@type\":\"ListItem\",\"position\":1,\"name\":\"Accueil\",\"item\":\"https:\/\/fisheries.groupcls.com\/es\/\"},{\"@type\":\"ListItem\",\"position\":2,\"name\":\"Inicio\"}]},{\"@type\":\"WebSite\",\"@id\":\"https:\/\/fisheries.groupcls.com\/es\/#website\",\"url\":\"https:\/\/fisheries.groupcls.com\/es\/\",\"name\":\"CLS Fisheries\",\"description\":\"CLS est cetifi\u00e9 par les grands organismes internationaux \u00e0 travers le monde et travaille d\u00e9j\u00e0 avec des milliers de navires de p\u00eache dans le monde entier.\",\"publisher\":{\"@id\":\"https:\/\/fisheries.groupcls.com\/es\/#organization\"},\"potentialAction\":[{\"@type\":\"SearchAction\",\"target\":{\"@type\":\"EntryPoint\",\"urlTemplate\":\"https:\/\/fisheries.groupcls.com\/es\/?s={search_term_string}\"},\"query-input\":{\"@type\":\"PropertyValueSpecification\",\"valueRequired\":true,\"valueName\":\"search_term_string\"}}],\"inLanguage\":\"es\"},{\"@type\":\"Organization\",\"@id\":\"https:\/\/fisheries.groupcls.com\/es\/#organization\",\"name\":\"CLS\",\"url\":\"https:\/\/fisheries.groupcls.com\/es\/\",\"logo\":{\"@type\":\"ImageObject\",\"inLanguage\":\"es\",\"@id\":\"https:\/\/fisheries.groupcls.com\/es\/#\/schema\/logo\/image\/\",\"url\":\"https:\/\/fisheries.groupcls.com\/wp-content\/uploads\/2016\/04\/logo-cls.png\",\"contentUrl\":\"https:\/\/fisheries.groupcls.com\/wp-content\/uploads\/2016\/04\/logo-cls.png\",\"width\":107,\"height\":90,\"caption\":\"CLS\"},\"image\":{\"@id\":\"https:\/\/fisheries.groupcls.com\/es\/#\/schema\/logo\/image\/\"}}]}<\/script>\n<!-- \/ Yoast SEO plugin. -->","yoast_head_json":{"title":"CLS Fisheries : soluciones para una pesca sostenible","description":"CLS Fisheries es el principal proveedor mundial de VMS y FMC, con una gama completa de soluciones. Es pioneros en gesti\u00f3n sostenible de pesca desde 1990.","robots":{"index":"index","follow":"follow","max-snippet":"max-snippet:-1","max-image-preview":"max-image-preview:large","max-video-preview":"max-video-preview:-1"},"canonical":"https:\/\/fisheries.groupcls.com\/es\/","og_locale":"es_ES","og_type":"article","og_title":"CLS Fisheries : soluciones para una pesca sostenible","og_description":"CLS Fisheries es el principal proveedor mundial de VMS y FMC, con una gama completa de soluciones. Es pioneros en gesti\u00f3n sostenible de pesca desde 1990.","og_url":"https:\/\/fisheries.groupcls.com\/es\/","og_site_name":"CLS Fisheries","article_modified_time":"2025-08-07T09:23:51+00:00","og_image":[{"width":1000,"height":665,"url":"https:\/\/fisheries.groupcls.com\/wp-content\/uploads\/2020\/09\/fisheries.jpg","type":"image\/jpeg"}],"twitter_card":"summary_large_image","twitter_misc":{"Tiempo de lectura":"5 minutos"},"schema":{"@context":"https:\/\/schema.org","@graph":[{"@type":"WebPage","@id":"https:\/\/fisheries.groupcls.com\/es\/","url":"https:\/\/fisheries.groupcls.com\/es\/","name":"CLS Fisheries : soluciones para una pesca sostenible","isPartOf":{"@id":"https:\/\/fisheries.groupcls.com\/es\/#website"},"datePublished":"2017-07-31T13:16:18+00:00","dateModified":"2025-08-07T09:23:51+00:00","description":"CLS Fisheries es el principal proveedor mundial de VMS y FMC, con una gama completa de soluciones. Es pioneros en gesti\u00f3n sostenible de pesca desde 1990.","breadcrumb":{"@id":"https:\/\/fisheries.groupcls.com\/es\/#breadcrumb"},"inLanguage":"es","potentialAction":[{"@type":"ReadAction","target":["https:\/\/fisheries.groupcls.com\/es\/"]}]},{"@type":"BreadcrumbList","@id":"https:\/\/fisheries.groupcls.com\/es\/#breadcrumb","itemListElement":[{"@type":"ListItem","position":1,"name":"Accueil","item":"https:\/\/fisheries.groupcls.com\/es\/"},{"@type":"ListItem","position":2,"name":"Inicio"}]},{"@type":"WebSite","@id":"https:\/\/fisheries.groupcls.com\/es\/#website","url":"https:\/\/fisheries.groupcls.com\/es\/","name":"CLS Fisheries","description":"CLS est cetifi\u00e9 par les grands organismes internationaux \u00e0 travers le monde et travaille d\u00e9j\u00e0 avec des milliers de navires de p\u00eache dans le monde entier.","publisher":{"@id":"https:\/\/fisheries.groupcls.com\/es\/#organization"},"potentialAction":[{"@type":"SearchAction","target":{"@type":"EntryPoint","urlTemplate":"https:\/\/fisheries.groupcls.com\/es\/?s={search_term_string}"},"query-input":{"@type":"PropertyValueSpecification","valueRequired":true,"valueName":"search_term_string"}}],"inLanguage":"es"},{"@type":"Organization","@id":"https:\/\/fisheries.groupcls.com\/es\/#organization","name":"CLS","url":"https:\/\/fisheries.groupcls.com\/es\/","logo":{"@type":"ImageObject","inLanguage":"es","@id":"https:\/\/fisheries.groupcls.com\/es\/#\/schema\/logo\/image\/","url":"https:\/\/fisheries.groupcls.com\/wp-content\/uploads\/2016\/04\/logo-cls.png","contentUrl":"https:\/\/fisheries.groupcls.com\/wp-content\/uploads\/2016\/04\/logo-cls.png","width":107,"height":90,"caption":"CLS"},"image":{"@id":"https:\/\/fisheries.groupcls.com\/es\/#\/schema\/logo\/image\/"}}]}},"_links":{"self":[{"href":"https:\/\/fisheries.groupcls.com\/es\/wp-json\/wp\/v2\/pages\/5183","targetHints":{"allow":["GET"]}}],"collection":[{"href":"https:\/\/fisheries.groupcls.com\/es\/wp-json\/wp\/v2\/pages"}],"about":[{"href":"https:\/\/fisheries.groupcls.com\/es\/wp-json\/wp\/v2\/types\/page"}],"author":[{"embeddable":true,"href":"https:\/\/fisheries.groupcls.com\/es\/wp-json\/wp\/v2\/users\/6"}],"replies":[{"embeddable":true,"href":"https:\/\/fisheries.groupcls.com\/es\/wp-json\/wp\/v2\/comments?post=5183"}],"version-history":[{"count":33,"href":"https:\/\/fisheries.groupcls.com\/es\/wp-json\/wp\/v2\/pages\/5183\/revisions"}],"predecessor-version":[{"id":13445,"href":"https:\/\/fisheries.groupcls.com\/es\/wp-json\/wp\/v2\/pages\/5183\/revisions\/13445"}],"wp:attachment":[{"href":"https:\/\/fisheries.groupcls.com\/es\/wp-json\/wp\/v2\/media?parent=5183"}],"curies":[{"name":"wp","href":"https:\/\/api.w.org\/{rel}","templated":true}]}}