{"id":5088,"date":"2017-07-20T10:47:11","date_gmt":"2017-07-20T08:47:11","guid":{"rendered":"https:\/\/fisheries.groupcls.com\/?page_id=5088\/"},"modified":"2025-10-02T17:47:32","modified_gmt":"2025-10-02T15:47:32","slug":"satelite-de-transferencia-de-datos","status":"publish","type":"page","link":"https:\/\/fisheries.groupcls.com\/es\/satelite-de-transferencia-de-datos\/","title":{"rendered":"Sat\u00e9lite de transferencia de datos"},"content":{"rendered":"<div class=\"wpb-content-wrapper\"><p>[vc_row full_width=\u00bbstretch_row\u00bb el_id=\u00bbIridium\u00bb css=\u00bb.vc_custom_1640785369810{margin-right: 5px !important;margin-left: 5px !important;border-right-width: 10px !important;padding-bottom: 40px !important;}\u00bb][vc_column][vc_row_inner][vc_column_inner width=\u00bb1\/3&#8243;][vc_single_image image=\u00bb7098&#8243; img_size=\u00bb300&#215;60&#8243; alignment=\u00bbcenter\u00bb][\/vc_column_inner][vc_column_inner width=\u00bb2\/3&#8243;][vc_column_text 0=\u00bb\u00bb el_id=\u00bbIridium\u00bb]<\/p>\n<p style=\"text-align: justify;\"><strong>Iridium es el sistema mundial de comunicaciones por sat\u00e9lite, c<span lang=\"es\">on soluciones de voz y datos<\/span>. Con 66 sat\u00e9lites, es la constelaci\u00f3n de sat\u00e9lites comerciales m\u00e1s grande del mundo.<\/strong><\/p>\n<p style=\"text-align: justify;\">El sistema Iridium\u00ae es una red de comunicaciones por sat\u00e9lite que ofrece una s\u00f3lida gama de servicios de datos con cobertura mundial. Sus tres componentes principales son: la red de sat\u00e9lites, la red terrestre y los productos para abonados Iridium. Proporciona comunicaciones bidireccionales, utilizadas por nuestras balizas <a href=\"https:\/\/fisheries.groupcls.com\/es\/producto\/baliza-triton-advanced\/\">TRITON VMS<\/a> y <a href=\"https:\/\/fisheries.groupcls.com\/es\/producto\/iridium-pilot\/\">PILOTE<\/a>. CLS est\u00e1 certificado como VAR de Iridium\u00ae desde 2007.<\/p>\n<p>[\/vc_column_text][vc_empty_space height=\u00bb5px\u00bb][\/vc_column_inner][\/vc_row_inner][vc_row_inner][vc_column_inner width=\u00bb2\/3&#8243;][vc_column_text]<\/p>\n<p style=\"text-align: center;\"><iframe loading=\"lazy\" src=\"https:\/\/www.youtube-nocookie.com\/embed\/LUsePh46f5c?rel=0&amp;mute=1&amp;autoplay=1\" width=\"660\" height=\"350\" frameborder=\"0\" allowfullscreen=\"allowfullscreen\"><\/iframe><\/p>\n<p>[\/vc_column_text][\/vc_column_inner][vc_column_inner width=\u00bb1\/3&#8243; css=\u00bb.vc_custom_1640785386923{padding-top: 30px !important;padding-right: 20px !important;padding-bottom: 30px !important;padding-left: 20px !important;background-image: url(https:\/\/fisheries.groupcls.com\/wp-content\/uploads\/2017\/06\/pattern_2.png?id=6862) !important;}\u00bb][vc_column_text]<\/p>\n<blockquote>\n<h3><strong>IRIDIUM<\/strong><\/h3>\n<\/blockquote>\n<ul>\n<li>Sistema en tiempo real<\/li>\n<li>Fiable<\/li>\n<li>Cobertura global y continua<\/li>\n<li>Alta velocidad de datos (2400 bits por segundo)<\/li>\n<li>Comunicaciones bidireccionales<\/li>\n<li>Capacidades SBD, CSD y RUDICS<\/li>\n<\/ul>\n<p>[\/vc_column_text][vc_btn title=\u00bbM\u00e1s informaci\u00f3n sobre Iridium\u00bb color=\u00bbprimary\u00bb css_animation=\u00bbfadeIn\u00bb link=\u00bburl:https%3A%2F%2Fwww.iridium.com%2Fnetwork%2F|target:_blank\u00bb][\/vc_column_inner][\/vc_row_inner][\/vc_column][\/vc_row][vc_row full_width=\u00bbstretch_row\u00bb css=\u00bb.vc_custom_1640785617337{background-image: url(https:\/\/fisheries.groupcls.com\/wp-content\/uploads\/2017\/06\/pattern_2.png?id=6862) !important;}\u00bb el_id=\u00bbArgos\u00bb][vc_column][vc_empty_space height=\u00bb40px\u00bb][vc_row_inner][vc_column_inner width=\u00bb1\/3&#8243;][vc_single_image image=\u00bb7966&#8243; img_size=\u00bb300&#215;88&#8243; alignment=\u00bbcenter\u00bb][\/vc_column_inner][vc_column_inner width=\u00bb2\/3&#8243;][vc_column_text 0=\u00bb\u00bb el_id=\u00bbArgos\u00bb]<\/p>\n<p style=\"text-align: justify;\"><strong>Argos es el \u00fanico sistema de localizaci\u00f3n y colecci\u00f3n de datos a nivel mundial con capacidades opcionales de posicionamiento GPS y anti-fraude<\/strong>. Esta dedicado a estudiar y proteger el medio ambiente.<\/p>\n<p style=\"text-align: justify;\">Argos es o<span lang=\"es\">perado y gestionado en todo el mund<\/span><span lang=\"es\">o<\/span><b>,\u00a0<\/b>por el gupo<b>\u00a0<\/b>CLS, filial del CNES, y v<span lang=\"es\">arias otras agencias espaciales internacionales participan activamente tambi\u00e9n en el sistema Argos, incluyendo: la <\/span>Agencia Espacial Francesa (<a href=\"https:\/\/cnes.fr\/fr\/\">CNES<\/a>), la Administraci\u00f3n Nacional Oce\u00e1nica y Atmosf\u00e9rica (<a href=\"https:\/\/www.noaa.gov\/\">NOAA<\/a>, USA), la Administraci\u00f3n Nacional de Aeron\u00e1utica y Espacio (<a href=\"https:\/\/www.nasa.gov\/\">NASA<\/a> , USA), <a href=\"https:\/\/www.eumetsat.int\/website\/home\/index.html\">Eumetsat<\/a> (Organizaci\u00f3n Europea de Explotaci\u00f3n de Sat\u00e9lites Metereol\u00f3gicos), la Organizaci\u00f3n India de Investigaci\u00f3n Espacial (<a href=\"https:\/\/www.isro.gov.in\/\">ISRO<\/a>).<\/p>\n<p>[\/vc_column_text][vc_empty_space height=\u00bb5px\u00bb][\/vc_column_inner][\/vc_row_inner][vc_row_inner][vc_column_inner width=\u00bb2\/3&#8243;][vc_column_text]<\/p>\n<p style=\"text-align: center;\"><iframe loading=\"lazy\" src=\"https:\/\/www.youtube-nocookie.com\/embed\/sP3oQxuz_gQ?rel=0&amp;mute=1&amp;autoplay=1\" width=\"660\" height=\"350\" frameborder=\"0\" allowfullscreen=\"allowfullscreen\"><\/iframe><\/p>\n<p>[\/vc_column_text][\/vc_column_inner][vc_column_inner width=\u00bb1\/3&#8243; css=\u00bb.vc_custom_1607956909004{padding-top: 30px !important;padding-right: 20px !important;padding-bottom: 30px !important;padding-left: 20px !important;background-image: url(https:\/\/fisheries.groupcls.com\/wp-content\/uploads\/2017\/06\/pattern_2.png?id=6862) !important;}\u00bb][vc_column_text]<\/p>\n<blockquote>\n<h3><strong>ARGOS<\/strong><\/h3>\n<\/blockquote>\n<ul>\n<li>Cobertura global<\/li>\n<li>Fiable<\/li>\n<li>Robusto en condiciones duras<\/li>\n<li>A menudo seleccionado como\u00a0un back-up<\/li>\n<li>Bajo consumo de energ\u00eda<\/li>\n<li>Posicionamiento sin GPS<\/li>\n<li>Costes de procesamiento independiente del volumen de datos<\/li>\n<li>Bajo costo para m\u00f3dem y antenas<\/li>\n<\/ul>\n<p>[\/vc_column_text][vc_btn title=\u00bbM\u00e1s informaci\u00f3n sobre Argos\u00bb color=\u00bbprimary\u00bb css_animation=\u00bbfadeIn\u00bb link=\u00bburl:http%3A%2F%2Fwww.argos-system.org%2Fapplications-argos%2Fmarine-fisheries%2F|target:_blank\u00bb][\/vc_column_inner][\/vc_row_inner][vc_empty_space height=\u00bb40px\u00bb][\/vc_column][\/vc_row][vc_row full_width=\u00bbstretch_row\u00bb el_id=\u00bbKin\u00e9is\u00bb css=\u00bb.vc_custom_1640785634562{margin-right: 5px !important;margin-left: 5px !important;border-right-width: 10px !important;padding-bottom: 40px !important;}\u00bb][vc_column][vc_empty_space height=\u00bb40px\u00bb][vc_row_inner][vc_column_inner width=\u00bb1\/3&#8243;][vc_single_image image=\u00bb7970&#8243; img_size=\u00bb300&#215;104&#8243; alignment=\u00bbcenter\u00bb][\/vc_column_inner][vc_column_inner width=\u00bb2\/3&#8243;][vc_column_text 0=\u00bb\u00bb css=\u00bb\u00bb]<\/p>\n<p style=\"text-align: justify;\">Aprovechando nuestra larga experiencia en instrumentaci\u00f3n avanzada e innovadora, junto con el CNES, la Agencia Espacial Francesa, <strong>CLS ha invertido en una nueva generaci\u00f3n de cargas \u00fatiles Argos, denominada Argos-4, que volar\u00e1 en sat\u00e9lites de socios internacionales a partir de 2020<\/strong>. El mayor ancho de banda y el enlace descendente operativo de Argos-4 permitir\u00e1n enviar a\u00fan m\u00e1s datos de forma m\u00e1s eficiente, mejorando el rendimiento de las aplicaciones existentes y abriendo la puerta a multitud de nuevas aplicaciones.<\/p>\n<p style=\"text-align: justify;\">Paralelamente, con el apoyo del CNES, <a href=\"https:\/\/telemetry.groupcls.com\/argos-solutions\/the-argos-system\/\" target=\"_blank\" rel=\"noopener\">CLS trabaja en el desarrollo de una nueva generaci\u00f3n de 25 nanosat\u00e9lites<\/a>. Esta constelaci\u00f3n, gestionada por nuestra empresa derivada, <a href=\"https:\/\/kineis.com\/en\/spatial-iot-connectivity\/\" target=\"_blank\" rel=\"noopener\">Kin\u00e9is<\/a>, estar\u00e1 plenamente operativa en 2025.<\/p>\n<p>[\/vc_column_text][vc_empty_space height=\u00bb5px\u00bb][\/vc_column_inner][\/vc_row_inner][vc_row_inner][vc_column_inner width=\u00bb2\/3&#8243;][vc_column_text]<\/p>\n<p style=\"text-align: center;\"><iframe loading=\"lazy\" src=\"https:\/\/www.youtube-nocookie.com\/embed\/9VQ2L42VCrg?rel=0&amp;mute=1&amp;autoplay=1\" width=\"660\" height=\"350\" frameborder=\"0\" allowfullscreen=\"allowfullscreen\"><\/iframe><\/p>\n<p>[\/vc_column_text][\/vc_column_inner][vc_column_inner width=\u00bb1\/3&#8243; css=\u00bb.vc_custom_1640785386923{padding-top: 30px !important;padding-right: 20px !important;padding-bottom: 30px !important;padding-left: 20px !important;background-image: url(https:\/\/fisheries.groupcls.com\/wp-content\/uploads\/2017\/06\/pattern_2.png?id=6862) !important;}\u00bb][vc_column_text]<\/p>\n<blockquote>\n<h3><strong>KINEIS<\/strong><\/h3>\n<\/blockquote>\n<ul>\n<li>Cobertura mundial de bajo coste<\/li>\n<li>Transmisi\u00f3n bidireccional<\/li>\n<li>Bajo consumo de energ\u00eda<\/li>\n<li>25 nanosat\u00e9lites<\/li>\n<li>Tiempo de revisi\u00f3n m\u00e1s corto<\/li>\n<li>8 veces m\u00e1s ancho de banda<\/li>\n<\/ul>\n<p>[\/vc_column_text][vc_btn title=\u00bbM\u00e1s informaci\u00f3n sobre Kin\u00e9is, el future de Argos\u00bb color=\u00bbprimary\u00bb align=\u00bbleft\u00bb css_animation=\u00bbfadeIn\u00bb css=\u00bb\u00bb link=\u00bburl:https%3A%2F%2Fkineis.com%2Fen%2Fiot-maritime-kineis%2F|target:_blank\u00bb][\/vc_column_inner][\/vc_row_inner][vc_empty_space height=\u00bb30px\u00bb][\/vc_column][\/vc_row]<\/p>\n<\/div>","protected":false},"excerpt":{"rendered":"<p>[vc_row full_width=\u00bbstretch_row\u00bb el_id=\u00bbIridium\u00bb css=\u00bb.vc_custom_1640785369810{margin-right: 5px !important;margin-left: 5px !important;border-right-width: 10px !important;padding-bottom: 40px !important;}\u00bb][vc_column][vc_row_inner][vc_column_inner width=\u00bb1\/3&#8243;][vc_single_image image=\u00bb7098&#8243; img_size=\u00bb300&#215;60&#8243; alignment=\u00bbcenter\u00bb][\/vc_column_inner][vc_column_inner width=\u00bb2\/3&#8243;][vc_column_text 0=\u00bb\u00bb el_id=\u00bbIridium\u00bb] Iridium es el sistema mundial de comunicaciones por sat\u00e9lite, con soluciones de voz y datos. Con 66 sat\u00e9lites, es la constelaci\u00f3n de sat\u00e9lites comerciales m\u00e1s grande del mundo. El sistema Iridium\u00ae es una red de comunicaciones<\/p>\n","protected":false},"author":10,"featured_media":0,"parent":0,"menu_order":180,"comment_status":"closed","ping_status":"closed","template":"","meta":{"footnotes":""},"class_list":["post-5088","page","type-page","status-publish","hentry"],"yoast_head":"<!-- This site is optimized with the Yoast SEO plugin v27.2 - https:\/\/yoast.com\/product\/yoast-seo-wordpress\/ -->\n<title>Sat\u00e9lite de transferencia de datos : Argos, Iridium y Kin\u00e9is - CLS Fisheries<\/title>\n<meta name=\"description\" content=\"Descubra los diferentes sistemas de recogida de datos disponibles para una gesti\u00f3n de la pesca sostenible: Argos, Iridum y Kineis.\" \/>\n<meta name=\"robots\" content=\"index, follow, max-snippet:-1, max-image-preview:large, max-video-preview:-1\" \/>\n<link rel=\"canonical\" href=\"https:\/\/fisheries.groupcls.com\/es\/satelite-de-transferencia-de-datos\/\" \/>\n<meta property=\"og:locale\" content=\"es_ES\" \/>\n<meta property=\"og:type\" content=\"article\" \/>\n<meta property=\"og:title\" content=\"Sat\u00e9lite de transferencia de datos : Argos, Iridium y Kin\u00e9is - CLS Fisheries\" \/>\n<meta property=\"og:description\" content=\"Descubra los diferentes sistemas de recogida de datos disponibles para una gesti\u00f3n de la pesca sostenible: Argos, Iridum y Kineis.\" \/>\n<meta property=\"og:url\" content=\"https:\/\/fisheries.groupcls.com\/es\/satelite-de-transferencia-de-datos\/\" \/>\n<meta property=\"og:site_name\" content=\"CLS Fisheries\" \/>\n<meta property=\"article:modified_time\" content=\"2025-10-02T15:47:32+00:00\" \/>\n<meta name=\"twitter:card\" content=\"summary_large_image\" \/>\n<meta name=\"twitter:label1\" content=\"Tiempo de lectura\" \/>\n\t<meta name=\"twitter:data1\" content=\"4 minutos\" \/>\n<script type=\"application\/ld+json\" class=\"yoast-schema-graph\">{\"@context\":\"https:\/\/schema.org\",\"@graph\":[{\"@type\":\"WebPage\",\"@id\":\"https:\/\/fisheries.groupcls.com\/es\/satelite-de-transferencia-de-datos\/\",\"url\":\"https:\/\/fisheries.groupcls.com\/es\/satelite-de-transferencia-de-datos\/\",\"name\":\"Sat\u00e9lite de transferencia de datos : Argos, Iridium y Kin\u00e9is - CLS Fisheries\",\"isPartOf\":{\"@id\":\"https:\/\/fisheries.groupcls.com\/es\/#website\"},\"datePublished\":\"2017-07-20T08:47:11+00:00\",\"dateModified\":\"2025-10-02T15:47:32+00:00\",\"description\":\"Descubra los diferentes sistemas de recogida de datos disponibles para una gesti\u00f3n de la pesca sostenible: Argos, Iridum y Kineis.\",\"breadcrumb\":{\"@id\":\"https:\/\/fisheries.groupcls.com\/es\/satelite-de-transferencia-de-datos\/#breadcrumb\"},\"inLanguage\":\"es\",\"potentialAction\":[{\"@type\":\"ReadAction\",\"target\":[\"https:\/\/fisheries.groupcls.com\/es\/satelite-de-transferencia-de-datos\/\"]}]},{\"@type\":\"BreadcrumbList\",\"@id\":\"https:\/\/fisheries.groupcls.com\/es\/satelite-de-transferencia-de-datos\/#breadcrumb\",\"itemListElement\":[{\"@type\":\"ListItem\",\"position\":1,\"name\":\"Accueil\",\"item\":\"https:\/\/fisheries.groupcls.com\/es\/\"},{\"@type\":\"ListItem\",\"position\":2,\"name\":\"Sat\u00e9lite de transferencia de datos\"}]},{\"@type\":\"WebSite\",\"@id\":\"https:\/\/fisheries.groupcls.com\/es\/#website\",\"url\":\"https:\/\/fisheries.groupcls.com\/es\/\",\"name\":\"CLS Fisheries\",\"description\":\"CLS est cetifi\u00e9 par les grands organismes internationaux \u00e0 travers le monde et travaille d\u00e9j\u00e0 avec des milliers de navires de p\u00eache dans le monde entier.\",\"publisher\":{\"@id\":\"https:\/\/fisheries.groupcls.com\/es\/#organization\"},\"potentialAction\":[{\"@type\":\"SearchAction\",\"target\":{\"@type\":\"EntryPoint\",\"urlTemplate\":\"https:\/\/fisheries.groupcls.com\/es\/?s={search_term_string}\"},\"query-input\":{\"@type\":\"PropertyValueSpecification\",\"valueRequired\":true,\"valueName\":\"search_term_string\"}}],\"inLanguage\":\"es\"},{\"@type\":\"Organization\",\"@id\":\"https:\/\/fisheries.groupcls.com\/es\/#organization\",\"name\":\"CLS\",\"url\":\"https:\/\/fisheries.groupcls.com\/es\/\",\"logo\":{\"@type\":\"ImageObject\",\"inLanguage\":\"es\",\"@id\":\"https:\/\/fisheries.groupcls.com\/es\/#\/schema\/logo\/image\/\",\"url\":\"https:\/\/fisheries.groupcls.com\/wp-content\/uploads\/2016\/04\/logo-cls.png\",\"contentUrl\":\"https:\/\/fisheries.groupcls.com\/wp-content\/uploads\/2016\/04\/logo-cls.png\",\"width\":107,\"height\":90,\"caption\":\"CLS\"},\"image\":{\"@id\":\"https:\/\/fisheries.groupcls.com\/es\/#\/schema\/logo\/image\/\"}}]}<\/script>\n<!-- \/ Yoast SEO plugin. -->","yoast_head_json":{"title":"Sat\u00e9lite de transferencia de datos : Argos, Iridium y Kin\u00e9is - CLS Fisheries","description":"Descubra los diferentes sistemas de recogida de datos disponibles para una gesti\u00f3n de la pesca sostenible: Argos, Iridum y Kineis.","robots":{"index":"index","follow":"follow","max-snippet":"max-snippet:-1","max-image-preview":"max-image-preview:large","max-video-preview":"max-video-preview:-1"},"canonical":"https:\/\/fisheries.groupcls.com\/es\/satelite-de-transferencia-de-datos\/","og_locale":"es_ES","og_type":"article","og_title":"Sat\u00e9lite de transferencia de datos : Argos, Iridium y Kin\u00e9is - CLS Fisheries","og_description":"Descubra los diferentes sistemas de recogida de datos disponibles para una gesti\u00f3n de la pesca sostenible: Argos, Iridum y Kineis.","og_url":"https:\/\/fisheries.groupcls.com\/es\/satelite-de-transferencia-de-datos\/","og_site_name":"CLS Fisheries","article_modified_time":"2025-10-02T15:47:32+00:00","twitter_card":"summary_large_image","twitter_misc":{"Tiempo de lectura":"4 minutos"},"schema":{"@context":"https:\/\/schema.org","@graph":[{"@type":"WebPage","@id":"https:\/\/fisheries.groupcls.com\/es\/satelite-de-transferencia-de-datos\/","url":"https:\/\/fisheries.groupcls.com\/es\/satelite-de-transferencia-de-datos\/","name":"Sat\u00e9lite de transferencia de datos : Argos, Iridium y Kin\u00e9is - CLS Fisheries","isPartOf":{"@id":"https:\/\/fisheries.groupcls.com\/es\/#website"},"datePublished":"2017-07-20T08:47:11+00:00","dateModified":"2025-10-02T15:47:32+00:00","description":"Descubra los diferentes sistemas de recogida de datos disponibles para una gesti\u00f3n de la pesca sostenible: Argos, Iridum y Kineis.","breadcrumb":{"@id":"https:\/\/fisheries.groupcls.com\/es\/satelite-de-transferencia-de-datos\/#breadcrumb"},"inLanguage":"es","potentialAction":[{"@type":"ReadAction","target":["https:\/\/fisheries.groupcls.com\/es\/satelite-de-transferencia-de-datos\/"]}]},{"@type":"BreadcrumbList","@id":"https:\/\/fisheries.groupcls.com\/es\/satelite-de-transferencia-de-datos\/#breadcrumb","itemListElement":[{"@type":"ListItem","position":1,"name":"Accueil","item":"https:\/\/fisheries.groupcls.com\/es\/"},{"@type":"ListItem","position":2,"name":"Sat\u00e9lite de transferencia de datos"}]},{"@type":"WebSite","@id":"https:\/\/fisheries.groupcls.com\/es\/#website","url":"https:\/\/fisheries.groupcls.com\/es\/","name":"CLS Fisheries","description":"CLS est cetifi\u00e9 par les grands organismes internationaux \u00e0 travers le monde et travaille d\u00e9j\u00e0 avec des milliers de navires de p\u00eache dans le monde entier.","publisher":{"@id":"https:\/\/fisheries.groupcls.com\/es\/#organization"},"potentialAction":[{"@type":"SearchAction","target":{"@type":"EntryPoint","urlTemplate":"https:\/\/fisheries.groupcls.com\/es\/?s={search_term_string}"},"query-input":{"@type":"PropertyValueSpecification","valueRequired":true,"valueName":"search_term_string"}}],"inLanguage":"es"},{"@type":"Organization","@id":"https:\/\/fisheries.groupcls.com\/es\/#organization","name":"CLS","url":"https:\/\/fisheries.groupcls.com\/es\/","logo":{"@type":"ImageObject","inLanguage":"es","@id":"https:\/\/fisheries.groupcls.com\/es\/#\/schema\/logo\/image\/","url":"https:\/\/fisheries.groupcls.com\/wp-content\/uploads\/2016\/04\/logo-cls.png","contentUrl":"https:\/\/fisheries.groupcls.com\/wp-content\/uploads\/2016\/04\/logo-cls.png","width":107,"height":90,"caption":"CLS"},"image":{"@id":"https:\/\/fisheries.groupcls.com\/es\/#\/schema\/logo\/image\/"}}]}},"_links":{"self":[{"href":"https:\/\/fisheries.groupcls.com\/es\/wp-json\/wp\/v2\/pages\/5088","targetHints":{"allow":["GET"]}}],"collection":[{"href":"https:\/\/fisheries.groupcls.com\/es\/wp-json\/wp\/v2\/pages"}],"about":[{"href":"https:\/\/fisheries.groupcls.com\/es\/wp-json\/wp\/v2\/types\/page"}],"author":[{"embeddable":true,"href":"https:\/\/fisheries.groupcls.com\/es\/wp-json\/wp\/v2\/users\/10"}],"replies":[{"embeddable":true,"href":"https:\/\/fisheries.groupcls.com\/es\/wp-json\/wp\/v2\/comments?post=5088"}],"version-history":[{"count":16,"href":"https:\/\/fisheries.groupcls.com\/es\/wp-json\/wp\/v2\/pages\/5088\/revisions"}],"predecessor-version":[{"id":13472,"href":"https:\/\/fisheries.groupcls.com\/es\/wp-json\/wp\/v2\/pages\/5088\/revisions\/13472"}],"wp:attachment":[{"href":"https:\/\/fisheries.groupcls.com\/es\/wp-json\/wp\/v2\/media?parent=5088"}],"curies":[{"name":"wp","href":"https:\/\/api.w.org\/{rel}","templated":true}]}}