{"id":5086,"date":"2017-07-20T10:28:17","date_gmt":"2017-07-20T08:28:17","guid":{"rendered":"https:\/\/fisheries.groupcls.com\/?page_id=5086\/"},"modified":"2026-03-20T14:36:39","modified_gmt":"2026-03-20T13:36:39","slug":"productos","status":"publish","type":"page","link":"https:\/\/fisheries.groupcls.com\/es\/productos\/","title":{"rendered":"Productos"},"content":{"rendered":"<div class=\"wpb-content-wrapper\"><p>[vc_row content_placement=\u00bbmiddle\u00bb][vc_column][vc_text_separator title=\u00bbSEGUIR CON BALIZAS\u00bb title_align=\u00bbseparator_align_left\u00bb][stm_projects category=\u00bbtrack-es\u00bb infinite=\u00bbenable\u00bb arrows=\u00bbenable\u00bb dots=\u00bbshow\u00bb autoplay=\u00bb0&#8243; columns_desktop=\u00bb3&#8243; columns_tablet=\u00bb2&#8243; columns_mobile=\u00bb1&#8243;][vc_empty_space][vc_text_separator title=\u00bbHERRAMIENTAS DE INFORMES DE DATOS\u00bb title_align=\u00bbseparator_align_left\u00bb][stm_projects category=\u00bbreport-es\u00bb full_width=\u00bbEnable\u00bb infinite=\u00bbenable\u00bb arrows=\u00bbenable\u00bb dots=\u00bbshow\u00bb autoplay=\u00bb5000&#8243; columns_desktop=\u00bb3&#8243; columns_tablet=\u00bb2&#8243; columns_mobile=\u00bb1&#8243;][vc_text_separator title=\u00bbPROGRAMA DE GESTION Y SEGUIMIENTO\u00bb title_align=\u00bbseparator_align_left\u00bb][stm_projects category=\u00bbmanage-es\u00bb full_width=\u00bbEnable\u00bb infinite=\u00bbenable\u00bb arrows=\u00bbenable\u00bb dots=\u00bbshow\u00bb autoplay=\u00bb0&#8243; columns_desktop=\u00bb3&#8243; columns_tablet=\u00bb2&#8243; columns_mobile=\u00bb1&#8243;][vc_empty_space][vc_text_separator title=\u00bbPRODUCTOS DE COMUNICACI\u00d3N POR SAT\u00c9LITE\u00bb title_align=\u00bbseparator_align_left\u00bb][stm_projects category=\u00bbiridiumproducts-es\u00bb full_width=\u00bbEnable\u00bb infinite=\u00bbenable\u00bb arrows=\u00bbenable\u00bb dots=\u00bbshow\u00bb autoplay=\u00bb0&#8243; columns_desktop=\u00bb3&#8243; columns_tablet=\u00bb2&#8243; columns_mobile=\u00bb1&#8243; img_size=\u00bbfull\u00bb][vc_empty_space][\/vc_column][\/vc_row]<\/p>\n<\/div>","protected":false},"excerpt":{"rendered":"<p>[vc_row content_placement=\u00bbmiddle\u00bb][vc_column][vc_text_separator title=\u00bbSEGUIR CON BALIZAS\u00bb title_align=\u00bbseparator_align_left\u00bb][stm_projects category=\u00bbtrack-es\u00bb infinite=\u00bbenable\u00bb arrows=\u00bbenable\u00bb dots=\u00bbshow\u00bb autoplay=\u00bb0&#8243; columns_desktop=\u00bb3&#8243; columns_tablet=\u00bb2&#8243; columns_mobile=\u00bb1&#8243;][vc_empty_space][vc_text_separator title=\u00bbHERRAMIENTAS DE INFORMES DE DATOS\u00bb title_align=\u00bbseparator_align_left\u00bb][stm_projects category=\u00bbreport-es\u00bb full_width=\u00bbEnable\u00bb infinite=\u00bbenable\u00bb arrows=\u00bbenable\u00bb dots=\u00bbshow\u00bb autoplay=\u00bb5000&#8243; columns_desktop=\u00bb3&#8243; columns_tablet=\u00bb2&#8243; columns_mobile=\u00bb1&#8243;][vc_text_separator title=\u00bbPROGRAMA DE GESTION Y SEGUIMIENTO\u00bb title_align=\u00bbseparator_align_left\u00bb][stm_projects category=\u00bbmanage-es\u00bb full_width=\u00bbEnable\u00bb infinite=\u00bbenable\u00bb arrows=\u00bbenable\u00bb dots=\u00bbshow\u00bb autoplay=\u00bb0&#8243; columns_desktop=\u00bb3&#8243; columns_tablet=\u00bb2&#8243; columns_mobile=\u00bb1&#8243;][vc_empty_space][vc_text_separator title=\u00bbPRODUCTOS DE COMUNICACI\u00d3N POR SAT\u00c9LITE\u00bb title_align=\u00bbseparator_align_left\u00bb][stm_projects category=\u00bbiridiumproducts-es\u00bb full_width=\u00bbEnable\u00bb infinite=\u00bbenable\u00bb arrows=\u00bbenable\u00bb dots=\u00bbshow\u00bb<\/p>\n","protected":false},"author":10,"featured_media":0,"parent":0,"menu_order":174,"comment_status":"closed","ping_status":"closed","template":"","meta":{"footnotes":""},"class_list":["post-5086","page","type-page","status-publish","hentry"],"yoast_head":"<!-- This site is optimized with the Yoast SEO plugin v27.2 - https:\/\/yoast.com\/product\/yoast-seo-wordpress\/ -->\n<title>Discover todos nuestros productos para una pesca sostenible - CLS<\/title>\n<meta name=\"description\" content=\"CLS ofrece una gama completa de productos para la gesti\u00f3n de la pesca: hardware, software y servicios de valor a\u00f1adido.\" \/>\n<meta name=\"robots\" content=\"index, follow, max-snippet:-1, max-image-preview:large, max-video-preview:-1\" \/>\n<link rel=\"canonical\" href=\"https:\/\/fisheries.groupcls.com\/es\/productos\/\" \/>\n<meta property=\"og:locale\" content=\"es_ES\" \/>\n<meta property=\"og:type\" content=\"article\" \/>\n<meta property=\"og:title\" content=\"Discover todos nuestros productos para una pesca sostenible - CLS\" \/>\n<meta property=\"og:description\" content=\"CLS ofrece una gama completa de productos para la gesti\u00f3n de la pesca: hardware, software y servicios de valor a\u00f1adido.\" \/>\n<meta property=\"og:url\" content=\"https:\/\/fisheries.groupcls.com\/es\/productos\/\" \/>\n<meta property=\"og:site_name\" content=\"CLS Fisheries\" \/>\n<meta property=\"article:modified_time\" content=\"2026-03-20T13:36:39+00:00\" \/>\n<meta name=\"twitter:card\" content=\"summary_large_image\" \/>\n<meta name=\"twitter:label1\" content=\"Tiempo de lectura\" \/>\n\t<meta name=\"twitter:data1\" content=\"1 minuto\" \/>\n<script type=\"application\/ld+json\" class=\"yoast-schema-graph\">{\"@context\":\"https:\/\/schema.org\",\"@graph\":[{\"@type\":[\"WebPage\",\"CollectionPage\"],\"@id\":\"https:\/\/fisheries.groupcls.com\/es\/productos\/\",\"url\":\"https:\/\/fisheries.groupcls.com\/es\/productos\/\",\"name\":\"Discover todos nuestros productos para una pesca sostenible - CLS\",\"isPartOf\":{\"@id\":\"https:\/\/fisheries.groupcls.com\/es\/#website\"},\"datePublished\":\"2017-07-20T08:28:17+00:00\",\"dateModified\":\"2026-03-20T13:36:39+00:00\",\"description\":\"CLS ofrece una gama completa de productos para la gesti\u00f3n de la pesca: hardware, software y servicios de valor a\u00f1adido.\",\"breadcrumb\":{\"@id\":\"https:\/\/fisheries.groupcls.com\/es\/productos\/#breadcrumb\"},\"inLanguage\":\"es\"},{\"@type\":\"BreadcrumbList\",\"@id\":\"https:\/\/fisheries.groupcls.com\/es\/productos\/#breadcrumb\",\"itemListElement\":[{\"@type\":\"ListItem\",\"position\":1,\"name\":\"Accueil\",\"item\":\"https:\/\/fisheries.groupcls.com\/es\/\"},{\"@type\":\"ListItem\",\"position\":2,\"name\":\"Productos\"}]},{\"@type\":\"WebSite\",\"@id\":\"https:\/\/fisheries.groupcls.com\/es\/#website\",\"url\":\"https:\/\/fisheries.groupcls.com\/es\/\",\"name\":\"CLS Fisheries\",\"description\":\"CLS est cetifi\u00e9 par les grands organismes internationaux \u00e0 travers le monde et travaille d\u00e9j\u00e0 avec des milliers de navires de p\u00eache dans le monde entier.\",\"publisher\":{\"@id\":\"https:\/\/fisheries.groupcls.com\/es\/#organization\"},\"potentialAction\":[{\"@type\":\"SearchAction\",\"target\":{\"@type\":\"EntryPoint\",\"urlTemplate\":\"https:\/\/fisheries.groupcls.com\/es\/?s={search_term_string}\"},\"query-input\":{\"@type\":\"PropertyValueSpecification\",\"valueRequired\":true,\"valueName\":\"search_term_string\"}}],\"inLanguage\":\"es\"},{\"@type\":\"Organization\",\"@id\":\"https:\/\/fisheries.groupcls.com\/es\/#organization\",\"name\":\"CLS\",\"url\":\"https:\/\/fisheries.groupcls.com\/es\/\",\"logo\":{\"@type\":\"ImageObject\",\"inLanguage\":\"es\",\"@id\":\"https:\/\/fisheries.groupcls.com\/es\/#\/schema\/logo\/image\/\",\"url\":\"https:\/\/fisheries.groupcls.com\/wp-content\/uploads\/2016\/04\/logo-cls.png\",\"contentUrl\":\"https:\/\/fisheries.groupcls.com\/wp-content\/uploads\/2016\/04\/logo-cls.png\",\"width\":107,\"height\":90,\"caption\":\"CLS\"},\"image\":{\"@id\":\"https:\/\/fisheries.groupcls.com\/es\/#\/schema\/logo\/image\/\"}}]}<\/script>\n<!-- \/ Yoast SEO plugin. -->","yoast_head_json":{"title":"Discover todos nuestros productos para una pesca sostenible - CLS","description":"CLS ofrece una gama completa de productos para la gesti\u00f3n de la pesca: hardware, software y servicios de valor a\u00f1adido.","robots":{"index":"index","follow":"follow","max-snippet":"max-snippet:-1","max-image-preview":"max-image-preview:large","max-video-preview":"max-video-preview:-1"},"canonical":"https:\/\/fisheries.groupcls.com\/es\/productos\/","og_locale":"es_ES","og_type":"article","og_title":"Discover todos nuestros productos para una pesca sostenible - CLS","og_description":"CLS ofrece una gama completa de productos para la gesti\u00f3n de la pesca: hardware, software y servicios de valor a\u00f1adido.","og_url":"https:\/\/fisheries.groupcls.com\/es\/productos\/","og_site_name":"CLS Fisheries","article_modified_time":"2026-03-20T13:36:39+00:00","twitter_card":"summary_large_image","twitter_misc":{"Tiempo de lectura":"1 minuto"},"schema":{"@context":"https:\/\/schema.org","@graph":[{"@type":["WebPage","CollectionPage"],"@id":"https:\/\/fisheries.groupcls.com\/es\/productos\/","url":"https:\/\/fisheries.groupcls.com\/es\/productos\/","name":"Discover todos nuestros productos para una pesca sostenible - CLS","isPartOf":{"@id":"https:\/\/fisheries.groupcls.com\/es\/#website"},"datePublished":"2017-07-20T08:28:17+00:00","dateModified":"2026-03-20T13:36:39+00:00","description":"CLS ofrece una gama completa de productos para la gesti\u00f3n de la pesca: hardware, software y servicios de valor a\u00f1adido.","breadcrumb":{"@id":"https:\/\/fisheries.groupcls.com\/es\/productos\/#breadcrumb"},"inLanguage":"es"},{"@type":"BreadcrumbList","@id":"https:\/\/fisheries.groupcls.com\/es\/productos\/#breadcrumb","itemListElement":[{"@type":"ListItem","position":1,"name":"Accueil","item":"https:\/\/fisheries.groupcls.com\/es\/"},{"@type":"ListItem","position":2,"name":"Productos"}]},{"@type":"WebSite","@id":"https:\/\/fisheries.groupcls.com\/es\/#website","url":"https:\/\/fisheries.groupcls.com\/es\/","name":"CLS Fisheries","description":"CLS est cetifi\u00e9 par les grands organismes internationaux \u00e0 travers le monde et travaille d\u00e9j\u00e0 avec des milliers de navires de p\u00eache dans le monde entier.","publisher":{"@id":"https:\/\/fisheries.groupcls.com\/es\/#organization"},"potentialAction":[{"@type":"SearchAction","target":{"@type":"EntryPoint","urlTemplate":"https:\/\/fisheries.groupcls.com\/es\/?s={search_term_string}"},"query-input":{"@type":"PropertyValueSpecification","valueRequired":true,"valueName":"search_term_string"}}],"inLanguage":"es"},{"@type":"Organization","@id":"https:\/\/fisheries.groupcls.com\/es\/#organization","name":"CLS","url":"https:\/\/fisheries.groupcls.com\/es\/","logo":{"@type":"ImageObject","inLanguage":"es","@id":"https:\/\/fisheries.groupcls.com\/es\/#\/schema\/logo\/image\/","url":"https:\/\/fisheries.groupcls.com\/wp-content\/uploads\/2016\/04\/logo-cls.png","contentUrl":"https:\/\/fisheries.groupcls.com\/wp-content\/uploads\/2016\/04\/logo-cls.png","width":107,"height":90,"caption":"CLS"},"image":{"@id":"https:\/\/fisheries.groupcls.com\/es\/#\/schema\/logo\/image\/"}}]}},"_links":{"self":[{"href":"https:\/\/fisheries.groupcls.com\/es\/wp-json\/wp\/v2\/pages\/5086","targetHints":{"allow":["GET"]}}],"collection":[{"href":"https:\/\/fisheries.groupcls.com\/es\/wp-json\/wp\/v2\/pages"}],"about":[{"href":"https:\/\/fisheries.groupcls.com\/es\/wp-json\/wp\/v2\/types\/page"}],"author":[{"embeddable":true,"href":"https:\/\/fisheries.groupcls.com\/es\/wp-json\/wp\/v2\/users\/10"}],"replies":[{"embeddable":true,"href":"https:\/\/fisheries.groupcls.com\/es\/wp-json\/wp\/v2\/comments?post=5086"}],"version-history":[{"count":5,"href":"https:\/\/fisheries.groupcls.com\/es\/wp-json\/wp\/v2\/pages\/5086\/revisions"}],"predecessor-version":[{"id":14264,"href":"https:\/\/fisheries.groupcls.com\/es\/wp-json\/wp\/v2\/pages\/5086\/revisions\/14264"}],"wp:attachment":[{"href":"https:\/\/fisheries.groupcls.com\/es\/wp-json\/wp\/v2\/media?parent=5086"}],"curies":[{"name":"wp","href":"https:\/\/api.w.org\/{rel}","templated":true}]}}