{"id":5077,"date":"2017-07-20T10:14:00","date_gmt":"2017-07-20T08:14:00","guid":{"rendered":"https:\/\/fisheries.groupcls.com\/?page_id=5077\/"},"modified":"2025-10-02T17:37:43","modified_gmt":"2025-10-02T15:37:43","slug":"vms","status":"publish","type":"page","link":"https:\/\/fisheries.groupcls.com\/es\/pescadores\/vms\/","title":{"rendered":"VMS\/SIN: Sistema de monitoreo de barcos"},"content":{"rendered":"<div class=\"wpb-content-wrapper\"><p>[vc_row][vc_column width=\u00bb2\/3&#8243;][vc_column_text]<\/p>\n<p style=\"text-align: justify;\">CLS es <strong>l\u00edder mundial<\/strong> en sistemas de vigilancia de buques. Facilitamos el cumplimiento de la normativa con <a href=\"https:\/\/fisheries.groupcls.com\/es\/?page_id=13942\">una s\u00f3lida gama de transpondedores<\/a> que proporcionan <a href=\"https:\/\/fisheries.groupcls.com\/es\/satelite-de-transferencia-de-datos\/\">una transmisi\u00f3n de datos segura y garantizada<\/a>. Los sistemas de seguimiento de buques son la \u00fanica tecnolog\u00eda aprobada para el seguimiento de la actividad pesquera.<\/p>\n<p>Nuestros paquetes incluyen :<\/p>\n<ul>\n<li><strong>robustos<\/strong> transpondedores por sat\u00e9lite,<\/li>\n<li>servicios de comunicaci\u00f3n por sat\u00e9lite <strong>rentables<\/strong>,<\/li>\n<li>y un software de visualizaci\u00f3n de seguimiento <strong>f\u00e1cil de usar<\/strong>.<\/li>\n<\/ul>\n<p style=\"text-align: justify;\">Nuestros VMS tambi\u00e9n ofrecen una serie de servicios de valor a\u00f1adido para los pescadores en un sistema integrado, para que usted pueda centrarse en su negocio.<\/p>\n<p>[\/vc_column_text][\/vc_column][vc_column width=\u00bb1\/3&#8243;][vc_single_image image=\u00bb7262&#8243; img_size=\u00bbfull\u00bb][vc_btn title=\u00bbContactarnos\u00bb color=\u00bbprimary\u00bb align=\u00bbcenter\u00bb link=\u00bburl:https%3A%2F%2Ffisheries.groupcls.com%2Fes%2Fcontactos%2F|title:Contactos\u00bb][\/vc_column][\/vc_row][vc_row css=\u00bb.vc_custom_1614707294758{padding-top: 20px !important;}\u00bb][vc_column][vc_tta_tabs][vc_tta_section title=\u00bbVMS Balizas\u00bb tab_id=\u00bbVMS-Balizas\u00bb][stm_projects_grid category=\u00bbvmshardware-es\u00bb projects_per_row=\u00bb4&#8243;][\/vc_tta_section][\/vc_tta_tabs][\/vc_column][\/vc_row][vc_row css=\u00bb.vc_custom_1614707289672{padding-top: 20px !important;}\u00bb][vc_column][vc_tta_tabs][vc_tta_section title=\u00bbDistribuci\u00f3n de datos VMS\u00bb tab_id=\u00bbDistribucion-de-datos-VMS\u00bb][stm_projects_grid category=\u00bbvmssoftware-es\u00bb projects_per_row=\u00bb4&#8243;][\/vc_tta_section][\/vc_tta_tabs][\/vc_column][\/vc_row]<\/p>\n<\/div>","protected":false},"excerpt":{"rendered":"<p>[vc_row][vc_column width=\u00bb2\/3&#8243;][vc_column_text] CLS es l\u00edder mundial en sistemas de vigilancia de buques. Facilitamos el cumplimiento de la normativa con una s\u00f3lida gama de transpondedores que proporcionan una transmisi\u00f3n de datos segura y garantizada. Los sistemas de seguimiento de buques son la \u00fanica tecnolog\u00eda aprobada para el seguimiento de la actividad pesquera. Nuestros paquetes incluyen :<\/p>\n","protected":false},"author":10,"featured_media":7262,"parent":5060,"menu_order":47,"comment_status":"closed","ping_status":"closed","template":"","meta":{"footnotes":""},"class_list":["post-5077","page","type-page","status-publish","has-post-thumbnail","hentry"],"yoast_head":"<!-- This site is optimized with the Yoast SEO plugin v27.2 - https:\/\/yoast.com\/product\/yoast-seo-wordpress\/ -->\n<title>VMS, sistema de monitoreo de barcos - CLS Fisheries<\/title>\n<meta name=\"description\" content=\"CLS propone un largo rango de soluciones VMS \/ SIN a bordo para ayudar a los profesionales de la pesca gestionar su flota\" \/>\n<meta name=\"robots\" content=\"index, follow, max-snippet:-1, max-image-preview:large, max-video-preview:-1\" \/>\n<link rel=\"canonical\" href=\"https:\/\/fisheries.groupcls.com\/es\/pescadores\/vms\/\" \/>\n<meta property=\"og:locale\" content=\"es_ES\" \/>\n<meta property=\"og:type\" content=\"article\" \/>\n<meta property=\"og:title\" content=\"VMS, sistema de monitoreo de barcos - CLS Fisheries\" \/>\n<meta property=\"og:description\" content=\"CLS propone un largo rango de soluciones VMS \/ SIN a bordo para ayudar a los profesionales de la pesca gestionar su flota\" \/>\n<meta property=\"og:url\" content=\"https:\/\/fisheries.groupcls.com\/es\/pescadores\/vms\/\" \/>\n<meta property=\"og:site_name\" content=\"CLS Fisheries\" \/>\n<meta property=\"article:modified_time\" content=\"2025-10-02T15:37:43+00:00\" \/>\n<meta property=\"og:image\" content=\"https:\/\/fisheries.groupcls.com\/wp-content\/uploads\/2019\/07\/fishing-boats.jpg\" \/>\n\t<meta property=\"og:image:width\" content=\"4746\" \/>\n\t<meta property=\"og:image:height\" content=\"2218\" \/>\n\t<meta property=\"og:image:type\" content=\"image\/jpeg\" \/>\n<meta name=\"twitter:card\" content=\"summary_large_image\" \/>\n<meta name=\"twitter:label1\" content=\"Tiempo de lectura\" \/>\n\t<meta name=\"twitter:data1\" content=\"2 minutos\" \/>\n<script type=\"application\/ld+json\" class=\"yoast-schema-graph\">{\"@context\":\"https:\/\/schema.org\",\"@graph\":[{\"@type\":[\"WebPage\",\"ItemPage\"],\"@id\":\"https:\/\/fisheries.groupcls.com\/es\/pescadores\/vms\/\",\"url\":\"https:\/\/fisheries.groupcls.com\/es\/pescadores\/vms\/\",\"name\":\"VMS, sistema de monitoreo de barcos - CLS Fisheries\",\"isPartOf\":{\"@id\":\"https:\/\/fisheries.groupcls.com\/es\/#website\"},\"primaryImageOfPage\":{\"@id\":\"https:\/\/fisheries.groupcls.com\/es\/pescadores\/vms\/#primaryimage\"},\"image\":{\"@id\":\"https:\/\/fisheries.groupcls.com\/es\/pescadores\/vms\/#primaryimage\"},\"thumbnailUrl\":\"https:\/\/fisheries.groupcls.com\/wp-content\/uploads\/2019\/07\/fishing-boats.jpg\",\"datePublished\":\"2017-07-20T08:14:00+00:00\",\"dateModified\":\"2025-10-02T15:37:43+00:00\",\"description\":\"CLS propone un largo rango de soluciones VMS \/ SIN a bordo para ayudar a los profesionales de la pesca gestionar su flota\",\"breadcrumb\":{\"@id\":\"https:\/\/fisheries.groupcls.com\/es\/pescadores\/vms\/#breadcrumb\"},\"inLanguage\":\"es\",\"potentialAction\":[{\"@type\":\"ReadAction\",\"target\":[\"https:\/\/fisheries.groupcls.com\/es\/pescadores\/vms\/\"]}]},{\"@type\":\"ImageObject\",\"inLanguage\":\"es\",\"@id\":\"https:\/\/fisheries.groupcls.com\/es\/pescadores\/vms\/#primaryimage\",\"url\":\"https:\/\/fisheries.groupcls.com\/wp-content\/uploads\/2019\/07\/fishing-boats.jpg\",\"contentUrl\":\"https:\/\/fisheries.groupcls.com\/wp-content\/uploads\/2019\/07\/fishing-boats.jpg\",\"width\":4746,\"height\":2218,\"caption\":\"barcos de pesca\"},{\"@type\":\"BreadcrumbList\",\"@id\":\"https:\/\/fisheries.groupcls.com\/es\/pescadores\/vms\/#breadcrumb\",\"itemListElement\":[{\"@type\":\"ListItem\",\"position\":1,\"name\":\"Accueil\",\"item\":\"https:\/\/fisheries.groupcls.com\/es\/\"},{\"@type\":\"ListItem\",\"position\":2,\"name\":\"Pescadores\",\"item\":\"https:\/\/fisheries.groupcls.com\/es\/pescadores\/\"},{\"@type\":\"ListItem\",\"position\":3,\"name\":\"VMS\/SIN: Sistema de monitoreo de barcos\"}]},{\"@type\":\"WebSite\",\"@id\":\"https:\/\/fisheries.groupcls.com\/es\/#website\",\"url\":\"https:\/\/fisheries.groupcls.com\/es\/\",\"name\":\"CLS Fisheries\",\"description\":\"CLS est cetifi\u00e9 par les grands organismes internationaux \u00e0 travers le monde et travaille d\u00e9j\u00e0 avec des milliers de navires de p\u00eache dans le monde entier.\",\"publisher\":{\"@id\":\"https:\/\/fisheries.groupcls.com\/es\/#organization\"},\"potentialAction\":[{\"@type\":\"SearchAction\",\"target\":{\"@type\":\"EntryPoint\",\"urlTemplate\":\"https:\/\/fisheries.groupcls.com\/es\/?s={search_term_string}\"},\"query-input\":{\"@type\":\"PropertyValueSpecification\",\"valueRequired\":true,\"valueName\":\"search_term_string\"}}],\"inLanguage\":\"es\"},{\"@type\":\"Organization\",\"@id\":\"https:\/\/fisheries.groupcls.com\/es\/#organization\",\"name\":\"CLS\",\"url\":\"https:\/\/fisheries.groupcls.com\/es\/\",\"logo\":{\"@type\":\"ImageObject\",\"inLanguage\":\"es\",\"@id\":\"https:\/\/fisheries.groupcls.com\/es\/#\/schema\/logo\/image\/\",\"url\":\"https:\/\/fisheries.groupcls.com\/wp-content\/uploads\/2016\/04\/logo-cls.png\",\"contentUrl\":\"https:\/\/fisheries.groupcls.com\/wp-content\/uploads\/2016\/04\/logo-cls.png\",\"width\":107,\"height\":90,\"caption\":\"CLS\"},\"image\":{\"@id\":\"https:\/\/fisheries.groupcls.com\/es\/#\/schema\/logo\/image\/\"}}]}<\/script>\n<!-- \/ Yoast SEO plugin. -->","yoast_head_json":{"title":"VMS, sistema de monitoreo de barcos - CLS Fisheries","description":"CLS propone un largo rango de soluciones VMS \/ SIN a bordo para ayudar a los profesionales de la pesca gestionar su flota","robots":{"index":"index","follow":"follow","max-snippet":"max-snippet:-1","max-image-preview":"max-image-preview:large","max-video-preview":"max-video-preview:-1"},"canonical":"https:\/\/fisheries.groupcls.com\/es\/pescadores\/vms\/","og_locale":"es_ES","og_type":"article","og_title":"VMS, sistema de monitoreo de barcos - CLS Fisheries","og_description":"CLS propone un largo rango de soluciones VMS \/ SIN a bordo para ayudar a los profesionales de la pesca gestionar su flota","og_url":"https:\/\/fisheries.groupcls.com\/es\/pescadores\/vms\/","og_site_name":"CLS Fisheries","article_modified_time":"2025-10-02T15:37:43+00:00","og_image":[{"width":4746,"height":2218,"url":"https:\/\/fisheries.groupcls.com\/wp-content\/uploads\/2019\/07\/fishing-boats.jpg","type":"image\/jpeg"}],"twitter_card":"summary_large_image","twitter_misc":{"Tiempo de lectura":"2 minutos"},"schema":{"@context":"https:\/\/schema.org","@graph":[{"@type":["WebPage","ItemPage"],"@id":"https:\/\/fisheries.groupcls.com\/es\/pescadores\/vms\/","url":"https:\/\/fisheries.groupcls.com\/es\/pescadores\/vms\/","name":"VMS, sistema de monitoreo de barcos - CLS Fisheries","isPartOf":{"@id":"https:\/\/fisheries.groupcls.com\/es\/#website"},"primaryImageOfPage":{"@id":"https:\/\/fisheries.groupcls.com\/es\/pescadores\/vms\/#primaryimage"},"image":{"@id":"https:\/\/fisheries.groupcls.com\/es\/pescadores\/vms\/#primaryimage"},"thumbnailUrl":"https:\/\/fisheries.groupcls.com\/wp-content\/uploads\/2019\/07\/fishing-boats.jpg","datePublished":"2017-07-20T08:14:00+00:00","dateModified":"2025-10-02T15:37:43+00:00","description":"CLS propone un largo rango de soluciones VMS \/ SIN a bordo para ayudar a los profesionales de la pesca gestionar su flota","breadcrumb":{"@id":"https:\/\/fisheries.groupcls.com\/es\/pescadores\/vms\/#breadcrumb"},"inLanguage":"es","potentialAction":[{"@type":"ReadAction","target":["https:\/\/fisheries.groupcls.com\/es\/pescadores\/vms\/"]}]},{"@type":"ImageObject","inLanguage":"es","@id":"https:\/\/fisheries.groupcls.com\/es\/pescadores\/vms\/#primaryimage","url":"https:\/\/fisheries.groupcls.com\/wp-content\/uploads\/2019\/07\/fishing-boats.jpg","contentUrl":"https:\/\/fisheries.groupcls.com\/wp-content\/uploads\/2019\/07\/fishing-boats.jpg","width":4746,"height":2218,"caption":"barcos de pesca"},{"@type":"BreadcrumbList","@id":"https:\/\/fisheries.groupcls.com\/es\/pescadores\/vms\/#breadcrumb","itemListElement":[{"@type":"ListItem","position":1,"name":"Accueil","item":"https:\/\/fisheries.groupcls.com\/es\/"},{"@type":"ListItem","position":2,"name":"Pescadores","item":"https:\/\/fisheries.groupcls.com\/es\/pescadores\/"},{"@type":"ListItem","position":3,"name":"VMS\/SIN: Sistema de monitoreo de barcos"}]},{"@type":"WebSite","@id":"https:\/\/fisheries.groupcls.com\/es\/#website","url":"https:\/\/fisheries.groupcls.com\/es\/","name":"CLS Fisheries","description":"CLS est cetifi\u00e9 par les grands organismes internationaux \u00e0 travers le monde et travaille d\u00e9j\u00e0 avec des milliers de navires de p\u00eache dans le monde entier.","publisher":{"@id":"https:\/\/fisheries.groupcls.com\/es\/#organization"},"potentialAction":[{"@type":"SearchAction","target":{"@type":"EntryPoint","urlTemplate":"https:\/\/fisheries.groupcls.com\/es\/?s={search_term_string}"},"query-input":{"@type":"PropertyValueSpecification","valueRequired":true,"valueName":"search_term_string"}}],"inLanguage":"es"},{"@type":"Organization","@id":"https:\/\/fisheries.groupcls.com\/es\/#organization","name":"CLS","url":"https:\/\/fisheries.groupcls.com\/es\/","logo":{"@type":"ImageObject","inLanguage":"es","@id":"https:\/\/fisheries.groupcls.com\/es\/#\/schema\/logo\/image\/","url":"https:\/\/fisheries.groupcls.com\/wp-content\/uploads\/2016\/04\/logo-cls.png","contentUrl":"https:\/\/fisheries.groupcls.com\/wp-content\/uploads\/2016\/04\/logo-cls.png","width":107,"height":90,"caption":"CLS"},"image":{"@id":"https:\/\/fisheries.groupcls.com\/es\/#\/schema\/logo\/image\/"}}]}},"_links":{"self":[{"href":"https:\/\/fisheries.groupcls.com\/es\/wp-json\/wp\/v2\/pages\/5077","targetHints":{"allow":["GET"]}}],"collection":[{"href":"https:\/\/fisheries.groupcls.com\/es\/wp-json\/wp\/v2\/pages"}],"about":[{"href":"https:\/\/fisheries.groupcls.com\/es\/wp-json\/wp\/v2\/types\/page"}],"author":[{"embeddable":true,"href":"https:\/\/fisheries.groupcls.com\/es\/wp-json\/wp\/v2\/users\/10"}],"replies":[{"embeddable":true,"href":"https:\/\/fisheries.groupcls.com\/es\/wp-json\/wp\/v2\/comments?post=5077"}],"version-history":[{"count":27,"href":"https:\/\/fisheries.groupcls.com\/es\/wp-json\/wp\/v2\/pages\/5077\/revisions"}],"predecessor-version":[{"id":13467,"href":"https:\/\/fisheries.groupcls.com\/es\/wp-json\/wp\/v2\/pages\/5077\/revisions\/13467"}],"up":[{"embeddable":true,"href":"https:\/\/fisheries.groupcls.com\/es\/wp-json\/wp\/v2\/pages\/5060"}],"wp:featuredmedia":[{"embeddable":true,"href":"https:\/\/fisheries.groupcls.com\/es\/wp-json\/wp\/v2\/media\/7262"}],"wp:attachment":[{"href":"https:\/\/fisheries.groupcls.com\/es\/wp-json\/wp\/v2\/media?parent=5077"}],"curies":[{"name":"wp","href":"https:\/\/api.w.org\/{rel}","templated":true}]}}