{"id":5075,"date":"2017-07-20T10:04:30","date_gmt":"2017-07-20T08:04:30","guid":{"rendered":"https:\/\/fisheries.groupcls.com\/?page_id=5075\/"},"modified":"2026-01-26T15:14:53","modified_gmt":"2026-01-26T14:14:53","slug":"ers","status":"publish","type":"page","link":"https:\/\/fisheries.groupcls.com\/es\/pescadores\/ers\/","title":{"rendered":"Bitacora electronica &#8211; ERS"},"content":{"rendered":"<div class=\"wpb-content-wrapper\"><p>[vc_row][vc_column width=\u00bb2\/3&#8243;][vc_column_text]<\/p>\n<p style=\"text-align: justify;\">El reporteo electr\u00f3nico de capturas (ERS) es la nueva era para un mejor\u00a0<strong>control de actividades pesqueras.<\/strong> El reporteo electr\u00f3nico permite\u00a0una\u00a0<strong>mejor evaluaci\u00f3n de stocks<\/strong>\u00a0y una\u00a0<strong>gesti\u00f3n sostenible de recursos marinos.<\/strong><\/p>\n<p>CLS provee ahora a los pescadores con un <strong>programa de reporteo electr\u00f3nico<\/strong> y aplicaciones que son transferidas a los armadores o autoridades pesqueras a trav\u00e9s de la<strong> baliza VMS<\/strong> :<\/p>\n<ul>\n<li>para <strong>enviar reportes electr\u00f3nicos<\/strong> de capturas de pesca,<\/li>\n<li>para almacenar y <strong>enviar datos de pesca<\/strong> (captura, etc.),<\/li>\n<li>para proveer ERS con <strong>din\u00e1mica\u00a0\u00a0y fiable estad\u00edsticas<\/strong>.<\/li>\n<\/ul>\n<p>[\/vc_column_text][\/vc_column][vc_column width=\u00bb1\/3&#8243;][vc_single_image image=\u00bb6902&#8243; img_size=\u00bbfull\u00bb][vc_btn title=\u00bbContactarnos\u00bb color=\u00bbprimary\u00bb align=\u00bbcenter\u00bb link=\u00bburl:https%3A%2F%2Ffisheries.groupcls.com%2Fes%2Fcontactos%2F\u00bb][\/vc_column][\/vc_row][vc_row][vc_column][vc_tta_tabs][vc_tta_section title=\u00bbMateriales VMS\/ERS\u00bb tab_id=\u00bbMateriales-VMS-ERS\u00bb][stm_projects_grid category=\u00bbershardware-es\u00bb projects_per_row=\u00bb5&#8243;][\/vc_tta_section][\/vc_tta_tabs][\/vc_column][\/vc_row]<\/p>\n<\/div>","protected":false},"excerpt":{"rendered":"<p>[vc_row][vc_column width=\u00bb2\/3&#8243;][vc_column_text] El reporteo electr\u00f3nico de capturas (ERS) es la nueva era para un mejor\u00a0control de actividades pesqueras. El reporteo electr\u00f3nico permite\u00a0una\u00a0mejor evaluaci\u00f3n de stocks\u00a0y una\u00a0gesti\u00f3n sostenible de recursos marinos. CLS provee ahora a los pescadores con un programa de reporteo electr\u00f3nico y aplicaciones que son transferidas a los armadores o autoridades pesqueras a trav\u00e9s<\/p>\n","protected":false},"author":10,"featured_media":6902,"parent":5060,"menu_order":48,"comment_status":"closed","ping_status":"closed","template":"","meta":{"footnotes":""},"class_list":["post-5075","page","type-page","status-publish","has-post-thumbnail","hentry"],"yoast_head":"<!-- This site is optimized with the Yoast SEO plugin v27.2 - https:\/\/yoast.com\/product\/yoast-seo-wordpress\/ -->\n<title>Bit\u00e1cora electr\u00f3nica : controlar las actividades pesqueras - CLS Fisheries<\/title>\n<meta name=\"description\" content=\"La bit\u00e1cora electr\u00f3nica (ERS) permite a los pescadores completar sus declaraciones de pesca con mayor precisi\u00f3n y rapidez\" \/>\n<meta name=\"robots\" content=\"index, follow, max-snippet:-1, max-image-preview:large, max-video-preview:-1\" \/>\n<link rel=\"canonical\" href=\"https:\/\/fisheries.groupcls.com\/es\/pescadores\/ers\/\" \/>\n<meta property=\"og:locale\" content=\"es_ES\" \/>\n<meta property=\"og:type\" content=\"article\" \/>\n<meta property=\"og:title\" content=\"Bit\u00e1cora electr\u00f3nica : controlar las actividades pesqueras - CLS Fisheries\" \/>\n<meta property=\"og:description\" content=\"La bit\u00e1cora electr\u00f3nica (ERS) permite a los pescadores completar sus declaraciones de pesca con mayor precisi\u00f3n y rapidez\" \/>\n<meta property=\"og:url\" content=\"https:\/\/fisheries.groupcls.com\/es\/pescadores\/ers\/\" \/>\n<meta property=\"og:site_name\" content=\"CLS Fisheries\" \/>\n<meta property=\"article:modified_time\" content=\"2026-01-26T14:14:53+00:00\" \/>\n<meta property=\"og:image\" content=\"https:\/\/fisheries.groupcls.com\/wp-content\/uploads\/2015\/05\/fish_in_box.jpg\" \/>\n\t<meta property=\"og:image:width\" content=\"960\" \/>\n\t<meta property=\"og:image:height\" content=\"640\" \/>\n\t<meta property=\"og:image:type\" content=\"image\/jpeg\" \/>\n<meta name=\"twitter:card\" content=\"summary_large_image\" \/>\n<meta name=\"twitter:label1\" content=\"Tiempo de lectura\" \/>\n\t<meta name=\"twitter:data1\" content=\"2 minutos\" \/>\n<script type=\"application\/ld+json\" class=\"yoast-schema-graph\">{\"@context\":\"https:\/\/schema.org\",\"@graph\":[{\"@type\":[\"WebPage\",\"ItemPage\"],\"@id\":\"https:\/\/fisheries.groupcls.com\/es\/pescadores\/ers\/\",\"url\":\"https:\/\/fisheries.groupcls.com\/es\/pescadores\/ers\/\",\"name\":\"Bit\u00e1cora electr\u00f3nica : controlar las actividades pesqueras - CLS Fisheries\",\"isPartOf\":{\"@id\":\"https:\/\/fisheries.groupcls.com\/es\/#website\"},\"primaryImageOfPage\":{\"@id\":\"https:\/\/fisheries.groupcls.com\/es\/pescadores\/ers\/#primaryimage\"},\"image\":{\"@id\":\"https:\/\/fisheries.groupcls.com\/es\/pescadores\/ers\/#primaryimage\"},\"thumbnailUrl\":\"https:\/\/fisheries.groupcls.com\/wp-content\/uploads\/2015\/05\/fish_in_box.jpg\",\"datePublished\":\"2017-07-20T08:04:30+00:00\",\"dateModified\":\"2026-01-26T14:14:53+00:00\",\"description\":\"La bit\u00e1cora electr\u00f3nica (ERS) permite a los pescadores completar sus declaraciones de pesca con mayor precisi\u00f3n y rapidez\",\"breadcrumb\":{\"@id\":\"https:\/\/fisheries.groupcls.com\/es\/pescadores\/ers\/#breadcrumb\"},\"inLanguage\":\"es\",\"potentialAction\":[{\"@type\":\"ReadAction\",\"target\":[\"https:\/\/fisheries.groupcls.com\/es\/pescadores\/ers\/\"]}]},{\"@type\":\"ImageObject\",\"inLanguage\":\"es\",\"@id\":\"https:\/\/fisheries.groupcls.com\/es\/pescadores\/ers\/#primaryimage\",\"url\":\"https:\/\/fisheries.groupcls.com\/wp-content\/uploads\/2015\/05\/fish_in_box.jpg\",\"contentUrl\":\"https:\/\/fisheries.groupcls.com\/wp-content\/uploads\/2015\/05\/fish_in_box.jpg\",\"width\":960,\"height\":640,\"caption\":\"pescados\"},{\"@type\":\"BreadcrumbList\",\"@id\":\"https:\/\/fisheries.groupcls.com\/es\/pescadores\/ers\/#breadcrumb\",\"itemListElement\":[{\"@type\":\"ListItem\",\"position\":1,\"name\":\"Accueil\",\"item\":\"https:\/\/fisheries.groupcls.com\/es\/\"},{\"@type\":\"ListItem\",\"position\":2,\"name\":\"Pescadores\",\"item\":\"https:\/\/fisheries.groupcls.com\/es\/pescadores\/\"},{\"@type\":\"ListItem\",\"position\":3,\"name\":\"Bitacora electronica &#8211; ERS\"}]},{\"@type\":\"WebSite\",\"@id\":\"https:\/\/fisheries.groupcls.com\/es\/#website\",\"url\":\"https:\/\/fisheries.groupcls.com\/es\/\",\"name\":\"CLS Fisheries\",\"description\":\"CLS est cetifi\u00e9 par les grands organismes internationaux \u00e0 travers le monde et travaille d\u00e9j\u00e0 avec des milliers de navires de p\u00eache dans le monde entier.\",\"publisher\":{\"@id\":\"https:\/\/fisheries.groupcls.com\/es\/#organization\"},\"potentialAction\":[{\"@type\":\"SearchAction\",\"target\":{\"@type\":\"EntryPoint\",\"urlTemplate\":\"https:\/\/fisheries.groupcls.com\/es\/?s={search_term_string}\"},\"query-input\":{\"@type\":\"PropertyValueSpecification\",\"valueRequired\":true,\"valueName\":\"search_term_string\"}}],\"inLanguage\":\"es\"},{\"@type\":\"Organization\",\"@id\":\"https:\/\/fisheries.groupcls.com\/es\/#organization\",\"name\":\"CLS\",\"url\":\"https:\/\/fisheries.groupcls.com\/es\/\",\"logo\":{\"@type\":\"ImageObject\",\"inLanguage\":\"es\",\"@id\":\"https:\/\/fisheries.groupcls.com\/es\/#\/schema\/logo\/image\/\",\"url\":\"https:\/\/fisheries.groupcls.com\/wp-content\/uploads\/2016\/04\/logo-cls.png\",\"contentUrl\":\"https:\/\/fisheries.groupcls.com\/wp-content\/uploads\/2016\/04\/logo-cls.png\",\"width\":107,\"height\":90,\"caption\":\"CLS\"},\"image\":{\"@id\":\"https:\/\/fisheries.groupcls.com\/es\/#\/schema\/logo\/image\/\"}}]}<\/script>\n<!-- \/ Yoast SEO plugin. -->","yoast_head_json":{"title":"Bit\u00e1cora electr\u00f3nica : controlar las actividades pesqueras - CLS Fisheries","description":"La bit\u00e1cora electr\u00f3nica (ERS) permite a los pescadores completar sus declaraciones de pesca con mayor precisi\u00f3n y rapidez","robots":{"index":"index","follow":"follow","max-snippet":"max-snippet:-1","max-image-preview":"max-image-preview:large","max-video-preview":"max-video-preview:-1"},"canonical":"https:\/\/fisheries.groupcls.com\/es\/pescadores\/ers\/","og_locale":"es_ES","og_type":"article","og_title":"Bit\u00e1cora electr\u00f3nica : controlar las actividades pesqueras - CLS Fisheries","og_description":"La bit\u00e1cora electr\u00f3nica (ERS) permite a los pescadores completar sus declaraciones de pesca con mayor precisi\u00f3n y rapidez","og_url":"https:\/\/fisheries.groupcls.com\/es\/pescadores\/ers\/","og_site_name":"CLS Fisheries","article_modified_time":"2026-01-26T14:14:53+00:00","og_image":[{"width":960,"height":640,"url":"https:\/\/fisheries.groupcls.com\/wp-content\/uploads\/2015\/05\/fish_in_box.jpg","type":"image\/jpeg"}],"twitter_card":"summary_large_image","twitter_misc":{"Tiempo de lectura":"2 minutos"},"schema":{"@context":"https:\/\/schema.org","@graph":[{"@type":["WebPage","ItemPage"],"@id":"https:\/\/fisheries.groupcls.com\/es\/pescadores\/ers\/","url":"https:\/\/fisheries.groupcls.com\/es\/pescadores\/ers\/","name":"Bit\u00e1cora electr\u00f3nica : controlar las actividades pesqueras - CLS Fisheries","isPartOf":{"@id":"https:\/\/fisheries.groupcls.com\/es\/#website"},"primaryImageOfPage":{"@id":"https:\/\/fisheries.groupcls.com\/es\/pescadores\/ers\/#primaryimage"},"image":{"@id":"https:\/\/fisheries.groupcls.com\/es\/pescadores\/ers\/#primaryimage"},"thumbnailUrl":"https:\/\/fisheries.groupcls.com\/wp-content\/uploads\/2015\/05\/fish_in_box.jpg","datePublished":"2017-07-20T08:04:30+00:00","dateModified":"2026-01-26T14:14:53+00:00","description":"La bit\u00e1cora electr\u00f3nica (ERS) permite a los pescadores completar sus declaraciones de pesca con mayor precisi\u00f3n y rapidez","breadcrumb":{"@id":"https:\/\/fisheries.groupcls.com\/es\/pescadores\/ers\/#breadcrumb"},"inLanguage":"es","potentialAction":[{"@type":"ReadAction","target":["https:\/\/fisheries.groupcls.com\/es\/pescadores\/ers\/"]}]},{"@type":"ImageObject","inLanguage":"es","@id":"https:\/\/fisheries.groupcls.com\/es\/pescadores\/ers\/#primaryimage","url":"https:\/\/fisheries.groupcls.com\/wp-content\/uploads\/2015\/05\/fish_in_box.jpg","contentUrl":"https:\/\/fisheries.groupcls.com\/wp-content\/uploads\/2015\/05\/fish_in_box.jpg","width":960,"height":640,"caption":"pescados"},{"@type":"BreadcrumbList","@id":"https:\/\/fisheries.groupcls.com\/es\/pescadores\/ers\/#breadcrumb","itemListElement":[{"@type":"ListItem","position":1,"name":"Accueil","item":"https:\/\/fisheries.groupcls.com\/es\/"},{"@type":"ListItem","position":2,"name":"Pescadores","item":"https:\/\/fisheries.groupcls.com\/es\/pescadores\/"},{"@type":"ListItem","position":3,"name":"Bitacora electronica &#8211; ERS"}]},{"@type":"WebSite","@id":"https:\/\/fisheries.groupcls.com\/es\/#website","url":"https:\/\/fisheries.groupcls.com\/es\/","name":"CLS Fisheries","description":"CLS est cetifi\u00e9 par les grands organismes internationaux \u00e0 travers le monde et travaille d\u00e9j\u00e0 avec des milliers de navires de p\u00eache dans le monde entier.","publisher":{"@id":"https:\/\/fisheries.groupcls.com\/es\/#organization"},"potentialAction":[{"@type":"SearchAction","target":{"@type":"EntryPoint","urlTemplate":"https:\/\/fisheries.groupcls.com\/es\/?s={search_term_string}"},"query-input":{"@type":"PropertyValueSpecification","valueRequired":true,"valueName":"search_term_string"}}],"inLanguage":"es"},{"@type":"Organization","@id":"https:\/\/fisheries.groupcls.com\/es\/#organization","name":"CLS","url":"https:\/\/fisheries.groupcls.com\/es\/","logo":{"@type":"ImageObject","inLanguage":"es","@id":"https:\/\/fisheries.groupcls.com\/es\/#\/schema\/logo\/image\/","url":"https:\/\/fisheries.groupcls.com\/wp-content\/uploads\/2016\/04\/logo-cls.png","contentUrl":"https:\/\/fisheries.groupcls.com\/wp-content\/uploads\/2016\/04\/logo-cls.png","width":107,"height":90,"caption":"CLS"},"image":{"@id":"https:\/\/fisheries.groupcls.com\/es\/#\/schema\/logo\/image\/"}}]}},"_links":{"self":[{"href":"https:\/\/fisheries.groupcls.com\/es\/wp-json\/wp\/v2\/pages\/5075","targetHints":{"allow":["GET"]}}],"collection":[{"href":"https:\/\/fisheries.groupcls.com\/es\/wp-json\/wp\/v2\/pages"}],"about":[{"href":"https:\/\/fisheries.groupcls.com\/es\/wp-json\/wp\/v2\/types\/page"}],"author":[{"embeddable":true,"href":"https:\/\/fisheries.groupcls.com\/es\/wp-json\/wp\/v2\/users\/10"}],"replies":[{"embeddable":true,"href":"https:\/\/fisheries.groupcls.com\/es\/wp-json\/wp\/v2\/comments?post=5075"}],"version-history":[{"count":20,"href":"https:\/\/fisheries.groupcls.com\/es\/wp-json\/wp\/v2\/pages\/5075\/revisions"}],"predecessor-version":[{"id":13866,"href":"https:\/\/fisheries.groupcls.com\/es\/wp-json\/wp\/v2\/pages\/5075\/revisions\/13866"}],"up":[{"embeddable":true,"href":"https:\/\/fisheries.groupcls.com\/es\/wp-json\/wp\/v2\/pages\/5060"}],"wp:featuredmedia":[{"embeddable":true,"href":"https:\/\/fisheries.groupcls.com\/es\/wp-json\/wp\/v2\/media\/6902"}],"wp:attachment":[{"href":"https:\/\/fisheries.groupcls.com\/es\/wp-json\/wp\/v2\/media?parent=5075"}],"curies":[{"name":"wp","href":"https:\/\/api.w.org\/{rel}","templated":true}]}}