{"id":5060,"date":"2017-07-20T09:25:06","date_gmt":"2017-07-20T07:25:06","guid":{"rendered":"https:\/\/fisheries.groupcls.com\/?page_id=5060\/"},"modified":"2025-07-31T11:49:55","modified_gmt":"2025-07-31T09:49:55","slug":"pescadores","status":"publish","type":"page","link":"https:\/\/fisheries.groupcls.com\/es\/pescadores\/","title":{"rendered":"Pescadores"},"content":{"rendered":"<div class=\"wpb-content-wrapper\"><p>[vc_row css=\u00bb.vc_custom_1593611355053{margin-top: 30px !important;margin-bottom: 20px !important;}\u00bb][vc_column][vc_row_inner equal_height=\u00bbyes\u00bb][vc_column_inner width=\u00bb1\/3&#8243; css=\u00bb.vc_custom_1612965603867{margin-right: 10px !important;padding-top: 30px !important;padding-right: 30px !important;padding-bottom: 30px !important;padding-left: 30px !important;background-image: url(https:\/\/fisheries.groupcls.com\/wp-content\/uploads\/2020\/05\/slider-latam-harbor.jpg?id=9357) !important;border-radius: 5px !important;}\u00bb][vc_custom_heading text=\u00bbVMS\u00bb font_container=\u00bbtag:h2|text_align:left|color:%23ffffff\u00bb google_fonts=\u00bbfont_family:Montserrat%3Aregular%2C700|font_style:700%20bold%20regular%3A700%3Anormal\u00bb link=\u00bburl:https%3A%2F%2Ffisheries.groupcls.com%2Fes%2Fpescadores%2Fvms%2F|||\u00bb][vc_column_text]<\/p>\n<div class=\"c-cover__copy\">\n<p><span style=\"color: #fff;\">Servicios de vigilancia de los buques pesqueros, econ\u00f3mico y expansibles para los pescadores y las administraciones de pesca.\u00a0<\/span><\/p>\n<\/div>\n<p>[\/vc_column_text][vc_btn title=\u00bbSaber m\u00e1s\u00bb color=\u00bbpeacoc\u00bb align=\u00bbright\u00bb link=\u00bburl:https%3A%2F%2Ffisheries.cls.fr%2Fes%2Fpescadores%2Fvms%2F|||\u00bb][\/vc_column_inner][vc_column_inner width=\u00bb1\/3&#8243; css=\u00bb.vc_custom_1612965610608{margin-right: 10px !important;margin-left: 10px !important;padding-top: 30px !important;padding-right: 30px !important;padding-bottom: 30px !important;padding-left: 30px !important;background-image: url(https:\/\/fisheries.groupcls.com\/wp-content\/uploads\/2015\/05\/fish_in_box.jpg?id=6902) !important;border-radius: 5px !important;}\u00bb][vc_custom_heading text=\u00bbBit\u00e1cora electr\u00f3nica\u00bb font_container=\u00bbtag:h2|text_align:left|color:%23ffffff\u00bb google_fonts=\u00bbfont_family:Montserrat%3Aregular%2C700|font_style:700%20bold%20regular%3A700%3Anormal\u00bb link=\u00bburl:https%3A%2F%2Ffisheries.groupcls.com%2Fes%2Fpescadores%2Fers%2F|||\u00bb][vc_column_text]<\/p>\n<div class=\"c-cover__copy\">\n<p><span style=\"color: #fff;\">Programa electr\u00f3nico para una vigilencia en tiempo real, que combina equipo en tierra y a bordo que da datos fiables y precisos<\/span><\/p>\n<\/div>\n<p>[\/vc_column_text][vc_btn title=\u00bbSaber m\u00e1s\u00bb color=\u00bbpeacoc\u00bb align=\u00bbright\u00bb link=\u00bburl:https%3A%2F%2Ffisheries.groupcls.com%2Fes%2Fpescadores%2Fers%2F|||\u00bb][\/vc_column_inner][vc_column_inner width=\u00bb1\/3&#8243; css=\u00bb.vc_custom_1612965615796{margin-left: 10px !important;padding-top: 30px !important;padding-right: 30px !important;padding-bottom: 30px !important;padding-left: 30px !important;background-image: url(https:\/\/fisheries.groupcls.com\/wp-content\/uploads\/2016\/09\/r55_9_small-fisheries_thumbnail.jpg?id=6472) !important;border-radius: 5px !important;}\u00bb][vc_custom_heading text=\u00bbInteligencia pesquera\u00bb font_container=\u00bbtag:h2|text_align:left|color:%23ffffff\u00bb google_fonts=\u00bbfont_family:Montserrat%3Aregular%2C700|font_style:700%20bold%20regular%3A700%3Anormal\u00bb link=\u00bburl:https%3A%2F%2Ffisheries.groupcls.com%2Fes%2Fpescadores%2Finteligencia-pesquera%2F|||\u00bb][vc_btn title=\u00bbSaber m\u00e1s\u00bb color=\u00bbpeacoc\u00bb align=\u00bbright\u00bb link=\u00bburl:https%3A%2F%2Ffisheries.groupcls.com%2Fes%2Fpescadores%2Finteligencia-pesquera%2F|||\u00bb][\/vc_column_inner][\/vc_row_inner][\/vc_column][\/vc_row][vc_row css=\u00bb.vc_custom_1593611620828{margin-bottom: 20px !important;}\u00bb][vc_column][vc_row_inner equal_height=\u00bbyes\u00bb][vc_column_inner width=\u00bb1\/2&#8243; css=\u00bb.vc_custom_1593611845453{margin-right: 10px !important;padding-top: 30px !important;padding-right: 30px !important;padding-bottom: 30px !important;padding-left: 30px !important;background-image: url(https:\/\/fisheries.groupcls.com\/wp-content\/uploads\/2019\/07\/constellation-kineis_large.png?id=7264) !important;border-radius: 5px !important;}\u00bb][vc_custom_heading text=\u00bbComunicaciones por sat\u00e9lite\u00bb font_container=\u00bbtag:h2|text_align:left|color:%23ffffff\u00bb google_fonts=\u00bbfont_family:Montserrat%3Aregular%2C700|font_style:700%20bold%20regular%3A700%3Anormal\u00bb link=\u00bburl:https%3A%2F%2Ffisheries.groupcls.com%2Fes%2Fpescadores%2Fotros-productos%2F|||\u00bb][vc_btn title=\u00bbSaber m\u00e1s\u00bb color=\u00bbpeacoc\u00bb align=\u00bbright\u00bb link=\u00bburl:https%3A%2F%2Ffisheries.groupcls.com%2Fes%2Fpescadores%2Fotros-productos%2F|||\u00bb][\/vc_column_inner][vc_column_inner width=\u00bb1\/2&#8243; css=\u00bb.vc_custom_1593611863593{margin-left: 10px !important;padding-top: 30px !important;padding-right: 30px !important;padding-bottom: 30px !important;padding-left: 30px !important;background-image: url(https:\/\/fisheries.groupcls.com\/wp-content\/uploads\/2020\/05\/Big-Data-Web-1.png?id=9417) !important;border-radius: 5px !important;}\u00bb][vc_custom_heading text=\u00bbAcceso a los datos\u00bb font_container=\u00bbtag:h2|text_align:left|color:%23ffffff\u00bb google_fonts=\u00bbfont_family:Montserrat%3Aregular%2C700|font_style:700%20bold%20regular%3A700%3Anormal\u00bb link=\u00bburl:https%3A%2F%2Ffisheries.groupcls.com%2Fes%2Fpescadores%2Facceso-los-datos%2F|||\u00bb][vc_btn title=\u00bbSaber m\u00e1s\u00bb color=\u00bbpeacoc\u00bb align=\u00bbright\u00bb link=\u00bburl:https%3A%2F%2Ffisheries.groupcls.com%2Fes%2Fpescadores%2Facceso-los-datos%2F|||\u00bb][\/vc_column_inner][\/vc_row_inner][\/vc_column][\/vc_row]<\/p>\n<\/div>","protected":false},"excerpt":{"rendered":"<p>[vc_row css=\u00bb.vc_custom_1593611355053{margin-top: 30px !important;margin-bottom: 20px !important;}\u00bb][vc_column][vc_row_inner equal_height=\u00bbyes\u00bb][vc_column_inner width=\u00bb1\/3&#8243; css=\u00bb.vc_custom_1612965603867{margin-right: 10px !important;padding-top: 30px !important;padding-right: 30px !important;padding-bottom: 30px !important;padding-left: 30px !important;background-image: url(https:\/\/fisheries.groupcls.com\/wp-content\/uploads\/2020\/05\/slider-latam-harbor.jpg?id=9357) !important;border-radius: 5px !important;}\u00bb][vc_custom_heading text=\u00bbVMS\u00bb font_container=\u00bbtag:h2|text_align:left|color:%23ffffff\u00bb google_fonts=\u00bbfont_family:Montserrat%3Aregular%2C700|font_style:700%20bold%20regular%3A700%3Anormal\u00bb link=\u00bburl:https%3A%2F%2Ffisheries.groupcls.com%2Fes%2Fpescadores%2Fvms%2F|||\u00bb][vc_column_text] Servicios de vigilancia de los buques pesqueros, econ\u00f3mico y expansibles para los pescadores y las administraciones de pesca.\u00a0 [\/vc_column_text][vc_btn title=\u00bbSaber m\u00e1s\u00bb color=\u00bbpeacoc\u00bb align=\u00bbright\u00bb link=\u00bburl:https%3A%2F%2Ffisheries.cls.fr%2Fes%2Fpescadores%2Fvms%2F|||\u00bb][\/vc_column_inner][vc_column_inner width=\u00bb1\/3&#8243; css=\u00bb.vc_custom_1612965610608{margin-right: 10px !important;margin-left:<\/p>\n","protected":false},"author":10,"featured_media":7206,"parent":0,"menu_order":159,"comment_status":"closed","ping_status":"closed","template":"","meta":{"footnotes":""},"class_list":["post-5060","page","type-page","status-publish","has-post-thumbnail","hentry"],"yoast_head":"<!-- This site is optimized with the Yoast SEO plugin v27.2 - https:\/\/yoast.com\/product\/yoast-seo-wordpress\/ -->\n<title>Descubre nuestros soluciones de pesca para pescadores - CLS<\/title>\n<meta name=\"description\" content=\"Facilitar el conformidad de vuestras pescas y optimizar las. CLS ofrece una gama completa de servicios de pesca de valor a\u00f1adido para los pescadores.\" \/>\n<meta name=\"robots\" content=\"index, follow, max-snippet:-1, max-image-preview:large, max-video-preview:-1\" \/>\n<link rel=\"canonical\" href=\"https:\/\/fisheries.groupcls.com\/es\/pescadores\/\" \/>\n<meta property=\"og:locale\" content=\"es_ES\" \/>\n<meta property=\"og:type\" content=\"article\" \/>\n<meta property=\"og:title\" content=\"Descubre nuestros soluciones de pesca para pescadores - CLS\" \/>\n<meta property=\"og:description\" content=\"Facilitar el conformidad de vuestras pescas y optimizar las. CLS ofrece una gama completa de servicios de pesca de valor a\u00f1adido para los pescadores.\" \/>\n<meta property=\"og:url\" content=\"https:\/\/fisheries.groupcls.com\/es\/pescadores\/\" \/>\n<meta property=\"og:site_name\" content=\"CLS Fisheries\" \/>\n<meta property=\"article:modified_time\" content=\"2025-07-31T09:49:55+00:00\" \/>\n<meta property=\"og:image\" content=\"https:\/\/fisheries.groupcls.com\/wp-content\/uploads\/2018\/11\/iStock-484167752.jpg\" \/>\n\t<meta property=\"og:image:width\" content=\"3337\" \/>\n\t<meta property=\"og:image:height\" content=\"5000\" \/>\n\t<meta property=\"og:image:type\" content=\"image\/jpeg\" \/>\n<meta name=\"twitter:card\" content=\"summary_large_image\" \/>\n<meta name=\"twitter:label1\" content=\"Tiempo de lectura\" \/>\n\t<meta name=\"twitter:data1\" content=\"2 minutos\" \/>\n<script type=\"application\/ld+json\" class=\"yoast-schema-graph\">{\"@context\":\"https:\/\/schema.org\",\"@graph\":[{\"@type\":[\"WebPage\",\"CollectionPage\"],\"@id\":\"https:\/\/fisheries.groupcls.com\/es\/pescadores\/\",\"url\":\"https:\/\/fisheries.groupcls.com\/es\/pescadores\/\",\"name\":\"Descubre nuestros soluciones de pesca para pescadores - CLS\",\"isPartOf\":{\"@id\":\"https:\/\/fisheries.groupcls.com\/es\/#website\"},\"primaryImageOfPage\":{\"@id\":\"https:\/\/fisheries.groupcls.com\/es\/pescadores\/#primaryimage\"},\"image\":{\"@id\":\"https:\/\/fisheries.groupcls.com\/es\/pescadores\/#primaryimage\"},\"thumbnailUrl\":\"https:\/\/fisheries.groupcls.com\/wp-content\/uploads\/2018\/11\/iStock-484167752.jpg\",\"datePublished\":\"2017-07-20T07:25:06+00:00\",\"dateModified\":\"2025-07-31T09:49:55+00:00\",\"description\":\"Facilitar el conformidad de vuestras pescas y optimizar las. CLS ofrece una gama completa de servicios de pesca de valor a\u00f1adido para los pescadores.\",\"breadcrumb\":{\"@id\":\"https:\/\/fisheries.groupcls.com\/es\/pescadores\/#breadcrumb\"},\"inLanguage\":\"es\"},{\"@type\":\"ImageObject\",\"inLanguage\":\"es\",\"@id\":\"https:\/\/fisheries.groupcls.com\/es\/pescadores\/#primaryimage\",\"url\":\"https:\/\/fisheries.groupcls.com\/wp-content\/uploads\/2018\/11\/iStock-484167752.jpg\",\"contentUrl\":\"https:\/\/fisheries.groupcls.com\/wp-content\/uploads\/2018\/11\/iStock-484167752.jpg\",\"width\":3337,\"height\":5000,\"caption\":\"pescador\"},{\"@type\":\"BreadcrumbList\",\"@id\":\"https:\/\/fisheries.groupcls.com\/es\/pescadores\/#breadcrumb\",\"itemListElement\":[{\"@type\":\"ListItem\",\"position\":1,\"name\":\"Accueil\",\"item\":\"https:\/\/fisheries.groupcls.com\/es\/\"},{\"@type\":\"ListItem\",\"position\":2,\"name\":\"Pescadores\"}]},{\"@type\":\"WebSite\",\"@id\":\"https:\/\/fisheries.groupcls.com\/es\/#website\",\"url\":\"https:\/\/fisheries.groupcls.com\/es\/\",\"name\":\"CLS Fisheries\",\"description\":\"CLS est cetifi\u00e9 par les grands organismes internationaux \u00e0 travers le monde et travaille d\u00e9j\u00e0 avec des milliers de navires de p\u00eache dans le monde entier.\",\"publisher\":{\"@id\":\"https:\/\/fisheries.groupcls.com\/es\/#organization\"},\"potentialAction\":[{\"@type\":\"SearchAction\",\"target\":{\"@type\":\"EntryPoint\",\"urlTemplate\":\"https:\/\/fisheries.groupcls.com\/es\/?s={search_term_string}\"},\"query-input\":{\"@type\":\"PropertyValueSpecification\",\"valueRequired\":true,\"valueName\":\"search_term_string\"}}],\"inLanguage\":\"es\"},{\"@type\":\"Organization\",\"@id\":\"https:\/\/fisheries.groupcls.com\/es\/#organization\",\"name\":\"CLS\",\"url\":\"https:\/\/fisheries.groupcls.com\/es\/\",\"logo\":{\"@type\":\"ImageObject\",\"inLanguage\":\"es\",\"@id\":\"https:\/\/fisheries.groupcls.com\/es\/#\/schema\/logo\/image\/\",\"url\":\"https:\/\/fisheries.groupcls.com\/wp-content\/uploads\/2016\/04\/logo-cls.png\",\"contentUrl\":\"https:\/\/fisheries.groupcls.com\/wp-content\/uploads\/2016\/04\/logo-cls.png\",\"width\":107,\"height\":90,\"caption\":\"CLS\"},\"image\":{\"@id\":\"https:\/\/fisheries.groupcls.com\/es\/#\/schema\/logo\/image\/\"}}]}<\/script>\n<!-- \/ Yoast SEO plugin. -->","yoast_head_json":{"title":"Descubre nuestros soluciones de pesca para pescadores - CLS","description":"Facilitar el conformidad de vuestras pescas y optimizar las. CLS ofrece una gama completa de servicios de pesca de valor a\u00f1adido para los pescadores.","robots":{"index":"index","follow":"follow","max-snippet":"max-snippet:-1","max-image-preview":"max-image-preview:large","max-video-preview":"max-video-preview:-1"},"canonical":"https:\/\/fisheries.groupcls.com\/es\/pescadores\/","og_locale":"es_ES","og_type":"article","og_title":"Descubre nuestros soluciones de pesca para pescadores - CLS","og_description":"Facilitar el conformidad de vuestras pescas y optimizar las. CLS ofrece una gama completa de servicios de pesca de valor a\u00f1adido para los pescadores.","og_url":"https:\/\/fisheries.groupcls.com\/es\/pescadores\/","og_site_name":"CLS Fisheries","article_modified_time":"2025-07-31T09:49:55+00:00","og_image":[{"url":"https:\/\/fisheries.groupcls.com\/wp-content\/uploads\/2018\/11\/iStock-484167752.jpg","width":3337,"height":5000,"type":"image\/jpeg"}],"twitter_card":"summary_large_image","twitter_misc":{"Tiempo de lectura":"2 minutos"},"schema":{"@context":"https:\/\/schema.org","@graph":[{"@type":["WebPage","CollectionPage"],"@id":"https:\/\/fisheries.groupcls.com\/es\/pescadores\/","url":"https:\/\/fisheries.groupcls.com\/es\/pescadores\/","name":"Descubre nuestros soluciones de pesca para pescadores - CLS","isPartOf":{"@id":"https:\/\/fisheries.groupcls.com\/es\/#website"},"primaryImageOfPage":{"@id":"https:\/\/fisheries.groupcls.com\/es\/pescadores\/#primaryimage"},"image":{"@id":"https:\/\/fisheries.groupcls.com\/es\/pescadores\/#primaryimage"},"thumbnailUrl":"https:\/\/fisheries.groupcls.com\/wp-content\/uploads\/2018\/11\/iStock-484167752.jpg","datePublished":"2017-07-20T07:25:06+00:00","dateModified":"2025-07-31T09:49:55+00:00","description":"Facilitar el conformidad de vuestras pescas y optimizar las. CLS ofrece una gama completa de servicios de pesca de valor a\u00f1adido para los pescadores.","breadcrumb":{"@id":"https:\/\/fisheries.groupcls.com\/es\/pescadores\/#breadcrumb"},"inLanguage":"es"},{"@type":"ImageObject","inLanguage":"es","@id":"https:\/\/fisheries.groupcls.com\/es\/pescadores\/#primaryimage","url":"https:\/\/fisheries.groupcls.com\/wp-content\/uploads\/2018\/11\/iStock-484167752.jpg","contentUrl":"https:\/\/fisheries.groupcls.com\/wp-content\/uploads\/2018\/11\/iStock-484167752.jpg","width":3337,"height":5000,"caption":"pescador"},{"@type":"BreadcrumbList","@id":"https:\/\/fisheries.groupcls.com\/es\/pescadores\/#breadcrumb","itemListElement":[{"@type":"ListItem","position":1,"name":"Accueil","item":"https:\/\/fisheries.groupcls.com\/es\/"},{"@type":"ListItem","position":2,"name":"Pescadores"}]},{"@type":"WebSite","@id":"https:\/\/fisheries.groupcls.com\/es\/#website","url":"https:\/\/fisheries.groupcls.com\/es\/","name":"CLS Fisheries","description":"CLS est cetifi\u00e9 par les grands organismes internationaux \u00e0 travers le monde et travaille d\u00e9j\u00e0 avec des milliers de navires de p\u00eache dans le monde entier.","publisher":{"@id":"https:\/\/fisheries.groupcls.com\/es\/#organization"},"potentialAction":[{"@type":"SearchAction","target":{"@type":"EntryPoint","urlTemplate":"https:\/\/fisheries.groupcls.com\/es\/?s={search_term_string}"},"query-input":{"@type":"PropertyValueSpecification","valueRequired":true,"valueName":"search_term_string"}}],"inLanguage":"es"},{"@type":"Organization","@id":"https:\/\/fisheries.groupcls.com\/es\/#organization","name":"CLS","url":"https:\/\/fisheries.groupcls.com\/es\/","logo":{"@type":"ImageObject","inLanguage":"es","@id":"https:\/\/fisheries.groupcls.com\/es\/#\/schema\/logo\/image\/","url":"https:\/\/fisheries.groupcls.com\/wp-content\/uploads\/2016\/04\/logo-cls.png","contentUrl":"https:\/\/fisheries.groupcls.com\/wp-content\/uploads\/2016\/04\/logo-cls.png","width":107,"height":90,"caption":"CLS"},"image":{"@id":"https:\/\/fisheries.groupcls.com\/es\/#\/schema\/logo\/image\/"}}]}},"_links":{"self":[{"href":"https:\/\/fisheries.groupcls.com\/es\/wp-json\/wp\/v2\/pages\/5060","targetHints":{"allow":["GET"]}}],"collection":[{"href":"https:\/\/fisheries.groupcls.com\/es\/wp-json\/wp\/v2\/pages"}],"about":[{"href":"https:\/\/fisheries.groupcls.com\/es\/wp-json\/wp\/v2\/types\/page"}],"author":[{"embeddable":true,"href":"https:\/\/fisheries.groupcls.com\/es\/wp-json\/wp\/v2\/users\/10"}],"replies":[{"embeddable":true,"href":"https:\/\/fisheries.groupcls.com\/es\/wp-json\/wp\/v2\/comments?post=5060"}],"version-history":[{"count":14,"href":"https:\/\/fisheries.groupcls.com\/es\/wp-json\/wp\/v2\/pages\/5060\/revisions"}],"predecessor-version":[{"id":13428,"href":"https:\/\/fisheries.groupcls.com\/es\/wp-json\/wp\/v2\/pages\/5060\/revisions\/13428"}],"wp:featuredmedia":[{"embeddable":true,"href":"https:\/\/fisheries.groupcls.com\/es\/wp-json\/wp\/v2\/media\/7206"}],"wp:attachment":[{"href":"https:\/\/fisheries.groupcls.com\/es\/wp-json\/wp\/v2\/media?parent=5060"}],"curies":[{"name":"wp","href":"https:\/\/api.w.org\/{rel}","templated":true}]}}