{"id":5044,"date":"2017-07-19T17:38:55","date_gmt":"2017-07-19T15:38:55","guid":{"rendered":"https:\/\/fisheries.groupcls.com\/?page_id=5044\/"},"modified":"2026-02-03T14:07:50","modified_gmt":"2026-02-03T13:07:50","slug":"razones-para-elegir-cls","status":"publish","type":"page","link":"https:\/\/fisheries.groupcls.com\/es\/razones-para-elegir-cls\/","title":{"rendered":"Elegir CLS"},"content":{"rendered":"<div class=\"wpb-content-wrapper\"><p>[vc_row css=\u00bb.vc_custom_1607946555159{padding-bottom: 30px !important;}\u00bb][vc_column width=\u00bb2\/3&#8243;][vc_custom_heading text=\u00bbL\u00edder mundial en el suministro de VMS y FMC\u00bb use_theme_fonts=\u00bbyes\u00bb][vc_column_text]<\/p>\n<p style=\"text-align: justify;\"><strong>+90<\/strong> pa\u00edses usuarios en el mundo\u00a0de los productos y servicios de gesti\u00f3n sostenible de recursos marinos.<\/p>\n<p style=\"text-align: justify;\">Para proteger los recursos marinos y asegurar un futuro para la Econom\u00eda Azul, innovamos continuamente para apoyar a los clientes a medida que ampl\u00edan su gesti\u00f3n sostenible. <strong>Ayudamos a los pescadores y a los administradores a comprender y gestionar\u00a0 la pesca<\/strong>, proporcion\u00e1ndoles datos de la m\u00e1s alta calidad, conocimientos especializados, programas inform\u00e1ticos, equipos y servicios de valor a\u00f1adido.<\/p>\n<p style=\"text-align: justify;\">CLS, filial de la Agencia Espacial Francesa (<a href=\"https:\/\/cnes.fr\/fr\/\" target=\"_blank\" rel=\"noopener noreferrer\">CNES<\/a>) y CNP, es operador de sistemas de sat\u00e9lite y proveedor de productos y servicios de valor a\u00f1adido desde 1986.<\/p>\n<p>[\/vc_column_text][vc_custom_heading text=\u00bbNuestro equipo\u00bb use_theme_fonts=\u00bbyes\u00bb][vc_column_text css=\u00bb\u00bb]<\/p>\n<p style=\"text-align: justify;\">Nuestro equipo es <strong>experto en una amplia variedad de disciplinas<\/strong>: pesca, oceanograf\u00eda, biolog\u00eda marina, modelizaci\u00f3n, dise\u00f1o de productos, sat\u00e9lites, ciencia de los datos, anal\u00edtica avanzada, ingenier\u00eda de software y hardware, y operaciones.<\/p>\n<p style=\"text-align: justify;\">Creemos en una pesca justa, en la que los pescadores, los gobiernos y las organizaciones trabajen juntos para asegurar un futuro sostenible.<\/p>\n<p style=\"text-align: justify;\">Gracias a nuestra <strong>presencia local<\/strong> (m\u00e1s de 40 distribuidores, presentes en todas las cuencas oce\u00e1nicas) y a nuestra <strong>experiencia global<\/strong> (1 200 empleados repartidos en 41 sitios repartidos en el mundo), comprendemos las necesidades de nuestros clientes y estamos siempre a su lado.<\/p>\n<p>[\/vc_column_text][vc_custom_heading text=\u00bbCLS con usted por el mundo\u00bb use_theme_fonts=\u00bbyes\u00bb][vc_column_text css=\u00bb\u00bb]<\/p>\n<p style=\"text-align: justify;\">CLS emplea a 1 200 personas en su sede central de Toulouse (Francia) y en otros 40 sitios repartidos por el mundo.<\/p>\n<p>[\/vc_column_text][vc_single_image source=\u00bbexternal_link\u00bb alignment=\u00bbcenter\u00bb onclick=\u00bblink_image\u00bb css=\u00bb\u00bb custom_src=\u00bbhttps:\/\/www.cls.fr\/wp-content\/uploads\/CLS-worldwide-network-en.jpg\u00bb][\/vc_column][vc_column width=\u00bb1\/3&#8243; css=\u00bb.vc_custom_1624288138852{margin-left: 2em !important;padding-top: 30px !important;padding-right: 30px !important;padding-bottom: 30px !important;padding-left: 30px !important;background-image: url(https:\/\/fisheries.groupcls.com\/wp-content\/uploads\/2017\/06\/pattern_2.png?id=6862) !important;}\u00bb][vc_raw_html]JTNDcCUyMHN0eWxlJTNEJTIydGV4dC1hbGlnbiUzQSUyMGNlbnRlciUzQiUyMiUzRSUzQ2lmcmFtZSUyMHdpZHRoJTNEJTIyMzIwJTIyJTIwaGVpZ2h0JTNEJTIyMTgwJTIyJTIwc3JjJTNEJTIyaHR0cHMlM0ElMkYlMkZ3d3cueW91dHViZS1ub2Nvb2tpZS5jb20lMkZlbWJlZCUyRjYxa3dDRHJOTkdVJTNGcmVsJTNEMCUyNm11dGUlM0QxJTI2YXV0b3BsYXklM0QxJTIyJTIwZnJhbWVib3JkZXIlM0QlMjIwJTIyJTIwYWxsb3dmdWxsc2NyZWVuJTNFJTNDJTJGaWZyYW1lJTNFJTNDJTJGcCUzRQ==[\/vc_raw_html][vc_custom_heading text=\u00bb40 anos de experiencia en la colecta de datos de sat\u00e9lite\u00bb font_container=\u00bbtag:h3|text_align:center\u00bb use_theme_fonts=\u00bbyes\u00bb css=\u00bb\u00bb][vc_column_text]<\/p>\n<p style=\"text-align: center;\">CLS utiliza los datos de mas de <strong>130 sat\u00e9lites<\/strong> para una observaci\u00f3n de la Tierra cotidiano<\/p>\n<p>[\/vc_column_text][vc_btn title=\u00bbEl Grupo CLS\u00bb color=\u00bbprimary\u00bb align=\u00bbcenter\u00bb css_animation=\u00bbfadeIn\u00bb css=\u00bb\u00bb link=\u00bburl:https%3A%2F%2Fwww.cls.fr%2Fen%2F|target:_blank\u00bb][vc_separator][vc_custom_heading text=\u00bbCertificaciones\u00bb font_container=\u00bbtag:h3|text_align:center\u00bb use_theme_fonts=\u00bbyes\u00bb][vc_single_image image=\u00bb10140&#8243; img_size=\u00bb250&#215;120&#8243; alignment=\u00bbcenter\u00bb][vc_single_image image=\u00bb10143&#8243; img_size=\u00bb250&#215;120&#8243; alignment=\u00bbcenter\u00bb][\/vc_column][\/vc_row][vc_row full_width=\u00bbstretch_row\u00bb css=\u00bb.vc_custom_1607946611061{padding-top: 30px !important;padding-bottom: 30px !important;background-image: url(https:\/\/fisheries.groupcls.com\/wp-content\/uploads\/2017\/06\/pattern_2.png?id=6862) !important;}\u00bb][vc_column][vc_empty_space 0=\u00bb\u00bb height=\u00bb30px\u00bb][vc_custom_heading text=\u00bbNuestras soluciones para la gesti\u00f3n de la pesca sostenible\u00bb use_theme_fonts=\u00bbyes\u00bb css=\u00bb.vc_custom_1624288374087{padding-bottom: 20px !important;}\u00bb][vc_row_inner][vc_column_inner width=\u00bb1\/2&#8243;][vc_custom_heading text=\u00bbPara los pescadores\u00bb font_container=\u00bbtag:h3|text_align:center\u00bb use_theme_fonts=\u00bbyes\u00bb][vc_single_image image=\u00bb10116&#8243; img_size=\u00bb400&#215;200&#8243; alignment=\u00bbcenter\u00bb onclick=\u00bbcustom_link\u00bb link=\u00bbhttps:\/\/fisheries.groupcls.com\/es\/pescadores\/\u00bb][vc_btn title=\u00bbDescubra nuestras soluciones para los pescadores\u00bb color=\u00bbprimary\u00bb align=\u00bbcenter\u00bb css_animation=\u00bbfadeIn\u00bb link=\u00bburl:https%3A%2F%2Ffisheries.groupcls.com%2Fes%2Fpescadores%2F\u00bb][\/vc_column_inner][vc_column_inner width=\u00bb1\/2&#8243;][vc_custom_heading text=\u00bbPara las administraciones\u00bb font_container=\u00bbtag:h3|text_align:center\u00bb use_theme_fonts=\u00bbyes\u00bb][vc_single_image image=\u00bb6676&#8243; img_size=\u00bb400&#215;200&#8243; alignment=\u00bbcenter\u00bb onclick=\u00bbcustom_link\u00bb link=\u00bbhttps:\/\/fisheries.groupcls.com\/es\/pescadores\/\u00bb][vc_btn title=\u00bbDescubra nuestras soluciones para las administraciones\u00bb color=\u00bbprimary\u00bb align=\u00bbcenter\u00bb css_animation=\u00bbfadeIn\u00bb link=\u00bburl:https%3A%2F%2Ffisheries.groupcls.com%2Fes%2Fadministraciones-pesqueras%2F\u00bb][\/vc_column_inner][\/vc_row_inner][vc_empty_space 0=\u00bb\u00bb height=\u00bb30px\u00bb][\/vc_column][\/vc_row]<\/p>\n<\/div>","protected":false},"excerpt":{"rendered":"<p>[vc_row css=\u00bb.vc_custom_1607946555159{padding-bottom: 30px !important;}\u00bb][vc_column width=\u00bb2\/3&#8243;][vc_custom_heading text=\u00bbL\u00edder mundial en el suministro de VMS y FMC\u00bb use_theme_fonts=\u00bbyes\u00bb][vc_column_text] +90 pa\u00edses usuarios en el mundo\u00a0de los productos y servicios de gesti\u00f3n sostenible de recursos marinos. Para proteger los recursos marinos y asegurar un futuro para la Econom\u00eda Azul, innovamos continuamente para apoyar a los clientes a medida que ampl\u00edan<\/p>\n","protected":false},"author":10,"featured_media":0,"parent":0,"menu_order":36,"comment_status":"closed","ping_status":"closed","template":"","meta":{"footnotes":""},"class_list":["post-5044","page","type-page","status-publish","hentry"],"yoast_head":"<!-- This site is optimized with the Yoast SEO plugin v27.2 - https:\/\/yoast.com\/product\/yoast-seo-wordpress\/ -->\n<title>\u00bfPor qu\u00e9 elegir a CLS para una pesca sostenible?- CLS Fisheries<\/title>\n<meta name=\"description\" content=\"Para una gesti\u00f3n sostenible los recursos marinos, CLS sostiene los pescadores y administrations trabajando en la pesca y la acuicultura.\" \/>\n<meta name=\"robots\" content=\"index, follow, max-snippet:-1, max-image-preview:large, max-video-preview:-1\" \/>\n<link rel=\"canonical\" href=\"https:\/\/fisheries.groupcls.com\/es\/razones-para-elegir-cls\/\" \/>\n<meta property=\"og:locale\" content=\"es_ES\" \/>\n<meta property=\"og:type\" content=\"article\" \/>\n<meta property=\"og:title\" content=\"\u00bfPor qu\u00e9 elegir a CLS para una pesca sostenible?- CLS Fisheries\" \/>\n<meta property=\"og:description\" content=\"Para una gesti\u00f3n sostenible los recursos marinos, CLS sostiene los pescadores y administrations trabajando en la pesca y la acuicultura.\" \/>\n<meta property=\"og:url\" content=\"https:\/\/fisheries.groupcls.com\/es\/razones-para-elegir-cls\/\" \/>\n<meta property=\"og:site_name\" content=\"CLS Fisheries\" \/>\n<meta property=\"article:modified_time\" content=\"2026-02-03T13:07:50+00:00\" \/>\n<meta name=\"twitter:card\" content=\"summary_large_image\" \/>\n<meta name=\"twitter:label1\" content=\"Tiempo de lectura\" \/>\n\t<meta name=\"twitter:data1\" content=\"3 minutos\" \/>\n<script type=\"application\/ld+json\" class=\"yoast-schema-graph\">{\"@context\":\"https:\/\/schema.org\",\"@graph\":[{\"@type\":[\"WebPage\",\"AboutPage\"],\"@id\":\"https:\/\/fisheries.groupcls.com\/es\/razones-para-elegir-cls\/\",\"url\":\"https:\/\/fisheries.groupcls.com\/es\/razones-para-elegir-cls\/\",\"name\":\"\u00bfPor qu\u00e9 elegir a CLS para una pesca sostenible?- CLS Fisheries\",\"isPartOf\":{\"@id\":\"https:\/\/fisheries.groupcls.com\/es\/#website\"},\"datePublished\":\"2017-07-19T15:38:55+00:00\",\"dateModified\":\"2026-02-03T13:07:50+00:00\",\"description\":\"Para una gesti\u00f3n sostenible los recursos marinos, CLS sostiene los pescadores y administrations trabajando en la pesca y la acuicultura.\",\"breadcrumb\":{\"@id\":\"https:\/\/fisheries.groupcls.com\/es\/razones-para-elegir-cls\/#breadcrumb\"},\"inLanguage\":\"es\",\"potentialAction\":[{\"@type\":\"ReadAction\",\"target\":[\"https:\/\/fisheries.groupcls.com\/es\/razones-para-elegir-cls\/\"]}]},{\"@type\":\"BreadcrumbList\",\"@id\":\"https:\/\/fisheries.groupcls.com\/es\/razones-para-elegir-cls\/#breadcrumb\",\"itemListElement\":[{\"@type\":\"ListItem\",\"position\":1,\"name\":\"Accueil\",\"item\":\"https:\/\/fisheries.groupcls.com\/es\/\"},{\"@type\":\"ListItem\",\"position\":2,\"name\":\"Elegir CLS\"}]},{\"@type\":\"WebSite\",\"@id\":\"https:\/\/fisheries.groupcls.com\/es\/#website\",\"url\":\"https:\/\/fisheries.groupcls.com\/es\/\",\"name\":\"CLS Fisheries\",\"description\":\"CLS est cetifi\u00e9 par les grands organismes internationaux \u00e0 travers le monde et travaille d\u00e9j\u00e0 avec des milliers de navires de p\u00eache dans le monde entier.\",\"publisher\":{\"@id\":\"https:\/\/fisheries.groupcls.com\/es\/#organization\"},\"potentialAction\":[{\"@type\":\"SearchAction\",\"target\":{\"@type\":\"EntryPoint\",\"urlTemplate\":\"https:\/\/fisheries.groupcls.com\/es\/?s={search_term_string}\"},\"query-input\":{\"@type\":\"PropertyValueSpecification\",\"valueRequired\":true,\"valueName\":\"search_term_string\"}}],\"inLanguage\":\"es\"},{\"@type\":\"Organization\",\"@id\":\"https:\/\/fisheries.groupcls.com\/es\/#organization\",\"name\":\"CLS\",\"url\":\"https:\/\/fisheries.groupcls.com\/es\/\",\"logo\":{\"@type\":\"ImageObject\",\"inLanguage\":\"es\",\"@id\":\"https:\/\/fisheries.groupcls.com\/es\/#\/schema\/logo\/image\/\",\"url\":\"https:\/\/fisheries.groupcls.com\/wp-content\/uploads\/2016\/04\/logo-cls.png\",\"contentUrl\":\"https:\/\/fisheries.groupcls.com\/wp-content\/uploads\/2016\/04\/logo-cls.png\",\"width\":107,\"height\":90,\"caption\":\"CLS\"},\"image\":{\"@id\":\"https:\/\/fisheries.groupcls.com\/es\/#\/schema\/logo\/image\/\"}}]}<\/script>\n<!-- \/ Yoast SEO plugin. -->","yoast_head_json":{"title":"\u00bfPor qu\u00e9 elegir a CLS para una pesca sostenible?- CLS Fisheries","description":"Para una gesti\u00f3n sostenible los recursos marinos, CLS sostiene los pescadores y administrations trabajando en la pesca y la acuicultura.","robots":{"index":"index","follow":"follow","max-snippet":"max-snippet:-1","max-image-preview":"max-image-preview:large","max-video-preview":"max-video-preview:-1"},"canonical":"https:\/\/fisheries.groupcls.com\/es\/razones-para-elegir-cls\/","og_locale":"es_ES","og_type":"article","og_title":"\u00bfPor qu\u00e9 elegir a CLS para una pesca sostenible?- CLS Fisheries","og_description":"Para una gesti\u00f3n sostenible los recursos marinos, CLS sostiene los pescadores y administrations trabajando en la pesca y la acuicultura.","og_url":"https:\/\/fisheries.groupcls.com\/es\/razones-para-elegir-cls\/","og_site_name":"CLS Fisheries","article_modified_time":"2026-02-03T13:07:50+00:00","twitter_card":"summary_large_image","twitter_misc":{"Tiempo de lectura":"3 minutos"},"schema":{"@context":"https:\/\/schema.org","@graph":[{"@type":["WebPage","AboutPage"],"@id":"https:\/\/fisheries.groupcls.com\/es\/razones-para-elegir-cls\/","url":"https:\/\/fisheries.groupcls.com\/es\/razones-para-elegir-cls\/","name":"\u00bfPor qu\u00e9 elegir a CLS para una pesca sostenible?- CLS Fisheries","isPartOf":{"@id":"https:\/\/fisheries.groupcls.com\/es\/#website"},"datePublished":"2017-07-19T15:38:55+00:00","dateModified":"2026-02-03T13:07:50+00:00","description":"Para una gesti\u00f3n sostenible los recursos marinos, CLS sostiene los pescadores y administrations trabajando en la pesca y la acuicultura.","breadcrumb":{"@id":"https:\/\/fisheries.groupcls.com\/es\/razones-para-elegir-cls\/#breadcrumb"},"inLanguage":"es","potentialAction":[{"@type":"ReadAction","target":["https:\/\/fisheries.groupcls.com\/es\/razones-para-elegir-cls\/"]}]},{"@type":"BreadcrumbList","@id":"https:\/\/fisheries.groupcls.com\/es\/razones-para-elegir-cls\/#breadcrumb","itemListElement":[{"@type":"ListItem","position":1,"name":"Accueil","item":"https:\/\/fisheries.groupcls.com\/es\/"},{"@type":"ListItem","position":2,"name":"Elegir CLS"}]},{"@type":"WebSite","@id":"https:\/\/fisheries.groupcls.com\/es\/#website","url":"https:\/\/fisheries.groupcls.com\/es\/","name":"CLS Fisheries","description":"CLS est cetifi\u00e9 par les grands organismes internationaux \u00e0 travers le monde et travaille d\u00e9j\u00e0 avec des milliers de navires de p\u00eache dans le monde entier.","publisher":{"@id":"https:\/\/fisheries.groupcls.com\/es\/#organization"},"potentialAction":[{"@type":"SearchAction","target":{"@type":"EntryPoint","urlTemplate":"https:\/\/fisheries.groupcls.com\/es\/?s={search_term_string}"},"query-input":{"@type":"PropertyValueSpecification","valueRequired":true,"valueName":"search_term_string"}}],"inLanguage":"es"},{"@type":"Organization","@id":"https:\/\/fisheries.groupcls.com\/es\/#organization","name":"CLS","url":"https:\/\/fisheries.groupcls.com\/es\/","logo":{"@type":"ImageObject","inLanguage":"es","@id":"https:\/\/fisheries.groupcls.com\/es\/#\/schema\/logo\/image\/","url":"https:\/\/fisheries.groupcls.com\/wp-content\/uploads\/2016\/04\/logo-cls.png","contentUrl":"https:\/\/fisheries.groupcls.com\/wp-content\/uploads\/2016\/04\/logo-cls.png","width":107,"height":90,"caption":"CLS"},"image":{"@id":"https:\/\/fisheries.groupcls.com\/es\/#\/schema\/logo\/image\/"}}]}},"_links":{"self":[{"href":"https:\/\/fisheries.groupcls.com\/es\/wp-json\/wp\/v2\/pages\/5044","targetHints":{"allow":["GET"]}}],"collection":[{"href":"https:\/\/fisheries.groupcls.com\/es\/wp-json\/wp\/v2\/pages"}],"about":[{"href":"https:\/\/fisheries.groupcls.com\/es\/wp-json\/wp\/v2\/types\/page"}],"author":[{"embeddable":true,"href":"https:\/\/fisheries.groupcls.com\/es\/wp-json\/wp\/v2\/users\/10"}],"replies":[{"embeddable":true,"href":"https:\/\/fisheries.groupcls.com\/es\/wp-json\/wp\/v2\/comments?post=5044"}],"version-history":[{"count":25,"href":"https:\/\/fisheries.groupcls.com\/es\/wp-json\/wp\/v2\/pages\/5044\/revisions"}],"predecessor-version":[{"id":14124,"href":"https:\/\/fisheries.groupcls.com\/es\/wp-json\/wp\/v2\/pages\/5044\/revisions\/14124"}],"wp:attachment":[{"href":"https:\/\/fisheries.groupcls.com\/es\/wp-json\/wp\/v2\/media?parent=5044"}],"curies":[{"name":"wp","href":"https:\/\/api.w.org\/{rel}","templated":true}]}}