{"id":5025,"date":"2017-07-19T16:19:15","date_gmt":"2017-07-19T14:19:15","guid":{"rendered":"https:\/\/fisheries.groupcls.com\/?page_id=5025\/"},"modified":"2026-01-26T16:52:01","modified_gmt":"2026-01-26T15:52:01","slug":"vms-y-ers","status":"publish","type":"page","link":"https:\/\/fisheries.groupcls.com\/es\/administraciones-pesqueras\/vms-y-ers\/","title":{"rendered":"VMS y ERS: Gestionar reportes de capturas y seguimiento de los buques"},"content":{"rendered":"<div class=\"wpb-content-wrapper\"><p>[vc_row][vc_column width=\u00bb2\/3&#8243;][vc_column_text]<\/p>\n<p style=\"text-align: justify;\">A paso clave para implementar una gesti<span lang=\"es\">\u00f3n sostenible de los recursos marinos es el despliegue de un sistema de monitoreo de barcos \u00a0por sat\u00e9lite (VMS) y un mejor control de las actividadas de pesca con\u00a0reporteo electr\u00f3nico de capturas (ERS).<\/span><\/p>\n<p>[\/vc_column_text][vc_btn title=\u00bbContactarnos\u00bb color=\u00bbprimary\u00bb align=\u00bbcenter\u00bb link=\u00bburl:https%3A%2F%2Ffisheries.groupcls.com%2Fes%2Fcontactos%2F|title:Contactos\u00bb][\/vc_column][vc_column width=\u00bb1\/3&#8243;][vc_single_image image=\u00bb10328&#8243; img_size=\u00bbfull\u00bb alignment=\u00bbcenter\u00bb][\/vc_column][\/vc_row]<\/p>\n<\/div>","protected":false},"excerpt":{"rendered":"<p>[vc_row][vc_column width=\u00bb2\/3&#8243;][vc_column_text] A paso clave para implementar una gesti\u00f3n sostenible de los recursos marinos es el despliegue de un sistema de monitoreo de barcos \u00a0por sat\u00e9lite (VMS) y un mejor control de las actividadas de pesca con\u00a0reporteo electr\u00f3nico de capturas (ERS). [\/vc_column_text][vc_btn title=\u00bbContactarnos\u00bb color=\u00bbprimary\u00bb align=\u00bbcenter\u00bb link=\u00bburl:https%3A%2F%2Ffisheries.groupcls.com%2Fes%2Fcontactos%2F|title:Contactos\u00bb][\/vc_column][vc_column width=\u00bb1\/3&#8243;][vc_single_image image=\u00bb10328&#8243; img_size=\u00bbfull\u00bb alignment=\u00bbcenter\u00bb][\/vc_column][\/vc_row]<\/p>\n","protected":false},"author":10,"featured_media":10328,"parent":5019,"menu_order":56,"comment_status":"closed","ping_status":"closed","template":"","meta":{"footnotes":""},"class_list":["post-5025","page","type-page","status-publish","has-post-thumbnail","hentry"],"yoast_head":"<!-- This site is optimized with the Yoast SEO plugin v27.2 - https:\/\/yoast.com\/product\/yoast-seo-wordpress\/ -->\n<title>DMS y ERS: Reportes de capturas y seguimiento de buques - CLS<\/title>\n<meta name=\"description\" content=\"Poner en pr\u00e1ctica una pol\u00edtica de gesti\u00f3n pesquera sostenible utilizando un dispositivo de seguimiento de buques por sat\u00e9lite (DMS) y una bit\u00e1cora electr\u00f3nica (ERS).\" \/>\n<meta name=\"robots\" content=\"index, follow, max-snippet:-1, max-image-preview:large, max-video-preview:-1\" \/>\n<link rel=\"canonical\" href=\"https:\/\/fisheries.groupcls.com\/es\/administraciones-pesqueras\/vms-y-ers\/\" \/>\n<meta property=\"og:locale\" content=\"es_ES\" \/>\n<meta property=\"og:type\" content=\"article\" \/>\n<meta property=\"og:title\" content=\"DMS y ERS: Reportes de capturas y seguimiento de buques - CLS\" \/>\n<meta property=\"og:description\" content=\"Poner en pr\u00e1ctica una pol\u00edtica de gesti\u00f3n pesquera sostenible utilizando un dispositivo de seguimiento de buques por sat\u00e9lite (DMS) y una bit\u00e1cora electr\u00f3nica (ERS).\" \/>\n<meta property=\"og:url\" content=\"https:\/\/fisheries.groupcls.com\/es\/administraciones-pesqueras\/vms-y-ers\/\" \/>\n<meta property=\"og:site_name\" content=\"CLS Fisheries\" \/>\n<meta property=\"article:modified_time\" content=\"2026-01-26T15:52:01+00:00\" \/>\n<meta property=\"og:image\" content=\"https:\/\/fisheries.groupcls.com\/wp-content\/uploads\/2021\/02\/fishing-boat.jpg\" \/>\n\t<meta property=\"og:image:width\" content=\"600\" \/>\n\t<meta property=\"og:image:height\" content=\"453\" \/>\n\t<meta property=\"og:image:type\" content=\"image\/jpeg\" \/>\n<meta name=\"twitter:card\" content=\"summary_large_image\" \/>\n<meta name=\"twitter:label1\" content=\"Tiempo de lectura\" \/>\n\t<meta name=\"twitter:data1\" content=\"1 minuto\" \/>\n<script type=\"application\/ld+json\" class=\"yoast-schema-graph\">{\"@context\":\"https:\/\/schema.org\",\"@graph\":[{\"@type\":[\"WebPage\",\"ItemPage\"],\"@id\":\"https:\/\/fisheries.groupcls.com\/es\/administraciones-pesqueras\/vms-y-ers\/\",\"url\":\"https:\/\/fisheries.groupcls.com\/es\/administraciones-pesqueras\/vms-y-ers\/\",\"name\":\"DMS y ERS: Reportes de capturas y seguimiento de buques - CLS\",\"isPartOf\":{\"@id\":\"https:\/\/fisheries.groupcls.com\/es\/#website\"},\"primaryImageOfPage\":{\"@id\":\"https:\/\/fisheries.groupcls.com\/es\/administraciones-pesqueras\/vms-y-ers\/#primaryimage\"},\"image\":{\"@id\":\"https:\/\/fisheries.groupcls.com\/es\/administraciones-pesqueras\/vms-y-ers\/#primaryimage\"},\"thumbnailUrl\":\"https:\/\/fisheries.groupcls.com\/wp-content\/uploads\/2021\/02\/fishing-boat.jpg\",\"datePublished\":\"2017-07-19T14:19:15+00:00\",\"dateModified\":\"2026-01-26T15:52:01+00:00\",\"description\":\"Poner en pr\u00e1ctica una pol\u00edtica de gesti\u00f3n pesquera sostenible utilizando un dispositivo de seguimiento de buques por sat\u00e9lite (DMS) y una bit\u00e1cora electr\u00f3nica (ERS).\",\"breadcrumb\":{\"@id\":\"https:\/\/fisheries.groupcls.com\/es\/administraciones-pesqueras\/vms-y-ers\/#breadcrumb\"},\"inLanguage\":\"es\",\"potentialAction\":[{\"@type\":\"ReadAction\",\"target\":[\"https:\/\/fisheries.groupcls.com\/es\/administraciones-pesqueras\/vms-y-ers\/\"]}]},{\"@type\":\"ImageObject\",\"inLanguage\":\"es\",\"@id\":\"https:\/\/fisheries.groupcls.com\/es\/administraciones-pesqueras\/vms-y-ers\/#primaryimage\",\"url\":\"https:\/\/fisheries.groupcls.com\/wp-content\/uploads\/2021\/02\/fishing-boat.jpg\",\"contentUrl\":\"https:\/\/fisheries.groupcls.com\/wp-content\/uploads\/2021\/02\/fishing-boat.jpg\",\"width\":600,\"height\":453,\"caption\":\"A Fishing Boat Returning Home HD Desktop Background\"},{\"@type\":\"BreadcrumbList\",\"@id\":\"https:\/\/fisheries.groupcls.com\/es\/administraciones-pesqueras\/vms-y-ers\/#breadcrumb\",\"itemListElement\":[{\"@type\":\"ListItem\",\"position\":1,\"name\":\"Accueil\",\"item\":\"https:\/\/fisheries.groupcls.com\/es\/\"},{\"@type\":\"ListItem\",\"position\":2,\"name\":\"Administraciones\",\"item\":\"https:\/\/fisheries.groupcls.com\/es\/administraciones-pesqueras\/\"},{\"@type\":\"ListItem\",\"position\":3,\"name\":\"VMS y ERS: Gestionar reportes de capturas y seguimiento de los buques\"}]},{\"@type\":\"WebSite\",\"@id\":\"https:\/\/fisheries.groupcls.com\/es\/#website\",\"url\":\"https:\/\/fisheries.groupcls.com\/es\/\",\"name\":\"CLS Fisheries\",\"description\":\"CLS est cetifi\u00e9 par les grands organismes internationaux \u00e0 travers le monde et travaille d\u00e9j\u00e0 avec des milliers de navires de p\u00eache dans le monde entier.\",\"publisher\":{\"@id\":\"https:\/\/fisheries.groupcls.com\/es\/#organization\"},\"potentialAction\":[{\"@type\":\"SearchAction\",\"target\":{\"@type\":\"EntryPoint\",\"urlTemplate\":\"https:\/\/fisheries.groupcls.com\/es\/?s={search_term_string}\"},\"query-input\":{\"@type\":\"PropertyValueSpecification\",\"valueRequired\":true,\"valueName\":\"search_term_string\"}}],\"inLanguage\":\"es\"},{\"@type\":\"Organization\",\"@id\":\"https:\/\/fisheries.groupcls.com\/es\/#organization\",\"name\":\"CLS\",\"url\":\"https:\/\/fisheries.groupcls.com\/es\/\",\"logo\":{\"@type\":\"ImageObject\",\"inLanguage\":\"es\",\"@id\":\"https:\/\/fisheries.groupcls.com\/es\/#\/schema\/logo\/image\/\",\"url\":\"https:\/\/fisheries.groupcls.com\/wp-content\/uploads\/2016\/04\/logo-cls.png\",\"contentUrl\":\"https:\/\/fisheries.groupcls.com\/wp-content\/uploads\/2016\/04\/logo-cls.png\",\"width\":107,\"height\":90,\"caption\":\"CLS\"},\"image\":{\"@id\":\"https:\/\/fisheries.groupcls.com\/es\/#\/schema\/logo\/image\/\"}}]}<\/script>\n<!-- \/ Yoast SEO plugin. -->","yoast_head_json":{"title":"DMS y ERS: Reportes de capturas y seguimiento de buques - CLS","description":"Poner en pr\u00e1ctica una pol\u00edtica de gesti\u00f3n pesquera sostenible utilizando un dispositivo de seguimiento de buques por sat\u00e9lite (DMS) y una bit\u00e1cora electr\u00f3nica (ERS).","robots":{"index":"index","follow":"follow","max-snippet":"max-snippet:-1","max-image-preview":"max-image-preview:large","max-video-preview":"max-video-preview:-1"},"canonical":"https:\/\/fisheries.groupcls.com\/es\/administraciones-pesqueras\/vms-y-ers\/","og_locale":"es_ES","og_type":"article","og_title":"DMS y ERS: Reportes de capturas y seguimiento de buques - CLS","og_description":"Poner en pr\u00e1ctica una pol\u00edtica de gesti\u00f3n pesquera sostenible utilizando un dispositivo de seguimiento de buques por sat\u00e9lite (DMS) y una bit\u00e1cora electr\u00f3nica (ERS).","og_url":"https:\/\/fisheries.groupcls.com\/es\/administraciones-pesqueras\/vms-y-ers\/","og_site_name":"CLS Fisheries","article_modified_time":"2026-01-26T15:52:01+00:00","og_image":[{"width":600,"height":453,"url":"https:\/\/fisheries.groupcls.com\/wp-content\/uploads\/2021\/02\/fishing-boat.jpg","type":"image\/jpeg"}],"twitter_card":"summary_large_image","twitter_misc":{"Tiempo de lectura":"1 minuto"},"schema":{"@context":"https:\/\/schema.org","@graph":[{"@type":["WebPage","ItemPage"],"@id":"https:\/\/fisheries.groupcls.com\/es\/administraciones-pesqueras\/vms-y-ers\/","url":"https:\/\/fisheries.groupcls.com\/es\/administraciones-pesqueras\/vms-y-ers\/","name":"DMS y ERS: Reportes de capturas y seguimiento de buques - CLS","isPartOf":{"@id":"https:\/\/fisheries.groupcls.com\/es\/#website"},"primaryImageOfPage":{"@id":"https:\/\/fisheries.groupcls.com\/es\/administraciones-pesqueras\/vms-y-ers\/#primaryimage"},"image":{"@id":"https:\/\/fisheries.groupcls.com\/es\/administraciones-pesqueras\/vms-y-ers\/#primaryimage"},"thumbnailUrl":"https:\/\/fisheries.groupcls.com\/wp-content\/uploads\/2021\/02\/fishing-boat.jpg","datePublished":"2017-07-19T14:19:15+00:00","dateModified":"2026-01-26T15:52:01+00:00","description":"Poner en pr\u00e1ctica una pol\u00edtica de gesti\u00f3n pesquera sostenible utilizando un dispositivo de seguimiento de buques por sat\u00e9lite (DMS) y una bit\u00e1cora electr\u00f3nica (ERS).","breadcrumb":{"@id":"https:\/\/fisheries.groupcls.com\/es\/administraciones-pesqueras\/vms-y-ers\/#breadcrumb"},"inLanguage":"es","potentialAction":[{"@type":"ReadAction","target":["https:\/\/fisheries.groupcls.com\/es\/administraciones-pesqueras\/vms-y-ers\/"]}]},{"@type":"ImageObject","inLanguage":"es","@id":"https:\/\/fisheries.groupcls.com\/es\/administraciones-pesqueras\/vms-y-ers\/#primaryimage","url":"https:\/\/fisheries.groupcls.com\/wp-content\/uploads\/2021\/02\/fishing-boat.jpg","contentUrl":"https:\/\/fisheries.groupcls.com\/wp-content\/uploads\/2021\/02\/fishing-boat.jpg","width":600,"height":453,"caption":"A Fishing Boat Returning Home HD Desktop Background"},{"@type":"BreadcrumbList","@id":"https:\/\/fisheries.groupcls.com\/es\/administraciones-pesqueras\/vms-y-ers\/#breadcrumb","itemListElement":[{"@type":"ListItem","position":1,"name":"Accueil","item":"https:\/\/fisheries.groupcls.com\/es\/"},{"@type":"ListItem","position":2,"name":"Administraciones","item":"https:\/\/fisheries.groupcls.com\/es\/administraciones-pesqueras\/"},{"@type":"ListItem","position":3,"name":"VMS y ERS: Gestionar reportes de capturas y seguimiento de los buques"}]},{"@type":"WebSite","@id":"https:\/\/fisheries.groupcls.com\/es\/#website","url":"https:\/\/fisheries.groupcls.com\/es\/","name":"CLS Fisheries","description":"CLS est cetifi\u00e9 par les grands organismes internationaux \u00e0 travers le monde et travaille d\u00e9j\u00e0 avec des milliers de navires de p\u00eache dans le monde entier.","publisher":{"@id":"https:\/\/fisheries.groupcls.com\/es\/#organization"},"potentialAction":[{"@type":"SearchAction","target":{"@type":"EntryPoint","urlTemplate":"https:\/\/fisheries.groupcls.com\/es\/?s={search_term_string}"},"query-input":{"@type":"PropertyValueSpecification","valueRequired":true,"valueName":"search_term_string"}}],"inLanguage":"es"},{"@type":"Organization","@id":"https:\/\/fisheries.groupcls.com\/es\/#organization","name":"CLS","url":"https:\/\/fisheries.groupcls.com\/es\/","logo":{"@type":"ImageObject","inLanguage":"es","@id":"https:\/\/fisheries.groupcls.com\/es\/#\/schema\/logo\/image\/","url":"https:\/\/fisheries.groupcls.com\/wp-content\/uploads\/2016\/04\/logo-cls.png","contentUrl":"https:\/\/fisheries.groupcls.com\/wp-content\/uploads\/2016\/04\/logo-cls.png","width":107,"height":90,"caption":"CLS"},"image":{"@id":"https:\/\/fisheries.groupcls.com\/es\/#\/schema\/logo\/image\/"}}]}},"_links":{"self":[{"href":"https:\/\/fisheries.groupcls.com\/es\/wp-json\/wp\/v2\/pages\/5025","targetHints":{"allow":["GET"]}}],"collection":[{"href":"https:\/\/fisheries.groupcls.com\/es\/wp-json\/wp\/v2\/pages"}],"about":[{"href":"https:\/\/fisheries.groupcls.com\/es\/wp-json\/wp\/v2\/types\/page"}],"author":[{"embeddable":true,"href":"https:\/\/fisheries.groupcls.com\/es\/wp-json\/wp\/v2\/users\/10"}],"replies":[{"embeddable":true,"href":"https:\/\/fisheries.groupcls.com\/es\/wp-json\/wp\/v2\/comments?post=5025"}],"version-history":[{"count":10,"href":"https:\/\/fisheries.groupcls.com\/es\/wp-json\/wp\/v2\/pages\/5025\/revisions"}],"predecessor-version":[{"id":13918,"href":"https:\/\/fisheries.groupcls.com\/es\/wp-json\/wp\/v2\/pages\/5025\/revisions\/13918"}],"up":[{"embeddable":true,"href":"https:\/\/fisheries.groupcls.com\/es\/wp-json\/wp\/v2\/pages\/5019"}],"wp:featuredmedia":[{"embeddable":true,"href":"https:\/\/fisheries.groupcls.com\/es\/wp-json\/wp\/v2\/media\/10328"}],"wp:attachment":[{"href":"https:\/\/fisheries.groupcls.com\/es\/wp-json\/wp\/v2\/media?parent=5025"}],"curies":[{"name":"wp","href":"https:\/\/api.w.org\/{rel}","templated":true}]}}