{"id":5019,"date":"2017-07-19T15:39:41","date_gmt":"2017-07-19T13:39:41","guid":{"rendered":"https:\/\/fisheries.groupcls.com\/?page_id=5019\/"},"modified":"2025-07-31T11:55:47","modified_gmt":"2025-07-31T09:55:47","slug":"administraciones-pesqueras","status":"publish","type":"page","link":"https:\/\/fisheries.groupcls.com\/es\/administraciones-pesqueras\/","title":{"rendered":"Administraciones"},"content":{"rendered":"<div class=\"wpb-content-wrapper\"><p>[vc_row css=\u00bb.vc_custom_1593610931849{margin-top: 30px !important;margin-bottom: 20px !important;}\u00bb][vc_column][vc_row_inner equal_height=\u00bbyes\u00bb][vc_column_inner width=\u00bb1\/2&#8243; css=\u00bb.vc_custom_1593611063501{margin-right: 10px !important;padding-top: 30px !important;padding-right: 30px !important;padding-bottom: 30px !important;padding-left: 30px !important;background-image: url(https:\/\/fisheries.groupcls.com\/wp-content\/uploads\/2015\/05\/fish_in_box.jpg?id=6902) !important;border-radius: 5px !important;}\u00bb][vc_custom_heading text=\u00bbVMS y ERS\u00bb font_container=\u00bbtag:h2|text_align:left|color:%23ffffff\u00bb google_fonts=\u00bbfont_family:Montserrat%3Aregular%2C700|font_style:700%20bold%20regular%3A700%3Anormal\u00bb link=\u00bburl:https%3A%2F%2Ffisheries.groupcls.com%2Fes%2Fadministraciones-pesqueras%2Fvms-y-ers%2F|||\u00bb][vc_column_text]<span style=\"color: #fff;\">Un paso clave para implementar una pol\u00edtica de gesti\u00f3n sostenible de los recursos marinos con las regulaciones VMS y ERS<\/span>[\/vc_column_text][vc_btn title=\u00bbSaber m\u00e1s\u00bb color=\u00bbpeacoc\u00bb align=\u00bbright\u00bb link=\u00bburl:https%3A%2F%2Ffisheries.groupcls.com%2Fes%2Fadministraciones-pesqueras%2Fvms-y-ers%2F|||\u00bb][\/vc_column_inner][vc_column_inner width=\u00bb1\/2&#8243; css=\u00bb.vc_custom_1593611088833{margin-left: 10px !important;padding-top: 30px !important;padding-right: 30px !important;padding-bottom: 30px !important;padding-left: 30px !important;background-image: url(https:\/\/fisheries.groupcls.com\/wp-content\/uploads\/layerslider\/Homepage-slider\/iStock_000017160311Large-1024&#215;682.jpg?id=7112) !important;}\u00bb][vc_custom_heading text=\u00bbCentro de seguimiento de pesca\u00bb font_container=\u00bbtag:h2|text_align:left|color:%23ffffff\u00bb google_fonts=\u00bbfont_family:Montserrat%3Aregular%2C700|font_style:700%20bold%20regular%3A700%3Anormal\u00bb link=\u00bburl:https%3A%2F%2Ffisheries.groupcls.com%2Fes%2Fadministraciones-pesqueras%2Fthemis-centro-de-seguimiento-de-pesca-fmc%2F|||\u00bb][vc_column_text]<span style=\"color: #fff;\">Un elemento clave para el seguimiento, control y vigilancia (MCS) de las actividades pesqueras.<\/span>[\/vc_column_text][vc_btn title=\u00bbSaber m\u00e1s\u00bb color=\u00bbpeacoc\u00bb align=\u00bbright\u00bb link=\u00bburl:https%3A%2F%2Ffisheries.groupcls.com%2Fes%2Fadministraciones-pesqueras%2Fthemis-centro-de-seguimiento-de-pesca-fmc%2F|||\u00bb][\/vc_column_inner][\/vc_row_inner][\/vc_column][\/vc_row][vc_row css=\u00bb.vc_custom_1593611033046{margin-bottom: 20px !important;}\u00bb][vc_column][vc_row_inner equal_height=\u00bbyes\u00bb][vc_column_inner width=\u00bb1\/2&#8243; css=\u00bb.vc_custom_1593611173275{margin-right: 10px !important;padding-top: 30px !important;padding-right: 30px !important;padding-bottom: 30px !important;padding-left: 30px !important;background-image: url(https:\/\/fisheries.groupcls.com\/wp-content\/uploads\/2019\/10\/fish-website.jpg?id=7505) !important;border-radius: 5px !important;}\u00bb][vc_custom_heading text=\u00bbCombatir la pesca ilegal\u00bb font_container=\u00bbtag:h2|text_align:left|color:%23ffffff\u00bb google_fonts=\u00bbfont_family:Montserrat%3Aregular%2C700|font_style:700%20bold%20regular%3A700%3Anormal\u00bb link=\u00bburl:https%3A%2F%2Ffisheries.groupcls.com%2Fes%2Fadministraciones-pesqueras%2Fcombatir-la-pesca-ilegal%2F|||\u00bb][vc_column_text]<span style=\"color: #fff;\">Controlar zonas regionales para erradicar las actividades de pesca ilegal con datos de m\u00faltiples fuentes: AIS, VMS y im\u00e1genes radar<\/span>[\/vc_column_text][vc_btn title=\u00bbSaber m\u00e1s\u00bb color=\u00bbpeacoc\u00bb align=\u00bbright\u00bb link=\u00bburl:https%3A%2F%2Ffisheries.groupcls.com%2Fes%2Fadministraciones-pesqueras%2Fcombatir-la-pesca-ilegal%2F|||\u00bb][\/vc_column_inner][vc_column_inner width=\u00bb1\/2&#8243; css=\u00bb.vc_custom_1593611137523{margin-left: 10px !important;padding-top: 30px !important;padding-right: 30px !important;padding-bottom: 30px !important;padding-left: 30px !important;background-image: url(https:\/\/fisheries.groupcls.com\/wp-content\/uploads\/2020\/06\/fishing-gear.jpg?id=9682) !important;}\u00bb][vc_custom_heading text=\u00bbAsegurar la pesca artesanal\u00bb font_container=\u00bbtag:h2|text_align:left|color:%23ffffff\u00bb google_fonts=\u00bbfont_family:Montserrat%3Aregular%2C700|font_style:700%20bold%20regular%3A700%3Anormal\u00bb link=\u00bburl:https%3A%2F%2Ffisheries.groupcls.com%2Fes%2Fadministraciones-pesqueras%2Fsistema-nemo-pesca-artisanal%2F|||\u00bb][vc_column_text]<span style=\"color: #fff;\">Ayudar a los pescadores tradicionales durante sus campa\u00f1as, garantizar su seguridad y proveer informaci\u00f3n para la gestion y conservaci\u00f3n de la pesca.<\/span>[\/vc_column_text][vc_btn title=\u00bbSaber m\u00e1s\u00bb color=\u00bbpeacoc\u00bb align=\u00bbright\u00bb link=\u00bburl:https%3A%2F%2Ffisheries.groupcls.com%2Fes%2Fadministraciones-pesqueras%2Fsistema-nemo-pesca-artisanal%2F|||\u00bb][\/vc_column_inner][\/vc_row_inner][\/vc_column][\/vc_row]<\/p>\n<\/div>","protected":false},"excerpt":{"rendered":"<p>[vc_row css=\u00bb.vc_custom_1593610931849{margin-top: 30px !important;margin-bottom: 20px !important;}\u00bb][vc_column][vc_row_inner equal_height=\u00bbyes\u00bb][vc_column_inner width=\u00bb1\/2&#8243; css=\u00bb.vc_custom_1593611063501{margin-right: 10px !important;padding-top: 30px !important;padding-right: 30px !important;padding-bottom: 30px !important;padding-left: 30px !important;background-image: url(https:\/\/fisheries.groupcls.com\/wp-content\/uploads\/2015\/05\/fish_in_box.jpg?id=6902) !important;border-radius: 5px !important;}\u00bb][vc_custom_heading text=\u00bbVMS y ERS\u00bb font_container=\u00bbtag:h2|text_align:left|color:%23ffffff\u00bb google_fonts=\u00bbfont_family:Montserrat%3Aregular%2C700|font_style:700%20bold%20regular%3A700%3Anormal\u00bb link=\u00bburl:https%3A%2F%2Ffisheries.groupcls.com%2Fes%2Fadministraciones-pesqueras%2Fvms-y-ers%2F|||\u00bb][vc_column_text]Un paso clave para implementar una pol\u00edtica de gesti\u00f3n sostenible de los recursos marinos con las regulaciones VMS y ERS[\/vc_column_text][vc_btn title=\u00bbSaber m\u00e1s\u00bb color=\u00bbpeacoc\u00bb align=\u00bbright\u00bb link=\u00bburl:https%3A%2F%2Ffisheries.groupcls.com%2Fes%2Fadministraciones-pesqueras%2Fvms-y-ers%2F|||\u00bb][\/vc_column_inner][vc_column_inner width=\u00bb1\/2&#8243; css=\u00bb.vc_custom_1593611088833{margin-left:<\/p>\n","protected":false},"author":10,"featured_media":7112,"parent":0,"menu_order":168,"comment_status":"closed","ping_status":"closed","template":"","meta":{"footnotes":""},"class_list":["post-5019","page","type-page","status-publish","has-post-thumbnail","hentry"],"yoast_head":"<!-- This site is optimized with the Yoast SEO plugin v27.2 - https:\/\/yoast.com\/product\/yoast-seo-wordpress\/ -->\n<title>Nuestras soluciones para pescadores para una pesca durable - CLS<\/title>\n<meta name=\"description\" content=\"CLS trabaja con las administraciones pesqueras y las OROP para gestionar de forma sostenible los recursos y asegurar el futuro de la Econom\u00eda Azul.\" \/>\n<meta name=\"robots\" content=\"index, follow, max-snippet:-1, max-image-preview:large, max-video-preview:-1\" \/>\n<link rel=\"canonical\" href=\"https:\/\/fisheries.groupcls.com\/es\/administraciones-pesqueras\/\" \/>\n<meta property=\"og:locale\" content=\"es_ES\" \/>\n<meta property=\"og:type\" content=\"article\" \/>\n<meta property=\"og:title\" content=\"Nuestras soluciones para pescadores para una pesca durable - CLS\" \/>\n<meta property=\"og:description\" content=\"CLS trabaja con las administraciones pesqueras y las OROP para gestionar de forma sostenible los recursos y asegurar el futuro de la Econom\u00eda Azul.\" \/>\n<meta property=\"og:url\" content=\"https:\/\/fisheries.groupcls.com\/es\/administraciones-pesqueras\/\" \/>\n<meta property=\"og:site_name\" content=\"CLS Fisheries\" \/>\n<meta property=\"article:modified_time\" content=\"2025-07-31T09:55:47+00:00\" \/>\n<meta property=\"og:image\" content=\"https:\/\/fisheries.groupcls.com\/wp-content\/uploads\/layerslider\/Homepage-slider\/iStock_000017160311Large-1024x682.jpg\" \/>\n\t<meta property=\"og:image:width\" content=\"1024\" \/>\n\t<meta property=\"og:image:height\" content=\"682\" \/>\n\t<meta property=\"og:image:type\" content=\"image\/jpeg\" \/>\n<meta name=\"twitter:card\" content=\"summary_large_image\" \/>\n<meta name=\"twitter:label1\" content=\"Tiempo de lectura\" \/>\n\t<meta name=\"twitter:data1\" content=\"2 minutos\" \/>\n<script type=\"application\/ld+json\" class=\"yoast-schema-graph\">{\"@context\":\"https:\/\/schema.org\",\"@graph\":[{\"@type\":[\"WebPage\",\"CollectionPage\"],\"@id\":\"https:\/\/fisheries.groupcls.com\/es\/administraciones-pesqueras\/\",\"url\":\"https:\/\/fisheries.groupcls.com\/es\/administraciones-pesqueras\/\",\"name\":\"Nuestras soluciones para pescadores para una pesca durable - CLS\",\"isPartOf\":{\"@id\":\"https:\/\/fisheries.groupcls.com\/es\/#website\"},\"primaryImageOfPage\":{\"@id\":\"https:\/\/fisheries.groupcls.com\/es\/administraciones-pesqueras\/#primaryimage\"},\"image\":{\"@id\":\"https:\/\/fisheries.groupcls.com\/es\/administraciones-pesqueras\/#primaryimage\"},\"thumbnailUrl\":\"https:\/\/fisheries.groupcls.com\/wp-content\/uploads\/layerslider\/Homepage-slider\/iStock_000017160311Large-1024x682.jpg\",\"datePublished\":\"2017-07-19T13:39:41+00:00\",\"dateModified\":\"2025-07-31T09:55:47+00:00\",\"description\":\"CLS trabaja con las administraciones pesqueras y las OROP para gestionar de forma sostenible los recursos y asegurar el futuro de la Econom\u00eda Azul.\",\"breadcrumb\":{\"@id\":\"https:\/\/fisheries.groupcls.com\/es\/administraciones-pesqueras\/#breadcrumb\"},\"inLanguage\":\"es\"},{\"@type\":\"ImageObject\",\"inLanguage\":\"es\",\"@id\":\"https:\/\/fisheries.groupcls.com\/es\/administraciones-pesqueras\/#primaryimage\",\"url\":\"https:\/\/fisheries.groupcls.com\/wp-content\/uploads\/layerslider\/Homepage-slider\/iStock_000017160311Large-1024x682.jpg\",\"contentUrl\":\"https:\/\/fisheries.groupcls.com\/wp-content\/uploads\/layerslider\/Homepage-slider\/iStock_000017160311Large-1024x682.jpg\",\"width\":1024,\"height\":682,\"caption\":\"barcos\"},{\"@type\":\"BreadcrumbList\",\"@id\":\"https:\/\/fisheries.groupcls.com\/es\/administraciones-pesqueras\/#breadcrumb\",\"itemListElement\":[{\"@type\":\"ListItem\",\"position\":1,\"name\":\"Accueil\",\"item\":\"https:\/\/fisheries.groupcls.com\/es\/\"},{\"@type\":\"ListItem\",\"position\":2,\"name\":\"Administraciones\"}]},{\"@type\":\"WebSite\",\"@id\":\"https:\/\/fisheries.groupcls.com\/es\/#website\",\"url\":\"https:\/\/fisheries.groupcls.com\/es\/\",\"name\":\"CLS Fisheries\",\"description\":\"CLS est cetifi\u00e9 par les grands organismes internationaux \u00e0 travers le monde et travaille d\u00e9j\u00e0 avec des milliers de navires de p\u00eache dans le monde entier.\",\"publisher\":{\"@id\":\"https:\/\/fisheries.groupcls.com\/es\/#organization\"},\"potentialAction\":[{\"@type\":\"SearchAction\",\"target\":{\"@type\":\"EntryPoint\",\"urlTemplate\":\"https:\/\/fisheries.groupcls.com\/es\/?s={search_term_string}\"},\"query-input\":{\"@type\":\"PropertyValueSpecification\",\"valueRequired\":true,\"valueName\":\"search_term_string\"}}],\"inLanguage\":\"es\"},{\"@type\":\"Organization\",\"@id\":\"https:\/\/fisheries.groupcls.com\/es\/#organization\",\"name\":\"CLS\",\"url\":\"https:\/\/fisheries.groupcls.com\/es\/\",\"logo\":{\"@type\":\"ImageObject\",\"inLanguage\":\"es\",\"@id\":\"https:\/\/fisheries.groupcls.com\/es\/#\/schema\/logo\/image\/\",\"url\":\"https:\/\/fisheries.groupcls.com\/wp-content\/uploads\/2016\/04\/logo-cls.png\",\"contentUrl\":\"https:\/\/fisheries.groupcls.com\/wp-content\/uploads\/2016\/04\/logo-cls.png\",\"width\":107,\"height\":90,\"caption\":\"CLS\"},\"image\":{\"@id\":\"https:\/\/fisheries.groupcls.com\/es\/#\/schema\/logo\/image\/\"}}]}<\/script>\n<!-- \/ Yoast SEO plugin. -->","yoast_head_json":{"title":"Nuestras soluciones para pescadores para una pesca durable - CLS","description":"CLS trabaja con las administraciones pesqueras y las OROP para gestionar de forma sostenible los recursos y asegurar el futuro de la Econom\u00eda Azul.","robots":{"index":"index","follow":"follow","max-snippet":"max-snippet:-1","max-image-preview":"max-image-preview:large","max-video-preview":"max-video-preview:-1"},"canonical":"https:\/\/fisheries.groupcls.com\/es\/administraciones-pesqueras\/","og_locale":"es_ES","og_type":"article","og_title":"Nuestras soluciones para pescadores para una pesca durable - CLS","og_description":"CLS trabaja con las administraciones pesqueras y las OROP para gestionar de forma sostenible los recursos y asegurar el futuro de la Econom\u00eda Azul.","og_url":"https:\/\/fisheries.groupcls.com\/es\/administraciones-pesqueras\/","og_site_name":"CLS Fisheries","article_modified_time":"2025-07-31T09:55:47+00:00","og_image":[{"width":1024,"height":682,"url":"https:\/\/fisheries.groupcls.com\/wp-content\/uploads\/layerslider\/Homepage-slider\/iStock_000017160311Large-1024x682.jpg","type":"image\/jpeg"}],"twitter_card":"summary_large_image","twitter_misc":{"Tiempo de lectura":"2 minutos"},"schema":{"@context":"https:\/\/schema.org","@graph":[{"@type":["WebPage","CollectionPage"],"@id":"https:\/\/fisheries.groupcls.com\/es\/administraciones-pesqueras\/","url":"https:\/\/fisheries.groupcls.com\/es\/administraciones-pesqueras\/","name":"Nuestras soluciones para pescadores para una pesca durable - CLS","isPartOf":{"@id":"https:\/\/fisheries.groupcls.com\/es\/#website"},"primaryImageOfPage":{"@id":"https:\/\/fisheries.groupcls.com\/es\/administraciones-pesqueras\/#primaryimage"},"image":{"@id":"https:\/\/fisheries.groupcls.com\/es\/administraciones-pesqueras\/#primaryimage"},"thumbnailUrl":"https:\/\/fisheries.groupcls.com\/wp-content\/uploads\/layerslider\/Homepage-slider\/iStock_000017160311Large-1024x682.jpg","datePublished":"2017-07-19T13:39:41+00:00","dateModified":"2025-07-31T09:55:47+00:00","description":"CLS trabaja con las administraciones pesqueras y las OROP para gestionar de forma sostenible los recursos y asegurar el futuro de la Econom\u00eda Azul.","breadcrumb":{"@id":"https:\/\/fisheries.groupcls.com\/es\/administraciones-pesqueras\/#breadcrumb"},"inLanguage":"es"},{"@type":"ImageObject","inLanguage":"es","@id":"https:\/\/fisheries.groupcls.com\/es\/administraciones-pesqueras\/#primaryimage","url":"https:\/\/fisheries.groupcls.com\/wp-content\/uploads\/layerslider\/Homepage-slider\/iStock_000017160311Large-1024x682.jpg","contentUrl":"https:\/\/fisheries.groupcls.com\/wp-content\/uploads\/layerslider\/Homepage-slider\/iStock_000017160311Large-1024x682.jpg","width":1024,"height":682,"caption":"barcos"},{"@type":"BreadcrumbList","@id":"https:\/\/fisheries.groupcls.com\/es\/administraciones-pesqueras\/#breadcrumb","itemListElement":[{"@type":"ListItem","position":1,"name":"Accueil","item":"https:\/\/fisheries.groupcls.com\/es\/"},{"@type":"ListItem","position":2,"name":"Administraciones"}]},{"@type":"WebSite","@id":"https:\/\/fisheries.groupcls.com\/es\/#website","url":"https:\/\/fisheries.groupcls.com\/es\/","name":"CLS Fisheries","description":"CLS est cetifi\u00e9 par les grands organismes internationaux \u00e0 travers le monde et travaille d\u00e9j\u00e0 avec des milliers de navires de p\u00eache dans le monde entier.","publisher":{"@id":"https:\/\/fisheries.groupcls.com\/es\/#organization"},"potentialAction":[{"@type":"SearchAction","target":{"@type":"EntryPoint","urlTemplate":"https:\/\/fisheries.groupcls.com\/es\/?s={search_term_string}"},"query-input":{"@type":"PropertyValueSpecification","valueRequired":true,"valueName":"search_term_string"}}],"inLanguage":"es"},{"@type":"Organization","@id":"https:\/\/fisheries.groupcls.com\/es\/#organization","name":"CLS","url":"https:\/\/fisheries.groupcls.com\/es\/","logo":{"@type":"ImageObject","inLanguage":"es","@id":"https:\/\/fisheries.groupcls.com\/es\/#\/schema\/logo\/image\/","url":"https:\/\/fisheries.groupcls.com\/wp-content\/uploads\/2016\/04\/logo-cls.png","contentUrl":"https:\/\/fisheries.groupcls.com\/wp-content\/uploads\/2016\/04\/logo-cls.png","width":107,"height":90,"caption":"CLS"},"image":{"@id":"https:\/\/fisheries.groupcls.com\/es\/#\/schema\/logo\/image\/"}}]}},"_links":{"self":[{"href":"https:\/\/fisheries.groupcls.com\/es\/wp-json\/wp\/v2\/pages\/5019","targetHints":{"allow":["GET"]}}],"collection":[{"href":"https:\/\/fisheries.groupcls.com\/es\/wp-json\/wp\/v2\/pages"}],"about":[{"href":"https:\/\/fisheries.groupcls.com\/es\/wp-json\/wp\/v2\/types\/page"}],"author":[{"embeddable":true,"href":"https:\/\/fisheries.groupcls.com\/es\/wp-json\/wp\/v2\/users\/10"}],"replies":[{"embeddable":true,"href":"https:\/\/fisheries.groupcls.com\/es\/wp-json\/wp\/v2\/comments?post=5019"}],"version-history":[{"count":18,"href":"https:\/\/fisheries.groupcls.com\/es\/wp-json\/wp\/v2\/pages\/5019\/revisions"}],"predecessor-version":[{"id":10360,"href":"https:\/\/fisheries.groupcls.com\/es\/wp-json\/wp\/v2\/pages\/5019\/revisions\/10360"}],"wp:featuredmedia":[{"embeddable":true,"href":"https:\/\/fisheries.groupcls.com\/es\/wp-json\/wp\/v2\/media\/7112"}],"wp:attachment":[{"href":"https:\/\/fisheries.groupcls.com\/es\/wp-json\/wp\/v2\/media?parent=5019"}],"curies":[{"name":"wp","href":"https:\/\/api.w.org\/{rel}","templated":true}]}}